{"id":1251,"date":"2025-06-17T05:10:31","date_gmt":"2025-06-17T02:10:31","guid":{"rendered":"https:\/\/vinylhome.lt\/?post_type=product&#038;p=1251"},"modified":"2025-06-17T06:24:41","modified_gmt":"2025-06-17T03:24:41","slug":"abba-bjorn-benny-anna-frida-%e2%80%8e-waterloo","status":"publish","type":"product","link":"https:\/\/vinilozona.lt\/en\/parduotuve\/rock-pop\/abba-bjorn-benny-anna-frida-%e2%80%8e-waterloo\/","title":{"rendered":"ABBA, Bj\u00f6rn, Benny, Anna &amp; Frida - Waterloo"},"content":{"rendered":"<p>A1\t\tWaterloo  2:45<br \/>\nA2\t\tSitting In The Palmtree  3:39<br \/>\nA3\t\tKing Kong Song\t3:14<br \/>\nA4\t\tHasta Ma\u00f1ana\t3:05<br \/>\nA5\t\tMy Mama Said\t3:14<br \/>\nA6\t\tDance (While The Music Still Goes On)  3:05<br \/>\nB1\t\tHoney, Honey  2:55<br \/>\nB2\t\tWatch Out\t3:46<br \/>\nB3\t\tWhat About Livingstone\t2:54<br \/>\nB4\t\tGonna Sing You My Lovesong\t3:35<br \/>\nB5\t\tSuzy-Hang-Around\t3:11<br \/>\nB6\t\tWaterloo (English Version)\t2:46<\/p>","protected":false},"excerpt":{"rendered":"<p>Polar \u2013 POLS 252<br \/>\nFormat:<br \/>\nVinyl, LP, Album<br \/>\nCountry:\tScandinavia<br \/>\nReleased:\t1974<\/p>","protected":false},"featured_media":23411,"template":"","meta":[],"product_cat":[15],"product_tag":[44],"yoast_head":"<!-- This site is optimized with the Yoast SEO plugin v23.5 - https:\/\/yoast.com\/wordpress\/plugins\/seo\/ -->\n<title>ABBA, Bj\u00f6rn, Benny, Anna &amp; Frida \u200e\u2013 Waterloo Vinilin\u0117 Plok\u0161tel\u0117 | Vinilozona.lt<\/title>\n<meta name=\"robots\" content=\"index, follow, max-snippet:-1, max-image-preview:large, max-video-preview:-1\" \/>\n<link rel=\"canonical\" href=\"https:\/\/vinilozona.lt\/en\/parduotuve\/rock-pop\/abba-bjorn-benny-anna-frida-\u200e-waterloo\/\" \/>\n<meta property=\"og:locale\" content=\"en_GB\" \/>\n<meta property=\"og:type\" content=\"article\" \/>\n<meta property=\"og:title\" content=\"ABBA, Bj\u00f6rn, Benny, Anna &amp; Frida \u200e\u2013 Waterloo Vinilin\u0117 Plok\u0161tel\u0117 | Vinilozona.lt\" \/>\n<meta property=\"og:description\" content=\"Polar \u2013 POLS 252 Format:  Vinyl, LP, Album Country: Scandinavia Released: 1974\" \/>\n<meta property=\"og:url\" content=\"https:\/\/vinilozona.lt\/en\/parduotuve\/rock-pop\/abba-bjorn-benny-anna-frida-\u200e-waterloo\/\" \/>\n<meta property=\"og:site_name\" content=\"Vinilo Zona\" \/>\n<meta property=\"article:modified_time\" content=\"2025-06-17T03:24:41+00:00\" \/>\n<meta property=\"og:image\" content=\"https:\/\/vinilozona.lt\/wp-content\/uploads\/2019\/12\/R-3750126-1422167305-8157.jpg\" \/>\n\t<meta property=\"og:image:width\" content=\"596\" \/>\n\t<meta property=\"og:image:height\" content=\"600\" \/>\n\t<meta property=\"og:image:type\" content=\"image\/jpeg\" \/>\n<meta name=\"twitter:card\" content=\"summary_large_image\" \/>\n<meta name=\"twitter:label1\" content=\"Estimated reading time\" \/>\n\t<meta name=\"twitter:data1\" content=\"1 minute\" \/>\n<script type=\"application\/ld+json\" class=\"yoast-schema-graph\">{\"@context\":\"https:\/\/schema.org\",\"@graph\":[{\"@type\":\"WebPage\",\"@id\":\"https:\/\/vinilozona.lt\/parduotuve\/rock-pop\/abba-bjorn-benny-anna-frida-%e2%80%8e-waterloo\/\",\"url\":\"https:\/\/vinilozona.lt\/parduotuve\/rock-pop\/abba-bjorn-benny-anna-frida-%e2%80%8e-waterloo\/\",\"name\":\"ABBA, Bj\u00f6rn, Benny, Anna & Frida \u200e\u2013 Waterloo Vinilin\u0117 Plok\u0161tel\u0117 | Vinilozona.lt\",\"isPartOf\":{\"@id\":\"https:\/\/vinilozona.lt\/#website\"},\"primaryImageOfPage\":{\"@id\":\"https:\/\/vinilozona.lt\/parduotuve\/rock-pop\/abba-bjorn-benny-anna-frida-%e2%80%8e-waterloo\/#primaryimage\"},\"image\":{\"@id\":\"https:\/\/vinilozona.lt\/parduotuve\/rock-pop\/abba-bjorn-benny-anna-frida-%e2%80%8e-waterloo\/#primaryimage\"},\"thumbnailUrl\":\"https:\/\/vinilozona.lt\/wp-content\/uploads\/2019\/12\/R-3750126-1422167305-8157.jpg\",\"datePublished\":\"2025-06-17T02:10:31+00:00\",\"dateModified\":\"2025-06-17T03:24:41+00:00\",\"breadcrumb\":{\"@id\":\"https:\/\/vinilozona.lt\/parduotuve\/rock-pop\/abba-bjorn-benny-anna-frida-%e2%80%8e-waterloo\/#breadcrumb\"},\"inLanguage\":\"en-GB\",\"potentialAction\":[{\"@type\":\"ReadAction\",\"target\":[\"https:\/\/vinilozona.lt\/parduotuve\/rock-pop\/abba-bjorn-benny-anna-frida-%e2%80%8e-waterloo\/\"]}]},{\"@type\":\"ImageObject\",\"inLanguage\":\"en-GB\",\"@id\":\"https:\/\/vinilozona.lt\/parduotuve\/rock-pop\/abba-bjorn-benny-anna-frida-%e2%80%8e-waterloo\/#primaryimage\",\"url\":\"https:\/\/vinilozona.lt\/wp-content\/uploads\/2019\/12\/R-3750126-1422167305-8157.jpg\",\"contentUrl\":\"https:\/\/vinilozona.lt\/wp-content\/uploads\/2019\/12\/R-3750126-1422167305-8157.jpg\",\"width\":596,\"height\":600},{\"@type\":\"BreadcrumbList\",\"@id\":\"https:\/\/vinilozona.lt\/parduotuve\/rock-pop\/abba-bjorn-benny-anna-frida-%e2%80%8e-waterloo\/#breadcrumb\",\"itemListElement\":[{\"@type\":\"ListItem\",\"position\":1,\"name\":\"Home\",\"item\":\"https:\/\/vinilozona.lt\/\"},{\"@type\":\"ListItem\",\"position\":2,\"name\":\"Parduotuv\u0117\",\"item\":\"https:\/\/vinilozona.lt\/parduotuve\/\"},{\"@type\":\"ListItem\",\"position\":3,\"name\":\"ABBA, Bj\u00f6rn, Benny, Anna &#038; Frida \u200e\u2013 Waterloo\"}]},{\"@type\":\"WebSite\",\"@id\":\"https:\/\/vinilozona.lt\/#website\",\"url\":\"https:\/\/vinilozona.lt\/\",\"name\":\"Vinilo Zona\",\"description\":\"Nup\u016bsk dulkes ir klausyk LP\",\"potentialAction\":[{\"@type\":\"SearchAction\",\"target\":{\"@type\":\"EntryPoint\",\"urlTemplate\":\"https:\/\/vinilozona.lt\/?s={search_term_string}\"},\"query-input\":{\"@type\":\"PropertyValueSpecification\",\"valueRequired\":true,\"valueName\":\"search_term_string\"}}],\"inLanguage\":\"en-GB\"}]}<\/script>\n<!-- \/ Yoast SEO plugin. -->","yoast_head_json":{"title":"ABBA, Bj\u00f6rn, Benny, Anna & Frida \u200e\u2013 Waterloo Vinilin\u0117 Plok\u0161tel\u0117 | Vinilozona.lt","robots":{"index":"index","follow":"follow","max-snippet":"max-snippet:-1","max-image-preview":"max-image-preview:large","max-video-preview":"max-video-preview:-1"},"canonical":"https:\/\/vinilozona.lt\/en\/parduotuve\/rock-pop\/abba-bjorn-benny-anna-frida-\u200e-waterloo\/","og_locale":"en_GB","og_type":"article","og_title":"ABBA, Bj\u00f6rn, Benny, Anna & Frida \u200e\u2013 Waterloo Vinilin\u0117 Plok\u0161tel\u0117 | Vinilozona.lt","og_description":"Polar \u2013 POLS 252 Format:  Vinyl, LP, Album Country: Scandinavia Released: 1974","og_url":"https:\/\/vinilozona.lt\/en\/parduotuve\/rock-pop\/abba-bjorn-benny-anna-frida-\u200e-waterloo\/","og_site_name":"Vinilo Zona","article_modified_time":"2025-06-17T03:24:41+00:00","og_image":[{"width":596,"height":600,"url":"https:\/\/vinilozona.lt\/wp-content\/uploads\/2019\/12\/R-3750126-1422167305-8157.jpg","type":"image\/jpeg"}],"twitter_card":"summary_large_image","twitter_misc":{"Estimated reading time":"1 minute"},"schema":{"@context":"https:\/\/schema.org","@graph":[{"@type":"WebPage","@id":"https:\/\/vinilozona.lt\/parduotuve\/rock-pop\/abba-bjorn-benny-anna-frida-%e2%80%8e-waterloo\/","url":"https:\/\/vinilozona.lt\/parduotuve\/rock-pop\/abba-bjorn-benny-anna-frida-%e2%80%8e-waterloo\/","name":"ABBA, Bj\u00f6rn, Benny, Anna & Frida \u200e\u2013 Waterloo Vinilin\u0117 Plok\u0161tel\u0117 | Vinilozona.lt","isPartOf":{"@id":"https:\/\/vinilozona.lt\/#website"},"primaryImageOfPage":{"@id":"https:\/\/vinilozona.lt\/parduotuve\/rock-pop\/abba-bjorn-benny-anna-frida-%e2%80%8e-waterloo\/#primaryimage"},"image":{"@id":"https:\/\/vinilozona.lt\/parduotuve\/rock-pop\/abba-bjorn-benny-anna-frida-%e2%80%8e-waterloo\/#primaryimage"},"thumbnailUrl":"https:\/\/vinilozona.lt\/wp-content\/uploads\/2019\/12\/R-3750126-1422167305-8157.jpg","datePublished":"2025-06-17T02:10:31+00:00","dateModified":"2025-06-17T03:24:41+00:00","breadcrumb":{"@id":"https:\/\/vinilozona.lt\/parduotuve\/rock-pop\/abba-bjorn-benny-anna-frida-%e2%80%8e-waterloo\/#breadcrumb"},"inLanguage":"en-GB","potentialAction":[{"@type":"ReadAction","target":["https:\/\/vinilozona.lt\/parduotuve\/rock-pop\/abba-bjorn-benny-anna-frida-%e2%80%8e-waterloo\/"]}]},{"@type":"ImageObject","inLanguage":"en-GB","@id":"https:\/\/vinilozona.lt\/parduotuve\/rock-pop\/abba-bjorn-benny-anna-frida-%e2%80%8e-waterloo\/#primaryimage","url":"https:\/\/vinilozona.lt\/wp-content\/uploads\/2019\/12\/R-3750126-1422167305-8157.jpg","contentUrl":"https:\/\/vinilozona.lt\/wp-content\/uploads\/2019\/12\/R-3750126-1422167305-8157.jpg","width":596,"height":600},{"@type":"BreadcrumbList","@id":"https:\/\/vinilozona.lt\/parduotuve\/rock-pop\/abba-bjorn-benny-anna-frida-%e2%80%8e-waterloo\/#breadcrumb","itemListElement":[{"@type":"ListItem","position":1,"name":"Home","item":"https:\/\/vinilozona.lt\/"},{"@type":"ListItem","position":2,"name":"Parduotuv\u0117","item":"https:\/\/vinilozona.lt\/parduotuve\/"},{"@type":"ListItem","position":3,"name":"ABBA, Bj\u00f6rn, Benny, Anna &#038; Frida \u200e\u2013 Waterloo"}]},{"@type":"WebSite","@id":"https:\/\/vinilozona.lt\/#website","url":"https:\/\/vinilozona.lt\/","name":"Vinilo Zona","description":"Nup\u016bsk dulkes ir klausyk LP","potentialAction":[{"@type":"SearchAction","target":{"@type":"EntryPoint","urlTemplate":"https:\/\/vinilozona.lt\/?s={search_term_string}"},"query-input":{"@type":"PropertyValueSpecification","valueRequired":true,"valueName":"search_term_string"}}],"inLanguage":"en-GB"}]}},"_links":{"self":[{"href":"https:\/\/vinilozona.lt\/en\/wp-json\/wp\/v2\/product\/1251"}],"collection":[{"href":"https:\/\/vinilozona.lt\/en\/wp-json\/wp\/v2\/product"}],"about":[{"href":"https:\/\/vinilozona.lt\/en\/wp-json\/wp\/v2\/types\/product"}],"wp:featuredmedia":[{"embeddable":true,"href":"https:\/\/vinilozona.lt\/en\/wp-json\/wp\/v2\/media\/23411"}],"wp:attachment":[{"href":"https:\/\/vinilozona.lt\/en\/wp-json\/wp\/v2\/media?parent=1251"}],"wp:term":[{"taxonomy":"product_cat","embeddable":true,"href":"https:\/\/vinilozona.lt\/en\/wp-json\/wp\/v2\/product_cat?post=1251"},{"taxonomy":"product_tag","embeddable":true,"href":"https:\/\/vinilozona.lt\/en\/wp-json\/wp\/v2\/product_tag?post=1251"}],"curies":[{"name":"wp","href":"https:\/\/api.w.org\/{rel}","templated":true}]}}