{"id":12395,"date":"2025-08-17T05:13:33","date_gmt":"2025-08-17T02:13:33","guid":{"rendered":"https:\/\/vinilozona.lt\/?post_type=product&#038;p=12395"},"modified":"2025-08-17T07:30:20","modified_gmt":"2025-08-17T04:30:20","slug":"dire-straits-%e2%80%8e-alchemy-dire-straits-live","status":"publish","type":"product","link":"https:\/\/vinilozona.lt\/en\/parduotuve\/rock-pop\/dire-straits-%e2%80%8e-alchemy-dire-straits-live\/","title":{"rendered":"Dire Straits \u200e\u2013 Alchemy &#8211; Dire Straits Live  2lp"},"content":{"rendered":"<p>A1\t\tOnce Upon A Time In The West\t13:01<br \/>\nA2\t\tRomeo And Juliet\t8:24<br \/>\nB1\t\tExpresso Love\t5:41<br \/>\nB2\t\tPrivate Investigations\t7:16<br \/>\nB3\t\tSultans Of Swing\t10:53<br \/>\nC1\t\tTwo Young Lovers\t4:51<br \/>\nC2\t\tTunnel Of Love\t14:43<br \/>\nD1\t\tTelegraph Road\t13:00<br \/>\nD2\t\tSolid Rock\t5:35<br \/>\nD3\t\tGoing Home &#8211; Theme From &#8216;Local Hero&#8217;\t5:09<\/p>","protected":false},"excerpt":{"rendered":"<p>Vertigo \u2013 VERY 11, Vertigo \u2013 818 243-1<br \/>\nFormat:<br \/>\n2 x Vinyl, LP, Album, Stereo, Gatefold<br \/>\nCountry:<br \/>\nUK<br \/>\nReleased:<br \/>\n1984<\/p>","protected":false},"featured_media":12396,"template":"","meta":[],"product_cat":[15],"product_tag":[44],"yoast_head":"<!-- This site is optimized with the Yoast SEO plugin v23.5 - https:\/\/yoast.com\/wordpress\/plugins\/seo\/ -->\n<title>Dire Straits \u200e\u2013 Alchemy - Dire Straits Live 2lp Vinilin\u0117 Plok\u0161tel\u0117 | Vinilozona.lt<\/title>\n<meta name=\"robots\" content=\"index, follow, max-snippet:-1, max-image-preview:large, max-video-preview:-1\" \/>\n<link rel=\"canonical\" href=\"https:\/\/vinilozona.lt\/en\/parduotuve\/rock-pop\/dire-straits-\u200e-alchemy-dire-straits-live\/\" \/>\n<meta property=\"og:locale\" content=\"en_GB\" \/>\n<meta property=\"og:type\" content=\"article\" \/>\n<meta property=\"og:title\" content=\"Dire Straits \u200e\u2013 Alchemy - Dire Straits Live 2lp Vinilin\u0117 Plok\u0161tel\u0117 | Vinilozona.lt\" \/>\n<meta property=\"og:description\" content=\"Vertigo \u2013 VERY 11, Vertigo \u2013 818 243-1 Format: 2 x Vinyl, LP, Album, Stereo, Gatefold Country: UK Released: 1984\" \/>\n<meta property=\"og:url\" content=\"https:\/\/vinilozona.lt\/en\/parduotuve\/rock-pop\/dire-straits-\u200e-alchemy-dire-straits-live\/\" \/>\n<meta property=\"og:site_name\" content=\"Vinilo Zona\" \/>\n<meta property=\"article:modified_time\" content=\"2025-08-17T04:30:20+00:00\" \/>\n<meta property=\"og:image\" content=\"https:\/\/vinilozona.lt\/wp-content\/uploads\/2020\/11\/R-372178-1190138459.jpeg.jpg\" \/>\n\t<meta property=\"og:image:width\" content=\"597\" \/>\n\t<meta property=\"og:image:height\" content=\"600\" \/>\n\t<meta property=\"og:image:type\" content=\"image\/jpeg\" \/>\n<meta name=\"twitter:card\" content=\"summary_large_image\" \/>\n<meta name=\"twitter:label1\" content=\"Estimated reading time\" \/>\n\t<meta name=\"twitter:data1\" content=\"1 minute\" \/>\n<script type=\"application\/ld+json\" class=\"yoast-schema-graph\">{\"@context\":\"https:\/\/schema.org\",\"@graph\":[{\"@type\":\"WebPage\",\"@id\":\"https:\/\/vinilozona.lt\/parduotuve\/rock-pop\/dire-straits-%e2%80%8e-alchemy-dire-straits-live\/\",\"url\":\"https:\/\/vinilozona.lt\/parduotuve\/rock-pop\/dire-straits-%e2%80%8e-alchemy-dire-straits-live\/\",\"name\":\"Dire Straits \u200e\u2013 Alchemy - Dire Straits Live 2lp Vinilin\u0117 Plok\u0161tel\u0117 | Vinilozona.lt\",\"isPartOf\":{\"@id\":\"https:\/\/vinilozona.lt\/#website\"},\"primaryImageOfPage\":{\"@id\":\"https:\/\/vinilozona.lt\/parduotuve\/rock-pop\/dire-straits-%e2%80%8e-alchemy-dire-straits-live\/#primaryimage\"},\"image\":{\"@id\":\"https:\/\/vinilozona.lt\/parduotuve\/rock-pop\/dire-straits-%e2%80%8e-alchemy-dire-straits-live\/#primaryimage\"},\"thumbnailUrl\":\"https:\/\/vinilozona.lt\/wp-content\/uploads\/2020\/11\/R-372178-1190138459.jpeg.jpg\",\"datePublished\":\"2025-08-17T02:13:33+00:00\",\"dateModified\":\"2025-08-17T04:30:20+00:00\",\"breadcrumb\":{\"@id\":\"https:\/\/vinilozona.lt\/parduotuve\/rock-pop\/dire-straits-%e2%80%8e-alchemy-dire-straits-live\/#breadcrumb\"},\"inLanguage\":\"en-GB\",\"potentialAction\":[{\"@type\":\"ReadAction\",\"target\":[\"https:\/\/vinilozona.lt\/parduotuve\/rock-pop\/dire-straits-%e2%80%8e-alchemy-dire-straits-live\/\"]}]},{\"@type\":\"ImageObject\",\"inLanguage\":\"en-GB\",\"@id\":\"https:\/\/vinilozona.lt\/parduotuve\/rock-pop\/dire-straits-%e2%80%8e-alchemy-dire-straits-live\/#primaryimage\",\"url\":\"https:\/\/vinilozona.lt\/wp-content\/uploads\/2020\/11\/R-372178-1190138459.jpeg.jpg\",\"contentUrl\":\"https:\/\/vinilozona.lt\/wp-content\/uploads\/2020\/11\/R-372178-1190138459.jpeg.jpg\",\"width\":597,\"height\":600},{\"@type\":\"BreadcrumbList\",\"@id\":\"https:\/\/vinilozona.lt\/parduotuve\/rock-pop\/dire-straits-%e2%80%8e-alchemy-dire-straits-live\/#breadcrumb\",\"itemListElement\":[{\"@type\":\"ListItem\",\"position\":1,\"name\":\"Home\",\"item\":\"https:\/\/vinilozona.lt\/\"},{\"@type\":\"ListItem\",\"position\":2,\"name\":\"Parduotuv\u0117\",\"item\":\"https:\/\/vinilozona.lt\/parduotuve\/\"},{\"@type\":\"ListItem\",\"position\":3,\"name\":\"Dire Straits \u200e\u2013 Alchemy &#8211; Dire Straits Live 2lp\"}]},{\"@type\":\"WebSite\",\"@id\":\"https:\/\/vinilozona.lt\/#website\",\"url\":\"https:\/\/vinilozona.lt\/\",\"name\":\"Vinilo Zona\",\"description\":\"Nup\u016bsk dulkes ir klausyk LP\",\"potentialAction\":[{\"@type\":\"SearchAction\",\"target\":{\"@type\":\"EntryPoint\",\"urlTemplate\":\"https:\/\/vinilozona.lt\/?s={search_term_string}\"},\"query-input\":{\"@type\":\"PropertyValueSpecification\",\"valueRequired\":true,\"valueName\":\"search_term_string\"}}],\"inLanguage\":\"en-GB\"}]}<\/script>\n<!-- \/ Yoast SEO plugin. -->","yoast_head_json":{"title":"Dire Straits \u200e\u2013 Alchemy - Dire Straits Live 2lp Vinilin\u0117 Plok\u0161tel\u0117 | Vinilozona.lt","robots":{"index":"index","follow":"follow","max-snippet":"max-snippet:-1","max-image-preview":"max-image-preview:large","max-video-preview":"max-video-preview:-1"},"canonical":"https:\/\/vinilozona.lt\/en\/parduotuve\/rock-pop\/dire-straits-\u200e-alchemy-dire-straits-live\/","og_locale":"en_GB","og_type":"article","og_title":"Dire Straits \u200e\u2013 Alchemy - Dire Straits Live 2lp Vinilin\u0117 Plok\u0161tel\u0117 | Vinilozona.lt","og_description":"Vertigo \u2013 VERY 11, Vertigo \u2013 818 243-1 Format: 2 x Vinyl, LP, Album, Stereo, Gatefold Country: UK Released: 1984","og_url":"https:\/\/vinilozona.lt\/en\/parduotuve\/rock-pop\/dire-straits-\u200e-alchemy-dire-straits-live\/","og_site_name":"Vinilo Zona","article_modified_time":"2025-08-17T04:30:20+00:00","og_image":[{"width":597,"height":600,"url":"https:\/\/vinilozona.lt\/wp-content\/uploads\/2020\/11\/R-372178-1190138459.jpeg.jpg","type":"image\/jpeg"}],"twitter_card":"summary_large_image","twitter_misc":{"Estimated reading time":"1 minute"},"schema":{"@context":"https:\/\/schema.org","@graph":[{"@type":"WebPage","@id":"https:\/\/vinilozona.lt\/parduotuve\/rock-pop\/dire-straits-%e2%80%8e-alchemy-dire-straits-live\/","url":"https:\/\/vinilozona.lt\/parduotuve\/rock-pop\/dire-straits-%e2%80%8e-alchemy-dire-straits-live\/","name":"Dire Straits \u200e\u2013 Alchemy - Dire Straits Live 2lp Vinilin\u0117 Plok\u0161tel\u0117 | Vinilozona.lt","isPartOf":{"@id":"https:\/\/vinilozona.lt\/#website"},"primaryImageOfPage":{"@id":"https:\/\/vinilozona.lt\/parduotuve\/rock-pop\/dire-straits-%e2%80%8e-alchemy-dire-straits-live\/#primaryimage"},"image":{"@id":"https:\/\/vinilozona.lt\/parduotuve\/rock-pop\/dire-straits-%e2%80%8e-alchemy-dire-straits-live\/#primaryimage"},"thumbnailUrl":"https:\/\/vinilozona.lt\/wp-content\/uploads\/2020\/11\/R-372178-1190138459.jpeg.jpg","datePublished":"2025-08-17T02:13:33+00:00","dateModified":"2025-08-17T04:30:20+00:00","breadcrumb":{"@id":"https:\/\/vinilozona.lt\/parduotuve\/rock-pop\/dire-straits-%e2%80%8e-alchemy-dire-straits-live\/#breadcrumb"},"inLanguage":"en-GB","potentialAction":[{"@type":"ReadAction","target":["https:\/\/vinilozona.lt\/parduotuve\/rock-pop\/dire-straits-%e2%80%8e-alchemy-dire-straits-live\/"]}]},{"@type":"ImageObject","inLanguage":"en-GB","@id":"https:\/\/vinilozona.lt\/parduotuve\/rock-pop\/dire-straits-%e2%80%8e-alchemy-dire-straits-live\/#primaryimage","url":"https:\/\/vinilozona.lt\/wp-content\/uploads\/2020\/11\/R-372178-1190138459.jpeg.jpg","contentUrl":"https:\/\/vinilozona.lt\/wp-content\/uploads\/2020\/11\/R-372178-1190138459.jpeg.jpg","width":597,"height":600},{"@type":"BreadcrumbList","@id":"https:\/\/vinilozona.lt\/parduotuve\/rock-pop\/dire-straits-%e2%80%8e-alchemy-dire-straits-live\/#breadcrumb","itemListElement":[{"@type":"ListItem","position":1,"name":"Home","item":"https:\/\/vinilozona.lt\/"},{"@type":"ListItem","position":2,"name":"Parduotuv\u0117","item":"https:\/\/vinilozona.lt\/parduotuve\/"},{"@type":"ListItem","position":3,"name":"Dire Straits \u200e\u2013 Alchemy &#8211; Dire Straits Live 2lp"}]},{"@type":"WebSite","@id":"https:\/\/vinilozona.lt\/#website","url":"https:\/\/vinilozona.lt\/","name":"Vinilo Zona","description":"Nup\u016bsk dulkes ir klausyk LP","potentialAction":[{"@type":"SearchAction","target":{"@type":"EntryPoint","urlTemplate":"https:\/\/vinilozona.lt\/?s={search_term_string}"},"query-input":{"@type":"PropertyValueSpecification","valueRequired":true,"valueName":"search_term_string"}}],"inLanguage":"en-GB"}]}},"_links":{"self":[{"href":"https:\/\/vinilozona.lt\/en\/wp-json\/wp\/v2\/product\/12395"}],"collection":[{"href":"https:\/\/vinilozona.lt\/en\/wp-json\/wp\/v2\/product"}],"about":[{"href":"https:\/\/vinilozona.lt\/en\/wp-json\/wp\/v2\/types\/product"}],"wp:featuredmedia":[{"embeddable":true,"href":"https:\/\/vinilozona.lt\/en\/wp-json\/wp\/v2\/media\/12396"}],"wp:attachment":[{"href":"https:\/\/vinilozona.lt\/en\/wp-json\/wp\/v2\/media?parent=12395"}],"wp:term":[{"taxonomy":"product_cat","embeddable":true,"href":"https:\/\/vinilozona.lt\/en\/wp-json\/wp\/v2\/product_cat?post=12395"},{"taxonomy":"product_tag","embeddable":true,"href":"https:\/\/vinilozona.lt\/en\/wp-json\/wp\/v2\/product_tag?post=12395"}],"curies":[{"name":"wp","href":"https:\/\/api.w.org\/{rel}","templated":true}]}}