{"id":12291,"date":"2020-10-25T19:31:00","date_gmt":"2020-10-25T17:31:00","guid":{"rendered":"https:\/\/vinilozona.lt\/?post_type=product&#038;p=12291"},"modified":"2025-02-03T13:56:59","modified_gmt":"2025-02-03T11:56:59","slug":"%d1%8d%d0%bb%d1%82%d0%be%d0%bd-%d0%b4%d0%b6%d0%be%d0%bd-%e2%80%8e-honky-cat-%e2%80%8e-%d0%b3%d0%be%d1%80%d0%be%d0%b4%d1%81%d0%ba%d0%be%d0%b9-%d0%b1%d1%80%d0%be%d0%b4%d1%8f%d0%b3","status":"publish","type":"product","link":"https:\/\/vinilozona.lt\/en\/parduotuve\/kita\/%d1%8d%d0%bb%d1%82%d0%be%d0%bd-%d0%b4%d0%b6%d0%be%d0%bd-%e2%80%8e-honky-cat-%e2%80%8e-%d0%b3%d0%be%d1%80%d0%be%d0%b4%d1%81%d0%ba%d0%be%d0%b9-%d0%b1%d1%80%d0%be%d0%b4%d1%8f%d0%b3\/","title":{"rendered":"Elton John \u200e\u2013 Honky Cat \u200e\u2013\u042d\u043b\u0442\u043e\u043d \u0414\u0436\u043e\u043d- \u0413\u043e\u0440\u043e\u0434\u0441\u043a\u043e\u0439 \u0411\u0440\u043e\u0434\u044f\u0433\u0430"},"content":{"rendered":"<p>\u042160 26123 006<\/p>\n<p>A1\t\u041b\u0438\u0432\u043e\u043d = Levon\t5:21<br \/>\nA2\t\u041d\u0435\u043a\u0440\u0430\u0441\u0438\u0432\u043e\u0435 \u041b\u0438\u0446\u043e = Razor Face\t4:41<br \/>\nA3\t\u0417\u043b\u043e\u0441\u043b\u043e\u0432\u0438\u0435 = All The Nasties\t5:05<br \/>\nA4\t\u0414\u044d\u043d\u0438\u0435\u043b = Daniel\t3:51<br \/>\nB1\t\u0411\u0435\u0437\u0443\u043c\u0435\u0446 \u041d\u0430 \u0422\u043e\u043c \u0411\u0435\u0440\u0435\u0433\u0443 = Madman Across The Water\t5:56<br \/>\nB2\t\u0410\u0441\u0442\u0440\u043e\u043d\u0430\u0432\u0442 = Rocket Man\t4:39<br \/>\nB3\t\u0413\u043e\u0440\u043e\u0434\u0441\u043a\u043e\u0439 \u0411\u0440\u043e\u0434\u044f\u0433\u0430 = Honky Cat\t5:11<br \/>\nB4\t\u0420\u043e\u043a-\u041d-\u0420\u043e\u043b\u043b &#8222;\u041a\u0440\u043e\u043a\u043e\u0434\u0438\u043b&#8221; = Crocodile Rock\t3:54<\/p>","protected":false},"excerpt":{"rendered":"<p>MRLP 3050<\/p>","protected":false},"featured_media":12292,"template":"","meta":[],"product_cat":[21],"product_tag":[55],"yoast_head":"<!-- This site is optimized with the Yoast SEO plugin v23.5 - https:\/\/yoast.com\/wordpress\/plugins\/seo\/ -->\n<title>Elton John \u200e\u2013 Honky Cat \u200e\u2013\u042d\u043b\u0442\u043e\u043d \u0414\u0436\u043e\u043d- \u0413\u043e\u0440\u043e\u0434\u0441\u043a\u043e\u0439 \u0411\u0440\u043e\u0434\u044f\u0433\u0430 Vinilin\u0117 Plok\u0161tel\u0117 | Vinilozona.lt<\/title>\n<meta name=\"robots\" content=\"index, follow, max-snippet:-1, max-image-preview:large, max-video-preview:-1\" \/>\n<link rel=\"canonical\" href=\"https:\/\/vinilozona.lt\/en\/parduotuve\/kita\/\u044d\u043b\u0442\u043e\u043d-\u0434\u0436\u043e\u043d-\u200e-honky-cat-\u200e-\u0433\u043e\u0440\u043e\u0434\u0441\u043a\u043e\u0439-\u0431\u0440\u043e\u0434\u044f\u0433\/\" \/>\n<meta property=\"og:locale\" content=\"en_GB\" \/>\n<meta property=\"og:type\" content=\"article\" \/>\n<meta property=\"og:title\" content=\"Elton John \u200e\u2013 Honky Cat \u200e\u2013\u042d\u043b\u0442\u043e\u043d \u0414\u0436\u043e\u043d- \u0413\u043e\u0440\u043e\u0434\u0441\u043a\u043e\u0439 \u0411\u0440\u043e\u0434\u044f\u0433\u0430 Vinilin\u0117 Plok\u0161tel\u0117 | Vinilozona.lt\" \/>\n<meta property=\"og:description\" content=\"MRLP 3050\" \/>\n<meta property=\"og:url\" content=\"https:\/\/vinilozona.lt\/en\/parduotuve\/kita\/\u044d\u043b\u0442\u043e\u043d-\u0434\u0436\u043e\u043d-\u200e-honky-cat-\u200e-\u0433\u043e\u0440\u043e\u0434\u0441\u043a\u043e\u0439-\u0431\u0440\u043e\u0434\u044f\u0433\/\" \/>\n<meta property=\"og:site_name\" content=\"Vinilo Zona\" \/>\n<meta property=\"article:modified_time\" content=\"2025-02-03T11:56:59+00:00\" \/>\n<meta property=\"og:image\" content=\"https:\/\/vinilozona.lt\/wp-content\/uploads\/2020\/10\/R-6856304-1589101338-1394.jpeg.jpg\" \/>\n\t<meta property=\"og:image:width\" content=\"300\" \/>\n\t<meta property=\"og:image:height\" content=\"300\" \/>\n\t<meta property=\"og:image:type\" content=\"image\/jpeg\" \/>\n<meta name=\"twitter:card\" content=\"summary_large_image\" \/>\n<script type=\"application\/ld+json\" class=\"yoast-schema-graph\">{\"@context\":\"https:\/\/schema.org\",\"@graph\":[{\"@type\":\"WebPage\",\"@id\":\"https:\/\/vinilozona.lt\/en\/parduotuve\/kita\/%d1%8d%d0%bb%d1%82%d0%be%d0%bd-%d0%b4%d0%b6%d0%be%d0%bd-%e2%80%8e-honky-cat-%e2%80%8e-%d0%b3%d0%be%d1%80%d0%be%d0%b4%d1%81%d0%ba%d0%be%d0%b9-%d0%b1%d1%80%d0%be%d0%b4%d1%8f%d0%b3\/\",\"url\":\"https:\/\/vinilozona.lt\/en\/parduotuve\/kita\/%d1%8d%d0%bb%d1%82%d0%be%d0%bd-%d0%b4%d0%b6%d0%be%d0%bd-%e2%80%8e-honky-cat-%e2%80%8e-%d0%b3%d0%be%d1%80%d0%be%d0%b4%d1%81%d0%ba%d0%be%d0%b9-%d0%b1%d1%80%d0%be%d0%b4%d1%8f%d0%b3\/\",\"name\":\"Elton John \u200e\u2013 Honky Cat \u200e\u2013\u042d\u043b\u0442\u043e\u043d \u0414\u0436\u043e\u043d- \u0413\u043e\u0440\u043e\u0434\u0441\u043a\u043e\u0439 \u0411\u0440\u043e\u0434\u044f\u0433\u0430 Vinilin\u0117 Plok\u0161tel\u0117 | Vinilozona.lt\",\"isPartOf\":{\"@id\":\"https:\/\/vinilozona.lt\/#website\"},\"primaryImageOfPage\":{\"@id\":\"https:\/\/vinilozona.lt\/en\/parduotuve\/kita\/%d1%8d%d0%bb%d1%82%d0%be%d0%bd-%d0%b4%d0%b6%d0%be%d0%bd-%e2%80%8e-honky-cat-%e2%80%8e-%d0%b3%d0%be%d1%80%d0%be%d0%b4%d1%81%d0%ba%d0%be%d0%b9-%d0%b1%d1%80%d0%be%d0%b4%d1%8f%d0%b3\/#primaryimage\"},\"image\":{\"@id\":\"https:\/\/vinilozona.lt\/en\/parduotuve\/kita\/%d1%8d%d0%bb%d1%82%d0%be%d0%bd-%d0%b4%d0%b6%d0%be%d0%bd-%e2%80%8e-honky-cat-%e2%80%8e-%d0%b3%d0%be%d1%80%d0%be%d0%b4%d1%81%d0%ba%d0%be%d0%b9-%d0%b1%d1%80%d0%be%d0%b4%d1%8f%d0%b3\/#primaryimage\"},\"thumbnailUrl\":\"https:\/\/vinilozona.lt\/wp-content\/uploads\/2020\/10\/R-6856304-1589101338-1394.jpeg.jpg\",\"datePublished\":\"2020-10-25T17:31:00+00:00\",\"dateModified\":\"2025-02-03T11:56:59+00:00\",\"breadcrumb\":{\"@id\":\"https:\/\/vinilozona.lt\/en\/parduotuve\/kita\/%d1%8d%d0%bb%d1%82%d0%be%d0%bd-%d0%b4%d0%b6%d0%be%d0%bd-%e2%80%8e-honky-cat-%e2%80%8e-%d0%b3%d0%be%d1%80%d0%be%d0%b4%d1%81%d0%ba%d0%be%d0%b9-%d0%b1%d1%80%d0%be%d0%b4%d1%8f%d0%b3\/#breadcrumb\"},\"inLanguage\":\"en-GB\",\"potentialAction\":[{\"@type\":\"ReadAction\",\"target\":[\"https:\/\/vinilozona.lt\/en\/parduotuve\/kita\/%d1%8d%d0%bb%d1%82%d0%be%d0%bd-%d0%b4%d0%b6%d0%be%d0%bd-%e2%80%8e-honky-cat-%e2%80%8e-%d0%b3%d0%be%d1%80%d0%be%d0%b4%d1%81%d0%ba%d0%be%d0%b9-%d0%b1%d1%80%d0%be%d0%b4%d1%8f%d0%b3\/\"]}]},{\"@type\":\"ImageObject\",\"inLanguage\":\"en-GB\",\"@id\":\"https:\/\/vinilozona.lt\/en\/parduotuve\/kita\/%d1%8d%d0%bb%d1%82%d0%be%d0%bd-%d0%b4%d0%b6%d0%be%d0%bd-%e2%80%8e-honky-cat-%e2%80%8e-%d0%b3%d0%be%d1%80%d0%be%d0%b4%d1%81%d0%ba%d0%be%d0%b9-%d0%b1%d1%80%d0%be%d0%b4%d1%8f%d0%b3\/#primaryimage\",\"url\":\"https:\/\/vinilozona.lt\/wp-content\/uploads\/2020\/10\/R-6856304-1589101338-1394.jpeg.jpg\",\"contentUrl\":\"https:\/\/vinilozona.lt\/wp-content\/uploads\/2020\/10\/R-6856304-1589101338-1394.jpeg.jpg\",\"width\":300,\"height\":300},{\"@type\":\"BreadcrumbList\",\"@id\":\"https:\/\/vinilozona.lt\/en\/parduotuve\/kita\/%d1%8d%d0%bb%d1%82%d0%be%d0%bd-%d0%b4%d0%b6%d0%be%d0%bd-%e2%80%8e-honky-cat-%e2%80%8e-%d0%b3%d0%be%d1%80%d0%be%d0%b4%d1%81%d0%ba%d0%be%d0%b9-%d0%b1%d1%80%d0%be%d0%b4%d1%8f%d0%b3\/#breadcrumb\",\"itemListElement\":[{\"@type\":\"ListItem\",\"position\":1,\"name\":\"Home\",\"item\":\"https:\/\/vinilozona.lt\/\"},{\"@type\":\"ListItem\",\"position\":2,\"name\":\"Parduotuv\u0117\",\"item\":\"https:\/\/vinilozona.lt\/parduotuve\/\"},{\"@type\":\"ListItem\",\"position\":3,\"name\":\"Elton John \u200e\u2013 Honky Cat \u200e\u2013\u042d\u043b\u0442\u043e\u043d \u0414\u0436\u043e\u043d- \u0413\u043e\u0440\u043e\u0434\u0441\u043a\u043e\u0439 \u0411\u0440\u043e\u0434\u044f\u0433\u0430\"}]},{\"@type\":\"WebSite\",\"@id\":\"https:\/\/vinilozona.lt\/#website\",\"url\":\"https:\/\/vinilozona.lt\/\",\"name\":\"Vinilo Zona\",\"description\":\"Nup\u016bsk dulkes ir klausyk LP\",\"potentialAction\":[{\"@type\":\"SearchAction\",\"target\":{\"@type\":\"EntryPoint\",\"urlTemplate\":\"https:\/\/vinilozona.lt\/?s={search_term_string}\"},\"query-input\":{\"@type\":\"PropertyValueSpecification\",\"valueRequired\":true,\"valueName\":\"search_term_string\"}}],\"inLanguage\":\"en-GB\"}]}<\/script>\n<!-- \/ Yoast SEO plugin. -->","yoast_head_json":{"title":"Elton John \u200e\u2013 Honky Cat \u200e\u2013\u042d\u043b\u0442\u043e\u043d \u0414\u0436\u043e\u043d- \u0413\u043e\u0440\u043e\u0434\u0441\u043a\u043e\u0439 \u0411\u0440\u043e\u0434\u044f\u0433\u0430 Vinilin\u0117 Plok\u0161tel\u0117 | Vinilozona.lt","robots":{"index":"index","follow":"follow","max-snippet":"max-snippet:-1","max-image-preview":"max-image-preview:large","max-video-preview":"max-video-preview:-1"},"canonical":"https:\/\/vinilozona.lt\/en\/parduotuve\/kita\/\u044d\u043b\u0442\u043e\u043d-\u0434\u0436\u043e\u043d-\u200e-honky-cat-\u200e-\u0433\u043e\u0440\u043e\u0434\u0441\u043a\u043e\u0439-\u0431\u0440\u043e\u0434\u044f\u0433\/","og_locale":"en_GB","og_type":"article","og_title":"Elton John \u200e\u2013 Honky Cat \u200e\u2013\u042d\u043b\u0442\u043e\u043d \u0414\u0436\u043e\u043d- \u0413\u043e\u0440\u043e\u0434\u0441\u043a\u043e\u0439 \u0411\u0440\u043e\u0434\u044f\u0433\u0430 Vinilin\u0117 Plok\u0161tel\u0117 | Vinilozona.lt","og_description":"MRLP 3050","og_url":"https:\/\/vinilozona.lt\/en\/parduotuve\/kita\/\u044d\u043b\u0442\u043e\u043d-\u0434\u0436\u043e\u043d-\u200e-honky-cat-\u200e-\u0433\u043e\u0440\u043e\u0434\u0441\u043a\u043e\u0439-\u0431\u0440\u043e\u0434\u044f\u0433\/","og_site_name":"Vinilo Zona","article_modified_time":"2025-02-03T11:56:59+00:00","og_image":[{"width":300,"height":300,"url":"https:\/\/vinilozona.lt\/wp-content\/uploads\/2020\/10\/R-6856304-1589101338-1394.jpeg.jpg","type":"image\/jpeg"}],"twitter_card":"summary_large_image","schema":{"@context":"https:\/\/schema.org","@graph":[{"@type":"WebPage","@id":"https:\/\/vinilozona.lt\/en\/parduotuve\/kita\/%d1%8d%d0%bb%d1%82%d0%be%d0%bd-%d0%b4%d0%b6%d0%be%d0%bd-%e2%80%8e-honky-cat-%e2%80%8e-%d0%b3%d0%be%d1%80%d0%be%d0%b4%d1%81%d0%ba%d0%be%d0%b9-%d0%b1%d1%80%d0%be%d0%b4%d1%8f%d0%b3\/","url":"https:\/\/vinilozona.lt\/en\/parduotuve\/kita\/%d1%8d%d0%bb%d1%82%d0%be%d0%bd-%d0%b4%d0%b6%d0%be%d0%bd-%e2%80%8e-honky-cat-%e2%80%8e-%d0%b3%d0%be%d1%80%d0%be%d0%b4%d1%81%d0%ba%d0%be%d0%b9-%d0%b1%d1%80%d0%be%d0%b4%d1%8f%d0%b3\/","name":"Elton John \u200e\u2013 Honky Cat \u200e\u2013\u042d\u043b\u0442\u043e\u043d \u0414\u0436\u043e\u043d- \u0413\u043e\u0440\u043e\u0434\u0441\u043a\u043e\u0439 \u0411\u0440\u043e\u0434\u044f\u0433\u0430 Vinilin\u0117 Plok\u0161tel\u0117 | Vinilozona.lt","isPartOf":{"@id":"https:\/\/vinilozona.lt\/#website"},"primaryImageOfPage":{"@id":"https:\/\/vinilozona.lt\/en\/parduotuve\/kita\/%d1%8d%d0%bb%d1%82%d0%be%d0%bd-%d0%b4%d0%b6%d0%be%d0%bd-%e2%80%8e-honky-cat-%e2%80%8e-%d0%b3%d0%be%d1%80%d0%be%d0%b4%d1%81%d0%ba%d0%be%d0%b9-%d0%b1%d1%80%d0%be%d0%b4%d1%8f%d0%b3\/#primaryimage"},"image":{"@id":"https:\/\/vinilozona.lt\/en\/parduotuve\/kita\/%d1%8d%d0%bb%d1%82%d0%be%d0%bd-%d0%b4%d0%b6%d0%be%d0%bd-%e2%80%8e-honky-cat-%e2%80%8e-%d0%b3%d0%be%d1%80%d0%be%d0%b4%d1%81%d0%ba%d0%be%d0%b9-%d0%b1%d1%80%d0%be%d0%b4%d1%8f%d0%b3\/#primaryimage"},"thumbnailUrl":"https:\/\/vinilozona.lt\/wp-content\/uploads\/2020\/10\/R-6856304-1589101338-1394.jpeg.jpg","datePublished":"2020-10-25T17:31:00+00:00","dateModified":"2025-02-03T11:56:59+00:00","breadcrumb":{"@id":"https:\/\/vinilozona.lt\/en\/parduotuve\/kita\/%d1%8d%d0%bb%d1%82%d0%be%d0%bd-%d0%b4%d0%b6%d0%be%d0%bd-%e2%80%8e-honky-cat-%e2%80%8e-%d0%b3%d0%be%d1%80%d0%be%d0%b4%d1%81%d0%ba%d0%be%d0%b9-%d0%b1%d1%80%d0%be%d0%b4%d1%8f%d0%b3\/#breadcrumb"},"inLanguage":"en-GB","potentialAction":[{"@type":"ReadAction","target":["https:\/\/vinilozona.lt\/en\/parduotuve\/kita\/%d1%8d%d0%bb%d1%82%d0%be%d0%bd-%d0%b4%d0%b6%d0%be%d0%bd-%e2%80%8e-honky-cat-%e2%80%8e-%d0%b3%d0%be%d1%80%d0%be%d0%b4%d1%81%d0%ba%d0%be%d0%b9-%d0%b1%d1%80%d0%be%d0%b4%d1%8f%d0%b3\/"]}]},{"@type":"ImageObject","inLanguage":"en-GB","@id":"https:\/\/vinilozona.lt\/en\/parduotuve\/kita\/%d1%8d%d0%bb%d1%82%d0%be%d0%bd-%d0%b4%d0%b6%d0%be%d0%bd-%e2%80%8e-honky-cat-%e2%80%8e-%d0%b3%d0%be%d1%80%d0%be%d0%b4%d1%81%d0%ba%d0%be%d0%b9-%d0%b1%d1%80%d0%be%d0%b4%d1%8f%d0%b3\/#primaryimage","url":"https:\/\/vinilozona.lt\/wp-content\/uploads\/2020\/10\/R-6856304-1589101338-1394.jpeg.jpg","contentUrl":"https:\/\/vinilozona.lt\/wp-content\/uploads\/2020\/10\/R-6856304-1589101338-1394.jpeg.jpg","width":300,"height":300},{"@type":"BreadcrumbList","@id":"https:\/\/vinilozona.lt\/en\/parduotuve\/kita\/%d1%8d%d0%bb%d1%82%d0%be%d0%bd-%d0%b4%d0%b6%d0%be%d0%bd-%e2%80%8e-honky-cat-%e2%80%8e-%d0%b3%d0%be%d1%80%d0%be%d0%b4%d1%81%d0%ba%d0%be%d0%b9-%d0%b1%d1%80%d0%be%d0%b4%d1%8f%d0%b3\/#breadcrumb","itemListElement":[{"@type":"ListItem","position":1,"name":"Home","item":"https:\/\/vinilozona.lt\/"},{"@type":"ListItem","position":2,"name":"Parduotuv\u0117","item":"https:\/\/vinilozona.lt\/parduotuve\/"},{"@type":"ListItem","position":3,"name":"Elton John \u200e\u2013 Honky Cat \u200e\u2013\u042d\u043b\u0442\u043e\u043d \u0414\u0436\u043e\u043d- \u0413\u043e\u0440\u043e\u0434\u0441\u043a\u043e\u0439 \u0411\u0440\u043e\u0434\u044f\u0433\u0430"}]},{"@type":"WebSite","@id":"https:\/\/vinilozona.lt\/#website","url":"https:\/\/vinilozona.lt\/","name":"Vinilo Zona","description":"Nup\u016bsk dulkes ir klausyk LP","potentialAction":[{"@type":"SearchAction","target":{"@type":"EntryPoint","urlTemplate":"https:\/\/vinilozona.lt\/?s={search_term_string}"},"query-input":{"@type":"PropertyValueSpecification","valueRequired":true,"valueName":"search_term_string"}}],"inLanguage":"en-GB"}]}},"_links":{"self":[{"href":"https:\/\/vinilozona.lt\/en\/wp-json\/wp\/v2\/product\/12291"}],"collection":[{"href":"https:\/\/vinilozona.lt\/en\/wp-json\/wp\/v2\/product"}],"about":[{"href":"https:\/\/vinilozona.lt\/en\/wp-json\/wp\/v2\/types\/product"}],"wp:featuredmedia":[{"embeddable":true,"href":"https:\/\/vinilozona.lt\/en\/wp-json\/wp\/v2\/media\/12292"}],"wp:attachment":[{"href":"https:\/\/vinilozona.lt\/en\/wp-json\/wp\/v2\/media?parent=12291"}],"wp:term":[{"taxonomy":"product_cat","embeddable":true,"href":"https:\/\/vinilozona.lt\/en\/wp-json\/wp\/v2\/product_cat?post=12291"},{"taxonomy":"product_tag","embeddable":true,"href":"https:\/\/vinilozona.lt\/en\/wp-json\/wp\/v2\/product_tag?post=12291"}],"curies":[{"name":"wp","href":"https:\/\/api.w.org\/{rel}","templated":true}]}}