{"id":12289,"date":"2025-05-30T19:29:15","date_gmt":"2025-05-30T16:29:15","guid":{"rendered":"https:\/\/vinilozona.lt\/?post_type=product&#038;p=12289"},"modified":"2025-05-29T17:26:45","modified_gmt":"2025-05-29T14:26:45","slug":"elton-john-%d1%8d%d0%bb%d1%82%d0%be%d0%bd-%d0%b4%d0%b6%d0%be%d0%bd-%e2%80%8e-your-song-%d1%82%d0%b2%d0%be%d1%8f-%d0%bf%d0%b5%d1%81%d0%bd%d1%8f","status":"publish","type":"product","link":"https:\/\/vinilozona.lt\/en\/parduotuve\/kita\/elton-john-%d1%8d%d0%bb%d1%82%d0%be%d0%bd-%d0%b4%d0%b6%d0%be%d0%bd-%e2%80%8e-your-song-%d1%82%d0%b2%d0%be%d1%8f-%d0%bf%d0%b5%d1%81%d0%bd%d1%8f\/","title":{"rendered":"Elton John = \u042d\u043b\u0442\u043e\u043d \u0414\u0436\u043e\u043d \u200e\u2013 Your Song = \u0422\u0432\u043e\u044f \u041f\u0435\u0441\u043d\u044f"},"content":{"rendered":"<p>A1\t\u0422\u0432\u043e\u044f \u041f\u0435\u0441\u043d\u044f = Your Song\t3:58<br \/>\nA2\t\u0421\u044b\u043d \u0422\u0432\u043e\u0435\u0433\u043e \u041e\u0442\u0446\u0430 = Son Of Your Father\t3:45<br \/>\nA3\t\u041a\u0443\u0434\u0430 \u0422\u0435\u043f\u0435\u0440\u044c? = Where To Now, St Peter\t4:10<br \/>\nA4\t\u0420\u0430\u0437\u0433\u043e\u0432\u043e\u0440 \u0421\u0442\u0430\u0440\u044b\u0445 \u0421\u043e\u043b\u0434\u0430\u0442 = Talking Old Soldiers\t4:02<br \/>\nA5\t\u0411\u0430\u043b\u043b\u0430\u0434\u0430 \u041e \u0417\u043d\u0430\u043c\u0435\u043d\u0438\u0442\u043e\u043c \u0420\u0430\u0437\u0431\u043e\u0439\u043d\u0438\u043a\u0435 = Ballad Of A Well-Known Gun\t4:55<br \/>\nB1\t\u041f\u043e\u0433\u0440\u0430\u043d\u0438\u0447\u043d\u0430\u044f \u041f\u0435\u0441\u043d\u044f = Border Song\t3:18<br \/>\nB2\t\u041c\u0430\u043b\u0435\u043d\u044c\u043a\u0430\u044f \u0422\u0430\u043d\u0446\u043e\u0432\u0449\u0438\u0446\u0430 = Tiny Dancer\t6:13<br \/>\nB3\t\u0414\u0435\u0440\u0435\u0432\u0435\u043d\u0441\u043a\u0438\u0439 \u0420\u0430\u0434\u043e\u0441\u0442\u0438 = Country Comfort\t5:05<br \/>\nB4\t\u0410\u043c\u043e\u0440\u0438\u043d\u0430 = Amoreena\t4:54<br \/>\nB5\t\u041f\u0440\u043e\u0449\u0430\u043d\u0438\u0435 = Good-Bye\t1:44<\/p>","protected":false},"excerpt":{"rendered":"<p>\u042160 26031 002<\/p>","protected":false},"featured_media":28264,"template":"","meta":[],"product_cat":[21],"product_tag":[55],"yoast_head":"<!-- This site is optimized with the Yoast SEO plugin v23.5 - https:\/\/yoast.com\/wordpress\/plugins\/seo\/ -->\n<title>Elton John = \u042d\u043b\u0442\u043e\u043d \u0414\u0436\u043e\u043d \u200e\u2013 Your Song = \u0422\u0432\u043e\u044f \u041f\u0435\u0441\u043d\u044f Vinilin\u0117 Plok\u0161tel\u0117 | Vinilozona.lt<\/title>\n<meta name=\"robots\" content=\"index, follow, max-snippet:-1, max-image-preview:large, max-video-preview:-1\" \/>\n<link rel=\"canonical\" href=\"https:\/\/vinilozona.lt\/en\/parduotuve\/kita\/elton-john-\u044d\u043b\u0442\u043e\u043d-\u0434\u0436\u043e\u043d-\u200e-your-song-\u0442\u0432\u043e\u044f-\u043f\u0435\u0441\u043d\u044f\/\" \/>\n<meta property=\"og:locale\" content=\"en_GB\" \/>\n<meta property=\"og:type\" content=\"article\" \/>\n<meta property=\"og:title\" content=\"Elton John = \u042d\u043b\u0442\u043e\u043d \u0414\u0436\u043e\u043d \u200e\u2013 Your Song = \u0422\u0432\u043e\u044f \u041f\u0435\u0441\u043d\u044f Vinilin\u0117 Plok\u0161tel\u0117 | Vinilozona.lt\" \/>\n<meta property=\"og:description\" content=\"\u042160 26031 002\" \/>\n<meta property=\"og:url\" content=\"https:\/\/vinilozona.lt\/en\/parduotuve\/kita\/elton-john-\u044d\u043b\u0442\u043e\u043d-\u0434\u0436\u043e\u043d-\u200e-your-song-\u0442\u0432\u043e\u044f-\u043f\u0435\u0441\u043d\u044f\/\" \/>\n<meta property=\"og:site_name\" content=\"Vinilo Zona\" \/>\n<meta property=\"article:modified_time\" content=\"2025-05-29T14:26:45+00:00\" \/>\n<meta property=\"og:image\" content=\"https:\/\/vinilozona.lt\/wp-content\/uploads\/2020\/10\/R-2895439-1451307267-4874.jpg\" \/>\n\t<meta property=\"og:image:width\" content=\"600\" \/>\n\t<meta property=\"og:image:height\" content=\"601\" \/>\n\t<meta property=\"og:image:type\" content=\"image\/jpeg\" \/>\n<meta name=\"twitter:card\" content=\"summary_large_image\" \/>\n<meta name=\"twitter:label1\" content=\"Estimated reading time\" \/>\n\t<meta name=\"twitter:data1\" content=\"1 minute\" \/>\n<script type=\"application\/ld+json\" class=\"yoast-schema-graph\">{\"@context\":\"https:\/\/schema.org\",\"@graph\":[{\"@type\":\"WebPage\",\"@id\":\"https:\/\/vinilozona.lt\/parduotuve\/kita\/elton-john-%d1%8d%d0%bb%d1%82%d0%be%d0%bd-%d0%b4%d0%b6%d0%be%d0%bd-%e2%80%8e-your-song-%d1%82%d0%b2%d0%be%d1%8f-%d0%bf%d0%b5%d1%81%d0%bd%d1%8f\/\",\"url\":\"https:\/\/vinilozona.lt\/parduotuve\/kita\/elton-john-%d1%8d%d0%bb%d1%82%d0%be%d0%bd-%d0%b4%d0%b6%d0%be%d0%bd-%e2%80%8e-your-song-%d1%82%d0%b2%d0%be%d1%8f-%d0%bf%d0%b5%d1%81%d0%bd%d1%8f\/\",\"name\":\"Elton John = \u042d\u043b\u0442\u043e\u043d \u0414\u0436\u043e\u043d \u200e\u2013 Your Song = \u0422\u0432\u043e\u044f \u041f\u0435\u0441\u043d\u044f Vinilin\u0117 Plok\u0161tel\u0117 | Vinilozona.lt\",\"isPartOf\":{\"@id\":\"https:\/\/vinilozona.lt\/#website\"},\"primaryImageOfPage\":{\"@id\":\"https:\/\/vinilozona.lt\/parduotuve\/kita\/elton-john-%d1%8d%d0%bb%d1%82%d0%be%d0%bd-%d0%b4%d0%b6%d0%be%d0%bd-%e2%80%8e-your-song-%d1%82%d0%b2%d0%be%d1%8f-%d0%bf%d0%b5%d1%81%d0%bd%d1%8f\/#primaryimage\"},\"image\":{\"@id\":\"https:\/\/vinilozona.lt\/parduotuve\/kita\/elton-john-%d1%8d%d0%bb%d1%82%d0%be%d0%bd-%d0%b4%d0%b6%d0%be%d0%bd-%e2%80%8e-your-song-%d1%82%d0%b2%d0%be%d1%8f-%d0%bf%d0%b5%d1%81%d0%bd%d1%8f\/#primaryimage\"},\"thumbnailUrl\":\"https:\/\/vinilozona.lt\/wp-content\/uploads\/2020\/10\/R-2895439-1451307267-4874.jpg\",\"datePublished\":\"2025-05-30T16:29:15+00:00\",\"dateModified\":\"2025-05-29T14:26:45+00:00\",\"breadcrumb\":{\"@id\":\"https:\/\/vinilozona.lt\/parduotuve\/kita\/elton-john-%d1%8d%d0%bb%d1%82%d0%be%d0%bd-%d0%b4%d0%b6%d0%be%d0%bd-%e2%80%8e-your-song-%d1%82%d0%b2%d0%be%d1%8f-%d0%bf%d0%b5%d1%81%d0%bd%d1%8f\/#breadcrumb\"},\"inLanguage\":\"en-GB\",\"potentialAction\":[{\"@type\":\"ReadAction\",\"target\":[\"https:\/\/vinilozona.lt\/parduotuve\/kita\/elton-john-%d1%8d%d0%bb%d1%82%d0%be%d0%bd-%d0%b4%d0%b6%d0%be%d0%bd-%e2%80%8e-your-song-%d1%82%d0%b2%d0%be%d1%8f-%d0%bf%d0%b5%d1%81%d0%bd%d1%8f\/\"]}]},{\"@type\":\"ImageObject\",\"inLanguage\":\"en-GB\",\"@id\":\"https:\/\/vinilozona.lt\/parduotuve\/kita\/elton-john-%d1%8d%d0%bb%d1%82%d0%be%d0%bd-%d0%b4%d0%b6%d0%be%d0%bd-%e2%80%8e-your-song-%d1%82%d0%b2%d0%be%d1%8f-%d0%bf%d0%b5%d1%81%d0%bd%d1%8f\/#primaryimage\",\"url\":\"https:\/\/vinilozona.lt\/wp-content\/uploads\/2020\/10\/R-2895439-1451307267-4874.jpg\",\"contentUrl\":\"https:\/\/vinilozona.lt\/wp-content\/uploads\/2020\/10\/R-2895439-1451307267-4874.jpg\",\"width\":600,\"height\":601},{\"@type\":\"BreadcrumbList\",\"@id\":\"https:\/\/vinilozona.lt\/parduotuve\/kita\/elton-john-%d1%8d%d0%bb%d1%82%d0%be%d0%bd-%d0%b4%d0%b6%d0%be%d0%bd-%e2%80%8e-your-song-%d1%82%d0%b2%d0%be%d1%8f-%d0%bf%d0%b5%d1%81%d0%bd%d1%8f\/#breadcrumb\",\"itemListElement\":[{\"@type\":\"ListItem\",\"position\":1,\"name\":\"Home\",\"item\":\"https:\/\/vinilozona.lt\/\"},{\"@type\":\"ListItem\",\"position\":2,\"name\":\"Parduotuv\u0117\",\"item\":\"https:\/\/vinilozona.lt\/parduotuve\/\"},{\"@type\":\"ListItem\",\"position\":3,\"name\":\"Elton John = \u042d\u043b\u0442\u043e\u043d \u0414\u0436\u043e\u043d \u200e\u2013 Your Song = \u0422\u0432\u043e\u044f \u041f\u0435\u0441\u043d\u044f\"}]},{\"@type\":\"WebSite\",\"@id\":\"https:\/\/vinilozona.lt\/#website\",\"url\":\"https:\/\/vinilozona.lt\/\",\"name\":\"Vinilo Zona\",\"description\":\"Nup\u016bsk dulkes ir klausyk LP\",\"potentialAction\":[{\"@type\":\"SearchAction\",\"target\":{\"@type\":\"EntryPoint\",\"urlTemplate\":\"https:\/\/vinilozona.lt\/?s={search_term_string}\"},\"query-input\":{\"@type\":\"PropertyValueSpecification\",\"valueRequired\":true,\"valueName\":\"search_term_string\"}}],\"inLanguage\":\"en-GB\"}]}<\/script>\n<!-- \/ Yoast SEO plugin. -->","yoast_head_json":{"title":"Elton John = \u042d\u043b\u0442\u043e\u043d \u0414\u0436\u043e\u043d \u200e\u2013 Your Song = \u0422\u0432\u043e\u044f \u041f\u0435\u0441\u043d\u044f Vinilin\u0117 Plok\u0161tel\u0117 | Vinilozona.lt","robots":{"index":"index","follow":"follow","max-snippet":"max-snippet:-1","max-image-preview":"max-image-preview:large","max-video-preview":"max-video-preview:-1"},"canonical":"https:\/\/vinilozona.lt\/en\/parduotuve\/kita\/elton-john-\u044d\u043b\u0442\u043e\u043d-\u0434\u0436\u043e\u043d-\u200e-your-song-\u0442\u0432\u043e\u044f-\u043f\u0435\u0441\u043d\u044f\/","og_locale":"en_GB","og_type":"article","og_title":"Elton John = \u042d\u043b\u0442\u043e\u043d \u0414\u0436\u043e\u043d \u200e\u2013 Your Song = \u0422\u0432\u043e\u044f \u041f\u0435\u0441\u043d\u044f Vinilin\u0117 Plok\u0161tel\u0117 | Vinilozona.lt","og_description":"\u042160 26031 002","og_url":"https:\/\/vinilozona.lt\/en\/parduotuve\/kita\/elton-john-\u044d\u043b\u0442\u043e\u043d-\u0434\u0436\u043e\u043d-\u200e-your-song-\u0442\u0432\u043e\u044f-\u043f\u0435\u0441\u043d\u044f\/","og_site_name":"Vinilo Zona","article_modified_time":"2025-05-29T14:26:45+00:00","og_image":[{"width":600,"height":601,"url":"https:\/\/vinilozona.lt\/wp-content\/uploads\/2020\/10\/R-2895439-1451307267-4874.jpg","type":"image\/jpeg"}],"twitter_card":"summary_large_image","twitter_misc":{"Estimated reading time":"1 minute"},"schema":{"@context":"https:\/\/schema.org","@graph":[{"@type":"WebPage","@id":"https:\/\/vinilozona.lt\/parduotuve\/kita\/elton-john-%d1%8d%d0%bb%d1%82%d0%be%d0%bd-%d0%b4%d0%b6%d0%be%d0%bd-%e2%80%8e-your-song-%d1%82%d0%b2%d0%be%d1%8f-%d0%bf%d0%b5%d1%81%d0%bd%d1%8f\/","url":"https:\/\/vinilozona.lt\/parduotuve\/kita\/elton-john-%d1%8d%d0%bb%d1%82%d0%be%d0%bd-%d0%b4%d0%b6%d0%be%d0%bd-%e2%80%8e-your-song-%d1%82%d0%b2%d0%be%d1%8f-%d0%bf%d0%b5%d1%81%d0%bd%d1%8f\/","name":"Elton John = \u042d\u043b\u0442\u043e\u043d \u0414\u0436\u043e\u043d \u200e\u2013 Your Song = \u0422\u0432\u043e\u044f \u041f\u0435\u0441\u043d\u044f Vinilin\u0117 Plok\u0161tel\u0117 | Vinilozona.lt","isPartOf":{"@id":"https:\/\/vinilozona.lt\/#website"},"primaryImageOfPage":{"@id":"https:\/\/vinilozona.lt\/parduotuve\/kita\/elton-john-%d1%8d%d0%bb%d1%82%d0%be%d0%bd-%d0%b4%d0%b6%d0%be%d0%bd-%e2%80%8e-your-song-%d1%82%d0%b2%d0%be%d1%8f-%d0%bf%d0%b5%d1%81%d0%bd%d1%8f\/#primaryimage"},"image":{"@id":"https:\/\/vinilozona.lt\/parduotuve\/kita\/elton-john-%d1%8d%d0%bb%d1%82%d0%be%d0%bd-%d0%b4%d0%b6%d0%be%d0%bd-%e2%80%8e-your-song-%d1%82%d0%b2%d0%be%d1%8f-%d0%bf%d0%b5%d1%81%d0%bd%d1%8f\/#primaryimage"},"thumbnailUrl":"https:\/\/vinilozona.lt\/wp-content\/uploads\/2020\/10\/R-2895439-1451307267-4874.jpg","datePublished":"2025-05-30T16:29:15+00:00","dateModified":"2025-05-29T14:26:45+00:00","breadcrumb":{"@id":"https:\/\/vinilozona.lt\/parduotuve\/kita\/elton-john-%d1%8d%d0%bb%d1%82%d0%be%d0%bd-%d0%b4%d0%b6%d0%be%d0%bd-%e2%80%8e-your-song-%d1%82%d0%b2%d0%be%d1%8f-%d0%bf%d0%b5%d1%81%d0%bd%d1%8f\/#breadcrumb"},"inLanguage":"en-GB","potentialAction":[{"@type":"ReadAction","target":["https:\/\/vinilozona.lt\/parduotuve\/kita\/elton-john-%d1%8d%d0%bb%d1%82%d0%be%d0%bd-%d0%b4%d0%b6%d0%be%d0%bd-%e2%80%8e-your-song-%d1%82%d0%b2%d0%be%d1%8f-%d0%bf%d0%b5%d1%81%d0%bd%d1%8f\/"]}]},{"@type":"ImageObject","inLanguage":"en-GB","@id":"https:\/\/vinilozona.lt\/parduotuve\/kita\/elton-john-%d1%8d%d0%bb%d1%82%d0%be%d0%bd-%d0%b4%d0%b6%d0%be%d0%bd-%e2%80%8e-your-song-%d1%82%d0%b2%d0%be%d1%8f-%d0%bf%d0%b5%d1%81%d0%bd%d1%8f\/#primaryimage","url":"https:\/\/vinilozona.lt\/wp-content\/uploads\/2020\/10\/R-2895439-1451307267-4874.jpg","contentUrl":"https:\/\/vinilozona.lt\/wp-content\/uploads\/2020\/10\/R-2895439-1451307267-4874.jpg","width":600,"height":601},{"@type":"BreadcrumbList","@id":"https:\/\/vinilozona.lt\/parduotuve\/kita\/elton-john-%d1%8d%d0%bb%d1%82%d0%be%d0%bd-%d0%b4%d0%b6%d0%be%d0%bd-%e2%80%8e-your-song-%d1%82%d0%b2%d0%be%d1%8f-%d0%bf%d0%b5%d1%81%d0%bd%d1%8f\/#breadcrumb","itemListElement":[{"@type":"ListItem","position":1,"name":"Home","item":"https:\/\/vinilozona.lt\/"},{"@type":"ListItem","position":2,"name":"Parduotuv\u0117","item":"https:\/\/vinilozona.lt\/parduotuve\/"},{"@type":"ListItem","position":3,"name":"Elton John = \u042d\u043b\u0442\u043e\u043d \u0414\u0436\u043e\u043d \u200e\u2013 Your Song = \u0422\u0432\u043e\u044f \u041f\u0435\u0441\u043d\u044f"}]},{"@type":"WebSite","@id":"https:\/\/vinilozona.lt\/#website","url":"https:\/\/vinilozona.lt\/","name":"Vinilo Zona","description":"Nup\u016bsk dulkes ir klausyk LP","potentialAction":[{"@type":"SearchAction","target":{"@type":"EntryPoint","urlTemplate":"https:\/\/vinilozona.lt\/?s={search_term_string}"},"query-input":{"@type":"PropertyValueSpecification","valueRequired":true,"valueName":"search_term_string"}}],"inLanguage":"en-GB"}]}},"_links":{"self":[{"href":"https:\/\/vinilozona.lt\/en\/wp-json\/wp\/v2\/product\/12289"}],"collection":[{"href":"https:\/\/vinilozona.lt\/en\/wp-json\/wp\/v2\/product"}],"about":[{"href":"https:\/\/vinilozona.lt\/en\/wp-json\/wp\/v2\/types\/product"}],"wp:featuredmedia":[{"embeddable":true,"href":"https:\/\/vinilozona.lt\/en\/wp-json\/wp\/v2\/media\/28264"}],"wp:attachment":[{"href":"https:\/\/vinilozona.lt\/en\/wp-json\/wp\/v2\/media?parent=12289"}],"wp:term":[{"taxonomy":"product_cat","embeddable":true,"href":"https:\/\/vinilozona.lt\/en\/wp-json\/wp\/v2\/product_cat?post=12289"},{"taxonomy":"product_tag","embeddable":true,"href":"https:\/\/vinilozona.lt\/en\/wp-json\/wp\/v2\/product_tag?post=12289"}],"curies":[{"name":"wp","href":"https:\/\/api.w.org\/{rel}","templated":true}]}}