{"id":12279,"date":"2020-10-25T19:21:42","date_gmt":"2020-10-25T17:21:42","guid":{"rendered":"https:\/\/vinilozona.lt\/?post_type=product&#038;p=12279"},"modified":"2023-11-07T13:21:06","modified_gmt":"2023-11-07T11:21:06","slug":"ricchi-e-poveri-%e2%80%8e-%d0%b1%d0%be%d0%b3%d0%b0%d1%82%d1%8b%d0%b5-%d0%b8-%d0%b1%d0%b5%d0%b4%d0%bd%d1%8b%d0%b5","status":"publish","type":"product","link":"https:\/\/vinilozona.lt\/en\/parduotuve\/kita\/ricchi-e-poveri-%e2%80%8e-%d0%b1%d0%be%d0%b3%d0%b0%d1%82%d1%8b%d0%b5-%d0%b8-%d0%b1%d0%b5%d0%b4%d0%bd%d1%8b%d0%b5\/","title":{"rendered":"Ricchi E Poveri \u200e\u2013 \u0411\u043e\u0433\u0430\u0442\u044b\u0435 \u0418 \u0411\u0435\u0434\u043d\u044b\u0435"},"content":{"rendered":"<p>C60 22697 009<\/p>","protected":false},"excerpt":{"rendered":"<p>MRLP 3050<\/p>","protected":false},"featured_media":12280,"template":"","meta":[],"product_cat":[21],"product_tag":[55],"yoast_head":"<!-- This site is optimized with the Yoast SEO plugin v23.5 - https:\/\/yoast.com\/wordpress\/plugins\/seo\/ -->\n<title>Ricchi E Poveri \u200e\u2013 \u0411\u043e\u0433\u0430\u0442\u044b\u0435 \u0418 \u0411\u0435\u0434\u043d\u044b\u0435 Vinilin\u0117 Plok\u0161tel\u0117 | Vinilozona.lt<\/title>\n<meta name=\"robots\" content=\"index, follow, max-snippet:-1, max-image-preview:large, max-video-preview:-1\" \/>\n<link rel=\"canonical\" href=\"https:\/\/vinilozona.lt\/en\/parduotuve\/kita\/ricchi-e-poveri-\u200e-\u0431\u043e\u0433\u0430\u0442\u044b\u0435-\u0438-\u0431\u0435\u0434\u043d\u044b\u0435\/\" \/>\n<meta property=\"og:locale\" content=\"en_GB\" \/>\n<meta property=\"og:type\" content=\"article\" \/>\n<meta property=\"og:title\" content=\"Ricchi E Poveri \u200e\u2013 \u0411\u043e\u0433\u0430\u0442\u044b\u0435 \u0418 \u0411\u0435\u0434\u043d\u044b\u0435 Vinilin\u0117 Plok\u0161tel\u0117 | Vinilozona.lt\" \/>\n<meta property=\"og:description\" content=\"MRLP 3050\" \/>\n<meta property=\"og:url\" content=\"https:\/\/vinilozona.lt\/en\/parduotuve\/kita\/ricchi-e-poveri-\u200e-\u0431\u043e\u0433\u0430\u0442\u044b\u0435-\u0438-\u0431\u0435\u0434\u043d\u044b\u0435\/\" \/>\n<meta property=\"og:site_name\" content=\"Vinilo Zona\" \/>\n<meta property=\"article:modified_time\" content=\"2023-11-07T11:21:06+00:00\" \/>\n<meta property=\"og:image\" content=\"https:\/\/vinilozona.lt\/wp-content\/uploads\/2020\/10\/R-6006840-1408645090-9784.jpeg.jpg\" \/>\n\t<meta property=\"og:image:width\" content=\"300\" \/>\n\t<meta property=\"og:image:height\" content=\"300\" \/>\n\t<meta property=\"og:image:type\" content=\"image\/jpeg\" \/>\n<meta name=\"twitter:card\" content=\"summary_large_image\" \/>\n<script type=\"application\/ld+json\" class=\"yoast-schema-graph\">{\"@context\":\"https:\/\/schema.org\",\"@graph\":[{\"@type\":\"WebPage\",\"@id\":\"https:\/\/vinilozona.lt\/parduotuve\/kita\/ricchi-e-poveri-%e2%80%8e-%d0%b1%d0%be%d0%b3%d0%b0%d1%82%d1%8b%d0%b5-%d0%b8-%d0%b1%d0%b5%d0%b4%d0%bd%d1%8b%d0%b5\/\",\"url\":\"https:\/\/vinilozona.lt\/parduotuve\/kita\/ricchi-e-poveri-%e2%80%8e-%d0%b1%d0%be%d0%b3%d0%b0%d1%82%d1%8b%d0%b5-%d0%b8-%d0%b1%d0%b5%d0%b4%d0%bd%d1%8b%d0%b5\/\",\"name\":\"Ricchi E Poveri \u200e\u2013 \u0411\u043e\u0433\u0430\u0442\u044b\u0435 \u0418 \u0411\u0435\u0434\u043d\u044b\u0435 Vinilin\u0117 Plok\u0161tel\u0117 | Vinilozona.lt\",\"isPartOf\":{\"@id\":\"https:\/\/vinilozona.lt\/#website\"},\"primaryImageOfPage\":{\"@id\":\"https:\/\/vinilozona.lt\/parduotuve\/kita\/ricchi-e-poveri-%e2%80%8e-%d0%b1%d0%be%d0%b3%d0%b0%d1%82%d1%8b%d0%b5-%d0%b8-%d0%b1%d0%b5%d0%b4%d0%bd%d1%8b%d0%b5\/#primaryimage\"},\"image\":{\"@id\":\"https:\/\/vinilozona.lt\/parduotuve\/kita\/ricchi-e-poveri-%e2%80%8e-%d0%b1%d0%be%d0%b3%d0%b0%d1%82%d1%8b%d0%b5-%d0%b8-%d0%b1%d0%b5%d0%b4%d0%bd%d1%8b%d0%b5\/#primaryimage\"},\"thumbnailUrl\":\"https:\/\/vinilozona.lt\/wp-content\/uploads\/2020\/10\/R-6006840-1408645090-9784.jpeg.jpg\",\"datePublished\":\"2020-10-25T17:21:42+00:00\",\"dateModified\":\"2023-11-07T11:21:06+00:00\",\"breadcrumb\":{\"@id\":\"https:\/\/vinilozona.lt\/parduotuve\/kita\/ricchi-e-poveri-%e2%80%8e-%d0%b1%d0%be%d0%b3%d0%b0%d1%82%d1%8b%d0%b5-%d0%b8-%d0%b1%d0%b5%d0%b4%d0%bd%d1%8b%d0%b5\/#breadcrumb\"},\"inLanguage\":\"en-GB\",\"potentialAction\":[{\"@type\":\"ReadAction\",\"target\":[\"https:\/\/vinilozona.lt\/parduotuve\/kita\/ricchi-e-poveri-%e2%80%8e-%d0%b1%d0%be%d0%b3%d0%b0%d1%82%d1%8b%d0%b5-%d0%b8-%d0%b1%d0%b5%d0%b4%d0%bd%d1%8b%d0%b5\/\"]}]},{\"@type\":\"ImageObject\",\"inLanguage\":\"en-GB\",\"@id\":\"https:\/\/vinilozona.lt\/parduotuve\/kita\/ricchi-e-poveri-%e2%80%8e-%d0%b1%d0%be%d0%b3%d0%b0%d1%82%d1%8b%d0%b5-%d0%b8-%d0%b1%d0%b5%d0%b4%d0%bd%d1%8b%d0%b5\/#primaryimage\",\"url\":\"https:\/\/vinilozona.lt\/wp-content\/uploads\/2020\/10\/R-6006840-1408645090-9784.jpeg.jpg\",\"contentUrl\":\"https:\/\/vinilozona.lt\/wp-content\/uploads\/2020\/10\/R-6006840-1408645090-9784.jpeg.jpg\",\"width\":300,\"height\":300},{\"@type\":\"BreadcrumbList\",\"@id\":\"https:\/\/vinilozona.lt\/parduotuve\/kita\/ricchi-e-poveri-%e2%80%8e-%d0%b1%d0%be%d0%b3%d0%b0%d1%82%d1%8b%d0%b5-%d0%b8-%d0%b1%d0%b5%d0%b4%d0%bd%d1%8b%d0%b5\/#breadcrumb\",\"itemListElement\":[{\"@type\":\"ListItem\",\"position\":1,\"name\":\"Home\",\"item\":\"https:\/\/vinilozona.lt\/\"},{\"@type\":\"ListItem\",\"position\":2,\"name\":\"Parduotuv\u0117\",\"item\":\"https:\/\/vinilozona.lt\/parduotuve\/\"},{\"@type\":\"ListItem\",\"position\":3,\"name\":\"Ricchi E Poveri \u200e\u2013 \u0411\u043e\u0433\u0430\u0442\u044b\u0435 \u0418 \u0411\u0435\u0434\u043d\u044b\u0435\"}]},{\"@type\":\"WebSite\",\"@id\":\"https:\/\/vinilozona.lt\/#website\",\"url\":\"https:\/\/vinilozona.lt\/\",\"name\":\"Vinilo Zona\",\"description\":\"Nup\u016bsk dulkes ir klausyk LP\",\"potentialAction\":[{\"@type\":\"SearchAction\",\"target\":{\"@type\":\"EntryPoint\",\"urlTemplate\":\"https:\/\/vinilozona.lt\/?s={search_term_string}\"},\"query-input\":{\"@type\":\"PropertyValueSpecification\",\"valueRequired\":true,\"valueName\":\"search_term_string\"}}],\"inLanguage\":\"en-GB\"}]}<\/script>\n<!-- \/ Yoast SEO plugin. -->","yoast_head_json":{"title":"Ricchi E Poveri \u200e\u2013 \u0411\u043e\u0433\u0430\u0442\u044b\u0435 \u0418 \u0411\u0435\u0434\u043d\u044b\u0435 Vinilin\u0117 Plok\u0161tel\u0117 | Vinilozona.lt","robots":{"index":"index","follow":"follow","max-snippet":"max-snippet:-1","max-image-preview":"max-image-preview:large","max-video-preview":"max-video-preview:-1"},"canonical":"https:\/\/vinilozona.lt\/en\/parduotuve\/kita\/ricchi-e-poveri-\u200e-\u0431\u043e\u0433\u0430\u0442\u044b\u0435-\u0438-\u0431\u0435\u0434\u043d\u044b\u0435\/","og_locale":"en_GB","og_type":"article","og_title":"Ricchi E Poveri \u200e\u2013 \u0411\u043e\u0433\u0430\u0442\u044b\u0435 \u0418 \u0411\u0435\u0434\u043d\u044b\u0435 Vinilin\u0117 Plok\u0161tel\u0117 | Vinilozona.lt","og_description":"MRLP 3050","og_url":"https:\/\/vinilozona.lt\/en\/parduotuve\/kita\/ricchi-e-poveri-\u200e-\u0431\u043e\u0433\u0430\u0442\u044b\u0435-\u0438-\u0431\u0435\u0434\u043d\u044b\u0435\/","og_site_name":"Vinilo Zona","article_modified_time":"2023-11-07T11:21:06+00:00","og_image":[{"width":300,"height":300,"url":"https:\/\/vinilozona.lt\/wp-content\/uploads\/2020\/10\/R-6006840-1408645090-9784.jpeg.jpg","type":"image\/jpeg"}],"twitter_card":"summary_large_image","schema":{"@context":"https:\/\/schema.org","@graph":[{"@type":"WebPage","@id":"https:\/\/vinilozona.lt\/parduotuve\/kita\/ricchi-e-poveri-%e2%80%8e-%d0%b1%d0%be%d0%b3%d0%b0%d1%82%d1%8b%d0%b5-%d0%b8-%d0%b1%d0%b5%d0%b4%d0%bd%d1%8b%d0%b5\/","url":"https:\/\/vinilozona.lt\/parduotuve\/kita\/ricchi-e-poveri-%e2%80%8e-%d0%b1%d0%be%d0%b3%d0%b0%d1%82%d1%8b%d0%b5-%d0%b8-%d0%b1%d0%b5%d0%b4%d0%bd%d1%8b%d0%b5\/","name":"Ricchi E Poveri \u200e\u2013 \u0411\u043e\u0433\u0430\u0442\u044b\u0435 \u0418 \u0411\u0435\u0434\u043d\u044b\u0435 Vinilin\u0117 Plok\u0161tel\u0117 | Vinilozona.lt","isPartOf":{"@id":"https:\/\/vinilozona.lt\/#website"},"primaryImageOfPage":{"@id":"https:\/\/vinilozona.lt\/parduotuve\/kita\/ricchi-e-poveri-%e2%80%8e-%d0%b1%d0%be%d0%b3%d0%b0%d1%82%d1%8b%d0%b5-%d0%b8-%d0%b1%d0%b5%d0%b4%d0%bd%d1%8b%d0%b5\/#primaryimage"},"image":{"@id":"https:\/\/vinilozona.lt\/parduotuve\/kita\/ricchi-e-poveri-%e2%80%8e-%d0%b1%d0%be%d0%b3%d0%b0%d1%82%d1%8b%d0%b5-%d0%b8-%d0%b1%d0%b5%d0%b4%d0%bd%d1%8b%d0%b5\/#primaryimage"},"thumbnailUrl":"https:\/\/vinilozona.lt\/wp-content\/uploads\/2020\/10\/R-6006840-1408645090-9784.jpeg.jpg","datePublished":"2020-10-25T17:21:42+00:00","dateModified":"2023-11-07T11:21:06+00:00","breadcrumb":{"@id":"https:\/\/vinilozona.lt\/parduotuve\/kita\/ricchi-e-poveri-%e2%80%8e-%d0%b1%d0%be%d0%b3%d0%b0%d1%82%d1%8b%d0%b5-%d0%b8-%d0%b1%d0%b5%d0%b4%d0%bd%d1%8b%d0%b5\/#breadcrumb"},"inLanguage":"en-GB","potentialAction":[{"@type":"ReadAction","target":["https:\/\/vinilozona.lt\/parduotuve\/kita\/ricchi-e-poveri-%e2%80%8e-%d0%b1%d0%be%d0%b3%d0%b0%d1%82%d1%8b%d0%b5-%d0%b8-%d0%b1%d0%b5%d0%b4%d0%bd%d1%8b%d0%b5\/"]}]},{"@type":"ImageObject","inLanguage":"en-GB","@id":"https:\/\/vinilozona.lt\/parduotuve\/kita\/ricchi-e-poveri-%e2%80%8e-%d0%b1%d0%be%d0%b3%d0%b0%d1%82%d1%8b%d0%b5-%d0%b8-%d0%b1%d0%b5%d0%b4%d0%bd%d1%8b%d0%b5\/#primaryimage","url":"https:\/\/vinilozona.lt\/wp-content\/uploads\/2020\/10\/R-6006840-1408645090-9784.jpeg.jpg","contentUrl":"https:\/\/vinilozona.lt\/wp-content\/uploads\/2020\/10\/R-6006840-1408645090-9784.jpeg.jpg","width":300,"height":300},{"@type":"BreadcrumbList","@id":"https:\/\/vinilozona.lt\/parduotuve\/kita\/ricchi-e-poveri-%e2%80%8e-%d0%b1%d0%be%d0%b3%d0%b0%d1%82%d1%8b%d0%b5-%d0%b8-%d0%b1%d0%b5%d0%b4%d0%bd%d1%8b%d0%b5\/#breadcrumb","itemListElement":[{"@type":"ListItem","position":1,"name":"Home","item":"https:\/\/vinilozona.lt\/"},{"@type":"ListItem","position":2,"name":"Parduotuv\u0117","item":"https:\/\/vinilozona.lt\/parduotuve\/"},{"@type":"ListItem","position":3,"name":"Ricchi E Poveri \u200e\u2013 \u0411\u043e\u0433\u0430\u0442\u044b\u0435 \u0418 \u0411\u0435\u0434\u043d\u044b\u0435"}]},{"@type":"WebSite","@id":"https:\/\/vinilozona.lt\/#website","url":"https:\/\/vinilozona.lt\/","name":"Vinilo Zona","description":"Nup\u016bsk dulkes ir klausyk LP","potentialAction":[{"@type":"SearchAction","target":{"@type":"EntryPoint","urlTemplate":"https:\/\/vinilozona.lt\/?s={search_term_string}"},"query-input":{"@type":"PropertyValueSpecification","valueRequired":true,"valueName":"search_term_string"}}],"inLanguage":"en-GB"}]}},"_links":{"self":[{"href":"https:\/\/vinilozona.lt\/en\/wp-json\/wp\/v2\/product\/12279"}],"collection":[{"href":"https:\/\/vinilozona.lt\/en\/wp-json\/wp\/v2\/product"}],"about":[{"href":"https:\/\/vinilozona.lt\/en\/wp-json\/wp\/v2\/types\/product"}],"wp:featuredmedia":[{"embeddable":true,"href":"https:\/\/vinilozona.lt\/en\/wp-json\/wp\/v2\/media\/12280"}],"wp:attachment":[{"href":"https:\/\/vinilozona.lt\/en\/wp-json\/wp\/v2\/media?parent=12279"}],"wp:term":[{"taxonomy":"product_cat","embeddable":true,"href":"https:\/\/vinilozona.lt\/en\/wp-json\/wp\/v2\/product_cat?post=12279"},{"taxonomy":"product_tag","embeddable":true,"href":"https:\/\/vinilozona.lt\/en\/wp-json\/wp\/v2\/product_tag?post=12279"}],"curies":[{"name":"wp","href":"https:\/\/api.w.org\/{rel}","templated":true}]}}