{"id":12269,"date":"2023-12-15T05:02:22","date_gmt":"2023-12-15T03:02:22","guid":{"rendered":"https:\/\/vinilozona.lt\/?post_type=product&#038;p=12269"},"modified":"2023-12-16T18:01:24","modified_gmt":"2023-12-16T16:01:24","slug":"beatles-%e2%80%8e-a-hard-days-night-2","status":"publish","type":"product","link":"https:\/\/vinilozona.lt\/en\/parduotuve\/kita\/beatles-%e2%80%8e-a-hard-days-night-2\/","title":{"rendered":"Beatles \u200e\u2013 A Hard Day&#8217;s Night"},"content":{"rendered":"<p>A1\t\t\u0412\u0435\u0447\u0435\u0440 \u0422\u0440\u0443\u0434\u043d\u043e\u0433\u043e \u0414\u043d\u044f = A Hard Day&#8217;s Night<br \/>\nA2\t\t\u041c\u043d\u0435 \u0421\u0442\u043e\u0438\u043b\u043e \u0417\u043d\u0430\u0442\u044c = I Should Have Known Better<br \/>\nA3\t\t\u0415\u0441\u043b\u0438 \u042f \u041f\u043e\u043b\u044e\u0431\u043b\u044e = If I Fell<br \/>\nA4\t\t\u041a\u0430\u043a \u0421\u0447\u0430\u0441\u0442\u043b\u0438\u0432 \u042f \u0422\u0430\u043d\u0446\u0435\u0432\u0430\u0442\u044c \u0421 \u0422\u043e\u0431\u043e\u0439 = I&#8217;m Happy Just To Dance With You<br \/>\nA5\t\t\u042f \u041b\u044e\u0431\u043b\u044e \u0415\u0435 = And I Love Her<br \/>\nA6\t\t\u0421\u043a\u0430\u0436\u0438 \u041c\u043d\u0435, \u041f\u043e\u0447\u0435\u043c\u0443 = Tell Me Why<br \/>\nA7\t\t\u041b\u044e\u0431\u043e\u0432\u044c \u041d\u0435 \u041a\u0443\u043f\u0438\u0448\u044c = Can&#8217;t Buy Me Love<br \/>\nB1\t\t\u041a\u043e\u0433\u0434\u0430 \u0423\u0433\u043e\u0434\u043d\u043e = Any Time At All<br \/>\nB2\t\t\u042f \u0411\u0443\u0434\u0443 \u0420\u044b\u0434\u0430\u0442\u044c = I&#8217;ll Cry Instead<br \/>\nB3\t\t\u0421\u043b\u043e\u0432\u0430, \u0427\u0442\u043e \u0421\u043a\u0430\u0437\u0430\u043d\u044b \u0421\u0435\u0433\u043e\u0434\u043d\u044f = Things We Said Today<br \/>\nB4\t\t\u041d\u0435 \u0421\u043c\u0435\u0439! = You Can&#8217;t Do That<br \/>\nB5\t\t\u042f \u0412\u0435\u0440\u043d\u0443\u0441\u044c = I&#8217;ll Be Back<\/p>","protected":false},"excerpt":{"rendered":"<p>\u041c\u0435\u043b\u043e\u0434\u0438\u044f \u2013 \u042160 23579 008<br \/>\nFormat:<br \/>\nVinyl, LP, Album, Reissue, Stereo<br \/>\nCountry:\tUSSR<br \/>\nReleased:\tMar 26, 1986<\/p>","protected":false},"featured_media":23813,"template":"","meta":[],"product_cat":[21],"product_tag":[44],"yoast_head":"<!-- This site is optimized with the Yoast SEO plugin v23.5 - https:\/\/yoast.com\/wordpress\/plugins\/seo\/ -->\n<title>Beatles \u200e\u2013 A Hard Day&#039;s Night Vinilin\u0117 Plok\u0161tel\u0117 | Vinilozona.lt<\/title>\n<meta name=\"robots\" content=\"index, follow, max-snippet:-1, max-image-preview:large, max-video-preview:-1\" \/>\n<link rel=\"canonical\" href=\"https:\/\/vinilozona.lt\/en\/parduotuve\/kita\/beatles-\u200e-a-hard-days-night-2\/\" \/>\n<meta property=\"og:locale\" content=\"en_GB\" \/>\n<meta property=\"og:type\" content=\"article\" \/>\n<meta property=\"og:title\" content=\"Beatles \u200e\u2013 A Hard Day&#039;s Night Vinilin\u0117 Plok\u0161tel\u0117 | Vinilozona.lt\" \/>\n<meta property=\"og:description\" content=\"\u041c\u0435\u043b\u043e\u0434\u0438\u044f \u2013 \u042160 23579 008 Format:  Vinyl, LP, Album, Reissue, Stereo Country: USSR Released: Mar 26, 1986\" \/>\n<meta property=\"og:url\" content=\"https:\/\/vinilozona.lt\/en\/parduotuve\/kita\/beatles-\u200e-a-hard-days-night-2\/\" \/>\n<meta property=\"og:site_name\" content=\"Vinilo Zona\" \/>\n<meta property=\"article:modified_time\" content=\"2023-12-16T16:01:24+00:00\" \/>\n<meta property=\"og:image\" content=\"https:\/\/vinilozona.lt\/wp-content\/uploads\/2020\/10\/R-6548572-1421758942-6106.jpg\" \/>\n\t<meta property=\"og:image:width\" content=\"600\" \/>\n\t<meta property=\"og:image:height\" content=\"600\" \/>\n\t<meta property=\"og:image:type\" content=\"image\/jpeg\" \/>\n<meta name=\"twitter:card\" content=\"summary_large_image\" \/>\n<script type=\"application\/ld+json\" class=\"yoast-schema-graph\">{\"@context\":\"https:\/\/schema.org\",\"@graph\":[{\"@type\":\"WebPage\",\"@id\":\"https:\/\/vinilozona.lt\/parduotuve\/kita\/beatles-%e2%80%8e-a-hard-days-night-2\/\",\"url\":\"https:\/\/vinilozona.lt\/parduotuve\/kita\/beatles-%e2%80%8e-a-hard-days-night-2\/\",\"name\":\"Beatles \u200e\u2013 A Hard Day's Night Vinilin\u0117 Plok\u0161tel\u0117 | Vinilozona.lt\",\"isPartOf\":{\"@id\":\"https:\/\/vinilozona.lt\/#website\"},\"primaryImageOfPage\":{\"@id\":\"https:\/\/vinilozona.lt\/parduotuve\/kita\/beatles-%e2%80%8e-a-hard-days-night-2\/#primaryimage\"},\"image\":{\"@id\":\"https:\/\/vinilozona.lt\/parduotuve\/kita\/beatles-%e2%80%8e-a-hard-days-night-2\/#primaryimage\"},\"thumbnailUrl\":\"https:\/\/vinilozona.lt\/wp-content\/uploads\/2020\/10\/R-6548572-1421758942-6106.jpg\",\"datePublished\":\"2023-12-15T03:02:22+00:00\",\"dateModified\":\"2023-12-16T16:01:24+00:00\",\"breadcrumb\":{\"@id\":\"https:\/\/vinilozona.lt\/parduotuve\/kita\/beatles-%e2%80%8e-a-hard-days-night-2\/#breadcrumb\"},\"inLanguage\":\"en-GB\",\"potentialAction\":[{\"@type\":\"ReadAction\",\"target\":[\"https:\/\/vinilozona.lt\/parduotuve\/kita\/beatles-%e2%80%8e-a-hard-days-night-2\/\"]}]},{\"@type\":\"ImageObject\",\"inLanguage\":\"en-GB\",\"@id\":\"https:\/\/vinilozona.lt\/parduotuve\/kita\/beatles-%e2%80%8e-a-hard-days-night-2\/#primaryimage\",\"url\":\"https:\/\/vinilozona.lt\/wp-content\/uploads\/2020\/10\/R-6548572-1421758942-6106.jpg\",\"contentUrl\":\"https:\/\/vinilozona.lt\/wp-content\/uploads\/2020\/10\/R-6548572-1421758942-6106.jpg\",\"width\":600,\"height\":600},{\"@type\":\"BreadcrumbList\",\"@id\":\"https:\/\/vinilozona.lt\/parduotuve\/kita\/beatles-%e2%80%8e-a-hard-days-night-2\/#breadcrumb\",\"itemListElement\":[{\"@type\":\"ListItem\",\"position\":1,\"name\":\"Home\",\"item\":\"https:\/\/vinilozona.lt\/\"},{\"@type\":\"ListItem\",\"position\":2,\"name\":\"Parduotuv\u0117\",\"item\":\"https:\/\/vinilozona.lt\/parduotuve\/\"},{\"@type\":\"ListItem\",\"position\":3,\"name\":\"Beatles \u200e\u2013 A Hard Day&#8217;s Night\"}]},{\"@type\":\"WebSite\",\"@id\":\"https:\/\/vinilozona.lt\/#website\",\"url\":\"https:\/\/vinilozona.lt\/\",\"name\":\"Vinilo Zona\",\"description\":\"Nup\u016bsk dulkes ir klausyk LP\",\"potentialAction\":[{\"@type\":\"SearchAction\",\"target\":{\"@type\":\"EntryPoint\",\"urlTemplate\":\"https:\/\/vinilozona.lt\/?s={search_term_string}\"},\"query-input\":{\"@type\":\"PropertyValueSpecification\",\"valueRequired\":true,\"valueName\":\"search_term_string\"}}],\"inLanguage\":\"en-GB\"}]}<\/script>\n<!-- \/ Yoast SEO plugin. -->","yoast_head_json":{"title":"Beatles \u200e\u2013 A Hard Day's Night Vinilin\u0117 Plok\u0161tel\u0117 | Vinilozona.lt","robots":{"index":"index","follow":"follow","max-snippet":"max-snippet:-1","max-image-preview":"max-image-preview:large","max-video-preview":"max-video-preview:-1"},"canonical":"https:\/\/vinilozona.lt\/en\/parduotuve\/kita\/beatles-\u200e-a-hard-days-night-2\/","og_locale":"en_GB","og_type":"article","og_title":"Beatles \u200e\u2013 A Hard Day's Night Vinilin\u0117 Plok\u0161tel\u0117 | Vinilozona.lt","og_description":"\u041c\u0435\u043b\u043e\u0434\u0438\u044f \u2013 \u042160 23579 008 Format:  Vinyl, LP, Album, Reissue, Stereo Country: USSR Released: Mar 26, 1986","og_url":"https:\/\/vinilozona.lt\/en\/parduotuve\/kita\/beatles-\u200e-a-hard-days-night-2\/","og_site_name":"Vinilo Zona","article_modified_time":"2023-12-16T16:01:24+00:00","og_image":[{"width":600,"height":600,"url":"https:\/\/vinilozona.lt\/wp-content\/uploads\/2020\/10\/R-6548572-1421758942-6106.jpg","type":"image\/jpeg"}],"twitter_card":"summary_large_image","schema":{"@context":"https:\/\/schema.org","@graph":[{"@type":"WebPage","@id":"https:\/\/vinilozona.lt\/parduotuve\/kita\/beatles-%e2%80%8e-a-hard-days-night-2\/","url":"https:\/\/vinilozona.lt\/parduotuve\/kita\/beatles-%e2%80%8e-a-hard-days-night-2\/","name":"Beatles \u200e\u2013 A Hard Day's Night Vinilin\u0117 Plok\u0161tel\u0117 | Vinilozona.lt","isPartOf":{"@id":"https:\/\/vinilozona.lt\/#website"},"primaryImageOfPage":{"@id":"https:\/\/vinilozona.lt\/parduotuve\/kita\/beatles-%e2%80%8e-a-hard-days-night-2\/#primaryimage"},"image":{"@id":"https:\/\/vinilozona.lt\/parduotuve\/kita\/beatles-%e2%80%8e-a-hard-days-night-2\/#primaryimage"},"thumbnailUrl":"https:\/\/vinilozona.lt\/wp-content\/uploads\/2020\/10\/R-6548572-1421758942-6106.jpg","datePublished":"2023-12-15T03:02:22+00:00","dateModified":"2023-12-16T16:01:24+00:00","breadcrumb":{"@id":"https:\/\/vinilozona.lt\/parduotuve\/kita\/beatles-%e2%80%8e-a-hard-days-night-2\/#breadcrumb"},"inLanguage":"en-GB","potentialAction":[{"@type":"ReadAction","target":["https:\/\/vinilozona.lt\/parduotuve\/kita\/beatles-%e2%80%8e-a-hard-days-night-2\/"]}]},{"@type":"ImageObject","inLanguage":"en-GB","@id":"https:\/\/vinilozona.lt\/parduotuve\/kita\/beatles-%e2%80%8e-a-hard-days-night-2\/#primaryimage","url":"https:\/\/vinilozona.lt\/wp-content\/uploads\/2020\/10\/R-6548572-1421758942-6106.jpg","contentUrl":"https:\/\/vinilozona.lt\/wp-content\/uploads\/2020\/10\/R-6548572-1421758942-6106.jpg","width":600,"height":600},{"@type":"BreadcrumbList","@id":"https:\/\/vinilozona.lt\/parduotuve\/kita\/beatles-%e2%80%8e-a-hard-days-night-2\/#breadcrumb","itemListElement":[{"@type":"ListItem","position":1,"name":"Home","item":"https:\/\/vinilozona.lt\/"},{"@type":"ListItem","position":2,"name":"Parduotuv\u0117","item":"https:\/\/vinilozona.lt\/parduotuve\/"},{"@type":"ListItem","position":3,"name":"Beatles \u200e\u2013 A Hard Day&#8217;s Night"}]},{"@type":"WebSite","@id":"https:\/\/vinilozona.lt\/#website","url":"https:\/\/vinilozona.lt\/","name":"Vinilo Zona","description":"Nup\u016bsk dulkes ir klausyk LP","potentialAction":[{"@type":"SearchAction","target":{"@type":"EntryPoint","urlTemplate":"https:\/\/vinilozona.lt\/?s={search_term_string}"},"query-input":{"@type":"PropertyValueSpecification","valueRequired":true,"valueName":"search_term_string"}}],"inLanguage":"en-GB"}]}},"_links":{"self":[{"href":"https:\/\/vinilozona.lt\/en\/wp-json\/wp\/v2\/product\/12269"}],"collection":[{"href":"https:\/\/vinilozona.lt\/en\/wp-json\/wp\/v2\/product"}],"about":[{"href":"https:\/\/vinilozona.lt\/en\/wp-json\/wp\/v2\/types\/product"}],"wp:featuredmedia":[{"embeddable":true,"href":"https:\/\/vinilozona.lt\/en\/wp-json\/wp\/v2\/media\/23813"}],"wp:attachment":[{"href":"https:\/\/vinilozona.lt\/en\/wp-json\/wp\/v2\/media?parent=12269"}],"wp:term":[{"taxonomy":"product_cat","embeddable":true,"href":"https:\/\/vinilozona.lt\/en\/wp-json\/wp\/v2\/product_cat?post=12269"},{"taxonomy":"product_tag","embeddable":true,"href":"https:\/\/vinilozona.lt\/en\/wp-json\/wp\/v2\/product_tag?post=12269"}],"curies":[{"name":"wp","href":"https:\/\/api.w.org\/{rel}","templated":true}]}}