{"id":12267,"date":"2026-02-26T05:10:21","date_gmt":"2026-02-26T03:10:21","guid":{"rendered":"https:\/\/vinilozona.lt\/?post_type=product&#038;p=12267"},"modified":"2026-02-26T08:19:36","modified_gmt":"2026-02-26T06:19:36","slug":"mozart-%e2%80%8e-%d1%81%d0%b8%d0%bc%d1%84%d0%be%d0%bd%d0%b8%d1%8f-%e2%84%96-40-%c2%b7-%d1%81%d0%b8%d0%bc%d1%84%d0%be%d0%bd%d0%b8%d1%8f-%e2%84%96-24","status":"publish","type":"product","link":"https:\/\/vinilozona.lt\/en\/parduotuve\/classic\/mozart-%e2%80%8e-%d1%81%d0%b8%d0%bc%d1%84%d0%be%d0%bd%d0%b8%d1%8f-%e2%84%96-40-%c2%b7-%d1%81%d0%b8%d0%bc%d1%84%d0%be%d0%bd%d0%b8%d1%8f-%e2%84%96-24\/","title":{"rendered":"\u041f. \u0427\u0430\u0439\u043a\u043e\u0432\u0441\u043a\u0438\u0439, \u0413\u0435\u043d\u043d\u0430\u0434\u0438\u0439 \u0420\u043e\u0436\u0434\u0435\u0441\u0442\u0432\u0435\u043d\u0441\u043a\u0438\u0439 \u2013 \u0429\u0435\u043b\u043a\u0443\u043d\u0447\u0438\u043a"},"content":{"rendered":"<p>A1\t\t\u0423\u0432\u0435\u0440\u0442\u044e\u0440\u0430<br \/>\n1 \u0414\u0435\u0439\u0441\u0442\u0432\u0438\u0435. 1 \u041a\u0430\u0440\u0442\u0438\u043d\u0430<br \/>\nA2\t\t1. \u0421\u0446\u0435\u043d\u0430. \u0423\u043a\u0440\u0430\u0448\u0435\u043d\u0438\u0435 \u0418 \u0417\u0430\u0436\u0438\u0433\u0430\u043d\u0438\u0435 \u0415\u043b\u043a\u0438<br \/>\nA3\t\t2. \u041c\u0430\u0440\u0448<br \/>\nA4\t\t3. \u0414\u0435\u0442\u0441\u043a\u0438\u0439 \u0413\u0430\u043b\u043e\u043f \u0418 \u0422\u0430\u043d\u0435\u0446 \u0420\u043e\u0434\u0438\u0442\u0435\u043b\u0435\u0439<br \/>\nA5\t\t4. \u0421\u0446\u0435\u043d\u0430 \u0421 \u0422\u0430\u043d\u0446\u0430\u043c\u0438<br \/>\nA6\t\t5. \u0421\u0446\u0435\u043d\u0430 \u0418 \u0422\u0430\u043d\u0435\u0446 \u0413\u0440\u043e\u0441\u0441-\u0424\u0430\u0442\u0435\u0440<br \/>\nB1\t\t6. \u0421\u0446\u0435\u043d\u0430 (\u0423\u0445\u043e\u0434 \u0413\u043e\u0441\u0442\u0435\u0439. \u041d\u043e\u0447\u044c)<br \/>\nB2\t\t7. \u0421\u0446\u0435\u043d\u0430 (\u0421\u0440\u0430\u0436\u0435\u043d\u0438\u0435)<br \/>\n1 \u0414\u0435\u0439\u0441\u0442\u0432\u0438\u0435. 2 \u041a\u0430\u0440\u0442\u0438\u043d\u0430<br \/>\nB3\t\t8. \u0421\u0446\u0435\u043d\u0430 (\u0415\u043b\u043e\u0432\u044b\u0439 \u041b\u0435\u0441 \u0417\u0438\u043c\u043e\u0439)<br \/>\nB4\t\t9. \u0412\u0430\u043b\u044c\u0441 \u0421\u043d\u0435\u0436\u043d\u044b\u0445 \u0425\u043e\u0440<br \/>\n2 \u0414\u0435\u0439\u0441\u0442\u0432\u0438\u0435. 3 \u041a\u0430\u0440\u0442\u0438\u043d\u0430<br \/>\nC1\t\t10. \u0421\u0446\u0435\u043d\u0430 (\u0414\u0432\u043e\u0440\u0435\u0446 \u0421\u043b\u0430\u0441\u0442\u0435\u0439 \u041a\u043e\u043d\u0444\u0438\u0442\u044e\u0440\u0435\u043d\u0431\u0443\u0440\u0433)<br \/>\nC2\t\t11. \u0421\u0446\u0435\u043d\u0430 (\u041f\u0440\u0438\u0431\u044b\u0442\u0438\u0435 \u041a\u043b\u0430\u0440\u044b \u0418 \u0429\u0435\u043b\u043a\u0443\u043d\u0447\u0438\u043a\u0430)<br \/>\nC3a\t\t12. \u0414\u0438\u0432\u0435\u0440\u0442\u0438\u0441\u043c\u0435\u043d\u0442. \u0430) \u0428\u043e\u043a\u043e\u043b\u0430\u0434 (\u0418\u0441\u043f\u0430\u043d\u0441\u043a\u0438\u0439 \u0422\u0430\u043d\u0435\u0446)<br \/>\nC3b\t\t12. \u0414\u0438\u0432\u0435\u0440\u0442\u0438\u0441\u043c\u0435\u043d\u0442. \u0431) \u041a\u043e\u0444\u0435 (\u0410\u0440\u0430\u0431\u0441\u043a\u0438\u0439 \u0422\u0430\u043d\u0435\u0446)<br \/>\nC3c\t\t12. \u0414\u0438\u0432\u0435\u0440\u0442\u0438\u0441\u043c\u0435\u043d\u0442. \u0432) \u0427\u0430\u0439 (\u041a\u0438\u0442\u0430\u0439\u0441\u043a\u0438\u0439 \u0422\u0430\u043d\u0435\u0446)<br \/>\nC3d\t\t12. \u0414\u0438\u0432\u0435\u0440\u0442\u0438\u0441\u043c\u0435\u043d\u0442. \u0433) \u0422\u0440\u0435\u043f\u0430\u043a (\u0420\u0443\u0441\u0441\u043a\u0438\u0439 \u0422\u0430\u043d\u0435\u0446)<br \/>\nC3e\t\t12. \u0414\u0438\u0432\u0435\u0440\u0442\u0438\u0441\u043c\u0435\u043d\u0442. \u0434) \u0422\u0430\u043d\u0435\u0446 \u041f\u0430\u0441\u0442\u0443\u0448\u043a\u043e\u0432<br \/>\nC3f\t\t12. \u0414\u0438\u0432\u0435\u0440\u0442\u0438\u0441\u043c\u0435\u043d\u0442. \u0435) \u041c\u0430\u043c\u0430\u0448\u0430 \u0413\u0438\u0433\u043e\u043d\u044c \u0418 \u041f\u0430\u044f\u0446\u044b<br \/>\n2 \u0414\u0435\u0439\u0441\u0442\u0432\u0438\u0435. 3 \u041a\u0430\u0440\u0442\u0438\u043d\u0430<br \/>\nD1\t\t13. \u0412\u0430\u043b\u044c\u0441 \u0426\u0432\u0435\u0442\u043e\u0432<br \/>\nD2\t\t14. \u041f\u0430-\u0414\u0435-\u0414\u0435 (\u0424\u0435\u044f \u0414\u0440\u0430\u0436\u0435 \u0418 \u041f\u0440\u0438\u043d\u0446 \u041e\u0440\u0448\u0430\u0434): \u0412\u0430\u0440\u0438\u0430\u0446\u0438\u044f I (\u0414\u043b\u044f \u0422\u0430\u043d\u0446\u043e\u0432\u0449\u0438\u043a\u0430). \u0412\u0430\u0440\u0438\u0430\u0446\u0438\u044f II (\u0414\u043b\u044f \u0422\u0430\u043d\u0446\u043e\u0432\u0449\u0438\u0446\u044b). \u041a\u043e\u0434\u0430<br \/>\nD3\t\t15. \u0424\u0438\u043d\u0430\u043b\u044c\u043d\u044b\u0439 \u0412\u0430\u043b\u044c\u0441 \u0418 \u0410\u043f\u043e\u0444\u0435\u043e\u0437<\/p>","protected":false},"excerpt":{"rendered":"<p>\u041c\u0435\u043b\u043e\u0434\u0438\u044f \u2013 33 \u0421 0169-72<br \/>\nFormat:<br \/>\n2 x Vinyl, LP, Repress, Stereo<br \/>\nCountry:<br \/>\nUSSR<\/p>","protected":false},"featured_media":30537,"template":"","meta":[],"product_cat":[22],"product_tag":[44],"yoast_head":"<!-- This site is optimized with the Yoast SEO plugin v23.5 - https:\/\/yoast.com\/wordpress\/plugins\/seo\/ -->\n<title>\u041f. \u0427\u0430\u0439\u043a\u043e\u0432\u0441\u043a\u0438\u0439, \u0413\u0435\u043d\u043d\u0430\u0434\u0438\u0439 \u0420\u043e\u0436\u0434\u0435\u0441\u0442\u0432\u0435\u043d\u0441\u043a\u0438\u0439 \u2013 \u0429\u0435\u043b\u043a\u0443\u043d\u0447\u0438\u043a Vinilin\u0117 Plok\u0161tel\u0117 | Vinilozona.lt<\/title>\n<meta name=\"robots\" content=\"index, follow, max-snippet:-1, max-image-preview:large, max-video-preview:-1\" \/>\n<link rel=\"canonical\" href=\"https:\/\/vinilozona.lt\/en\/parduotuve\/classic\/mozart-\u200e-\u0441\u0438\u043c\u0444\u043e\u043d\u0438\u044f-\u2116-40-\u00b7-\u0441\u0438\u043c\u0444\u043e\u043d\u0438\u044f-\u2116-24\/\" \/>\n<meta property=\"og:locale\" content=\"en_GB\" \/>\n<meta property=\"og:type\" content=\"article\" \/>\n<meta property=\"og:title\" content=\"\u041f. \u0427\u0430\u0439\u043a\u043e\u0432\u0441\u043a\u0438\u0439, \u0413\u0435\u043d\u043d\u0430\u0434\u0438\u0439 \u0420\u043e\u0436\u0434\u0435\u0441\u0442\u0432\u0435\u043d\u0441\u043a\u0438\u0439 \u2013 \u0429\u0435\u043b\u043a\u0443\u043d\u0447\u0438\u043a Vinilin\u0117 Plok\u0161tel\u0117 | Vinilozona.lt\" \/>\n<meta property=\"og:description\" content=\"\u041c\u0435\u043b\u043e\u0434\u0438\u044f \u2013 33 \u0421 0169-72 Format: 2 x Vinyl, LP, Repress, Stereo Country: USSR\" \/>\n<meta property=\"og:url\" content=\"https:\/\/vinilozona.lt\/en\/parduotuve\/classic\/mozart-\u200e-\u0441\u0438\u043c\u0444\u043e\u043d\u0438\u044f-\u2116-40-\u00b7-\u0441\u0438\u043c\u0444\u043e\u043d\u0438\u044f-\u2116-24\/\" \/>\n<meta property=\"og:site_name\" content=\"Vinilo Zona\" \/>\n<meta property=\"article:modified_time\" content=\"2026-02-26T06:19:36+00:00\" \/>\n<meta property=\"og:image\" content=\"https:\/\/vinilozona.lt\/wp-content\/uploads\/2020\/10\/R-12644285-1539210387-9567.jpg\" \/>\n\t<meta property=\"og:image:width\" content=\"591\" \/>\n\t<meta property=\"og:image:height\" content=\"600\" \/>\n\t<meta property=\"og:image:type\" content=\"image\/jpeg\" \/>\n<meta name=\"twitter:card\" content=\"summary_large_image\" \/>\n<meta name=\"twitter:label1\" content=\"Estimated reading time\" \/>\n\t<meta name=\"twitter:data1\" content=\"1 minute\" \/>\n<script type=\"application\/ld+json\" class=\"yoast-schema-graph\">{\"@context\":\"https:\/\/schema.org\",\"@graph\":[{\"@type\":\"WebPage\",\"@id\":\"https:\/\/vinilozona.lt\/parduotuve\/classic\/mozart-%e2%80%8e-%d1%81%d0%b8%d0%bc%d1%84%d0%be%d0%bd%d0%b8%d1%8f-%e2%84%96-40-%c2%b7-%d1%81%d0%b8%d0%bc%d1%84%d0%be%d0%bd%d0%b8%d1%8f-%e2%84%96-24\/\",\"url\":\"https:\/\/vinilozona.lt\/parduotuve\/classic\/mozart-%e2%80%8e-%d1%81%d0%b8%d0%bc%d1%84%d0%be%d0%bd%d0%b8%d1%8f-%e2%84%96-40-%c2%b7-%d1%81%d0%b8%d0%bc%d1%84%d0%be%d0%bd%d0%b8%d1%8f-%e2%84%96-24\/\",\"name\":\"\u041f. \u0427\u0430\u0439\u043a\u043e\u0432\u0441\u043a\u0438\u0439, \u0413\u0435\u043d\u043d\u0430\u0434\u0438\u0439 \u0420\u043e\u0436\u0434\u0435\u0441\u0442\u0432\u0435\u043d\u0441\u043a\u0438\u0439 \u2013 \u0429\u0435\u043b\u043a\u0443\u043d\u0447\u0438\u043a Vinilin\u0117 Plok\u0161tel\u0117 | Vinilozona.lt\",\"isPartOf\":{\"@id\":\"https:\/\/vinilozona.lt\/#website\"},\"primaryImageOfPage\":{\"@id\":\"https:\/\/vinilozona.lt\/parduotuve\/classic\/mozart-%e2%80%8e-%d1%81%d0%b8%d0%bc%d1%84%d0%be%d0%bd%d0%b8%d1%8f-%e2%84%96-40-%c2%b7-%d1%81%d0%b8%d0%bc%d1%84%d0%be%d0%bd%d0%b8%d1%8f-%e2%84%96-24\/#primaryimage\"},\"image\":{\"@id\":\"https:\/\/vinilozona.lt\/parduotuve\/classic\/mozart-%e2%80%8e-%d1%81%d0%b8%d0%bc%d1%84%d0%be%d0%bd%d0%b8%d1%8f-%e2%84%96-40-%c2%b7-%d1%81%d0%b8%d0%bc%d1%84%d0%be%d0%bd%d0%b8%d1%8f-%e2%84%96-24\/#primaryimage\"},\"thumbnailUrl\":\"https:\/\/vinilozona.lt\/wp-content\/uploads\/2020\/10\/R-12644285-1539210387-9567.jpg\",\"datePublished\":\"2026-02-26T03:10:21+00:00\",\"dateModified\":\"2026-02-26T06:19:36+00:00\",\"breadcrumb\":{\"@id\":\"https:\/\/vinilozona.lt\/parduotuve\/classic\/mozart-%e2%80%8e-%d1%81%d0%b8%d0%bc%d1%84%d0%be%d0%bd%d0%b8%d1%8f-%e2%84%96-40-%c2%b7-%d1%81%d0%b8%d0%bc%d1%84%d0%be%d0%bd%d0%b8%d1%8f-%e2%84%96-24\/#breadcrumb\"},\"inLanguage\":\"en-GB\",\"potentialAction\":[{\"@type\":\"ReadAction\",\"target\":[\"https:\/\/vinilozona.lt\/parduotuve\/classic\/mozart-%e2%80%8e-%d1%81%d0%b8%d0%bc%d1%84%d0%be%d0%bd%d0%b8%d1%8f-%e2%84%96-40-%c2%b7-%d1%81%d0%b8%d0%bc%d1%84%d0%be%d0%bd%d0%b8%d1%8f-%e2%84%96-24\/\"]}]},{\"@type\":\"ImageObject\",\"inLanguage\":\"en-GB\",\"@id\":\"https:\/\/vinilozona.lt\/parduotuve\/classic\/mozart-%e2%80%8e-%d1%81%d0%b8%d0%bc%d1%84%d0%be%d0%bd%d0%b8%d1%8f-%e2%84%96-40-%c2%b7-%d1%81%d0%b8%d0%bc%d1%84%d0%be%d0%bd%d0%b8%d1%8f-%e2%84%96-24\/#primaryimage\",\"url\":\"https:\/\/vinilozona.lt\/wp-content\/uploads\/2020\/10\/R-12644285-1539210387-9567.jpg\",\"contentUrl\":\"https:\/\/vinilozona.lt\/wp-content\/uploads\/2020\/10\/R-12644285-1539210387-9567.jpg\",\"width\":591,\"height\":600},{\"@type\":\"BreadcrumbList\",\"@id\":\"https:\/\/vinilozona.lt\/parduotuve\/classic\/mozart-%e2%80%8e-%d1%81%d0%b8%d0%bc%d1%84%d0%be%d0%bd%d0%b8%d1%8f-%e2%84%96-40-%c2%b7-%d1%81%d0%b8%d0%bc%d1%84%d0%be%d0%bd%d0%b8%d1%8f-%e2%84%96-24\/#breadcrumb\",\"itemListElement\":[{\"@type\":\"ListItem\",\"position\":1,\"name\":\"Home\",\"item\":\"https:\/\/vinilozona.lt\/\"},{\"@type\":\"ListItem\",\"position\":2,\"name\":\"Parduotuv\u0117\",\"item\":\"https:\/\/vinilozona.lt\/parduotuve\/\"},{\"@type\":\"ListItem\",\"position\":3,\"name\":\"\u041f. \u0427\u0430\u0439\u043a\u043e\u0432\u0441\u043a\u0438\u0439, \u0413\u0435\u043d\u043d\u0430\u0434\u0438\u0439 \u0420\u043e\u0436\u0434\u0435\u0441\u0442\u0432\u0435\u043d\u0441\u043a\u0438\u0439 \u2013 \u0429\u0435\u043b\u043a\u0443\u043d\u0447\u0438\u043a\"}]},{\"@type\":\"WebSite\",\"@id\":\"https:\/\/vinilozona.lt\/#website\",\"url\":\"https:\/\/vinilozona.lt\/\",\"name\":\"Vinilo Zona\",\"description\":\"Nup\u016bsk dulkes ir klausyk LP\",\"potentialAction\":[{\"@type\":\"SearchAction\",\"target\":{\"@type\":\"EntryPoint\",\"urlTemplate\":\"https:\/\/vinilozona.lt\/?s={search_term_string}\"},\"query-input\":{\"@type\":\"PropertyValueSpecification\",\"valueRequired\":true,\"valueName\":\"search_term_string\"}}],\"inLanguage\":\"en-GB\"}]}<\/script>\n<!-- \/ Yoast SEO plugin. -->","yoast_head_json":{"title":"\u041f. \u0427\u0430\u0439\u043a\u043e\u0432\u0441\u043a\u0438\u0439, \u0413\u0435\u043d\u043d\u0430\u0434\u0438\u0439 \u0420\u043e\u0436\u0434\u0435\u0441\u0442\u0432\u0435\u043d\u0441\u043a\u0438\u0439 \u2013 \u0429\u0435\u043b\u043a\u0443\u043d\u0447\u0438\u043a Vinilin\u0117 Plok\u0161tel\u0117 | Vinilozona.lt","robots":{"index":"index","follow":"follow","max-snippet":"max-snippet:-1","max-image-preview":"max-image-preview:large","max-video-preview":"max-video-preview:-1"},"canonical":"https:\/\/vinilozona.lt\/en\/parduotuve\/classic\/mozart-\u200e-\u0441\u0438\u043c\u0444\u043e\u043d\u0438\u044f-\u2116-40-\u00b7-\u0441\u0438\u043c\u0444\u043e\u043d\u0438\u044f-\u2116-24\/","og_locale":"en_GB","og_type":"article","og_title":"\u041f. \u0427\u0430\u0439\u043a\u043e\u0432\u0441\u043a\u0438\u0439, \u0413\u0435\u043d\u043d\u0430\u0434\u0438\u0439 \u0420\u043e\u0436\u0434\u0435\u0441\u0442\u0432\u0435\u043d\u0441\u043a\u0438\u0439 \u2013 \u0429\u0435\u043b\u043a\u0443\u043d\u0447\u0438\u043a Vinilin\u0117 Plok\u0161tel\u0117 | Vinilozona.lt","og_description":"\u041c\u0435\u043b\u043e\u0434\u0438\u044f \u2013 33 \u0421 0169-72 Format: 2 x Vinyl, LP, Repress, Stereo Country: USSR","og_url":"https:\/\/vinilozona.lt\/en\/parduotuve\/classic\/mozart-\u200e-\u0441\u0438\u043c\u0444\u043e\u043d\u0438\u044f-\u2116-40-\u00b7-\u0441\u0438\u043c\u0444\u043e\u043d\u0438\u044f-\u2116-24\/","og_site_name":"Vinilo Zona","article_modified_time":"2026-02-26T06:19:36+00:00","og_image":[{"width":591,"height":600,"url":"https:\/\/vinilozona.lt\/wp-content\/uploads\/2020\/10\/R-12644285-1539210387-9567.jpg","type":"image\/jpeg"}],"twitter_card":"summary_large_image","twitter_misc":{"Estimated reading time":"1 minute"},"schema":{"@context":"https:\/\/schema.org","@graph":[{"@type":"WebPage","@id":"https:\/\/vinilozona.lt\/parduotuve\/classic\/mozart-%e2%80%8e-%d1%81%d0%b8%d0%bc%d1%84%d0%be%d0%bd%d0%b8%d1%8f-%e2%84%96-40-%c2%b7-%d1%81%d0%b8%d0%bc%d1%84%d0%be%d0%bd%d0%b8%d1%8f-%e2%84%96-24\/","url":"https:\/\/vinilozona.lt\/parduotuve\/classic\/mozart-%e2%80%8e-%d1%81%d0%b8%d0%bc%d1%84%d0%be%d0%bd%d0%b8%d1%8f-%e2%84%96-40-%c2%b7-%d1%81%d0%b8%d0%bc%d1%84%d0%be%d0%bd%d0%b8%d1%8f-%e2%84%96-24\/","name":"\u041f. \u0427\u0430\u0439\u043a\u043e\u0432\u0441\u043a\u0438\u0439, \u0413\u0435\u043d\u043d\u0430\u0434\u0438\u0439 \u0420\u043e\u0436\u0434\u0435\u0441\u0442\u0432\u0435\u043d\u0441\u043a\u0438\u0439 \u2013 \u0429\u0435\u043b\u043a\u0443\u043d\u0447\u0438\u043a Vinilin\u0117 Plok\u0161tel\u0117 | Vinilozona.lt","isPartOf":{"@id":"https:\/\/vinilozona.lt\/#website"},"primaryImageOfPage":{"@id":"https:\/\/vinilozona.lt\/parduotuve\/classic\/mozart-%e2%80%8e-%d1%81%d0%b8%d0%bc%d1%84%d0%be%d0%bd%d0%b8%d1%8f-%e2%84%96-40-%c2%b7-%d1%81%d0%b8%d0%bc%d1%84%d0%be%d0%bd%d0%b8%d1%8f-%e2%84%96-24\/#primaryimage"},"image":{"@id":"https:\/\/vinilozona.lt\/parduotuve\/classic\/mozart-%e2%80%8e-%d1%81%d0%b8%d0%bc%d1%84%d0%be%d0%bd%d0%b8%d1%8f-%e2%84%96-40-%c2%b7-%d1%81%d0%b8%d0%bc%d1%84%d0%be%d0%bd%d0%b8%d1%8f-%e2%84%96-24\/#primaryimage"},"thumbnailUrl":"https:\/\/vinilozona.lt\/wp-content\/uploads\/2020\/10\/R-12644285-1539210387-9567.jpg","datePublished":"2026-02-26T03:10:21+00:00","dateModified":"2026-02-26T06:19:36+00:00","breadcrumb":{"@id":"https:\/\/vinilozona.lt\/parduotuve\/classic\/mozart-%e2%80%8e-%d1%81%d0%b8%d0%bc%d1%84%d0%be%d0%bd%d0%b8%d1%8f-%e2%84%96-40-%c2%b7-%d1%81%d0%b8%d0%bc%d1%84%d0%be%d0%bd%d0%b8%d1%8f-%e2%84%96-24\/#breadcrumb"},"inLanguage":"en-GB","potentialAction":[{"@type":"ReadAction","target":["https:\/\/vinilozona.lt\/parduotuve\/classic\/mozart-%e2%80%8e-%d1%81%d0%b8%d0%bc%d1%84%d0%be%d0%bd%d0%b8%d1%8f-%e2%84%96-40-%c2%b7-%d1%81%d0%b8%d0%bc%d1%84%d0%be%d0%bd%d0%b8%d1%8f-%e2%84%96-24\/"]}]},{"@type":"ImageObject","inLanguage":"en-GB","@id":"https:\/\/vinilozona.lt\/parduotuve\/classic\/mozart-%e2%80%8e-%d1%81%d0%b8%d0%bc%d1%84%d0%be%d0%bd%d0%b8%d1%8f-%e2%84%96-40-%c2%b7-%d1%81%d0%b8%d0%bc%d1%84%d0%be%d0%bd%d0%b8%d1%8f-%e2%84%96-24\/#primaryimage","url":"https:\/\/vinilozona.lt\/wp-content\/uploads\/2020\/10\/R-12644285-1539210387-9567.jpg","contentUrl":"https:\/\/vinilozona.lt\/wp-content\/uploads\/2020\/10\/R-12644285-1539210387-9567.jpg","width":591,"height":600},{"@type":"BreadcrumbList","@id":"https:\/\/vinilozona.lt\/parduotuve\/classic\/mozart-%e2%80%8e-%d1%81%d0%b8%d0%bc%d1%84%d0%be%d0%bd%d0%b8%d1%8f-%e2%84%96-40-%c2%b7-%d1%81%d0%b8%d0%bc%d1%84%d0%be%d0%bd%d0%b8%d1%8f-%e2%84%96-24\/#breadcrumb","itemListElement":[{"@type":"ListItem","position":1,"name":"Home","item":"https:\/\/vinilozona.lt\/"},{"@type":"ListItem","position":2,"name":"Parduotuv\u0117","item":"https:\/\/vinilozona.lt\/parduotuve\/"},{"@type":"ListItem","position":3,"name":"\u041f. \u0427\u0430\u0439\u043a\u043e\u0432\u0441\u043a\u0438\u0439, \u0413\u0435\u043d\u043d\u0430\u0434\u0438\u0439 \u0420\u043e\u0436\u0434\u0435\u0441\u0442\u0432\u0435\u043d\u0441\u043a\u0438\u0439 \u2013 \u0429\u0435\u043b\u043a\u0443\u043d\u0447\u0438\u043a"}]},{"@type":"WebSite","@id":"https:\/\/vinilozona.lt\/#website","url":"https:\/\/vinilozona.lt\/","name":"Vinilo Zona","description":"Nup\u016bsk dulkes ir klausyk LP","potentialAction":[{"@type":"SearchAction","target":{"@type":"EntryPoint","urlTemplate":"https:\/\/vinilozona.lt\/?s={search_term_string}"},"query-input":{"@type":"PropertyValueSpecification","valueRequired":true,"valueName":"search_term_string"}}],"inLanguage":"en-GB"}]}},"_links":{"self":[{"href":"https:\/\/vinilozona.lt\/en\/wp-json\/wp\/v2\/product\/12267"}],"collection":[{"href":"https:\/\/vinilozona.lt\/en\/wp-json\/wp\/v2\/product"}],"about":[{"href":"https:\/\/vinilozona.lt\/en\/wp-json\/wp\/v2\/types\/product"}],"wp:featuredmedia":[{"embeddable":true,"href":"https:\/\/vinilozona.lt\/en\/wp-json\/wp\/v2\/media\/30537"}],"wp:attachment":[{"href":"https:\/\/vinilozona.lt\/en\/wp-json\/wp\/v2\/media?parent=12267"}],"wp:term":[{"taxonomy":"product_cat","embeddable":true,"href":"https:\/\/vinilozona.lt\/en\/wp-json\/wp\/v2\/product_cat?post=12267"},{"taxonomy":"product_tag","embeddable":true,"href":"https:\/\/vinilozona.lt\/en\/wp-json\/wp\/v2\/product_tag?post=12267"}],"curies":[{"name":"wp","href":"https:\/\/api.w.org\/{rel}","templated":true}]}}