{"id":12262,"date":"2025-10-25T19:05:34","date_gmt":"2025-10-25T16:05:34","guid":{"rendered":"https:\/\/vinilozona.lt\/?post_type=product&#038;p=12262"},"modified":"2026-02-26T07:49:15","modified_gmt":"2026-02-26T05:49:15","slug":"%d0%bb-%d0%b1%d0%b5%d1%82%d1%85%d0%be%d0%b2%d0%b5%d0%bd-%d0%b4%d0%b8%d1%80%d0%b8%d0%b6%d0%b8%d1%80%d1%83%d0%b5%d1%82-%d0%b5%d0%b2%d0%b3%d0%b5%d0%bd%d0%b8%d0%b9-%d1%81%d0%b2%d0%b5%d1%82%d0%bb%d0%b0","status":"publish","type":"product","link":"https:\/\/vinilozona.lt\/en\/parduotuve\/classic\/%d0%bb-%d0%b1%d0%b5%d1%82%d1%85%d0%be%d0%b2%d0%b5%d0%bd-%d0%b4%d0%b8%d1%80%d0%b8%d0%b6%d0%b8%d1%80%d1%83%d0%b5%d1%82-%d0%b5%d0%b2%d0%b3%d0%b5%d0%bd%d0%b8%d0%b9-%d1%81%d0%b2%d0%b5%d1%82%d0%bb%d0%b0\/","title":{"rendered":"\u041c\u043e\u0441\u043a\u043e\u0432\u0441\u043a\u0438\u0439 \u041a\u0430\u043c\u0435\u0440\u043d\u044b\u0439 \u041e\u0440\u043a\u0435\u0441\u0442\u0440, \u0434\u0438\u0440\u0438\u0436\u0435\u0440 &#8211; \u0420. \u0411\u0430\u0440\u0448\u0430\u0439* \u2013 \u0412.\u0410. \u041c\u043e\u0446\u0430\u0440\u0442 &#8211; \u0421\u0438\u043c\u0444\u043e\u043d\u0438\u044f \u2116 22 \u0414\u043e \u041c\u0430\u0436\u043e\u0440, \u041a.162; \u0421\u0438\u043c\u0444\u043e\u043d\u0438\u044f \u2116 25 \u0421\u043e\u043b\u044c \u041c\u0438\u043d\u043e\u0440, \u041a.183"},"content":{"rendered":"<p>A1\t\t\u0421\u0438\u043c\u0444\u043e\u043d\u0438\u044f \u2116 22 \u0414\u043e \u041c\u0430\u0436\u043e\u0440, \u041a.162<br \/>\nA2\t\t\u0421\u0438\u043c\u0444\u043e\u043d\u0438\u044f \u2116 25 \u0421\u043e\u043b\u044c \u041c\u0438\u043d\u043e\u0440, \u041a.183<br \/>\nB1\t\t\u0421\u0438\u043c\u0444\u043e\u043d\u0438\u044f \u2116 25 \u0421\u043e\u043b\u044c \u041c\u0438\u043d\u043e\u0440, \u041a.183<\/p>","protected":false},"excerpt":{"rendered":"<p> &#8222;\u041c\u0435\u043b\u043e\u0434\u0438\u044f&#8221; \u2013 C 01269-001<br \/>\nFormat:<br \/>\nVinyl, LP, Stereo<br \/>\nCountry:<br \/>\nUSSR<\/p>","protected":false},"featured_media":0,"template":"","meta":[],"product_cat":[22],"product_tag":[44],"yoast_head":"<!-- This site is optimized with the Yoast SEO plugin v23.5 - https:\/\/yoast.com\/wordpress\/plugins\/seo\/ -->\n<title>\u041c\u043e\u0441\u043a\u043e\u0432\u0441\u043a\u0438\u0439 \u041a\u0430\u043c\u0435\u0440\u043d\u044b\u0439 \u041e\u0440\u043a\u0435\u0441\u0442\u0440, \u0434\u0438\u0440\u0438\u0436\u0435\u0440 - \u0420. \u0411\u0430\u0440\u0448\u0430\u0439* \u2013 \u0412.\u0410. \u041c\u043e\u0446\u0430\u0440\u0442 - \u0421\u0438\u043c\u0444\u043e\u043d\u0438\u044f \u2116 22 \u0414\u043e \u041c\u0430\u0436\u043e\u0440, \u041a.162; \u0421\u0438\u043c\u0444\u043e\u043d\u0438\u044f \u2116 25 \u0421\u043e\u043b\u044c \u041c\u0438\u043d\u043e\u0440, \u041a.183 Vinilin\u0117 Plok\u0161tel\u0117 | Vinilozona.lt<\/title>\n<meta name=\"robots\" content=\"index, follow, max-snippet:-1, max-image-preview:large, max-video-preview:-1\" \/>\n<link rel=\"canonical\" href=\"https:\/\/vinilozona.lt\/en\/parduotuve\/classic\/\u043b-\u0431\u0435\u0442\u0445\u043e\u0432\u0435\u043d-\u0434\u0438\u0440\u0438\u0436\u0438\u0440\u0443\u0435\u0442-\u0435\u0432\u0433\u0435\u043d\u0438\u0439-\u0441\u0432\u0435\u0442\u043b\u0430\/\" \/>\n<meta property=\"og:locale\" content=\"en_GB\" \/>\n<meta property=\"og:type\" content=\"article\" \/>\n<meta property=\"og:title\" content=\"\u041c\u043e\u0441\u043a\u043e\u0432\u0441\u043a\u0438\u0439 \u041a\u0430\u043c\u0435\u0440\u043d\u044b\u0439 \u041e\u0440\u043a\u0435\u0441\u0442\u0440, \u0434\u0438\u0440\u0438\u0436\u0435\u0440 - \u0420. \u0411\u0430\u0440\u0448\u0430\u0439* \u2013 \u0412.\u0410. \u041c\u043e\u0446\u0430\u0440\u0442 - \u0421\u0438\u043c\u0444\u043e\u043d\u0438\u044f \u2116 22 \u0414\u043e \u041c\u0430\u0436\u043e\u0440, \u041a.162; \u0421\u0438\u043c\u0444\u043e\u043d\u0438\u044f \u2116 25 \u0421\u043e\u043b\u044c \u041c\u0438\u043d\u043e\u0440, \u041a.183 Vinilin\u0117 Plok\u0161tel\u0117 | Vinilozona.lt\" \/>\n<meta property=\"og:description\" content=\"&quot;\u041c\u0435\u043b\u043e\u0434\u0438\u044f&quot; \u2013 C 01269-001 Format: Vinyl, LP, Stereo Country: USSR\" \/>\n<meta property=\"og:url\" content=\"https:\/\/vinilozona.lt\/en\/parduotuve\/classic\/\u043b-\u0431\u0435\u0442\u0445\u043e\u0432\u0435\u043d-\u0434\u0438\u0440\u0438\u0436\u0438\u0440\u0443\u0435\u0442-\u0435\u0432\u0433\u0435\u043d\u0438\u0439-\u0441\u0432\u0435\u0442\u043b\u0430\/\" \/>\n<meta property=\"og:site_name\" content=\"Vinilo Zona\" \/>\n<meta property=\"article:modified_time\" content=\"2026-02-26T05:49:15+00:00\" \/>\n<meta name=\"twitter:card\" content=\"summary_large_image\" \/>\n<meta name=\"twitter:label1\" content=\"Estimated reading time\" \/>\n\t<meta name=\"twitter:data1\" content=\"1 minute\" \/>\n<script type=\"application\/ld+json\" class=\"yoast-schema-graph\">{\"@context\":\"https:\/\/schema.org\",\"@graph\":[{\"@type\":\"WebPage\",\"@id\":\"https:\/\/vinilozona.lt\/parduotuve\/classic\/%d0%bb-%d0%b1%d0%b5%d1%82%d1%85%d0%be%d0%b2%d0%b5%d0%bd-%d0%b4%d0%b8%d1%80%d0%b8%d0%b6%d0%b8%d1%80%d1%83%d0%b5%d1%82-%d0%b5%d0%b2%d0%b3%d0%b5%d0%bd%d0%b8%d0%b9-%d1%81%d0%b2%d0%b5%d1%82%d0%bb%d0%b0\/\",\"url\":\"https:\/\/vinilozona.lt\/parduotuve\/classic\/%d0%bb-%d0%b1%d0%b5%d1%82%d1%85%d0%be%d0%b2%d0%b5%d0%bd-%d0%b4%d0%b8%d1%80%d0%b8%d0%b6%d0%b8%d1%80%d1%83%d0%b5%d1%82-%d0%b5%d0%b2%d0%b3%d0%b5%d0%bd%d0%b8%d0%b9-%d1%81%d0%b2%d0%b5%d1%82%d0%bb%d0%b0\/\",\"name\":\"\u041c\u043e\u0441\u043a\u043e\u0432\u0441\u043a\u0438\u0439 \u041a\u0430\u043c\u0435\u0440\u043d\u044b\u0439 \u041e\u0440\u043a\u0435\u0441\u0442\u0440, \u0434\u0438\u0440\u0438\u0436\u0435\u0440 - \u0420. \u0411\u0430\u0440\u0448\u0430\u0439* \u2013 \u0412.\u0410. \u041c\u043e\u0446\u0430\u0440\u0442 - \u0421\u0438\u043c\u0444\u043e\u043d\u0438\u044f \u2116 22 \u0414\u043e \u041c\u0430\u0436\u043e\u0440, \u041a.162; \u0421\u0438\u043c\u0444\u043e\u043d\u0438\u044f \u2116 25 \u0421\u043e\u043b\u044c \u041c\u0438\u043d\u043e\u0440, \u041a.183 Vinilin\u0117 Plok\u0161tel\u0117 | Vinilozona.lt\",\"isPartOf\":{\"@id\":\"https:\/\/vinilozona.lt\/#website\"},\"datePublished\":\"2025-10-25T16:05:34+00:00\",\"dateModified\":\"2026-02-26T05:49:15+00:00\",\"breadcrumb\":{\"@id\":\"https:\/\/vinilozona.lt\/parduotuve\/classic\/%d0%bb-%d0%b1%d0%b5%d1%82%d1%85%d0%be%d0%b2%d0%b5%d0%bd-%d0%b4%d0%b8%d1%80%d0%b8%d0%b6%d0%b8%d1%80%d1%83%d0%b5%d1%82-%d0%b5%d0%b2%d0%b3%d0%b5%d0%bd%d0%b8%d0%b9-%d1%81%d0%b2%d0%b5%d1%82%d0%bb%d0%b0\/#breadcrumb\"},\"inLanguage\":\"en-GB\",\"potentialAction\":[{\"@type\":\"ReadAction\",\"target\":[\"https:\/\/vinilozona.lt\/parduotuve\/classic\/%d0%bb-%d0%b1%d0%b5%d1%82%d1%85%d0%be%d0%b2%d0%b5%d0%bd-%d0%b4%d0%b8%d1%80%d0%b8%d0%b6%d0%b8%d1%80%d1%83%d0%b5%d1%82-%d0%b5%d0%b2%d0%b3%d0%b5%d0%bd%d0%b8%d0%b9-%d1%81%d0%b2%d0%b5%d1%82%d0%bb%d0%b0\/\"]}]},{\"@type\":\"BreadcrumbList\",\"@id\":\"https:\/\/vinilozona.lt\/parduotuve\/classic\/%d0%bb-%d0%b1%d0%b5%d1%82%d1%85%d0%be%d0%b2%d0%b5%d0%bd-%d0%b4%d0%b8%d1%80%d0%b8%d0%b6%d0%b8%d1%80%d1%83%d0%b5%d1%82-%d0%b5%d0%b2%d0%b3%d0%b5%d0%bd%d0%b8%d0%b9-%d1%81%d0%b2%d0%b5%d1%82%d0%bb%d0%b0\/#breadcrumb\",\"itemListElement\":[{\"@type\":\"ListItem\",\"position\":1,\"name\":\"Home\",\"item\":\"https:\/\/vinilozona.lt\/\"},{\"@type\":\"ListItem\",\"position\":2,\"name\":\"Parduotuv\u0117\",\"item\":\"https:\/\/vinilozona.lt\/parduotuve\/\"},{\"@type\":\"ListItem\",\"position\":3,\"name\":\"\u041c\u043e\u0441\u043a\u043e\u0432\u0441\u043a\u0438\u0439 \u041a\u0430\u043c\u0435\u0440\u043d\u044b\u0439 \u041e\u0440\u043a\u0435\u0441\u0442\u0440, \u0434\u0438\u0440\u0438\u0436\u0435\u0440 &#8211; \u0420. \u0411\u0430\u0440\u0448\u0430\u0439* \u2013 \u0412.\u0410. \u041c\u043e\u0446\u0430\u0440\u0442 &#8211; \u0421\u0438\u043c\u0444\u043e\u043d\u0438\u044f \u2116 22 \u0414\u043e \u041c\u0430\u0436\u043e\u0440, \u041a.162; \u0421\u0438\u043c\u0444\u043e\u043d\u0438\u044f \u2116 25 \u0421\u043e\u043b\u044c \u041c\u0438\u043d\u043e\u0440, \u041a.183\"}]},{\"@type\":\"WebSite\",\"@id\":\"https:\/\/vinilozona.lt\/#website\",\"url\":\"https:\/\/vinilozona.lt\/\",\"name\":\"Vinilo Zona\",\"description\":\"Nup\u016bsk dulkes ir klausyk LP\",\"potentialAction\":[{\"@type\":\"SearchAction\",\"target\":{\"@type\":\"EntryPoint\",\"urlTemplate\":\"https:\/\/vinilozona.lt\/?s={search_term_string}\"},\"query-input\":{\"@type\":\"PropertyValueSpecification\",\"valueRequired\":true,\"valueName\":\"search_term_string\"}}],\"inLanguage\":\"en-GB\"}]}<\/script>\n<!-- \/ Yoast SEO plugin. -->","yoast_head_json":{"title":"\u041c\u043e\u0441\u043a\u043e\u0432\u0441\u043a\u0438\u0439 \u041a\u0430\u043c\u0435\u0440\u043d\u044b\u0439 \u041e\u0440\u043a\u0435\u0441\u0442\u0440, \u0434\u0438\u0440\u0438\u0436\u0435\u0440 - \u0420. \u0411\u0430\u0440\u0448\u0430\u0439* \u2013 \u0412.\u0410. \u041c\u043e\u0446\u0430\u0440\u0442 - \u0421\u0438\u043c\u0444\u043e\u043d\u0438\u044f \u2116 22 \u0414\u043e \u041c\u0430\u0436\u043e\u0440, \u041a.162; \u0421\u0438\u043c\u0444\u043e\u043d\u0438\u044f \u2116 25 \u0421\u043e\u043b\u044c \u041c\u0438\u043d\u043e\u0440, \u041a.183 Vinilin\u0117 Plok\u0161tel\u0117 | Vinilozona.lt","robots":{"index":"index","follow":"follow","max-snippet":"max-snippet:-1","max-image-preview":"max-image-preview:large","max-video-preview":"max-video-preview:-1"},"canonical":"https:\/\/vinilozona.lt\/en\/parduotuve\/classic\/\u043b-\u0431\u0435\u0442\u0445\u043e\u0432\u0435\u043d-\u0434\u0438\u0440\u0438\u0436\u0438\u0440\u0443\u0435\u0442-\u0435\u0432\u0433\u0435\u043d\u0438\u0439-\u0441\u0432\u0435\u0442\u043b\u0430\/","og_locale":"en_GB","og_type":"article","og_title":"\u041c\u043e\u0441\u043a\u043e\u0432\u0441\u043a\u0438\u0439 \u041a\u0430\u043c\u0435\u0440\u043d\u044b\u0439 \u041e\u0440\u043a\u0435\u0441\u0442\u0440, \u0434\u0438\u0440\u0438\u0436\u0435\u0440 - \u0420. \u0411\u0430\u0440\u0448\u0430\u0439* \u2013 \u0412.\u0410. \u041c\u043e\u0446\u0430\u0440\u0442 - \u0421\u0438\u043c\u0444\u043e\u043d\u0438\u044f \u2116 22 \u0414\u043e \u041c\u0430\u0436\u043e\u0440, \u041a.162; \u0421\u0438\u043c\u0444\u043e\u043d\u0438\u044f \u2116 25 \u0421\u043e\u043b\u044c \u041c\u0438\u043d\u043e\u0440, \u041a.183 Vinilin\u0117 Plok\u0161tel\u0117 | Vinilozona.lt","og_description":"\"\u041c\u0435\u043b\u043e\u0434\u0438\u044f\" \u2013 C 01269-001 Format: Vinyl, LP, Stereo Country: USSR","og_url":"https:\/\/vinilozona.lt\/en\/parduotuve\/classic\/\u043b-\u0431\u0435\u0442\u0445\u043e\u0432\u0435\u043d-\u0434\u0438\u0440\u0438\u0436\u0438\u0440\u0443\u0435\u0442-\u0435\u0432\u0433\u0435\u043d\u0438\u0439-\u0441\u0432\u0435\u0442\u043b\u0430\/","og_site_name":"Vinilo Zona","article_modified_time":"2026-02-26T05:49:15+00:00","twitter_card":"summary_large_image","twitter_misc":{"Estimated reading time":"1 minute"},"schema":{"@context":"https:\/\/schema.org","@graph":[{"@type":"WebPage","@id":"https:\/\/vinilozona.lt\/parduotuve\/classic\/%d0%bb-%d0%b1%d0%b5%d1%82%d1%85%d0%be%d0%b2%d0%b5%d0%bd-%d0%b4%d0%b8%d1%80%d0%b8%d0%b6%d0%b8%d1%80%d1%83%d0%b5%d1%82-%d0%b5%d0%b2%d0%b3%d0%b5%d0%bd%d0%b8%d0%b9-%d1%81%d0%b2%d0%b5%d1%82%d0%bb%d0%b0\/","url":"https:\/\/vinilozona.lt\/parduotuve\/classic\/%d0%bb-%d0%b1%d0%b5%d1%82%d1%85%d0%be%d0%b2%d0%b5%d0%bd-%d0%b4%d0%b8%d1%80%d0%b8%d0%b6%d0%b8%d1%80%d1%83%d0%b5%d1%82-%d0%b5%d0%b2%d0%b3%d0%b5%d0%bd%d0%b8%d0%b9-%d1%81%d0%b2%d0%b5%d1%82%d0%bb%d0%b0\/","name":"\u041c\u043e\u0441\u043a\u043e\u0432\u0441\u043a\u0438\u0439 \u041a\u0430\u043c\u0435\u0440\u043d\u044b\u0439 \u041e\u0440\u043a\u0435\u0441\u0442\u0440, \u0434\u0438\u0440\u0438\u0436\u0435\u0440 - \u0420. \u0411\u0430\u0440\u0448\u0430\u0439* \u2013 \u0412.\u0410. \u041c\u043e\u0446\u0430\u0440\u0442 - \u0421\u0438\u043c\u0444\u043e\u043d\u0438\u044f \u2116 22 \u0414\u043e \u041c\u0430\u0436\u043e\u0440, \u041a.162; \u0421\u0438\u043c\u0444\u043e\u043d\u0438\u044f \u2116 25 \u0421\u043e\u043b\u044c \u041c\u0438\u043d\u043e\u0440, \u041a.183 Vinilin\u0117 Plok\u0161tel\u0117 | Vinilozona.lt","isPartOf":{"@id":"https:\/\/vinilozona.lt\/#website"},"datePublished":"2025-10-25T16:05:34+00:00","dateModified":"2026-02-26T05:49:15+00:00","breadcrumb":{"@id":"https:\/\/vinilozona.lt\/parduotuve\/classic\/%d0%bb-%d0%b1%d0%b5%d1%82%d1%85%d0%be%d0%b2%d0%b5%d0%bd-%d0%b4%d0%b8%d1%80%d0%b8%d0%b6%d0%b8%d1%80%d1%83%d0%b5%d1%82-%d0%b5%d0%b2%d0%b3%d0%b5%d0%bd%d0%b8%d0%b9-%d1%81%d0%b2%d0%b5%d1%82%d0%bb%d0%b0\/#breadcrumb"},"inLanguage":"en-GB","potentialAction":[{"@type":"ReadAction","target":["https:\/\/vinilozona.lt\/parduotuve\/classic\/%d0%bb-%d0%b1%d0%b5%d1%82%d1%85%d0%be%d0%b2%d0%b5%d0%bd-%d0%b4%d0%b8%d1%80%d0%b8%d0%b6%d0%b8%d1%80%d1%83%d0%b5%d1%82-%d0%b5%d0%b2%d0%b3%d0%b5%d0%bd%d0%b8%d0%b9-%d1%81%d0%b2%d0%b5%d1%82%d0%bb%d0%b0\/"]}]},{"@type":"BreadcrumbList","@id":"https:\/\/vinilozona.lt\/parduotuve\/classic\/%d0%bb-%d0%b1%d0%b5%d1%82%d1%85%d0%be%d0%b2%d0%b5%d0%bd-%d0%b4%d0%b8%d1%80%d0%b8%d0%b6%d0%b8%d1%80%d1%83%d0%b5%d1%82-%d0%b5%d0%b2%d0%b3%d0%b5%d0%bd%d0%b8%d0%b9-%d1%81%d0%b2%d0%b5%d1%82%d0%bb%d0%b0\/#breadcrumb","itemListElement":[{"@type":"ListItem","position":1,"name":"Home","item":"https:\/\/vinilozona.lt\/"},{"@type":"ListItem","position":2,"name":"Parduotuv\u0117","item":"https:\/\/vinilozona.lt\/parduotuve\/"},{"@type":"ListItem","position":3,"name":"\u041c\u043e\u0441\u043a\u043e\u0432\u0441\u043a\u0438\u0439 \u041a\u0430\u043c\u0435\u0440\u043d\u044b\u0439 \u041e\u0440\u043a\u0435\u0441\u0442\u0440, \u0434\u0438\u0440\u0438\u0436\u0435\u0440 &#8211; \u0420. \u0411\u0430\u0440\u0448\u0430\u0439* \u2013 \u0412.\u0410. \u041c\u043e\u0446\u0430\u0440\u0442 &#8211; \u0421\u0438\u043c\u0444\u043e\u043d\u0438\u044f \u2116 22 \u0414\u043e \u041c\u0430\u0436\u043e\u0440, \u041a.162; \u0421\u0438\u043c\u0444\u043e\u043d\u0438\u044f \u2116 25 \u0421\u043e\u043b\u044c \u041c\u0438\u043d\u043e\u0440, \u041a.183"}]},{"@type":"WebSite","@id":"https:\/\/vinilozona.lt\/#website","url":"https:\/\/vinilozona.lt\/","name":"Vinilo Zona","description":"Nup\u016bsk dulkes ir klausyk LP","potentialAction":[{"@type":"SearchAction","target":{"@type":"EntryPoint","urlTemplate":"https:\/\/vinilozona.lt\/?s={search_term_string}"},"query-input":{"@type":"PropertyValueSpecification","valueRequired":true,"valueName":"search_term_string"}}],"inLanguage":"en-GB"}]}},"_links":{"self":[{"href":"https:\/\/vinilozona.lt\/en\/wp-json\/wp\/v2\/product\/12262"}],"collection":[{"href":"https:\/\/vinilozona.lt\/en\/wp-json\/wp\/v2\/product"}],"about":[{"href":"https:\/\/vinilozona.lt\/en\/wp-json\/wp\/v2\/types\/product"}],"wp:attachment":[{"href":"https:\/\/vinilozona.lt\/en\/wp-json\/wp\/v2\/media?parent=12262"}],"wp:term":[{"taxonomy":"product_cat","embeddable":true,"href":"https:\/\/vinilozona.lt\/en\/wp-json\/wp\/v2\/product_cat?post=12262"},{"taxonomy":"product_tag","embeddable":true,"href":"https:\/\/vinilozona.lt\/en\/wp-json\/wp\/v2\/product_tag?post=12262"}],"curies":[{"name":"wp","href":"https:\/\/api.w.org\/{rel}","templated":true}]}}