{"id":12246,"date":"2024-02-06T05:02:14","date_gmt":"2024-02-06T03:02:14","guid":{"rendered":"https:\/\/vinilozona.lt\/?post_type=product&#038;p=12246"},"modified":"2024-02-04T15:49:07","modified_gmt":"2024-02-04T13:49:07","slug":"%d0%b0%d0%b1%d0%b1%d0%b0-%e2%80%8e-voulez-vous","status":"publish","type":"product","link":"https:\/\/vinilozona.lt\/en\/parduotuve\/kita\/%d0%b0%d0%b1%d0%b1%d0%b0-%e2%80%8e-voulez-vous\/","title":{"rendered":"ABBA \/\u0410\u0411\u0411\u0410 \u200e\u2013 Voulez-Vous"},"content":{"rendered":"<p>C60\u201415665-6<\/p>\n<p>As Good As New\t3:22<br \/>\nVoulez-Vous\t5:11<br \/>\nI Have A Dream\t4:44<br \/>\nAngeleyes\t4:20<br \/>\nThe King Has Lost His Crown\t3:30<br \/>\nDoes Your Mother Know\t3:13<br \/>\nIf It Wasn&#8217;t For The Nights\t5:13<br \/>\nChiquitita\t5:26<br \/>\nLovers (Live A Little Longer)\t3:28<br \/>\nKisses Of Fire\t3:16<\/p>","protected":false},"excerpt":{"rendered":"<p>\u041c\u0435\u043b\u043e\u0434\u0438\u044f \u2013 C60\u201415665-6<br \/>\nFormat:<br \/>\nVinyl, LP, Album, Reissue, Repress<br \/>\nCountry:\tUSSR<\/p>","protected":false},"featured_media":12247,"template":"","meta":[],"product_cat":[21],"product_tag":[44],"yoast_head":"<!-- This site is optimized with the Yoast SEO plugin v23.5 - https:\/\/yoast.com\/wordpress\/plugins\/seo\/ -->\n<title>ABBA \/\u0410\u0411\u0411\u0410 \u200e\u2013 Voulez-Vous Vinilin\u0117 Plok\u0161tel\u0117 | Vinilozona.lt<\/title>\n<meta name=\"robots\" content=\"index, follow, max-snippet:-1, max-image-preview:large, max-video-preview:-1\" \/>\n<link rel=\"canonical\" href=\"https:\/\/vinilozona.lt\/en\/parduotuve\/kita\/\u0430\u0431\u0431\u0430-\u200e-voulez-vous\/\" \/>\n<meta property=\"og:locale\" content=\"en_GB\" \/>\n<meta property=\"og:type\" content=\"article\" \/>\n<meta property=\"og:title\" content=\"ABBA \/\u0410\u0411\u0411\u0410 \u200e\u2013 Voulez-Vous Vinilin\u0117 Plok\u0161tel\u0117 | Vinilozona.lt\" \/>\n<meta property=\"og:description\" content=\"\u041c\u0435\u043b\u043e\u0434\u0438\u044f \u2013 C60\u201415665-6 Format:  Vinyl, LP, Album, Reissue, Repress Country: USSR\" \/>\n<meta property=\"og:url\" content=\"https:\/\/vinilozona.lt\/en\/parduotuve\/kita\/\u0430\u0431\u0431\u0430-\u200e-voulez-vous\/\" \/>\n<meta property=\"og:site_name\" content=\"Vinilo Zona\" \/>\n<meta property=\"article:modified_time\" content=\"2024-02-04T13:49:07+00:00\" \/>\n<meta property=\"og:image\" content=\"https:\/\/vinilozona.lt\/wp-content\/uploads\/2020\/10\/R-3791695-1344581549-1818.jpeg.jpg\" \/>\n\t<meta property=\"og:image:width\" content=\"300\" \/>\n\t<meta property=\"og:image:height\" content=\"300\" \/>\n\t<meta property=\"og:image:type\" content=\"image\/jpeg\" \/>\n<meta name=\"twitter:card\" content=\"summary_large_image\" \/>\n<script type=\"application\/ld+json\" class=\"yoast-schema-graph\">{\"@context\":\"https:\/\/schema.org\",\"@graph\":[{\"@type\":\"WebPage\",\"@id\":\"https:\/\/vinilozona.lt\/parduotuve\/kita\/%d0%b0%d0%b1%d0%b1%d0%b0-%e2%80%8e-voulez-vous\/\",\"url\":\"https:\/\/vinilozona.lt\/parduotuve\/kita\/%d0%b0%d0%b1%d0%b1%d0%b0-%e2%80%8e-voulez-vous\/\",\"name\":\"ABBA \/\u0410\u0411\u0411\u0410 \u200e\u2013 Voulez-Vous Vinilin\u0117 Plok\u0161tel\u0117 | Vinilozona.lt\",\"isPartOf\":{\"@id\":\"https:\/\/vinilozona.lt\/#website\"},\"primaryImageOfPage\":{\"@id\":\"https:\/\/vinilozona.lt\/parduotuve\/kita\/%d0%b0%d0%b1%d0%b1%d0%b0-%e2%80%8e-voulez-vous\/#primaryimage\"},\"image\":{\"@id\":\"https:\/\/vinilozona.lt\/parduotuve\/kita\/%d0%b0%d0%b1%d0%b1%d0%b0-%e2%80%8e-voulez-vous\/#primaryimage\"},\"thumbnailUrl\":\"https:\/\/vinilozona.lt\/wp-content\/uploads\/2020\/10\/R-3791695-1344581549-1818.jpeg.jpg\",\"datePublished\":\"2024-02-06T03:02:14+00:00\",\"dateModified\":\"2024-02-04T13:49:07+00:00\",\"breadcrumb\":{\"@id\":\"https:\/\/vinilozona.lt\/parduotuve\/kita\/%d0%b0%d0%b1%d0%b1%d0%b0-%e2%80%8e-voulez-vous\/#breadcrumb\"},\"inLanguage\":\"en-GB\",\"potentialAction\":[{\"@type\":\"ReadAction\",\"target\":[\"https:\/\/vinilozona.lt\/parduotuve\/kita\/%d0%b0%d0%b1%d0%b1%d0%b0-%e2%80%8e-voulez-vous\/\"]}]},{\"@type\":\"ImageObject\",\"inLanguage\":\"en-GB\",\"@id\":\"https:\/\/vinilozona.lt\/parduotuve\/kita\/%d0%b0%d0%b1%d0%b1%d0%b0-%e2%80%8e-voulez-vous\/#primaryimage\",\"url\":\"https:\/\/vinilozona.lt\/wp-content\/uploads\/2020\/10\/R-3791695-1344581549-1818.jpeg.jpg\",\"contentUrl\":\"https:\/\/vinilozona.lt\/wp-content\/uploads\/2020\/10\/R-3791695-1344581549-1818.jpeg.jpg\",\"width\":300,\"height\":300},{\"@type\":\"BreadcrumbList\",\"@id\":\"https:\/\/vinilozona.lt\/parduotuve\/kita\/%d0%b0%d0%b1%d0%b1%d0%b0-%e2%80%8e-voulez-vous\/#breadcrumb\",\"itemListElement\":[{\"@type\":\"ListItem\",\"position\":1,\"name\":\"Home\",\"item\":\"https:\/\/vinilozona.lt\/\"},{\"@type\":\"ListItem\",\"position\":2,\"name\":\"Parduotuv\u0117\",\"item\":\"https:\/\/vinilozona.lt\/parduotuve\/\"},{\"@type\":\"ListItem\",\"position\":3,\"name\":\"ABBA \/\u0410\u0411\u0411\u0410 \u200e\u2013 Voulez-Vous\"}]},{\"@type\":\"WebSite\",\"@id\":\"https:\/\/vinilozona.lt\/#website\",\"url\":\"https:\/\/vinilozona.lt\/\",\"name\":\"Vinilo Zona\",\"description\":\"Nup\u016bsk dulkes ir klausyk LP\",\"potentialAction\":[{\"@type\":\"SearchAction\",\"target\":{\"@type\":\"EntryPoint\",\"urlTemplate\":\"https:\/\/vinilozona.lt\/?s={search_term_string}\"},\"query-input\":{\"@type\":\"PropertyValueSpecification\",\"valueRequired\":true,\"valueName\":\"search_term_string\"}}],\"inLanguage\":\"en-GB\"}]}<\/script>\n<!-- \/ Yoast SEO plugin. -->","yoast_head_json":{"title":"ABBA \/\u0410\u0411\u0411\u0410 \u200e\u2013 Voulez-Vous Vinilin\u0117 Plok\u0161tel\u0117 | Vinilozona.lt","robots":{"index":"index","follow":"follow","max-snippet":"max-snippet:-1","max-image-preview":"max-image-preview:large","max-video-preview":"max-video-preview:-1"},"canonical":"https:\/\/vinilozona.lt\/en\/parduotuve\/kita\/\u0430\u0431\u0431\u0430-\u200e-voulez-vous\/","og_locale":"en_GB","og_type":"article","og_title":"ABBA \/\u0410\u0411\u0411\u0410 \u200e\u2013 Voulez-Vous Vinilin\u0117 Plok\u0161tel\u0117 | Vinilozona.lt","og_description":"\u041c\u0435\u043b\u043e\u0434\u0438\u044f \u2013 C60\u201415665-6 Format:  Vinyl, LP, Album, Reissue, Repress Country: USSR","og_url":"https:\/\/vinilozona.lt\/en\/parduotuve\/kita\/\u0430\u0431\u0431\u0430-\u200e-voulez-vous\/","og_site_name":"Vinilo Zona","article_modified_time":"2024-02-04T13:49:07+00:00","og_image":[{"width":300,"height":300,"url":"https:\/\/vinilozona.lt\/wp-content\/uploads\/2020\/10\/R-3791695-1344581549-1818.jpeg.jpg","type":"image\/jpeg"}],"twitter_card":"summary_large_image","schema":{"@context":"https:\/\/schema.org","@graph":[{"@type":"WebPage","@id":"https:\/\/vinilozona.lt\/parduotuve\/kita\/%d0%b0%d0%b1%d0%b1%d0%b0-%e2%80%8e-voulez-vous\/","url":"https:\/\/vinilozona.lt\/parduotuve\/kita\/%d0%b0%d0%b1%d0%b1%d0%b0-%e2%80%8e-voulez-vous\/","name":"ABBA \/\u0410\u0411\u0411\u0410 \u200e\u2013 Voulez-Vous Vinilin\u0117 Plok\u0161tel\u0117 | Vinilozona.lt","isPartOf":{"@id":"https:\/\/vinilozona.lt\/#website"},"primaryImageOfPage":{"@id":"https:\/\/vinilozona.lt\/parduotuve\/kita\/%d0%b0%d0%b1%d0%b1%d0%b0-%e2%80%8e-voulez-vous\/#primaryimage"},"image":{"@id":"https:\/\/vinilozona.lt\/parduotuve\/kita\/%d0%b0%d0%b1%d0%b1%d0%b0-%e2%80%8e-voulez-vous\/#primaryimage"},"thumbnailUrl":"https:\/\/vinilozona.lt\/wp-content\/uploads\/2020\/10\/R-3791695-1344581549-1818.jpeg.jpg","datePublished":"2024-02-06T03:02:14+00:00","dateModified":"2024-02-04T13:49:07+00:00","breadcrumb":{"@id":"https:\/\/vinilozona.lt\/parduotuve\/kita\/%d0%b0%d0%b1%d0%b1%d0%b0-%e2%80%8e-voulez-vous\/#breadcrumb"},"inLanguage":"en-GB","potentialAction":[{"@type":"ReadAction","target":["https:\/\/vinilozona.lt\/parduotuve\/kita\/%d0%b0%d0%b1%d0%b1%d0%b0-%e2%80%8e-voulez-vous\/"]}]},{"@type":"ImageObject","inLanguage":"en-GB","@id":"https:\/\/vinilozona.lt\/parduotuve\/kita\/%d0%b0%d0%b1%d0%b1%d0%b0-%e2%80%8e-voulez-vous\/#primaryimage","url":"https:\/\/vinilozona.lt\/wp-content\/uploads\/2020\/10\/R-3791695-1344581549-1818.jpeg.jpg","contentUrl":"https:\/\/vinilozona.lt\/wp-content\/uploads\/2020\/10\/R-3791695-1344581549-1818.jpeg.jpg","width":300,"height":300},{"@type":"BreadcrumbList","@id":"https:\/\/vinilozona.lt\/parduotuve\/kita\/%d0%b0%d0%b1%d0%b1%d0%b0-%e2%80%8e-voulez-vous\/#breadcrumb","itemListElement":[{"@type":"ListItem","position":1,"name":"Home","item":"https:\/\/vinilozona.lt\/"},{"@type":"ListItem","position":2,"name":"Parduotuv\u0117","item":"https:\/\/vinilozona.lt\/parduotuve\/"},{"@type":"ListItem","position":3,"name":"ABBA \/\u0410\u0411\u0411\u0410 \u200e\u2013 Voulez-Vous"}]},{"@type":"WebSite","@id":"https:\/\/vinilozona.lt\/#website","url":"https:\/\/vinilozona.lt\/","name":"Vinilo Zona","description":"Nup\u016bsk dulkes ir klausyk LP","potentialAction":[{"@type":"SearchAction","target":{"@type":"EntryPoint","urlTemplate":"https:\/\/vinilozona.lt\/?s={search_term_string}"},"query-input":{"@type":"PropertyValueSpecification","valueRequired":true,"valueName":"search_term_string"}}],"inLanguage":"en-GB"}]}},"_links":{"self":[{"href":"https:\/\/vinilozona.lt\/en\/wp-json\/wp\/v2\/product\/12246"}],"collection":[{"href":"https:\/\/vinilozona.lt\/en\/wp-json\/wp\/v2\/product"}],"about":[{"href":"https:\/\/vinilozona.lt\/en\/wp-json\/wp\/v2\/types\/product"}],"wp:featuredmedia":[{"embeddable":true,"href":"https:\/\/vinilozona.lt\/en\/wp-json\/wp\/v2\/media\/12247"}],"wp:attachment":[{"href":"https:\/\/vinilozona.lt\/en\/wp-json\/wp\/v2\/media?parent=12246"}],"wp:term":[{"taxonomy":"product_cat","embeddable":true,"href":"https:\/\/vinilozona.lt\/en\/wp-json\/wp\/v2\/product_cat?post=12246"},{"taxonomy":"product_tag","embeddable":true,"href":"https:\/\/vinilozona.lt\/en\/wp-json\/wp\/v2\/product_tag?post=12246"}],"curies":[{"name":"wp","href":"https:\/\/api.w.org\/{rel}","templated":true}]}}