{"id":12228,"date":"2024-07-12T05:09:44","date_gmt":"2024-07-12T02:09:44","guid":{"rendered":"https:\/\/vinilozona.lt\/?post_type=product&#038;p=12228"},"modified":"2025-01-28T18:11:51","modified_gmt":"2025-01-28T16:11:51","slug":"various-%e2%80%8e-%d0%bc%d1%83%d0%b7%d1%8b%d0%ba%d0%b0%d0%bb%d1%8c%d0%bd%d1%8b%d0%b9-%d1%82%d0%b5%d0%bb%d0%b5%d1%82%d0%b0%d0%b9%d0%bf-6","status":"publish","type":"product","link":"https:\/\/vinilozona.lt\/en\/parduotuve\/various-rinkiniai\/various-%e2%80%8e-%d0%bc%d1%83%d0%b7%d1%8b%d0%ba%d0%b0%d0%bb%d1%8c%d0%bd%d1%8b%d0%b9-%d1%82%d0%b5%d0%bb%d0%b5%d1%82%d0%b0%d0%b9%d0%bf-6\/","title":{"rendered":"Various \u2013 Let&#8217;s Break &#8211; Super Disco Break-Dancing"},"content":{"rendered":"<p>A1\tC.O.D.\u2013\tIn The Bottle  3:35<br \/>\nA2\tXena\u2013\tOn The Upside  3:32<br \/>\nA3\tThe Earons\u2013\tVideo Baby  4:32<br \/>\nA4\tI.M.S.*\u2013\tRun Away  3:37<br \/>\nA5\tXena\u2013\tOn The Upside (Dub-Version)  3:13<br \/>\nB1\tShannon\u2013\tLet The Music Play   4:38<br \/>\nB2\tC.O.D.\u2013\tIn The Bottle (Instrumental)  3:30<br \/>\nB3\tColors (3)\u2013\tAm I Gonna Be The One  3:30<br \/>\nB4\tI.M.S.*\u2013\tNonline  3:28<br \/>\nB5\tShannon\u2013\tLet The Music Play (Dub-Version)  3:48<\/p>","protected":false},"excerpt":{"rendered":"<p>Bellaphon \u2013 250\u00b707\u00b7018<br \/>\nSeries:\tLet&#8217;s Break<br \/>\nFormat:<br \/>\nVinyl, LP, Compilation, Stereo<br \/>\nCountry:\tGermany<br \/>\nReleased:\t1983<br \/>\nGenre:\tElectronic, Hip Hop, Funk \/ Soul<\/p>","protected":false},"featured_media":25422,"template":"","meta":[],"product_cat":[906],"product_tag":[44],"yoast_head":"<!-- This site is optimized with the Yoast SEO plugin v23.5 - https:\/\/yoast.com\/wordpress\/plugins\/seo\/ -->\n<title>Various \u2013 Let&#039;s Break - Super Disco Break-Dancing Vinilin\u0117 Plok\u0161tel\u0117 | Vinilozona.lt<\/title>\n<meta name=\"robots\" content=\"index, follow, max-snippet:-1, max-image-preview:large, max-video-preview:-1\" \/>\n<link rel=\"canonical\" href=\"https:\/\/vinilozona.lt\/en\/parduotuve\/various-rinkiniai\/various-\u200e-\u043c\u0443\u0437\u044b\u043a\u0430\u043b\u044c\u043d\u044b\u0439-\u0442\u0435\u043b\u0435\u0442\u0430\u0439\u043f-6\/\" \/>\n<meta property=\"og:locale\" content=\"en_GB\" \/>\n<meta property=\"og:type\" content=\"article\" \/>\n<meta property=\"og:title\" content=\"Various \u2013 Let&#039;s Break - Super Disco Break-Dancing Vinilin\u0117 Plok\u0161tel\u0117 | Vinilozona.lt\" \/>\n<meta property=\"og:description\" content=\"Bellaphon \u2013 250\u00b707\u00b7018 Series: Let&#039;s Break Format:  Vinyl, LP, Compilation, Stereo Country: Germany Released: 1983 Genre: Electronic, Hip Hop, Funk \/ Soul\" \/>\n<meta property=\"og:url\" content=\"https:\/\/vinilozona.lt\/en\/parduotuve\/various-rinkiniai\/various-\u200e-\u043c\u0443\u0437\u044b\u043a\u0430\u043b\u044c\u043d\u044b\u0439-\u0442\u0435\u043b\u0435\u0442\u0430\u0439\u043f-6\/\" \/>\n<meta property=\"og:site_name\" content=\"Vinilo Zona\" \/>\n<meta property=\"article:modified_time\" content=\"2025-01-28T16:11:51+00:00\" \/>\n<meta property=\"og:image\" content=\"https:\/\/vinilozona.lt\/wp-content\/uploads\/2024\/06\/R-182251-1446914186-4580.jpg\" \/>\n\t<meta property=\"og:image:width\" content=\"596\" \/>\n\t<meta property=\"og:image:height\" content=\"600\" \/>\n\t<meta property=\"og:image:type\" content=\"image\/jpeg\" \/>\n<meta name=\"twitter:card\" content=\"summary_large_image\" \/>\n<script type=\"application\/ld+json\" class=\"yoast-schema-graph\">{\"@context\":\"https:\/\/schema.org\",\"@graph\":[{\"@type\":\"WebPage\",\"@id\":\"https:\/\/vinilozona.lt\/parduotuve\/various-rinkiniai\/various-%e2%80%8e-%d0%bc%d1%83%d0%b7%d1%8b%d0%ba%d0%b0%d0%bb%d1%8c%d0%bd%d1%8b%d0%b9-%d1%82%d0%b5%d0%bb%d0%b5%d1%82%d0%b0%d0%b9%d0%bf-6\/\",\"url\":\"https:\/\/vinilozona.lt\/parduotuve\/various-rinkiniai\/various-%e2%80%8e-%d0%bc%d1%83%d0%b7%d1%8b%d0%ba%d0%b0%d0%bb%d1%8c%d0%bd%d1%8b%d0%b9-%d1%82%d0%b5%d0%bb%d0%b5%d1%82%d0%b0%d0%b9%d0%bf-6\/\",\"name\":\"Various \u2013 Let's Break - Super Disco Break-Dancing Vinilin\u0117 Plok\u0161tel\u0117 | Vinilozona.lt\",\"isPartOf\":{\"@id\":\"https:\/\/vinilozona.lt\/#website\"},\"primaryImageOfPage\":{\"@id\":\"https:\/\/vinilozona.lt\/parduotuve\/various-rinkiniai\/various-%e2%80%8e-%d0%bc%d1%83%d0%b7%d1%8b%d0%ba%d0%b0%d0%bb%d1%8c%d0%bd%d1%8b%d0%b9-%d1%82%d0%b5%d0%bb%d0%b5%d1%82%d0%b0%d0%b9%d0%bf-6\/#primaryimage\"},\"image\":{\"@id\":\"https:\/\/vinilozona.lt\/parduotuve\/various-rinkiniai\/various-%e2%80%8e-%d0%bc%d1%83%d0%b7%d1%8b%d0%ba%d0%b0%d0%bb%d1%8c%d0%bd%d1%8b%d0%b9-%d1%82%d0%b5%d0%bb%d0%b5%d1%82%d0%b0%d0%b9%d0%bf-6\/#primaryimage\"},\"thumbnailUrl\":\"https:\/\/vinilozona.lt\/wp-content\/uploads\/2024\/06\/R-182251-1446914186-4580.jpg\",\"datePublished\":\"2024-07-12T02:09:44+00:00\",\"dateModified\":\"2025-01-28T16:11:51+00:00\",\"breadcrumb\":{\"@id\":\"https:\/\/vinilozona.lt\/parduotuve\/various-rinkiniai\/various-%e2%80%8e-%d0%bc%d1%83%d0%b7%d1%8b%d0%ba%d0%b0%d0%bb%d1%8c%d0%bd%d1%8b%d0%b9-%d1%82%d0%b5%d0%bb%d0%b5%d1%82%d0%b0%d0%b9%d0%bf-6\/#breadcrumb\"},\"inLanguage\":\"en-GB\",\"potentialAction\":[{\"@type\":\"ReadAction\",\"target\":[\"https:\/\/vinilozona.lt\/parduotuve\/various-rinkiniai\/various-%e2%80%8e-%d0%bc%d1%83%d0%b7%d1%8b%d0%ba%d0%b0%d0%bb%d1%8c%d0%bd%d1%8b%d0%b9-%d1%82%d0%b5%d0%bb%d0%b5%d1%82%d0%b0%d0%b9%d0%bf-6\/\"]}]},{\"@type\":\"ImageObject\",\"inLanguage\":\"en-GB\",\"@id\":\"https:\/\/vinilozona.lt\/parduotuve\/various-rinkiniai\/various-%e2%80%8e-%d0%bc%d1%83%d0%b7%d1%8b%d0%ba%d0%b0%d0%bb%d1%8c%d0%bd%d1%8b%d0%b9-%d1%82%d0%b5%d0%bb%d0%b5%d1%82%d0%b0%d0%b9%d0%bf-6\/#primaryimage\",\"url\":\"https:\/\/vinilozona.lt\/wp-content\/uploads\/2024\/06\/R-182251-1446914186-4580.jpg\",\"contentUrl\":\"https:\/\/vinilozona.lt\/wp-content\/uploads\/2024\/06\/R-182251-1446914186-4580.jpg\",\"width\":596,\"height\":600},{\"@type\":\"BreadcrumbList\",\"@id\":\"https:\/\/vinilozona.lt\/parduotuve\/various-rinkiniai\/various-%e2%80%8e-%d0%bc%d1%83%d0%b7%d1%8b%d0%ba%d0%b0%d0%bb%d1%8c%d0%bd%d1%8b%d0%b9-%d1%82%d0%b5%d0%bb%d0%b5%d1%82%d0%b0%d0%b9%d0%bf-6\/#breadcrumb\",\"itemListElement\":[{\"@type\":\"ListItem\",\"position\":1,\"name\":\"Home\",\"item\":\"https:\/\/vinilozona.lt\/\"},{\"@type\":\"ListItem\",\"position\":2,\"name\":\"Parduotuv\u0117\",\"item\":\"https:\/\/vinilozona.lt\/parduotuve\/\"},{\"@type\":\"ListItem\",\"position\":3,\"name\":\"Various \u2013 Let&#8217;s Break &#8211; Super Disco Break-Dancing\"}]},{\"@type\":\"WebSite\",\"@id\":\"https:\/\/vinilozona.lt\/#website\",\"url\":\"https:\/\/vinilozona.lt\/\",\"name\":\"Vinilo Zona\",\"description\":\"Nup\u016bsk dulkes ir klausyk LP\",\"potentialAction\":[{\"@type\":\"SearchAction\",\"target\":{\"@type\":\"EntryPoint\",\"urlTemplate\":\"https:\/\/vinilozona.lt\/?s={search_term_string}\"},\"query-input\":{\"@type\":\"PropertyValueSpecification\",\"valueRequired\":true,\"valueName\":\"search_term_string\"}}],\"inLanguage\":\"en-GB\"}]}<\/script>\n<!-- \/ Yoast SEO plugin. -->","yoast_head_json":{"title":"Various \u2013 Let's Break - Super Disco Break-Dancing Vinilin\u0117 Plok\u0161tel\u0117 | Vinilozona.lt","robots":{"index":"index","follow":"follow","max-snippet":"max-snippet:-1","max-image-preview":"max-image-preview:large","max-video-preview":"max-video-preview:-1"},"canonical":"https:\/\/vinilozona.lt\/en\/parduotuve\/various-rinkiniai\/various-\u200e-\u043c\u0443\u0437\u044b\u043a\u0430\u043b\u044c\u043d\u044b\u0439-\u0442\u0435\u043b\u0435\u0442\u0430\u0439\u043f-6\/","og_locale":"en_GB","og_type":"article","og_title":"Various \u2013 Let's Break - Super Disco Break-Dancing Vinilin\u0117 Plok\u0161tel\u0117 | Vinilozona.lt","og_description":"Bellaphon \u2013 250\u00b707\u00b7018 Series: Let's Break Format:  Vinyl, LP, Compilation, Stereo Country: Germany Released: 1983 Genre: Electronic, Hip Hop, Funk \/ Soul","og_url":"https:\/\/vinilozona.lt\/en\/parduotuve\/various-rinkiniai\/various-\u200e-\u043c\u0443\u0437\u044b\u043a\u0430\u043b\u044c\u043d\u044b\u0439-\u0442\u0435\u043b\u0435\u0442\u0430\u0439\u043f-6\/","og_site_name":"Vinilo Zona","article_modified_time":"2025-01-28T16:11:51+00:00","og_image":[{"width":596,"height":600,"url":"https:\/\/vinilozona.lt\/wp-content\/uploads\/2024\/06\/R-182251-1446914186-4580.jpg","type":"image\/jpeg"}],"twitter_card":"summary_large_image","schema":{"@context":"https:\/\/schema.org","@graph":[{"@type":"WebPage","@id":"https:\/\/vinilozona.lt\/parduotuve\/various-rinkiniai\/various-%e2%80%8e-%d0%bc%d1%83%d0%b7%d1%8b%d0%ba%d0%b0%d0%bb%d1%8c%d0%bd%d1%8b%d0%b9-%d1%82%d0%b5%d0%bb%d0%b5%d1%82%d0%b0%d0%b9%d0%bf-6\/","url":"https:\/\/vinilozona.lt\/parduotuve\/various-rinkiniai\/various-%e2%80%8e-%d0%bc%d1%83%d0%b7%d1%8b%d0%ba%d0%b0%d0%bb%d1%8c%d0%bd%d1%8b%d0%b9-%d1%82%d0%b5%d0%bb%d0%b5%d1%82%d0%b0%d0%b9%d0%bf-6\/","name":"Various \u2013 Let's Break - Super Disco Break-Dancing Vinilin\u0117 Plok\u0161tel\u0117 | Vinilozona.lt","isPartOf":{"@id":"https:\/\/vinilozona.lt\/#website"},"primaryImageOfPage":{"@id":"https:\/\/vinilozona.lt\/parduotuve\/various-rinkiniai\/various-%e2%80%8e-%d0%bc%d1%83%d0%b7%d1%8b%d0%ba%d0%b0%d0%bb%d1%8c%d0%bd%d1%8b%d0%b9-%d1%82%d0%b5%d0%bb%d0%b5%d1%82%d0%b0%d0%b9%d0%bf-6\/#primaryimage"},"image":{"@id":"https:\/\/vinilozona.lt\/parduotuve\/various-rinkiniai\/various-%e2%80%8e-%d0%bc%d1%83%d0%b7%d1%8b%d0%ba%d0%b0%d0%bb%d1%8c%d0%bd%d1%8b%d0%b9-%d1%82%d0%b5%d0%bb%d0%b5%d1%82%d0%b0%d0%b9%d0%bf-6\/#primaryimage"},"thumbnailUrl":"https:\/\/vinilozona.lt\/wp-content\/uploads\/2024\/06\/R-182251-1446914186-4580.jpg","datePublished":"2024-07-12T02:09:44+00:00","dateModified":"2025-01-28T16:11:51+00:00","breadcrumb":{"@id":"https:\/\/vinilozona.lt\/parduotuve\/various-rinkiniai\/various-%e2%80%8e-%d0%bc%d1%83%d0%b7%d1%8b%d0%ba%d0%b0%d0%bb%d1%8c%d0%bd%d1%8b%d0%b9-%d1%82%d0%b5%d0%bb%d0%b5%d1%82%d0%b0%d0%b9%d0%bf-6\/#breadcrumb"},"inLanguage":"en-GB","potentialAction":[{"@type":"ReadAction","target":["https:\/\/vinilozona.lt\/parduotuve\/various-rinkiniai\/various-%e2%80%8e-%d0%bc%d1%83%d0%b7%d1%8b%d0%ba%d0%b0%d0%bb%d1%8c%d0%bd%d1%8b%d0%b9-%d1%82%d0%b5%d0%bb%d0%b5%d1%82%d0%b0%d0%b9%d0%bf-6\/"]}]},{"@type":"ImageObject","inLanguage":"en-GB","@id":"https:\/\/vinilozona.lt\/parduotuve\/various-rinkiniai\/various-%e2%80%8e-%d0%bc%d1%83%d0%b7%d1%8b%d0%ba%d0%b0%d0%bb%d1%8c%d0%bd%d1%8b%d0%b9-%d1%82%d0%b5%d0%bb%d0%b5%d1%82%d0%b0%d0%b9%d0%bf-6\/#primaryimage","url":"https:\/\/vinilozona.lt\/wp-content\/uploads\/2024\/06\/R-182251-1446914186-4580.jpg","contentUrl":"https:\/\/vinilozona.lt\/wp-content\/uploads\/2024\/06\/R-182251-1446914186-4580.jpg","width":596,"height":600},{"@type":"BreadcrumbList","@id":"https:\/\/vinilozona.lt\/parduotuve\/various-rinkiniai\/various-%e2%80%8e-%d0%bc%d1%83%d0%b7%d1%8b%d0%ba%d0%b0%d0%bb%d1%8c%d0%bd%d1%8b%d0%b9-%d1%82%d0%b5%d0%bb%d0%b5%d1%82%d0%b0%d0%b9%d0%bf-6\/#breadcrumb","itemListElement":[{"@type":"ListItem","position":1,"name":"Home","item":"https:\/\/vinilozona.lt\/"},{"@type":"ListItem","position":2,"name":"Parduotuv\u0117","item":"https:\/\/vinilozona.lt\/parduotuve\/"},{"@type":"ListItem","position":3,"name":"Various \u2013 Let&#8217;s Break &#8211; Super Disco Break-Dancing"}]},{"@type":"WebSite","@id":"https:\/\/vinilozona.lt\/#website","url":"https:\/\/vinilozona.lt\/","name":"Vinilo Zona","description":"Nup\u016bsk dulkes ir klausyk LP","potentialAction":[{"@type":"SearchAction","target":{"@type":"EntryPoint","urlTemplate":"https:\/\/vinilozona.lt\/?s={search_term_string}"},"query-input":{"@type":"PropertyValueSpecification","valueRequired":true,"valueName":"search_term_string"}}],"inLanguage":"en-GB"}]}},"_links":{"self":[{"href":"https:\/\/vinilozona.lt\/en\/wp-json\/wp\/v2\/product\/12228"}],"collection":[{"href":"https:\/\/vinilozona.lt\/en\/wp-json\/wp\/v2\/product"}],"about":[{"href":"https:\/\/vinilozona.lt\/en\/wp-json\/wp\/v2\/types\/product"}],"wp:featuredmedia":[{"embeddable":true,"href":"https:\/\/vinilozona.lt\/en\/wp-json\/wp\/v2\/media\/25422"}],"wp:attachment":[{"href":"https:\/\/vinilozona.lt\/en\/wp-json\/wp\/v2\/media?parent=12228"}],"wp:term":[{"taxonomy":"product_cat","embeddable":true,"href":"https:\/\/vinilozona.lt\/en\/wp-json\/wp\/v2\/product_cat?post=12228"},{"taxonomy":"product_tag","embeddable":true,"href":"https:\/\/vinilozona.lt\/en\/wp-json\/wp\/v2\/product_tag?post=12228"}],"curies":[{"name":"wp","href":"https:\/\/api.w.org\/{rel}","templated":true}]}}