{"id":12214,"date":"2024-04-27T05:05:07","date_gmt":"2024-04-27T02:05:07","guid":{"rendered":"https:\/\/vinilozona.lt\/?post_type=product&#038;p=12214"},"modified":"2024-04-25T07:30:05","modified_gmt":"2024-04-25T04:30:05","slug":"mike-rutherford-%e2%80%8e-acting-very-strange","status":"publish","type":"product","link":"https:\/\/vinilozona.lt\/en\/parduotuve\/rock-pop\/mike-rutherford-%e2%80%8e-acting-very-strange\/","title":{"rendered":"Mike Rutherford \u200e\u2013 Acting Very Strange"},"content":{"rendered":"<p>A1\t\tActing Very Strange\t4:52<br \/>\nA2\t\tA Day To Remember\t5:04<br \/>\nA3\t\tMaxine\t4:30<br \/>\nA4\t\tHalfway There\t4:30<br \/>\nB1\t\tWho&#8217;s Fooling Who\t4:45<br \/>\nB2\t\tCouldn&#8217;t Get Arrested\t4:09<br \/>\nB3\t\tI Don&#8217;t Wanna Know\t4:36<br \/>\nB4\t\tHideaway\t5:57<\/p>","protected":false},"excerpt":{"rendered":"<p>WEA \u2013 WEA K 99 249, WEA \u2013 WEA 99 249<br \/>\nFormat:<br \/>\nVinyl, LP, Album, Stereo<br \/>\nCountry:\tEU<br \/>\nReleased:\t1982<\/p>","protected":false},"featured_media":12215,"template":"","meta":[],"product_cat":[15],"product_tag":[44],"yoast_head":"<!-- This site is optimized with the Yoast SEO plugin v23.5 - https:\/\/yoast.com\/wordpress\/plugins\/seo\/ -->\n<title>Mike Rutherford \u200e\u2013 Acting Very Strange Vinilin\u0117 Plok\u0161tel\u0117 | Vinilozona.lt<\/title>\n<meta name=\"robots\" content=\"index, follow, max-snippet:-1, max-image-preview:large, max-video-preview:-1\" \/>\n<link rel=\"canonical\" href=\"https:\/\/vinilozona.lt\/en\/parduotuve\/rock-pop\/mike-rutherford-\u200e-acting-very-strange\/\" \/>\n<meta property=\"og:locale\" content=\"en_GB\" \/>\n<meta property=\"og:type\" content=\"article\" \/>\n<meta property=\"og:title\" content=\"Mike Rutherford \u200e\u2013 Acting Very Strange Vinilin\u0117 Plok\u0161tel\u0117 | Vinilozona.lt\" \/>\n<meta property=\"og:description\" content=\"WEA \u2013 WEA K 99 249, WEA \u2013 WEA 99 249 Format:  Vinyl, LP, Album, Stereo Country: EU Released: 1982\" \/>\n<meta property=\"og:url\" content=\"https:\/\/vinilozona.lt\/en\/parduotuve\/rock-pop\/mike-rutherford-\u200e-acting-very-strange\/\" \/>\n<meta property=\"og:site_name\" content=\"Vinilo Zona\" \/>\n<meta property=\"article:modified_time\" content=\"2024-04-25T04:30:05+00:00\" \/>\n<meta property=\"og:image\" content=\"https:\/\/vinilozona.lt\/wp-content\/uploads\/2020\/10\/R-1489693-1360311038-6885.jpeg.jpg\" \/>\n\t<meta property=\"og:image:width\" content=\"497\" \/>\n\t<meta property=\"og:image:height\" content=\"500\" \/>\n\t<meta property=\"og:image:type\" content=\"image\/jpeg\" \/>\n<meta name=\"twitter:card\" content=\"summary_large_image\" \/>\n<script type=\"application\/ld+json\" class=\"yoast-schema-graph\">{\"@context\":\"https:\/\/schema.org\",\"@graph\":[{\"@type\":\"WebPage\",\"@id\":\"https:\/\/vinilozona.lt\/parduotuve\/rock-pop\/mike-rutherford-%e2%80%8e-acting-very-strange\/\",\"url\":\"https:\/\/vinilozona.lt\/parduotuve\/rock-pop\/mike-rutherford-%e2%80%8e-acting-very-strange\/\",\"name\":\"Mike Rutherford \u200e\u2013 Acting Very Strange Vinilin\u0117 Plok\u0161tel\u0117 | Vinilozona.lt\",\"isPartOf\":{\"@id\":\"https:\/\/vinilozona.lt\/#website\"},\"primaryImageOfPage\":{\"@id\":\"https:\/\/vinilozona.lt\/parduotuve\/rock-pop\/mike-rutherford-%e2%80%8e-acting-very-strange\/#primaryimage\"},\"image\":{\"@id\":\"https:\/\/vinilozona.lt\/parduotuve\/rock-pop\/mike-rutherford-%e2%80%8e-acting-very-strange\/#primaryimage\"},\"thumbnailUrl\":\"https:\/\/vinilozona.lt\/wp-content\/uploads\/2020\/10\/R-1489693-1360311038-6885.jpeg.jpg\",\"datePublished\":\"2024-04-27T02:05:07+00:00\",\"dateModified\":\"2024-04-25T04:30:05+00:00\",\"breadcrumb\":{\"@id\":\"https:\/\/vinilozona.lt\/parduotuve\/rock-pop\/mike-rutherford-%e2%80%8e-acting-very-strange\/#breadcrumb\"},\"inLanguage\":\"en-GB\",\"potentialAction\":[{\"@type\":\"ReadAction\",\"target\":[\"https:\/\/vinilozona.lt\/parduotuve\/rock-pop\/mike-rutherford-%e2%80%8e-acting-very-strange\/\"]}]},{\"@type\":\"ImageObject\",\"inLanguage\":\"en-GB\",\"@id\":\"https:\/\/vinilozona.lt\/parduotuve\/rock-pop\/mike-rutherford-%e2%80%8e-acting-very-strange\/#primaryimage\",\"url\":\"https:\/\/vinilozona.lt\/wp-content\/uploads\/2020\/10\/R-1489693-1360311038-6885.jpeg.jpg\",\"contentUrl\":\"https:\/\/vinilozona.lt\/wp-content\/uploads\/2020\/10\/R-1489693-1360311038-6885.jpeg.jpg\",\"width\":497,\"height\":500},{\"@type\":\"BreadcrumbList\",\"@id\":\"https:\/\/vinilozona.lt\/parduotuve\/rock-pop\/mike-rutherford-%e2%80%8e-acting-very-strange\/#breadcrumb\",\"itemListElement\":[{\"@type\":\"ListItem\",\"position\":1,\"name\":\"Home\",\"item\":\"https:\/\/vinilozona.lt\/\"},{\"@type\":\"ListItem\",\"position\":2,\"name\":\"Parduotuv\u0117\",\"item\":\"https:\/\/vinilozona.lt\/parduotuve\/\"},{\"@type\":\"ListItem\",\"position\":3,\"name\":\"Mike Rutherford \u200e\u2013 Acting Very Strange\"}]},{\"@type\":\"WebSite\",\"@id\":\"https:\/\/vinilozona.lt\/#website\",\"url\":\"https:\/\/vinilozona.lt\/\",\"name\":\"Vinilo Zona\",\"description\":\"Nup\u016bsk dulkes ir klausyk LP\",\"potentialAction\":[{\"@type\":\"SearchAction\",\"target\":{\"@type\":\"EntryPoint\",\"urlTemplate\":\"https:\/\/vinilozona.lt\/?s={search_term_string}\"},\"query-input\":{\"@type\":\"PropertyValueSpecification\",\"valueRequired\":true,\"valueName\":\"search_term_string\"}}],\"inLanguage\":\"en-GB\"}]}<\/script>\n<!-- \/ Yoast SEO plugin. -->","yoast_head_json":{"title":"Mike Rutherford \u200e\u2013 Acting Very Strange Vinilin\u0117 Plok\u0161tel\u0117 | Vinilozona.lt","robots":{"index":"index","follow":"follow","max-snippet":"max-snippet:-1","max-image-preview":"max-image-preview:large","max-video-preview":"max-video-preview:-1"},"canonical":"https:\/\/vinilozona.lt\/en\/parduotuve\/rock-pop\/mike-rutherford-\u200e-acting-very-strange\/","og_locale":"en_GB","og_type":"article","og_title":"Mike Rutherford \u200e\u2013 Acting Very Strange Vinilin\u0117 Plok\u0161tel\u0117 | Vinilozona.lt","og_description":"WEA \u2013 WEA K 99 249, WEA \u2013 WEA 99 249 Format:  Vinyl, LP, Album, Stereo Country: EU Released: 1982","og_url":"https:\/\/vinilozona.lt\/en\/parduotuve\/rock-pop\/mike-rutherford-\u200e-acting-very-strange\/","og_site_name":"Vinilo Zona","article_modified_time":"2024-04-25T04:30:05+00:00","og_image":[{"width":497,"height":500,"url":"https:\/\/vinilozona.lt\/wp-content\/uploads\/2020\/10\/R-1489693-1360311038-6885.jpeg.jpg","type":"image\/jpeg"}],"twitter_card":"summary_large_image","schema":{"@context":"https:\/\/schema.org","@graph":[{"@type":"WebPage","@id":"https:\/\/vinilozona.lt\/parduotuve\/rock-pop\/mike-rutherford-%e2%80%8e-acting-very-strange\/","url":"https:\/\/vinilozona.lt\/parduotuve\/rock-pop\/mike-rutherford-%e2%80%8e-acting-very-strange\/","name":"Mike Rutherford \u200e\u2013 Acting Very Strange Vinilin\u0117 Plok\u0161tel\u0117 | Vinilozona.lt","isPartOf":{"@id":"https:\/\/vinilozona.lt\/#website"},"primaryImageOfPage":{"@id":"https:\/\/vinilozona.lt\/parduotuve\/rock-pop\/mike-rutherford-%e2%80%8e-acting-very-strange\/#primaryimage"},"image":{"@id":"https:\/\/vinilozona.lt\/parduotuve\/rock-pop\/mike-rutherford-%e2%80%8e-acting-very-strange\/#primaryimage"},"thumbnailUrl":"https:\/\/vinilozona.lt\/wp-content\/uploads\/2020\/10\/R-1489693-1360311038-6885.jpeg.jpg","datePublished":"2024-04-27T02:05:07+00:00","dateModified":"2024-04-25T04:30:05+00:00","breadcrumb":{"@id":"https:\/\/vinilozona.lt\/parduotuve\/rock-pop\/mike-rutherford-%e2%80%8e-acting-very-strange\/#breadcrumb"},"inLanguage":"en-GB","potentialAction":[{"@type":"ReadAction","target":["https:\/\/vinilozona.lt\/parduotuve\/rock-pop\/mike-rutherford-%e2%80%8e-acting-very-strange\/"]}]},{"@type":"ImageObject","inLanguage":"en-GB","@id":"https:\/\/vinilozona.lt\/parduotuve\/rock-pop\/mike-rutherford-%e2%80%8e-acting-very-strange\/#primaryimage","url":"https:\/\/vinilozona.lt\/wp-content\/uploads\/2020\/10\/R-1489693-1360311038-6885.jpeg.jpg","contentUrl":"https:\/\/vinilozona.lt\/wp-content\/uploads\/2020\/10\/R-1489693-1360311038-6885.jpeg.jpg","width":497,"height":500},{"@type":"BreadcrumbList","@id":"https:\/\/vinilozona.lt\/parduotuve\/rock-pop\/mike-rutherford-%e2%80%8e-acting-very-strange\/#breadcrumb","itemListElement":[{"@type":"ListItem","position":1,"name":"Home","item":"https:\/\/vinilozona.lt\/"},{"@type":"ListItem","position":2,"name":"Parduotuv\u0117","item":"https:\/\/vinilozona.lt\/parduotuve\/"},{"@type":"ListItem","position":3,"name":"Mike Rutherford \u200e\u2013 Acting Very Strange"}]},{"@type":"WebSite","@id":"https:\/\/vinilozona.lt\/#website","url":"https:\/\/vinilozona.lt\/","name":"Vinilo Zona","description":"Nup\u016bsk dulkes ir klausyk LP","potentialAction":[{"@type":"SearchAction","target":{"@type":"EntryPoint","urlTemplate":"https:\/\/vinilozona.lt\/?s={search_term_string}"},"query-input":{"@type":"PropertyValueSpecification","valueRequired":true,"valueName":"search_term_string"}}],"inLanguage":"en-GB"}]}},"_links":{"self":[{"href":"https:\/\/vinilozona.lt\/en\/wp-json\/wp\/v2\/product\/12214"}],"collection":[{"href":"https:\/\/vinilozona.lt\/en\/wp-json\/wp\/v2\/product"}],"about":[{"href":"https:\/\/vinilozona.lt\/en\/wp-json\/wp\/v2\/types\/product"}],"wp:featuredmedia":[{"embeddable":true,"href":"https:\/\/vinilozona.lt\/en\/wp-json\/wp\/v2\/media\/12215"}],"wp:attachment":[{"href":"https:\/\/vinilozona.lt\/en\/wp-json\/wp\/v2\/media?parent=12214"}],"wp:term":[{"taxonomy":"product_cat","embeddable":true,"href":"https:\/\/vinilozona.lt\/en\/wp-json\/wp\/v2\/product_cat?post=12214"},{"taxonomy":"product_tag","embeddable":true,"href":"https:\/\/vinilozona.lt\/en\/wp-json\/wp\/v2\/product_tag?post=12214"}],"curies":[{"name":"wp","href":"https:\/\/api.w.org\/{rel}","templated":true}]}}