{"id":12129,"date":"2023-02-16T05:52:31","date_gmt":"2023-02-16T03:52:31","guid":{"rendered":"https:\/\/vinilozona.lt\/?post_type=product&#038;p=12129"},"modified":"2024-09-12T09:05:49","modified_gmt":"2024-09-12T06:05:49","slug":"aldo-nova-%e2%80%8e-subject-aldo-nova","status":"publish","type":"product","link":"https:\/\/vinilozona.lt\/en\/parduotuve\/rock-pop\/aldo-nova-%e2%80%8e-subject-aldo-nova\/","title":{"rendered":"Aldo Nova \u200e\u2013 Subject&#8230;..Aldo Nova"},"content":{"rendered":"<p>A1\t\tSubject&#8217;s Theme\t1:33<br \/>\nA2\t\tArmageddon (Race Cars)\t0:27<br \/>\nA3\t\tArmageddon\t2:41<br \/>\nA4\t\tMonkey On Your Back\t4:35<br \/>\nA5\t\tHey Operator\t3:54<br \/>\nA6\t\tCry Baby Cry\t4:13<br \/>\nA7\t\tVictim Of A Broken Heart\t4:15<br \/>\nB1\t\tAfrica (Primal Love)\t0:39<br \/>\nB2\t\tHold Back The Night\t4:49<br \/>\nB3\t\tAlways Be Mine\t4:10<br \/>\nB4\t\tAll Night Long\t3:40<br \/>\nB5\t\tWar Suite\t1:27<br \/>\nB6\t\tPrelude To Paradise\t1:33<br \/>\nB7\t\tParadise\t3:12<\/p>","protected":false},"excerpt":{"rendered":"<p>Portrait \u2013 PRT 25482<br \/>\nFormat:<br \/>\nVinyl, LP, Album<br \/>\nCountry:\tEU<br \/>\nReleased:\t1983<\/p>","protected":false},"featured_media":12130,"template":"","meta":[],"product_cat":[15],"product_tag":[55],"yoast_head":"<!-- This site is optimized with the Yoast SEO plugin v23.5 - https:\/\/yoast.com\/wordpress\/plugins\/seo\/ -->\n<title>Aldo Nova \u200e\u2013 Subject.....Aldo Nova Vinilin\u0117 Plok\u0161tel\u0117 | Vinilozona.lt<\/title>\n<meta name=\"robots\" content=\"index, follow, max-snippet:-1, max-image-preview:large, max-video-preview:-1\" \/>\n<link rel=\"canonical\" href=\"https:\/\/vinilozona.lt\/en\/parduotuve\/rock-pop\/aldo-nova-\u200e-subject-aldo-nova\/\" \/>\n<meta property=\"og:locale\" content=\"en_GB\" \/>\n<meta property=\"og:type\" content=\"article\" \/>\n<meta property=\"og:title\" content=\"Aldo Nova \u200e\u2013 Subject.....Aldo Nova Vinilin\u0117 Plok\u0161tel\u0117 | Vinilozona.lt\" \/>\n<meta property=\"og:description\" content=\"Portrait \u2013 PRT 25482 Format:  Vinyl, LP, Album Country: EU Released: 1983\" \/>\n<meta property=\"og:url\" content=\"https:\/\/vinilozona.lt\/en\/parduotuve\/rock-pop\/aldo-nova-\u200e-subject-aldo-nova\/\" \/>\n<meta property=\"og:site_name\" content=\"Vinilo Zona\" \/>\n<meta property=\"article:modified_time\" content=\"2024-09-12T06:05:49+00:00\" \/>\n<meta property=\"og:image\" content=\"https:\/\/vinilozona.lt\/wp-content\/uploads\/2020\/10\/R-13268281-1551047874-6847.jpeg.jpg\" \/>\n\t<meta property=\"og:image:width\" content=\"299\" \/>\n\t<meta property=\"og:image:height\" content=\"300\" \/>\n\t<meta property=\"og:image:type\" content=\"image\/jpeg\" \/>\n<meta name=\"twitter:card\" content=\"summary_large_image\" \/>\n<script type=\"application\/ld+json\" class=\"yoast-schema-graph\">{\"@context\":\"https:\/\/schema.org\",\"@graph\":[{\"@type\":\"WebPage\",\"@id\":\"https:\/\/vinilozona.lt\/parduotuve\/rock-pop\/aldo-nova-%e2%80%8e-subject-aldo-nova\/\",\"url\":\"https:\/\/vinilozona.lt\/parduotuve\/rock-pop\/aldo-nova-%e2%80%8e-subject-aldo-nova\/\",\"name\":\"Aldo Nova \u200e\u2013 Subject.....Aldo Nova Vinilin\u0117 Plok\u0161tel\u0117 | Vinilozona.lt\",\"isPartOf\":{\"@id\":\"https:\/\/vinilozona.lt\/#website\"},\"primaryImageOfPage\":{\"@id\":\"https:\/\/vinilozona.lt\/parduotuve\/rock-pop\/aldo-nova-%e2%80%8e-subject-aldo-nova\/#primaryimage\"},\"image\":{\"@id\":\"https:\/\/vinilozona.lt\/parduotuve\/rock-pop\/aldo-nova-%e2%80%8e-subject-aldo-nova\/#primaryimage\"},\"thumbnailUrl\":\"https:\/\/vinilozona.lt\/wp-content\/uploads\/2020\/10\/R-13268281-1551047874-6847.jpeg.jpg\",\"datePublished\":\"2023-02-16T03:52:31+00:00\",\"dateModified\":\"2024-09-12T06:05:49+00:00\",\"breadcrumb\":{\"@id\":\"https:\/\/vinilozona.lt\/parduotuve\/rock-pop\/aldo-nova-%e2%80%8e-subject-aldo-nova\/#breadcrumb\"},\"inLanguage\":\"en-GB\",\"potentialAction\":[{\"@type\":\"ReadAction\",\"target\":[\"https:\/\/vinilozona.lt\/parduotuve\/rock-pop\/aldo-nova-%e2%80%8e-subject-aldo-nova\/\"]}]},{\"@type\":\"ImageObject\",\"inLanguage\":\"en-GB\",\"@id\":\"https:\/\/vinilozona.lt\/parduotuve\/rock-pop\/aldo-nova-%e2%80%8e-subject-aldo-nova\/#primaryimage\",\"url\":\"https:\/\/vinilozona.lt\/wp-content\/uploads\/2020\/10\/R-13268281-1551047874-6847.jpeg.jpg\",\"contentUrl\":\"https:\/\/vinilozona.lt\/wp-content\/uploads\/2020\/10\/R-13268281-1551047874-6847.jpeg.jpg\",\"width\":299,\"height\":300},{\"@type\":\"BreadcrumbList\",\"@id\":\"https:\/\/vinilozona.lt\/parduotuve\/rock-pop\/aldo-nova-%e2%80%8e-subject-aldo-nova\/#breadcrumb\",\"itemListElement\":[{\"@type\":\"ListItem\",\"position\":1,\"name\":\"Home\",\"item\":\"https:\/\/vinilozona.lt\/\"},{\"@type\":\"ListItem\",\"position\":2,\"name\":\"Parduotuv\u0117\",\"item\":\"https:\/\/vinilozona.lt\/parduotuve\/\"},{\"@type\":\"ListItem\",\"position\":3,\"name\":\"Aldo Nova \u200e\u2013 Subject&#8230;..Aldo Nova\"}]},{\"@type\":\"WebSite\",\"@id\":\"https:\/\/vinilozona.lt\/#website\",\"url\":\"https:\/\/vinilozona.lt\/\",\"name\":\"Vinilo Zona\",\"description\":\"Nup\u016bsk dulkes ir klausyk LP\",\"potentialAction\":[{\"@type\":\"SearchAction\",\"target\":{\"@type\":\"EntryPoint\",\"urlTemplate\":\"https:\/\/vinilozona.lt\/?s={search_term_string}\"},\"query-input\":{\"@type\":\"PropertyValueSpecification\",\"valueRequired\":true,\"valueName\":\"search_term_string\"}}],\"inLanguage\":\"en-GB\"}]}<\/script>\n<!-- \/ Yoast SEO plugin. -->","yoast_head_json":{"title":"Aldo Nova \u200e\u2013 Subject.....Aldo Nova Vinilin\u0117 Plok\u0161tel\u0117 | Vinilozona.lt","robots":{"index":"index","follow":"follow","max-snippet":"max-snippet:-1","max-image-preview":"max-image-preview:large","max-video-preview":"max-video-preview:-1"},"canonical":"https:\/\/vinilozona.lt\/en\/parduotuve\/rock-pop\/aldo-nova-\u200e-subject-aldo-nova\/","og_locale":"en_GB","og_type":"article","og_title":"Aldo Nova \u200e\u2013 Subject.....Aldo Nova Vinilin\u0117 Plok\u0161tel\u0117 | Vinilozona.lt","og_description":"Portrait \u2013 PRT 25482 Format:  Vinyl, LP, Album Country: EU Released: 1983","og_url":"https:\/\/vinilozona.lt\/en\/parduotuve\/rock-pop\/aldo-nova-\u200e-subject-aldo-nova\/","og_site_name":"Vinilo Zona","article_modified_time":"2024-09-12T06:05:49+00:00","og_image":[{"width":299,"height":300,"url":"https:\/\/vinilozona.lt\/wp-content\/uploads\/2020\/10\/R-13268281-1551047874-6847.jpeg.jpg","type":"image\/jpeg"}],"twitter_card":"summary_large_image","schema":{"@context":"https:\/\/schema.org","@graph":[{"@type":"WebPage","@id":"https:\/\/vinilozona.lt\/parduotuve\/rock-pop\/aldo-nova-%e2%80%8e-subject-aldo-nova\/","url":"https:\/\/vinilozona.lt\/parduotuve\/rock-pop\/aldo-nova-%e2%80%8e-subject-aldo-nova\/","name":"Aldo Nova \u200e\u2013 Subject.....Aldo Nova Vinilin\u0117 Plok\u0161tel\u0117 | Vinilozona.lt","isPartOf":{"@id":"https:\/\/vinilozona.lt\/#website"},"primaryImageOfPage":{"@id":"https:\/\/vinilozona.lt\/parduotuve\/rock-pop\/aldo-nova-%e2%80%8e-subject-aldo-nova\/#primaryimage"},"image":{"@id":"https:\/\/vinilozona.lt\/parduotuve\/rock-pop\/aldo-nova-%e2%80%8e-subject-aldo-nova\/#primaryimage"},"thumbnailUrl":"https:\/\/vinilozona.lt\/wp-content\/uploads\/2020\/10\/R-13268281-1551047874-6847.jpeg.jpg","datePublished":"2023-02-16T03:52:31+00:00","dateModified":"2024-09-12T06:05:49+00:00","breadcrumb":{"@id":"https:\/\/vinilozona.lt\/parduotuve\/rock-pop\/aldo-nova-%e2%80%8e-subject-aldo-nova\/#breadcrumb"},"inLanguage":"en-GB","potentialAction":[{"@type":"ReadAction","target":["https:\/\/vinilozona.lt\/parduotuve\/rock-pop\/aldo-nova-%e2%80%8e-subject-aldo-nova\/"]}]},{"@type":"ImageObject","inLanguage":"en-GB","@id":"https:\/\/vinilozona.lt\/parduotuve\/rock-pop\/aldo-nova-%e2%80%8e-subject-aldo-nova\/#primaryimage","url":"https:\/\/vinilozona.lt\/wp-content\/uploads\/2020\/10\/R-13268281-1551047874-6847.jpeg.jpg","contentUrl":"https:\/\/vinilozona.lt\/wp-content\/uploads\/2020\/10\/R-13268281-1551047874-6847.jpeg.jpg","width":299,"height":300},{"@type":"BreadcrumbList","@id":"https:\/\/vinilozona.lt\/parduotuve\/rock-pop\/aldo-nova-%e2%80%8e-subject-aldo-nova\/#breadcrumb","itemListElement":[{"@type":"ListItem","position":1,"name":"Home","item":"https:\/\/vinilozona.lt\/"},{"@type":"ListItem","position":2,"name":"Parduotuv\u0117","item":"https:\/\/vinilozona.lt\/parduotuve\/"},{"@type":"ListItem","position":3,"name":"Aldo Nova \u200e\u2013 Subject&#8230;..Aldo Nova"}]},{"@type":"WebSite","@id":"https:\/\/vinilozona.lt\/#website","url":"https:\/\/vinilozona.lt\/","name":"Vinilo Zona","description":"Nup\u016bsk dulkes ir klausyk LP","potentialAction":[{"@type":"SearchAction","target":{"@type":"EntryPoint","urlTemplate":"https:\/\/vinilozona.lt\/?s={search_term_string}"},"query-input":{"@type":"PropertyValueSpecification","valueRequired":true,"valueName":"search_term_string"}}],"inLanguage":"en-GB"}]}},"_links":{"self":[{"href":"https:\/\/vinilozona.lt\/en\/wp-json\/wp\/v2\/product\/12129"}],"collection":[{"href":"https:\/\/vinilozona.lt\/en\/wp-json\/wp\/v2\/product"}],"about":[{"href":"https:\/\/vinilozona.lt\/en\/wp-json\/wp\/v2\/types\/product"}],"wp:featuredmedia":[{"embeddable":true,"href":"https:\/\/vinilozona.lt\/en\/wp-json\/wp\/v2\/media\/12130"}],"wp:attachment":[{"href":"https:\/\/vinilozona.lt\/en\/wp-json\/wp\/v2\/media?parent=12129"}],"wp:term":[{"taxonomy":"product_cat","embeddable":true,"href":"https:\/\/vinilozona.lt\/en\/wp-json\/wp\/v2\/product_cat?post=12129"},{"taxonomy":"product_tag","embeddable":true,"href":"https:\/\/vinilozona.lt\/en\/wp-json\/wp\/v2\/product_tag?post=12129"}],"curies":[{"name":"wp","href":"https:\/\/api.w.org\/{rel}","templated":true}]}}