{"id":12076,"date":"2020-10-21T10:13:27","date_gmt":"2020-10-21T07:13:27","guid":{"rendered":"https:\/\/vinilozona.lt\/?post_type=product&#038;p=12076"},"modified":"2023-02-28T09:51:02","modified_gmt":"2023-02-28T07:51:02","slug":"juozas-naujalis-choras-cantemus-%e2%80%8e-motets","status":"publish","type":"product","link":"https:\/\/vinilozona.lt\/en\/parduotuve\/lietuviska\/juozas-naujalis-choras-cantemus-%e2%80%8e-motets\/","title":{"rendered":"Juozas Naujalis, Choras &#8222;Cantemus&#8221; \u200e\u2013 Motets"},"content":{"rendered":"<p>C10 28821 000<\/p>\n<p>Unus Ex Discipulis\t2:26<br \/>\nUna Hora\t2:35<br \/>\nIn Monte Oliveti\t2:42<br \/>\nTristis Est Anima Mea\t2:35<br \/>\nJudas Marcator\t1:56<br \/>\nOmnis Amici Mei\t2:17<br \/>\nSeniores Populi\t1:57<br \/>\nEram Quasi Agnus\t2:20<br \/>\nVinea Mea\t1:39<br \/>\nTam Quam Ad Latronem\t2:26<br \/>\nCaligaverunt\t3:53<br \/>\nAmicus Meus\t2:07<br \/>\nVelum Templi\t2:14<br \/>\nPopule Meus\t5:07<br \/>\nEcce Vidimus\t2:33<\/p>","protected":false},"excerpt":{"rendered":"<p>\u042160 26253 000<\/p>","protected":false},"featured_media":12077,"template":"","meta":[],"product_cat":[19,22],"product_tag":[55],"yoast_head":"<!-- This site is optimized with the Yoast SEO plugin v23.5 - https:\/\/yoast.com\/wordpress\/plugins\/seo\/ -->\n<title>Juozas Naujalis, Choras &quot;Cantemus&quot; \u200e\u2013 Motets Vinilin\u0117 Plok\u0161tel\u0117 | Vinilozona.lt<\/title>\n<meta name=\"robots\" content=\"index, follow, max-snippet:-1, max-image-preview:large, max-video-preview:-1\" \/>\n<link rel=\"canonical\" href=\"https:\/\/vinilozona.lt\/en\/parduotuve\/lietuviska\/juozas-naujalis-choras-cantemus-\u200e-motets\/\" \/>\n<meta property=\"og:locale\" content=\"en_GB\" \/>\n<meta property=\"og:type\" content=\"article\" \/>\n<meta property=\"og:title\" content=\"Juozas Naujalis, Choras &quot;Cantemus&quot; \u200e\u2013 Motets Vinilin\u0117 Plok\u0161tel\u0117 | Vinilozona.lt\" \/>\n<meta property=\"og:description\" content=\"\u042160 26253 000\" \/>\n<meta property=\"og:url\" content=\"https:\/\/vinilozona.lt\/en\/parduotuve\/lietuviska\/juozas-naujalis-choras-cantemus-\u200e-motets\/\" \/>\n<meta property=\"og:site_name\" content=\"Vinilo Zona\" \/>\n<meta property=\"article:modified_time\" content=\"2023-02-28T07:51:02+00:00\" \/>\n<meta property=\"og:image\" content=\"https:\/\/vinilozona.lt\/wp-content\/uploads\/2020\/10\/R-5366333-1443964259-4391.jpeg.jpg\" \/>\n\t<meta property=\"og:image:width\" content=\"296\" \/>\n\t<meta property=\"og:image:height\" content=\"300\" \/>\n\t<meta property=\"og:image:type\" content=\"image\/jpeg\" \/>\n<meta name=\"twitter:card\" content=\"summary_large_image\" \/>\n<script type=\"application\/ld+json\" class=\"yoast-schema-graph\">{\"@context\":\"https:\/\/schema.org\",\"@graph\":[{\"@type\":\"WebPage\",\"@id\":\"https:\/\/vinilozona.lt\/parduotuve\/lietuviska\/juozas-naujalis-choras-cantemus-%e2%80%8e-motets\/\",\"url\":\"https:\/\/vinilozona.lt\/parduotuve\/lietuviska\/juozas-naujalis-choras-cantemus-%e2%80%8e-motets\/\",\"name\":\"Juozas Naujalis, Choras \\\"Cantemus\\\" \u200e\u2013 Motets Vinilin\u0117 Plok\u0161tel\u0117 | Vinilozona.lt\",\"isPartOf\":{\"@id\":\"https:\/\/vinilozona.lt\/#website\"},\"primaryImageOfPage\":{\"@id\":\"https:\/\/vinilozona.lt\/parduotuve\/lietuviska\/juozas-naujalis-choras-cantemus-%e2%80%8e-motets\/#primaryimage\"},\"image\":{\"@id\":\"https:\/\/vinilozona.lt\/parduotuve\/lietuviska\/juozas-naujalis-choras-cantemus-%e2%80%8e-motets\/#primaryimage\"},\"thumbnailUrl\":\"https:\/\/vinilozona.lt\/wp-content\/uploads\/2020\/10\/R-5366333-1443964259-4391.jpeg.jpg\",\"datePublished\":\"2020-10-21T07:13:27+00:00\",\"dateModified\":\"2023-02-28T07:51:02+00:00\",\"breadcrumb\":{\"@id\":\"https:\/\/vinilozona.lt\/parduotuve\/lietuviska\/juozas-naujalis-choras-cantemus-%e2%80%8e-motets\/#breadcrumb\"},\"inLanguage\":\"en-GB\",\"potentialAction\":[{\"@type\":\"ReadAction\",\"target\":[\"https:\/\/vinilozona.lt\/parduotuve\/lietuviska\/juozas-naujalis-choras-cantemus-%e2%80%8e-motets\/\"]}]},{\"@type\":\"ImageObject\",\"inLanguage\":\"en-GB\",\"@id\":\"https:\/\/vinilozona.lt\/parduotuve\/lietuviska\/juozas-naujalis-choras-cantemus-%e2%80%8e-motets\/#primaryimage\",\"url\":\"https:\/\/vinilozona.lt\/wp-content\/uploads\/2020\/10\/R-5366333-1443964259-4391.jpeg.jpg\",\"contentUrl\":\"https:\/\/vinilozona.lt\/wp-content\/uploads\/2020\/10\/R-5366333-1443964259-4391.jpeg.jpg\",\"width\":296,\"height\":300},{\"@type\":\"BreadcrumbList\",\"@id\":\"https:\/\/vinilozona.lt\/parduotuve\/lietuviska\/juozas-naujalis-choras-cantemus-%e2%80%8e-motets\/#breadcrumb\",\"itemListElement\":[{\"@type\":\"ListItem\",\"position\":1,\"name\":\"Home\",\"item\":\"https:\/\/vinilozona.lt\/\"},{\"@type\":\"ListItem\",\"position\":2,\"name\":\"Parduotuv\u0117\",\"item\":\"https:\/\/vinilozona.lt\/parduotuve\/\"},{\"@type\":\"ListItem\",\"position\":3,\"name\":\"Juozas Naujalis, Choras &#8220;Cantemus&#8221; \u200e\u2013 Motets\"}]},{\"@type\":\"WebSite\",\"@id\":\"https:\/\/vinilozona.lt\/#website\",\"url\":\"https:\/\/vinilozona.lt\/\",\"name\":\"Vinilo Zona\",\"description\":\"Nup\u016bsk dulkes ir klausyk LP\",\"potentialAction\":[{\"@type\":\"SearchAction\",\"target\":{\"@type\":\"EntryPoint\",\"urlTemplate\":\"https:\/\/vinilozona.lt\/?s={search_term_string}\"},\"query-input\":{\"@type\":\"PropertyValueSpecification\",\"valueRequired\":true,\"valueName\":\"search_term_string\"}}],\"inLanguage\":\"en-GB\"}]}<\/script>\n<!-- \/ Yoast SEO plugin. -->","yoast_head_json":{"title":"Juozas Naujalis, Choras \"Cantemus\" \u200e\u2013 Motets Vinilin\u0117 Plok\u0161tel\u0117 | Vinilozona.lt","robots":{"index":"index","follow":"follow","max-snippet":"max-snippet:-1","max-image-preview":"max-image-preview:large","max-video-preview":"max-video-preview:-1"},"canonical":"https:\/\/vinilozona.lt\/en\/parduotuve\/lietuviska\/juozas-naujalis-choras-cantemus-\u200e-motets\/","og_locale":"en_GB","og_type":"article","og_title":"Juozas Naujalis, Choras \"Cantemus\" \u200e\u2013 Motets Vinilin\u0117 Plok\u0161tel\u0117 | Vinilozona.lt","og_description":"\u042160 26253 000","og_url":"https:\/\/vinilozona.lt\/en\/parduotuve\/lietuviska\/juozas-naujalis-choras-cantemus-\u200e-motets\/","og_site_name":"Vinilo Zona","article_modified_time":"2023-02-28T07:51:02+00:00","og_image":[{"width":296,"height":300,"url":"https:\/\/vinilozona.lt\/wp-content\/uploads\/2020\/10\/R-5366333-1443964259-4391.jpeg.jpg","type":"image\/jpeg"}],"twitter_card":"summary_large_image","schema":{"@context":"https:\/\/schema.org","@graph":[{"@type":"WebPage","@id":"https:\/\/vinilozona.lt\/parduotuve\/lietuviska\/juozas-naujalis-choras-cantemus-%e2%80%8e-motets\/","url":"https:\/\/vinilozona.lt\/parduotuve\/lietuviska\/juozas-naujalis-choras-cantemus-%e2%80%8e-motets\/","name":"Juozas Naujalis, Choras \"Cantemus\" \u200e\u2013 Motets Vinilin\u0117 Plok\u0161tel\u0117 | Vinilozona.lt","isPartOf":{"@id":"https:\/\/vinilozona.lt\/#website"},"primaryImageOfPage":{"@id":"https:\/\/vinilozona.lt\/parduotuve\/lietuviska\/juozas-naujalis-choras-cantemus-%e2%80%8e-motets\/#primaryimage"},"image":{"@id":"https:\/\/vinilozona.lt\/parduotuve\/lietuviska\/juozas-naujalis-choras-cantemus-%e2%80%8e-motets\/#primaryimage"},"thumbnailUrl":"https:\/\/vinilozona.lt\/wp-content\/uploads\/2020\/10\/R-5366333-1443964259-4391.jpeg.jpg","datePublished":"2020-10-21T07:13:27+00:00","dateModified":"2023-02-28T07:51:02+00:00","breadcrumb":{"@id":"https:\/\/vinilozona.lt\/parduotuve\/lietuviska\/juozas-naujalis-choras-cantemus-%e2%80%8e-motets\/#breadcrumb"},"inLanguage":"en-GB","potentialAction":[{"@type":"ReadAction","target":["https:\/\/vinilozona.lt\/parduotuve\/lietuviska\/juozas-naujalis-choras-cantemus-%e2%80%8e-motets\/"]}]},{"@type":"ImageObject","inLanguage":"en-GB","@id":"https:\/\/vinilozona.lt\/parduotuve\/lietuviska\/juozas-naujalis-choras-cantemus-%e2%80%8e-motets\/#primaryimage","url":"https:\/\/vinilozona.lt\/wp-content\/uploads\/2020\/10\/R-5366333-1443964259-4391.jpeg.jpg","contentUrl":"https:\/\/vinilozona.lt\/wp-content\/uploads\/2020\/10\/R-5366333-1443964259-4391.jpeg.jpg","width":296,"height":300},{"@type":"BreadcrumbList","@id":"https:\/\/vinilozona.lt\/parduotuve\/lietuviska\/juozas-naujalis-choras-cantemus-%e2%80%8e-motets\/#breadcrumb","itemListElement":[{"@type":"ListItem","position":1,"name":"Home","item":"https:\/\/vinilozona.lt\/"},{"@type":"ListItem","position":2,"name":"Parduotuv\u0117","item":"https:\/\/vinilozona.lt\/parduotuve\/"},{"@type":"ListItem","position":3,"name":"Juozas Naujalis, Choras &#8220;Cantemus&#8221; \u200e\u2013 Motets"}]},{"@type":"WebSite","@id":"https:\/\/vinilozona.lt\/#website","url":"https:\/\/vinilozona.lt\/","name":"Vinilo Zona","description":"Nup\u016bsk dulkes ir klausyk LP","potentialAction":[{"@type":"SearchAction","target":{"@type":"EntryPoint","urlTemplate":"https:\/\/vinilozona.lt\/?s={search_term_string}"},"query-input":{"@type":"PropertyValueSpecification","valueRequired":true,"valueName":"search_term_string"}}],"inLanguage":"en-GB"}]}},"_links":{"self":[{"href":"https:\/\/vinilozona.lt\/en\/wp-json\/wp\/v2\/product\/12076"}],"collection":[{"href":"https:\/\/vinilozona.lt\/en\/wp-json\/wp\/v2\/product"}],"about":[{"href":"https:\/\/vinilozona.lt\/en\/wp-json\/wp\/v2\/types\/product"}],"wp:featuredmedia":[{"embeddable":true,"href":"https:\/\/vinilozona.lt\/en\/wp-json\/wp\/v2\/media\/12077"}],"wp:attachment":[{"href":"https:\/\/vinilozona.lt\/en\/wp-json\/wp\/v2\/media?parent=12076"}],"wp:term":[{"taxonomy":"product_cat","embeddable":true,"href":"https:\/\/vinilozona.lt\/en\/wp-json\/wp\/v2\/product_cat?post=12076"},{"taxonomy":"product_tag","embeddable":true,"href":"https:\/\/vinilozona.lt\/en\/wp-json\/wp\/v2\/product_tag?post=12076"}],"curies":[{"name":"wp","href":"https:\/\/api.w.org\/{rel}","templated":true}]}}