{"id":12074,"date":"2020-10-21T10:10:02","date_gmt":"2020-10-21T07:10:02","guid":{"rendered":"https:\/\/vinilozona.lt\/?post_type=product&#038;p=12074"},"modified":"2022-02-28T22:31:24","modified_gmt":"2022-02-28T20:31:24","slug":"siauliu-valstybinis-kamerinis-choras-polifonija-%e2%80%8e-musica-sacra-lithuaniae-1","status":"publish","type":"product","link":"https:\/\/vinilozona.lt\/en\/parduotuve\/lietuviska\/siauliu-valstybinis-kamerinis-choras-polifonija-%e2%80%8e-musica-sacra-lithuaniae-1\/","title":{"rendered":"\u0160iauli\u0173 Valstybinis Kamerinis Choras Polifonija \u200e\u2013 Musica Sacra Lithuaniae (1-2) 2LP"},"content":{"rendered":"<p>Gyvenim\u0105 Tas Tur\u0117s Pa\u0161lovint\u0105<br \/>\nCibavit Eos<br \/>\nJesu, Mi Bone Sentiam<br \/>\nIn Te Domine Speravi<br \/>\nLydi Nakt\u012f \u0160viesi Diena&#8230;<br \/>\nEgo Sum Pastor Bonus<br \/>\nMaldel\u0117, Kai Vaikai Eina Miegoti<br \/>\nInvitatorius, In Festo Nativitatis<br \/>\nO, Jesu, Mi Dulcissime<br \/>\nLietuva Brangi<br \/>\nPulkim Ant Keli\u0173<br \/>\nT\u0117ve M\u016bs\u0173<br \/>\nPopie\u017eiaus Himnas<\/p>\n<p>2:<br \/>\nA1\t\tEcce Sacerados Magnus 3:48<br \/>\nA2\t\tKaraliau, Tau Po Koj\u0173 2:11<br \/>\nA3\t\tSalve, Regina 4:20<br \/>\nA4\t\tO Sacrum Convivium 1:36<br \/>\nA5\t\tDievo Motina 4:08<br \/>\nA6\t\tHaec Dies 2:21<br \/>\nA7\t\tO Kristau, Pasaulio Valdove 2:35<br \/>\nB1\t\tGloria Tibi Trinitas 2:48<br \/>\nB2\t\tMotin Dievo 3:49<br \/>\nB3\t\tTrys Giesm\u0117s Marijai 1. Sancta Maria 2. Sveikinu Tave, Marija 3. Marija, Skais\u010diausia Marija 6:54<br \/>\nB4\t\tMarija, Marija 5:47<\/p>","protected":false},"excerpt":{"rendered":"<p>\u042160 26253 000<\/p>","protected":false},"featured_media":12075,"template":"","meta":[],"product_cat":[19],"product_tag":[55],"yoast_head":"<!-- This site is optimized with the Yoast SEO plugin v23.5 - https:\/\/yoast.com\/wordpress\/plugins\/seo\/ -->\n<title>\u0160iauli\u0173 Valstybinis Kamerinis Choras Polifonija \u200e\u2013 Musica Sacra Lithuaniae (1-2) 2LP Vinilin\u0117 Plok\u0161tel\u0117 | Vinilozona.lt<\/title>\n<meta name=\"robots\" content=\"index, follow, max-snippet:-1, max-image-preview:large, max-video-preview:-1\" \/>\n<link rel=\"canonical\" href=\"https:\/\/vinilozona.lt\/en\/parduotuve\/lietuviska\/siauliu-valstybinis-kamerinis-choras-polifonija-\u200e-musica-sacra-lithuaniae-1\/\" \/>\n<meta property=\"og:locale\" content=\"en_GB\" \/>\n<meta property=\"og:type\" content=\"article\" \/>\n<meta property=\"og:title\" content=\"\u0160iauli\u0173 Valstybinis Kamerinis Choras Polifonija \u200e\u2013 Musica Sacra Lithuaniae (1-2) 2LP Vinilin\u0117 Plok\u0161tel\u0117 | Vinilozona.lt\" \/>\n<meta property=\"og:description\" content=\"\u042160 26253 000\" \/>\n<meta property=\"og:url\" content=\"https:\/\/vinilozona.lt\/en\/parduotuve\/lietuviska\/siauliu-valstybinis-kamerinis-choras-polifonija-\u200e-musica-sacra-lithuaniae-1\/\" \/>\n<meta property=\"og:site_name\" content=\"Vinilo Zona\" \/>\n<meta property=\"article:modified_time\" content=\"2022-02-28T20:31:24+00:00\" \/>\n<meta property=\"og:image\" content=\"https:\/\/vinilozona.lt\/wp-content\/uploads\/2020\/10\/R-15754042-1598546148-5683.jpeg.jpg\" \/>\n\t<meta property=\"og:image:width\" content=\"296\" \/>\n\t<meta property=\"og:image:height\" content=\"300\" \/>\n\t<meta property=\"og:image:type\" content=\"image\/jpeg\" \/>\n<meta name=\"twitter:card\" content=\"summary_large_image\" \/>\n<meta name=\"twitter:label1\" content=\"Estimated reading time\" \/>\n\t<meta name=\"twitter:data1\" content=\"1 minute\" \/>\n<script type=\"application\/ld+json\" class=\"yoast-schema-graph\">{\"@context\":\"https:\/\/schema.org\",\"@graph\":[{\"@type\":\"WebPage\",\"@id\":\"https:\/\/vinilozona.lt\/parduotuve\/lietuviska\/siauliu-valstybinis-kamerinis-choras-polifonija-%e2%80%8e-musica-sacra-lithuaniae-1\/\",\"url\":\"https:\/\/vinilozona.lt\/parduotuve\/lietuviska\/siauliu-valstybinis-kamerinis-choras-polifonija-%e2%80%8e-musica-sacra-lithuaniae-1\/\",\"name\":\"\u0160iauli\u0173 Valstybinis Kamerinis Choras Polifonija \u200e\u2013 Musica Sacra Lithuaniae (1-2) 2LP Vinilin\u0117 Plok\u0161tel\u0117 | Vinilozona.lt\",\"isPartOf\":{\"@id\":\"https:\/\/vinilozona.lt\/#website\"},\"primaryImageOfPage\":{\"@id\":\"https:\/\/vinilozona.lt\/parduotuve\/lietuviska\/siauliu-valstybinis-kamerinis-choras-polifonija-%e2%80%8e-musica-sacra-lithuaniae-1\/#primaryimage\"},\"image\":{\"@id\":\"https:\/\/vinilozona.lt\/parduotuve\/lietuviska\/siauliu-valstybinis-kamerinis-choras-polifonija-%e2%80%8e-musica-sacra-lithuaniae-1\/#primaryimage\"},\"thumbnailUrl\":\"https:\/\/vinilozona.lt\/wp-content\/uploads\/2020\/10\/R-15754042-1598546148-5683.jpeg.jpg\",\"datePublished\":\"2020-10-21T07:10:02+00:00\",\"dateModified\":\"2022-02-28T20:31:24+00:00\",\"breadcrumb\":{\"@id\":\"https:\/\/vinilozona.lt\/parduotuve\/lietuviska\/siauliu-valstybinis-kamerinis-choras-polifonija-%e2%80%8e-musica-sacra-lithuaniae-1\/#breadcrumb\"},\"inLanguage\":\"en-GB\",\"potentialAction\":[{\"@type\":\"ReadAction\",\"target\":[\"https:\/\/vinilozona.lt\/parduotuve\/lietuviska\/siauliu-valstybinis-kamerinis-choras-polifonija-%e2%80%8e-musica-sacra-lithuaniae-1\/\"]}]},{\"@type\":\"ImageObject\",\"inLanguage\":\"en-GB\",\"@id\":\"https:\/\/vinilozona.lt\/parduotuve\/lietuviska\/siauliu-valstybinis-kamerinis-choras-polifonija-%e2%80%8e-musica-sacra-lithuaniae-1\/#primaryimage\",\"url\":\"https:\/\/vinilozona.lt\/wp-content\/uploads\/2020\/10\/R-15754042-1598546148-5683.jpeg.jpg\",\"contentUrl\":\"https:\/\/vinilozona.lt\/wp-content\/uploads\/2020\/10\/R-15754042-1598546148-5683.jpeg.jpg\",\"width\":296,\"height\":300},{\"@type\":\"BreadcrumbList\",\"@id\":\"https:\/\/vinilozona.lt\/parduotuve\/lietuviska\/siauliu-valstybinis-kamerinis-choras-polifonija-%e2%80%8e-musica-sacra-lithuaniae-1\/#breadcrumb\",\"itemListElement\":[{\"@type\":\"ListItem\",\"position\":1,\"name\":\"Home\",\"item\":\"https:\/\/vinilozona.lt\/\"},{\"@type\":\"ListItem\",\"position\":2,\"name\":\"Parduotuv\u0117\",\"item\":\"https:\/\/vinilozona.lt\/parduotuve\/\"},{\"@type\":\"ListItem\",\"position\":3,\"name\":\"\u0160iauli\u0173 Valstybinis Kamerinis Choras Polifonija \u200e\u2013 Musica Sacra Lithuaniae (1-2) 2LP\"}]},{\"@type\":\"WebSite\",\"@id\":\"https:\/\/vinilozona.lt\/#website\",\"url\":\"https:\/\/vinilozona.lt\/\",\"name\":\"Vinilo Zona\",\"description\":\"Nup\u016bsk dulkes ir klausyk LP\",\"potentialAction\":[{\"@type\":\"SearchAction\",\"target\":{\"@type\":\"EntryPoint\",\"urlTemplate\":\"https:\/\/vinilozona.lt\/?s={search_term_string}\"},\"query-input\":{\"@type\":\"PropertyValueSpecification\",\"valueRequired\":true,\"valueName\":\"search_term_string\"}}],\"inLanguage\":\"en-GB\"}]}<\/script>\n<!-- \/ Yoast SEO plugin. -->","yoast_head_json":{"title":"\u0160iauli\u0173 Valstybinis Kamerinis Choras Polifonija \u200e\u2013 Musica Sacra Lithuaniae (1-2) 2LP Vinilin\u0117 Plok\u0161tel\u0117 | Vinilozona.lt","robots":{"index":"index","follow":"follow","max-snippet":"max-snippet:-1","max-image-preview":"max-image-preview:large","max-video-preview":"max-video-preview:-1"},"canonical":"https:\/\/vinilozona.lt\/en\/parduotuve\/lietuviska\/siauliu-valstybinis-kamerinis-choras-polifonija-\u200e-musica-sacra-lithuaniae-1\/","og_locale":"en_GB","og_type":"article","og_title":"\u0160iauli\u0173 Valstybinis Kamerinis Choras Polifonija \u200e\u2013 Musica Sacra Lithuaniae (1-2) 2LP Vinilin\u0117 Plok\u0161tel\u0117 | Vinilozona.lt","og_description":"\u042160 26253 000","og_url":"https:\/\/vinilozona.lt\/en\/parduotuve\/lietuviska\/siauliu-valstybinis-kamerinis-choras-polifonija-\u200e-musica-sacra-lithuaniae-1\/","og_site_name":"Vinilo Zona","article_modified_time":"2022-02-28T20:31:24+00:00","og_image":[{"width":296,"height":300,"url":"https:\/\/vinilozona.lt\/wp-content\/uploads\/2020\/10\/R-15754042-1598546148-5683.jpeg.jpg","type":"image\/jpeg"}],"twitter_card":"summary_large_image","twitter_misc":{"Estimated reading time":"1 minute"},"schema":{"@context":"https:\/\/schema.org","@graph":[{"@type":"WebPage","@id":"https:\/\/vinilozona.lt\/parduotuve\/lietuviska\/siauliu-valstybinis-kamerinis-choras-polifonija-%e2%80%8e-musica-sacra-lithuaniae-1\/","url":"https:\/\/vinilozona.lt\/parduotuve\/lietuviska\/siauliu-valstybinis-kamerinis-choras-polifonija-%e2%80%8e-musica-sacra-lithuaniae-1\/","name":"\u0160iauli\u0173 Valstybinis Kamerinis Choras Polifonija \u200e\u2013 Musica Sacra Lithuaniae (1-2) 2LP Vinilin\u0117 Plok\u0161tel\u0117 | Vinilozona.lt","isPartOf":{"@id":"https:\/\/vinilozona.lt\/#website"},"primaryImageOfPage":{"@id":"https:\/\/vinilozona.lt\/parduotuve\/lietuviska\/siauliu-valstybinis-kamerinis-choras-polifonija-%e2%80%8e-musica-sacra-lithuaniae-1\/#primaryimage"},"image":{"@id":"https:\/\/vinilozona.lt\/parduotuve\/lietuviska\/siauliu-valstybinis-kamerinis-choras-polifonija-%e2%80%8e-musica-sacra-lithuaniae-1\/#primaryimage"},"thumbnailUrl":"https:\/\/vinilozona.lt\/wp-content\/uploads\/2020\/10\/R-15754042-1598546148-5683.jpeg.jpg","datePublished":"2020-10-21T07:10:02+00:00","dateModified":"2022-02-28T20:31:24+00:00","breadcrumb":{"@id":"https:\/\/vinilozona.lt\/parduotuve\/lietuviska\/siauliu-valstybinis-kamerinis-choras-polifonija-%e2%80%8e-musica-sacra-lithuaniae-1\/#breadcrumb"},"inLanguage":"en-GB","potentialAction":[{"@type":"ReadAction","target":["https:\/\/vinilozona.lt\/parduotuve\/lietuviska\/siauliu-valstybinis-kamerinis-choras-polifonija-%e2%80%8e-musica-sacra-lithuaniae-1\/"]}]},{"@type":"ImageObject","inLanguage":"en-GB","@id":"https:\/\/vinilozona.lt\/parduotuve\/lietuviska\/siauliu-valstybinis-kamerinis-choras-polifonija-%e2%80%8e-musica-sacra-lithuaniae-1\/#primaryimage","url":"https:\/\/vinilozona.lt\/wp-content\/uploads\/2020\/10\/R-15754042-1598546148-5683.jpeg.jpg","contentUrl":"https:\/\/vinilozona.lt\/wp-content\/uploads\/2020\/10\/R-15754042-1598546148-5683.jpeg.jpg","width":296,"height":300},{"@type":"BreadcrumbList","@id":"https:\/\/vinilozona.lt\/parduotuve\/lietuviska\/siauliu-valstybinis-kamerinis-choras-polifonija-%e2%80%8e-musica-sacra-lithuaniae-1\/#breadcrumb","itemListElement":[{"@type":"ListItem","position":1,"name":"Home","item":"https:\/\/vinilozona.lt\/"},{"@type":"ListItem","position":2,"name":"Parduotuv\u0117","item":"https:\/\/vinilozona.lt\/parduotuve\/"},{"@type":"ListItem","position":3,"name":"\u0160iauli\u0173 Valstybinis Kamerinis Choras Polifonija \u200e\u2013 Musica Sacra Lithuaniae (1-2) 2LP"}]},{"@type":"WebSite","@id":"https:\/\/vinilozona.lt\/#website","url":"https:\/\/vinilozona.lt\/","name":"Vinilo Zona","description":"Nup\u016bsk dulkes ir klausyk LP","potentialAction":[{"@type":"SearchAction","target":{"@type":"EntryPoint","urlTemplate":"https:\/\/vinilozona.lt\/?s={search_term_string}"},"query-input":{"@type":"PropertyValueSpecification","valueRequired":true,"valueName":"search_term_string"}}],"inLanguage":"en-GB"}]}},"_links":{"self":[{"href":"https:\/\/vinilozona.lt\/en\/wp-json\/wp\/v2\/product\/12074"}],"collection":[{"href":"https:\/\/vinilozona.lt\/en\/wp-json\/wp\/v2\/product"}],"about":[{"href":"https:\/\/vinilozona.lt\/en\/wp-json\/wp\/v2\/types\/product"}],"wp:featuredmedia":[{"embeddable":true,"href":"https:\/\/vinilozona.lt\/en\/wp-json\/wp\/v2\/media\/12075"}],"wp:attachment":[{"href":"https:\/\/vinilozona.lt\/en\/wp-json\/wp\/v2\/media?parent=12074"}],"wp:term":[{"taxonomy":"product_cat","embeddable":true,"href":"https:\/\/vinilozona.lt\/en\/wp-json\/wp\/v2\/product_cat?post=12074"},{"taxonomy":"product_tag","embeddable":true,"href":"https:\/\/vinilozona.lt\/en\/wp-json\/wp\/v2\/product_tag?post=12074"}],"curies":[{"name":"wp","href":"https:\/\/api.w.org\/{rel}","templated":true}]}}