{"id":12000,"date":"2021-04-08T11:48:10","date_gmt":"2021-04-08T08:48:10","guid":{"rendered":"https:\/\/vinilozona.lt\/?post_type=product&#038;p=12000"},"modified":"2021-08-01T11:50:15","modified_gmt":"2021-08-01T08:50:15","slug":"the-doors-%e2%80%8e-live-at-the-hollywood-bowl","status":"publish","type":"product","link":"https:\/\/vinilozona.lt\/en\/parduotuve\/rock-pop\/the-doors-%e2%80%8e-live-at-the-hollywood-bowl\/","title":{"rendered":"Doors \u200e\u2013 Live At The Hollywood Bowl"},"content":{"rendered":"<p>A1\tWake Up\t1:40<br \/>\nA2\tLight My Fire\t8:15<br \/>\nB1\tUnknown Soldier\t4:14<br \/>\nB2\tA Little Game\t1:20<br \/>\nB3\tThe Hill Dwellers\t2:21<br \/>\nB4\tSpanish Caravan\t1:19<\/p>","protected":false},"excerpt":{"rendered":"<p>Elektra \u200e\u2013 60741-1<\/p>","protected":false},"featured_media":12001,"template":"","meta":[],"product_cat":[15],"product_tag":[44],"yoast_head":"<!-- This site is optimized with the Yoast SEO plugin v23.5 - https:\/\/yoast.com\/wordpress\/plugins\/seo\/ -->\n<title>Doors \u200e\u2013 Live At The Hollywood Bowl Vinilin\u0117 Plok\u0161tel\u0117 | Vinilozona.lt<\/title>\n<meta name=\"robots\" content=\"index, follow, max-snippet:-1, max-image-preview:large, max-video-preview:-1\" \/>\n<link rel=\"canonical\" href=\"https:\/\/vinilozona.lt\/en\/parduotuve\/rock-pop\/the-doors-\u200e-live-at-the-hollywood-bowl\/\" \/>\n<meta property=\"og:locale\" content=\"en_GB\" \/>\n<meta property=\"og:type\" content=\"article\" \/>\n<meta property=\"og:title\" content=\"Doors \u200e\u2013 Live At The Hollywood Bowl Vinilin\u0117 Plok\u0161tel\u0117 | Vinilozona.lt\" \/>\n<meta property=\"og:description\" content=\"Elektra \u200e\u2013 60741-1\" \/>\n<meta property=\"og:url\" content=\"https:\/\/vinilozona.lt\/en\/parduotuve\/rock-pop\/the-doors-\u200e-live-at-the-hollywood-bowl\/\" \/>\n<meta property=\"og:site_name\" content=\"Vinilo Zona\" \/>\n<meta property=\"article:modified_time\" content=\"2021-08-01T08:50:15+00:00\" \/>\n<meta property=\"og:image\" content=\"https:\/\/vinilozona.lt\/wp-content\/uploads\/2020\/10\/R-1159043-1402501619-5623.jpeg.jpg\" \/>\n\t<meta property=\"og:image:width\" content=\"583\" \/>\n\t<meta property=\"og:image:height\" content=\"600\" \/>\n\t<meta property=\"og:image:type\" content=\"image\/jpeg\" \/>\n<meta name=\"twitter:card\" content=\"summary_large_image\" \/>\n<script type=\"application\/ld+json\" class=\"yoast-schema-graph\">{\"@context\":\"https:\/\/schema.org\",\"@graph\":[{\"@type\":\"WebPage\",\"@id\":\"https:\/\/vinilozona.lt\/parduotuve\/rock-pop\/the-doors-%e2%80%8e-live-at-the-hollywood-bowl\/\",\"url\":\"https:\/\/vinilozona.lt\/parduotuve\/rock-pop\/the-doors-%e2%80%8e-live-at-the-hollywood-bowl\/\",\"name\":\"Doors \u200e\u2013 Live At The Hollywood Bowl Vinilin\u0117 Plok\u0161tel\u0117 | Vinilozona.lt\",\"isPartOf\":{\"@id\":\"https:\/\/vinilozona.lt\/#website\"},\"primaryImageOfPage\":{\"@id\":\"https:\/\/vinilozona.lt\/parduotuve\/rock-pop\/the-doors-%e2%80%8e-live-at-the-hollywood-bowl\/#primaryimage\"},\"image\":{\"@id\":\"https:\/\/vinilozona.lt\/parduotuve\/rock-pop\/the-doors-%e2%80%8e-live-at-the-hollywood-bowl\/#primaryimage\"},\"thumbnailUrl\":\"https:\/\/vinilozona.lt\/wp-content\/uploads\/2020\/10\/R-1159043-1402501619-5623.jpeg.jpg\",\"datePublished\":\"2021-04-08T08:48:10+00:00\",\"dateModified\":\"2021-08-01T08:50:15+00:00\",\"breadcrumb\":{\"@id\":\"https:\/\/vinilozona.lt\/parduotuve\/rock-pop\/the-doors-%e2%80%8e-live-at-the-hollywood-bowl\/#breadcrumb\"},\"inLanguage\":\"en-GB\",\"potentialAction\":[{\"@type\":\"ReadAction\",\"target\":[\"https:\/\/vinilozona.lt\/parduotuve\/rock-pop\/the-doors-%e2%80%8e-live-at-the-hollywood-bowl\/\"]}]},{\"@type\":\"ImageObject\",\"inLanguage\":\"en-GB\",\"@id\":\"https:\/\/vinilozona.lt\/parduotuve\/rock-pop\/the-doors-%e2%80%8e-live-at-the-hollywood-bowl\/#primaryimage\",\"url\":\"https:\/\/vinilozona.lt\/wp-content\/uploads\/2020\/10\/R-1159043-1402501619-5623.jpeg.jpg\",\"contentUrl\":\"https:\/\/vinilozona.lt\/wp-content\/uploads\/2020\/10\/R-1159043-1402501619-5623.jpeg.jpg\",\"width\":583,\"height\":600},{\"@type\":\"BreadcrumbList\",\"@id\":\"https:\/\/vinilozona.lt\/parduotuve\/rock-pop\/the-doors-%e2%80%8e-live-at-the-hollywood-bowl\/#breadcrumb\",\"itemListElement\":[{\"@type\":\"ListItem\",\"position\":1,\"name\":\"Home\",\"item\":\"https:\/\/vinilozona.lt\/\"},{\"@type\":\"ListItem\",\"position\":2,\"name\":\"Parduotuv\u0117\",\"item\":\"https:\/\/vinilozona.lt\/parduotuve\/\"},{\"@type\":\"ListItem\",\"position\":3,\"name\":\"Doors \u200e\u2013 Live At The Hollywood Bowl\"}]},{\"@type\":\"WebSite\",\"@id\":\"https:\/\/vinilozona.lt\/#website\",\"url\":\"https:\/\/vinilozona.lt\/\",\"name\":\"Vinilo Zona\",\"description\":\"Nup\u016bsk dulkes ir klausyk LP\",\"potentialAction\":[{\"@type\":\"SearchAction\",\"target\":{\"@type\":\"EntryPoint\",\"urlTemplate\":\"https:\/\/vinilozona.lt\/?s={search_term_string}\"},\"query-input\":{\"@type\":\"PropertyValueSpecification\",\"valueRequired\":true,\"valueName\":\"search_term_string\"}}],\"inLanguage\":\"en-GB\"}]}<\/script>\n<!-- \/ Yoast SEO plugin. -->","yoast_head_json":{"title":"Doors \u200e\u2013 Live At The Hollywood Bowl Vinilin\u0117 Plok\u0161tel\u0117 | Vinilozona.lt","robots":{"index":"index","follow":"follow","max-snippet":"max-snippet:-1","max-image-preview":"max-image-preview:large","max-video-preview":"max-video-preview:-1"},"canonical":"https:\/\/vinilozona.lt\/en\/parduotuve\/rock-pop\/the-doors-\u200e-live-at-the-hollywood-bowl\/","og_locale":"en_GB","og_type":"article","og_title":"Doors \u200e\u2013 Live At The Hollywood Bowl Vinilin\u0117 Plok\u0161tel\u0117 | Vinilozona.lt","og_description":"Elektra \u200e\u2013 60741-1","og_url":"https:\/\/vinilozona.lt\/en\/parduotuve\/rock-pop\/the-doors-\u200e-live-at-the-hollywood-bowl\/","og_site_name":"Vinilo Zona","article_modified_time":"2021-08-01T08:50:15+00:00","og_image":[{"width":583,"height":600,"url":"https:\/\/vinilozona.lt\/wp-content\/uploads\/2020\/10\/R-1159043-1402501619-5623.jpeg.jpg","type":"image\/jpeg"}],"twitter_card":"summary_large_image","schema":{"@context":"https:\/\/schema.org","@graph":[{"@type":"WebPage","@id":"https:\/\/vinilozona.lt\/parduotuve\/rock-pop\/the-doors-%e2%80%8e-live-at-the-hollywood-bowl\/","url":"https:\/\/vinilozona.lt\/parduotuve\/rock-pop\/the-doors-%e2%80%8e-live-at-the-hollywood-bowl\/","name":"Doors \u200e\u2013 Live At The Hollywood Bowl Vinilin\u0117 Plok\u0161tel\u0117 | Vinilozona.lt","isPartOf":{"@id":"https:\/\/vinilozona.lt\/#website"},"primaryImageOfPage":{"@id":"https:\/\/vinilozona.lt\/parduotuve\/rock-pop\/the-doors-%e2%80%8e-live-at-the-hollywood-bowl\/#primaryimage"},"image":{"@id":"https:\/\/vinilozona.lt\/parduotuve\/rock-pop\/the-doors-%e2%80%8e-live-at-the-hollywood-bowl\/#primaryimage"},"thumbnailUrl":"https:\/\/vinilozona.lt\/wp-content\/uploads\/2020\/10\/R-1159043-1402501619-5623.jpeg.jpg","datePublished":"2021-04-08T08:48:10+00:00","dateModified":"2021-08-01T08:50:15+00:00","breadcrumb":{"@id":"https:\/\/vinilozona.lt\/parduotuve\/rock-pop\/the-doors-%e2%80%8e-live-at-the-hollywood-bowl\/#breadcrumb"},"inLanguage":"en-GB","potentialAction":[{"@type":"ReadAction","target":["https:\/\/vinilozona.lt\/parduotuve\/rock-pop\/the-doors-%e2%80%8e-live-at-the-hollywood-bowl\/"]}]},{"@type":"ImageObject","inLanguage":"en-GB","@id":"https:\/\/vinilozona.lt\/parduotuve\/rock-pop\/the-doors-%e2%80%8e-live-at-the-hollywood-bowl\/#primaryimage","url":"https:\/\/vinilozona.lt\/wp-content\/uploads\/2020\/10\/R-1159043-1402501619-5623.jpeg.jpg","contentUrl":"https:\/\/vinilozona.lt\/wp-content\/uploads\/2020\/10\/R-1159043-1402501619-5623.jpeg.jpg","width":583,"height":600},{"@type":"BreadcrumbList","@id":"https:\/\/vinilozona.lt\/parduotuve\/rock-pop\/the-doors-%e2%80%8e-live-at-the-hollywood-bowl\/#breadcrumb","itemListElement":[{"@type":"ListItem","position":1,"name":"Home","item":"https:\/\/vinilozona.lt\/"},{"@type":"ListItem","position":2,"name":"Parduotuv\u0117","item":"https:\/\/vinilozona.lt\/parduotuve\/"},{"@type":"ListItem","position":3,"name":"Doors \u200e\u2013 Live At The Hollywood Bowl"}]},{"@type":"WebSite","@id":"https:\/\/vinilozona.lt\/#website","url":"https:\/\/vinilozona.lt\/","name":"Vinilo Zona","description":"Nup\u016bsk dulkes ir klausyk LP","potentialAction":[{"@type":"SearchAction","target":{"@type":"EntryPoint","urlTemplate":"https:\/\/vinilozona.lt\/?s={search_term_string}"},"query-input":{"@type":"PropertyValueSpecification","valueRequired":true,"valueName":"search_term_string"}}],"inLanguage":"en-GB"}]}},"_links":{"self":[{"href":"https:\/\/vinilozona.lt\/en\/wp-json\/wp\/v2\/product\/12000"}],"collection":[{"href":"https:\/\/vinilozona.lt\/en\/wp-json\/wp\/v2\/product"}],"about":[{"href":"https:\/\/vinilozona.lt\/en\/wp-json\/wp\/v2\/types\/product"}],"wp:featuredmedia":[{"embeddable":true,"href":"https:\/\/vinilozona.lt\/en\/wp-json\/wp\/v2\/media\/12001"}],"wp:attachment":[{"href":"https:\/\/vinilozona.lt\/en\/wp-json\/wp\/v2\/media?parent=12000"}],"wp:term":[{"taxonomy":"product_cat","embeddable":true,"href":"https:\/\/vinilozona.lt\/en\/wp-json\/wp\/v2\/product_cat?post=12000"},{"taxonomy":"product_tag","embeddable":true,"href":"https:\/\/vinilozona.lt\/en\/wp-json\/wp\/v2\/product_tag?post=12000"}],"curies":[{"name":"wp","href":"https:\/\/api.w.org\/{rel}","templated":true}]}}