{"id":11992,"date":"2021-05-20T09:50:35","date_gmt":"2021-05-20T06:50:35","guid":{"rendered":"https:\/\/vinilozona.lt\/?post_type=product&#038;p=11992"},"modified":"2022-11-18T11:29:33","modified_gmt":"2022-11-18T09:29:33","slug":"adriano-celentano-%e2%80%8e-viva-italia","status":"publish","type":"product","link":"https:\/\/vinilozona.lt\/en\/parduotuve\/rock-pop\/adriano-celentano-%e2%80%8e-viva-italia\/","title":{"rendered":"Adriano Celentano \u200e\u2013 Viva Italia"},"content":{"rendered":"<p>Azzurro\t3:32<br \/>\nUna Festa Sui Prati\t3:10<br \/>\nLavoro E Amore (Chi Non Lavora Non Fa L&#8217;Amore)\t2:56<br \/>\nIl Ragazzo Della Via Gluck\t3:54<br \/>\nPrisencolinensinainciusol\t3:18<br \/>\nCiao Ragazzi\t2:32<br \/>\nLa Coppia Pi\u00f9 Bella Del Mondo\t3:01<br \/>\nBuona Sera, Signorina\t3:12<br \/>\nUna Storia Come Questa\t3:55<br \/>\nUn Albero Di 30 Piani\t4:04<br \/>\nIl Tempo Se Ne Va\t3:18<br \/>\nUn P\u00f3 Artista Un P\u00f3 No\t3:58<br \/>\nSoli\t3:01<br \/>\nAmore No\t3:47<br \/>\nSvalutation\t2:49<br \/>\nIo E Te\t3:12<br \/>\nPreghero\t4:25<br \/>\nEravamo In 100.000\t2:25<br \/>\nNon \u00c8\t3:00<br \/>\nStoria D&#8217;Amore\t3:30<\/p>","protected":false},"excerpt":{"rendered":"<p>Ariola \u200e\u2013 31 207 4 <\/p>","protected":false},"featured_media":11993,"template":"","meta":[],"product_cat":[15],"product_tag":[44],"yoast_head":"<!-- This site is optimized with the Yoast SEO plugin v23.5 - https:\/\/yoast.com\/wordpress\/plugins\/seo\/ -->\n<title>Adriano Celentano \u200e\u2013 Viva Italia Vinilin\u0117 Plok\u0161tel\u0117 | Vinilozona.lt<\/title>\n<meta name=\"robots\" content=\"index, follow, max-snippet:-1, max-image-preview:large, max-video-preview:-1\" \/>\n<link rel=\"canonical\" href=\"https:\/\/vinilozona.lt\/en\/parduotuve\/rock-pop\/adriano-celentano-\u200e-viva-italia\/\" \/>\n<meta property=\"og:locale\" content=\"en_GB\" \/>\n<meta property=\"og:type\" content=\"article\" \/>\n<meta property=\"og:title\" content=\"Adriano Celentano \u200e\u2013 Viva Italia Vinilin\u0117 Plok\u0161tel\u0117 | Vinilozona.lt\" \/>\n<meta property=\"og:description\" content=\"Ariola \u200e\u2013 31 207 4\" \/>\n<meta property=\"og:url\" content=\"https:\/\/vinilozona.lt\/en\/parduotuve\/rock-pop\/adriano-celentano-\u200e-viva-italia\/\" \/>\n<meta property=\"og:site_name\" content=\"Vinilo Zona\" \/>\n<meta property=\"article:modified_time\" content=\"2022-11-18T09:29:33+00:00\" \/>\n<meta property=\"og:image\" content=\"https:\/\/vinilozona.lt\/wp-content\/uploads\/2020\/10\/R-947920-1205255480.jpeg.jpg\" \/>\n\t<meta property=\"og:image:width\" content=\"600\" \/>\n\t<meta property=\"og:image:height\" content=\"577\" \/>\n\t<meta property=\"og:image:type\" content=\"image\/jpeg\" \/>\n<meta name=\"twitter:card\" content=\"summary_large_image\" \/>\n<script type=\"application\/ld+json\" class=\"yoast-schema-graph\">{\"@context\":\"https:\/\/schema.org\",\"@graph\":[{\"@type\":\"WebPage\",\"@id\":\"https:\/\/vinilozona.lt\/parduotuve\/rock-pop\/adriano-celentano-%e2%80%8e-viva-italia\/\",\"url\":\"https:\/\/vinilozona.lt\/parduotuve\/rock-pop\/adriano-celentano-%e2%80%8e-viva-italia\/\",\"name\":\"Adriano Celentano \u200e\u2013 Viva Italia Vinilin\u0117 Plok\u0161tel\u0117 | Vinilozona.lt\",\"isPartOf\":{\"@id\":\"https:\/\/vinilozona.lt\/#website\"},\"primaryImageOfPage\":{\"@id\":\"https:\/\/vinilozona.lt\/parduotuve\/rock-pop\/adriano-celentano-%e2%80%8e-viva-italia\/#primaryimage\"},\"image\":{\"@id\":\"https:\/\/vinilozona.lt\/parduotuve\/rock-pop\/adriano-celentano-%e2%80%8e-viva-italia\/#primaryimage\"},\"thumbnailUrl\":\"https:\/\/vinilozona.lt\/wp-content\/uploads\/2020\/10\/R-947920-1205255480.jpeg.jpg\",\"datePublished\":\"2021-05-20T06:50:35+00:00\",\"dateModified\":\"2022-11-18T09:29:33+00:00\",\"breadcrumb\":{\"@id\":\"https:\/\/vinilozona.lt\/parduotuve\/rock-pop\/adriano-celentano-%e2%80%8e-viva-italia\/#breadcrumb\"},\"inLanguage\":\"en-GB\",\"potentialAction\":[{\"@type\":\"ReadAction\",\"target\":[\"https:\/\/vinilozona.lt\/parduotuve\/rock-pop\/adriano-celentano-%e2%80%8e-viva-italia\/\"]}]},{\"@type\":\"ImageObject\",\"inLanguage\":\"en-GB\",\"@id\":\"https:\/\/vinilozona.lt\/parduotuve\/rock-pop\/adriano-celentano-%e2%80%8e-viva-italia\/#primaryimage\",\"url\":\"https:\/\/vinilozona.lt\/wp-content\/uploads\/2020\/10\/R-947920-1205255480.jpeg.jpg\",\"contentUrl\":\"https:\/\/vinilozona.lt\/wp-content\/uploads\/2020\/10\/R-947920-1205255480.jpeg.jpg\",\"width\":600,\"height\":577},{\"@type\":\"BreadcrumbList\",\"@id\":\"https:\/\/vinilozona.lt\/parduotuve\/rock-pop\/adriano-celentano-%e2%80%8e-viva-italia\/#breadcrumb\",\"itemListElement\":[{\"@type\":\"ListItem\",\"position\":1,\"name\":\"Home\",\"item\":\"https:\/\/vinilozona.lt\/\"},{\"@type\":\"ListItem\",\"position\":2,\"name\":\"Parduotuv\u0117\",\"item\":\"https:\/\/vinilozona.lt\/parduotuve\/\"},{\"@type\":\"ListItem\",\"position\":3,\"name\":\"Adriano Celentano \u200e\u2013 Viva Italia\"}]},{\"@type\":\"WebSite\",\"@id\":\"https:\/\/vinilozona.lt\/#website\",\"url\":\"https:\/\/vinilozona.lt\/\",\"name\":\"Vinilo Zona\",\"description\":\"Nup\u016bsk dulkes ir klausyk LP\",\"potentialAction\":[{\"@type\":\"SearchAction\",\"target\":{\"@type\":\"EntryPoint\",\"urlTemplate\":\"https:\/\/vinilozona.lt\/?s={search_term_string}\"},\"query-input\":{\"@type\":\"PropertyValueSpecification\",\"valueRequired\":true,\"valueName\":\"search_term_string\"}}],\"inLanguage\":\"en-GB\"}]}<\/script>\n<!-- \/ Yoast SEO plugin. -->","yoast_head_json":{"title":"Adriano Celentano \u200e\u2013 Viva Italia Vinilin\u0117 Plok\u0161tel\u0117 | Vinilozona.lt","robots":{"index":"index","follow":"follow","max-snippet":"max-snippet:-1","max-image-preview":"max-image-preview:large","max-video-preview":"max-video-preview:-1"},"canonical":"https:\/\/vinilozona.lt\/en\/parduotuve\/rock-pop\/adriano-celentano-\u200e-viva-italia\/","og_locale":"en_GB","og_type":"article","og_title":"Adriano Celentano \u200e\u2013 Viva Italia Vinilin\u0117 Plok\u0161tel\u0117 | Vinilozona.lt","og_description":"Ariola \u200e\u2013 31 207 4","og_url":"https:\/\/vinilozona.lt\/en\/parduotuve\/rock-pop\/adriano-celentano-\u200e-viva-italia\/","og_site_name":"Vinilo Zona","article_modified_time":"2022-11-18T09:29:33+00:00","og_image":[{"width":600,"height":577,"url":"https:\/\/vinilozona.lt\/wp-content\/uploads\/2020\/10\/R-947920-1205255480.jpeg.jpg","type":"image\/jpeg"}],"twitter_card":"summary_large_image","schema":{"@context":"https:\/\/schema.org","@graph":[{"@type":"WebPage","@id":"https:\/\/vinilozona.lt\/parduotuve\/rock-pop\/adriano-celentano-%e2%80%8e-viva-italia\/","url":"https:\/\/vinilozona.lt\/parduotuve\/rock-pop\/adriano-celentano-%e2%80%8e-viva-italia\/","name":"Adriano Celentano \u200e\u2013 Viva Italia Vinilin\u0117 Plok\u0161tel\u0117 | Vinilozona.lt","isPartOf":{"@id":"https:\/\/vinilozona.lt\/#website"},"primaryImageOfPage":{"@id":"https:\/\/vinilozona.lt\/parduotuve\/rock-pop\/adriano-celentano-%e2%80%8e-viva-italia\/#primaryimage"},"image":{"@id":"https:\/\/vinilozona.lt\/parduotuve\/rock-pop\/adriano-celentano-%e2%80%8e-viva-italia\/#primaryimage"},"thumbnailUrl":"https:\/\/vinilozona.lt\/wp-content\/uploads\/2020\/10\/R-947920-1205255480.jpeg.jpg","datePublished":"2021-05-20T06:50:35+00:00","dateModified":"2022-11-18T09:29:33+00:00","breadcrumb":{"@id":"https:\/\/vinilozona.lt\/parduotuve\/rock-pop\/adriano-celentano-%e2%80%8e-viva-italia\/#breadcrumb"},"inLanguage":"en-GB","potentialAction":[{"@type":"ReadAction","target":["https:\/\/vinilozona.lt\/parduotuve\/rock-pop\/adriano-celentano-%e2%80%8e-viva-italia\/"]}]},{"@type":"ImageObject","inLanguage":"en-GB","@id":"https:\/\/vinilozona.lt\/parduotuve\/rock-pop\/adriano-celentano-%e2%80%8e-viva-italia\/#primaryimage","url":"https:\/\/vinilozona.lt\/wp-content\/uploads\/2020\/10\/R-947920-1205255480.jpeg.jpg","contentUrl":"https:\/\/vinilozona.lt\/wp-content\/uploads\/2020\/10\/R-947920-1205255480.jpeg.jpg","width":600,"height":577},{"@type":"BreadcrumbList","@id":"https:\/\/vinilozona.lt\/parduotuve\/rock-pop\/adriano-celentano-%e2%80%8e-viva-italia\/#breadcrumb","itemListElement":[{"@type":"ListItem","position":1,"name":"Home","item":"https:\/\/vinilozona.lt\/"},{"@type":"ListItem","position":2,"name":"Parduotuv\u0117","item":"https:\/\/vinilozona.lt\/parduotuve\/"},{"@type":"ListItem","position":3,"name":"Adriano Celentano \u200e\u2013 Viva Italia"}]},{"@type":"WebSite","@id":"https:\/\/vinilozona.lt\/#website","url":"https:\/\/vinilozona.lt\/","name":"Vinilo Zona","description":"Nup\u016bsk dulkes ir klausyk LP","potentialAction":[{"@type":"SearchAction","target":{"@type":"EntryPoint","urlTemplate":"https:\/\/vinilozona.lt\/?s={search_term_string}"},"query-input":{"@type":"PropertyValueSpecification","valueRequired":true,"valueName":"search_term_string"}}],"inLanguage":"en-GB"}]}},"_links":{"self":[{"href":"https:\/\/vinilozona.lt\/en\/wp-json\/wp\/v2\/product\/11992"}],"collection":[{"href":"https:\/\/vinilozona.lt\/en\/wp-json\/wp\/v2\/product"}],"about":[{"href":"https:\/\/vinilozona.lt\/en\/wp-json\/wp\/v2\/types\/product"}],"wp:featuredmedia":[{"embeddable":true,"href":"https:\/\/vinilozona.lt\/en\/wp-json\/wp\/v2\/media\/11993"}],"wp:attachment":[{"href":"https:\/\/vinilozona.lt\/en\/wp-json\/wp\/v2\/media?parent=11992"}],"wp:term":[{"taxonomy":"product_cat","embeddable":true,"href":"https:\/\/vinilozona.lt\/en\/wp-json\/wp\/v2\/product_cat?post=11992"},{"taxonomy":"product_tag","embeddable":true,"href":"https:\/\/vinilozona.lt\/en\/wp-json\/wp\/v2\/product_tag?post=11992"}],"curies":[{"name":"wp","href":"https:\/\/api.w.org\/{rel}","templated":true}]}}