{"id":11976,"date":"2024-10-29T05:01:57","date_gmt":"2024-10-29T03:01:57","guid":{"rendered":"https:\/\/vinilozona.lt\/?post_type=product&#038;p=11976"},"modified":"2024-10-28T20:14:58","modified_gmt":"2024-10-28T18:14:58","slug":"joe-cocker-%e2%80%8e-unchain-my-heart","status":"publish","type":"product","link":"https:\/\/vinilozona.lt\/en\/parduotuve\/rock-pop\/joe-cocker-%e2%80%8e-unchain-my-heart\/","title":{"rendered":"Joe Cocker \u200e\u2013 Unchain My Heart"},"content":{"rendered":"<p>Unchain My Heart\t5:02<br \/>\nTwo Wrongs\t4:01<br \/>\nI Stand In Wonder\t4:21<br \/>\nThe River&#8217;s Rising\t4:04<br \/>\nIsolation\t3:48<br \/>\nAll Our Tomorrows\t4:22<br \/>\nA Woman Loves A Man\t4:14<br \/>\nTrust In Me\t4:13<br \/>\nThe One\t4:34<br \/>\nSatisfied\t3:21<\/p>","protected":false},"excerpt":{"rendered":"<p>Capitol Records \u2013 1C 064 7 48285 1, Capitol Records \u2013 064 7 48285 1, Capitol Records \u2013 7 48285 1<br \/>\nFormat:<br \/>\nVinyl, LP, Album, Stereo<br \/>\nCountry: Europe<br \/>\nReleased:  1987<\/p>","protected":false},"featured_media":11977,"template":"","meta":[],"product_cat":[15],"product_tag":[44],"yoast_head":"<!-- This site is optimized with the Yoast SEO plugin v23.5 - https:\/\/yoast.com\/wordpress\/plugins\/seo\/ -->\n<title>Joe Cocker \u200e\u2013 Unchain My Heart Vinilin\u0117 Plok\u0161tel\u0117 | Vinilozona.lt<\/title>\n<meta name=\"robots\" content=\"index, follow, max-snippet:-1, max-image-preview:large, max-video-preview:-1\" \/>\n<link rel=\"canonical\" href=\"https:\/\/vinilozona.lt\/en\/parduotuve\/rock-pop\/joe-cocker-\u200e-unchain-my-heart\/\" \/>\n<meta property=\"og:locale\" content=\"en_GB\" \/>\n<meta property=\"og:type\" content=\"article\" \/>\n<meta property=\"og:title\" content=\"Joe Cocker \u200e\u2013 Unchain My Heart Vinilin\u0117 Plok\u0161tel\u0117 | Vinilozona.lt\" \/>\n<meta property=\"og:description\" content=\"Capitol Records \u2013 1C 064 7 48285 1, Capitol Records \u2013 064 7 48285 1, Capitol Records \u2013 7 48285 1 Format: Vinyl, LP, Album, Stereo Country: Europe Released: 1987\" \/>\n<meta property=\"og:url\" content=\"https:\/\/vinilozona.lt\/en\/parduotuve\/rock-pop\/joe-cocker-\u200e-unchain-my-heart\/\" \/>\n<meta property=\"og:site_name\" content=\"Vinilo Zona\" \/>\n<meta property=\"article:modified_time\" content=\"2024-10-28T18:14:58+00:00\" \/>\n<meta property=\"og:image\" content=\"https:\/\/vinilozona.lt\/wp-content\/uploads\/2020\/10\/R-1547747-1513183998-8429.jpeg.jpg\" \/>\n\t<meta property=\"og:image:width\" content=\"600\" \/>\n\t<meta property=\"og:image:height\" content=\"605\" \/>\n\t<meta property=\"og:image:type\" content=\"image\/jpeg\" \/>\n<meta name=\"twitter:card\" content=\"summary_large_image\" \/>\n<meta name=\"twitter:label1\" content=\"Estimated reading time\" \/>\n\t<meta name=\"twitter:data1\" content=\"1 minute\" \/>\n<script type=\"application\/ld+json\" class=\"yoast-schema-graph\">{\"@context\":\"https:\/\/schema.org\",\"@graph\":[{\"@type\":\"WebPage\",\"@id\":\"https:\/\/vinilozona.lt\/parduotuve\/rock-pop\/joe-cocker-%e2%80%8e-unchain-my-heart\/\",\"url\":\"https:\/\/vinilozona.lt\/parduotuve\/rock-pop\/joe-cocker-%e2%80%8e-unchain-my-heart\/\",\"name\":\"Joe Cocker \u200e\u2013 Unchain My Heart Vinilin\u0117 Plok\u0161tel\u0117 | Vinilozona.lt\",\"isPartOf\":{\"@id\":\"https:\/\/vinilozona.lt\/#website\"},\"primaryImageOfPage\":{\"@id\":\"https:\/\/vinilozona.lt\/parduotuve\/rock-pop\/joe-cocker-%e2%80%8e-unchain-my-heart\/#primaryimage\"},\"image\":{\"@id\":\"https:\/\/vinilozona.lt\/parduotuve\/rock-pop\/joe-cocker-%e2%80%8e-unchain-my-heart\/#primaryimage\"},\"thumbnailUrl\":\"https:\/\/vinilozona.lt\/wp-content\/uploads\/2020\/10\/R-1547747-1513183998-8429.jpeg.jpg\",\"datePublished\":\"2024-10-29T03:01:57+00:00\",\"dateModified\":\"2024-10-28T18:14:58+00:00\",\"breadcrumb\":{\"@id\":\"https:\/\/vinilozona.lt\/parduotuve\/rock-pop\/joe-cocker-%e2%80%8e-unchain-my-heart\/#breadcrumb\"},\"inLanguage\":\"en-GB\",\"potentialAction\":[{\"@type\":\"ReadAction\",\"target\":[\"https:\/\/vinilozona.lt\/parduotuve\/rock-pop\/joe-cocker-%e2%80%8e-unchain-my-heart\/\"]}]},{\"@type\":\"ImageObject\",\"inLanguage\":\"en-GB\",\"@id\":\"https:\/\/vinilozona.lt\/parduotuve\/rock-pop\/joe-cocker-%e2%80%8e-unchain-my-heart\/#primaryimage\",\"url\":\"https:\/\/vinilozona.lt\/wp-content\/uploads\/2020\/10\/R-1547747-1513183998-8429.jpeg.jpg\",\"contentUrl\":\"https:\/\/vinilozona.lt\/wp-content\/uploads\/2020\/10\/R-1547747-1513183998-8429.jpeg.jpg\",\"width\":600,\"height\":605},{\"@type\":\"BreadcrumbList\",\"@id\":\"https:\/\/vinilozona.lt\/parduotuve\/rock-pop\/joe-cocker-%e2%80%8e-unchain-my-heart\/#breadcrumb\",\"itemListElement\":[{\"@type\":\"ListItem\",\"position\":1,\"name\":\"Home\",\"item\":\"https:\/\/vinilozona.lt\/\"},{\"@type\":\"ListItem\",\"position\":2,\"name\":\"Parduotuv\u0117\",\"item\":\"https:\/\/vinilozona.lt\/parduotuve\/\"},{\"@type\":\"ListItem\",\"position\":3,\"name\":\"Joe Cocker \u200e\u2013 Unchain My Heart\"}]},{\"@type\":\"WebSite\",\"@id\":\"https:\/\/vinilozona.lt\/#website\",\"url\":\"https:\/\/vinilozona.lt\/\",\"name\":\"Vinilo Zona\",\"description\":\"Nup\u016bsk dulkes ir klausyk LP\",\"potentialAction\":[{\"@type\":\"SearchAction\",\"target\":{\"@type\":\"EntryPoint\",\"urlTemplate\":\"https:\/\/vinilozona.lt\/?s={search_term_string}\"},\"query-input\":{\"@type\":\"PropertyValueSpecification\",\"valueRequired\":true,\"valueName\":\"search_term_string\"}}],\"inLanguage\":\"en-GB\"}]}<\/script>\n<!-- \/ Yoast SEO plugin. -->","yoast_head_json":{"title":"Joe Cocker \u200e\u2013 Unchain My Heart Vinilin\u0117 Plok\u0161tel\u0117 | Vinilozona.lt","robots":{"index":"index","follow":"follow","max-snippet":"max-snippet:-1","max-image-preview":"max-image-preview:large","max-video-preview":"max-video-preview:-1"},"canonical":"https:\/\/vinilozona.lt\/en\/parduotuve\/rock-pop\/joe-cocker-\u200e-unchain-my-heart\/","og_locale":"en_GB","og_type":"article","og_title":"Joe Cocker \u200e\u2013 Unchain My Heart Vinilin\u0117 Plok\u0161tel\u0117 | Vinilozona.lt","og_description":"Capitol Records \u2013 1C 064 7 48285 1, Capitol Records \u2013 064 7 48285 1, Capitol Records \u2013 7 48285 1 Format: Vinyl, LP, Album, Stereo Country: Europe Released: 1987","og_url":"https:\/\/vinilozona.lt\/en\/parduotuve\/rock-pop\/joe-cocker-\u200e-unchain-my-heart\/","og_site_name":"Vinilo Zona","article_modified_time":"2024-10-28T18:14:58+00:00","og_image":[{"width":600,"height":605,"url":"https:\/\/vinilozona.lt\/wp-content\/uploads\/2020\/10\/R-1547747-1513183998-8429.jpeg.jpg","type":"image\/jpeg"}],"twitter_card":"summary_large_image","twitter_misc":{"Estimated reading time":"1 minute"},"schema":{"@context":"https:\/\/schema.org","@graph":[{"@type":"WebPage","@id":"https:\/\/vinilozona.lt\/parduotuve\/rock-pop\/joe-cocker-%e2%80%8e-unchain-my-heart\/","url":"https:\/\/vinilozona.lt\/parduotuve\/rock-pop\/joe-cocker-%e2%80%8e-unchain-my-heart\/","name":"Joe Cocker \u200e\u2013 Unchain My Heart Vinilin\u0117 Plok\u0161tel\u0117 | Vinilozona.lt","isPartOf":{"@id":"https:\/\/vinilozona.lt\/#website"},"primaryImageOfPage":{"@id":"https:\/\/vinilozona.lt\/parduotuve\/rock-pop\/joe-cocker-%e2%80%8e-unchain-my-heart\/#primaryimage"},"image":{"@id":"https:\/\/vinilozona.lt\/parduotuve\/rock-pop\/joe-cocker-%e2%80%8e-unchain-my-heart\/#primaryimage"},"thumbnailUrl":"https:\/\/vinilozona.lt\/wp-content\/uploads\/2020\/10\/R-1547747-1513183998-8429.jpeg.jpg","datePublished":"2024-10-29T03:01:57+00:00","dateModified":"2024-10-28T18:14:58+00:00","breadcrumb":{"@id":"https:\/\/vinilozona.lt\/parduotuve\/rock-pop\/joe-cocker-%e2%80%8e-unchain-my-heart\/#breadcrumb"},"inLanguage":"en-GB","potentialAction":[{"@type":"ReadAction","target":["https:\/\/vinilozona.lt\/parduotuve\/rock-pop\/joe-cocker-%e2%80%8e-unchain-my-heart\/"]}]},{"@type":"ImageObject","inLanguage":"en-GB","@id":"https:\/\/vinilozona.lt\/parduotuve\/rock-pop\/joe-cocker-%e2%80%8e-unchain-my-heart\/#primaryimage","url":"https:\/\/vinilozona.lt\/wp-content\/uploads\/2020\/10\/R-1547747-1513183998-8429.jpeg.jpg","contentUrl":"https:\/\/vinilozona.lt\/wp-content\/uploads\/2020\/10\/R-1547747-1513183998-8429.jpeg.jpg","width":600,"height":605},{"@type":"BreadcrumbList","@id":"https:\/\/vinilozona.lt\/parduotuve\/rock-pop\/joe-cocker-%e2%80%8e-unchain-my-heart\/#breadcrumb","itemListElement":[{"@type":"ListItem","position":1,"name":"Home","item":"https:\/\/vinilozona.lt\/"},{"@type":"ListItem","position":2,"name":"Parduotuv\u0117","item":"https:\/\/vinilozona.lt\/parduotuve\/"},{"@type":"ListItem","position":3,"name":"Joe Cocker \u200e\u2013 Unchain My Heart"}]},{"@type":"WebSite","@id":"https:\/\/vinilozona.lt\/#website","url":"https:\/\/vinilozona.lt\/","name":"Vinilo Zona","description":"Nup\u016bsk dulkes ir klausyk LP","potentialAction":[{"@type":"SearchAction","target":{"@type":"EntryPoint","urlTemplate":"https:\/\/vinilozona.lt\/?s={search_term_string}"},"query-input":{"@type":"PropertyValueSpecification","valueRequired":true,"valueName":"search_term_string"}}],"inLanguage":"en-GB"}]}},"_links":{"self":[{"href":"https:\/\/vinilozona.lt\/en\/wp-json\/wp\/v2\/product\/11976"}],"collection":[{"href":"https:\/\/vinilozona.lt\/en\/wp-json\/wp\/v2\/product"}],"about":[{"href":"https:\/\/vinilozona.lt\/en\/wp-json\/wp\/v2\/types\/product"}],"wp:featuredmedia":[{"embeddable":true,"href":"https:\/\/vinilozona.lt\/en\/wp-json\/wp\/v2\/media\/11977"}],"wp:attachment":[{"href":"https:\/\/vinilozona.lt\/en\/wp-json\/wp\/v2\/media?parent=11976"}],"wp:term":[{"taxonomy":"product_cat","embeddable":true,"href":"https:\/\/vinilozona.lt\/en\/wp-json\/wp\/v2\/product_cat?post=11976"},{"taxonomy":"product_tag","embeddable":true,"href":"https:\/\/vinilozona.lt\/en\/wp-json\/wp\/v2\/product_tag?post=11976"}],"curies":[{"name":"wp","href":"https:\/\/api.w.org\/{rel}","templated":true}]}}