{"id":11966,"date":"2023-03-09T05:01:56","date_gmt":"2023-03-09T03:01:56","guid":{"rendered":"https:\/\/vinilozona.lt\/?post_type=product&#038;p=11966"},"modified":"2023-03-12T19:49:08","modified_gmt":"2023-03-12T17:49:08","slug":"helloween-%e2%80%8e-keeper-of-the-seven-keys-part-i","status":"publish","type":"product","link":"https:\/\/vinilozona.lt\/en\/parduotuve\/rock-pop\/helloween-%e2%80%8e-keeper-of-the-seven-keys-part-i\/","title":{"rendered":"Helloween \u2013 Live In The U.K."},"content":{"rendered":"<p>A1\t\tA Little Time  3:52<br \/>\nA2\t\tDr. Stein  4:40<br \/>\nA3\t\tFuture World  8:33<br \/>\nA4\t\tRise And Fall  4:35<br \/>\nB1\t\tWe Got The Right  5:44<br \/>\nB2\t\tI Want Out  4:33<br \/>\nB3\t\tHow Many Tears  9:23<\/p>","protected":false},"excerpt":{"rendered":"<p>Noise International \u2013 1C 064-7 92371 1,  EMI Electrola \u2013 1C 064-7 92371 1,<br \/>\nFormat:<br \/>\nVinyl, LP, Album, Stereo<br \/>\nCountry:\tEurope<br \/>\nReleased:\t1989<\/p>","protected":false},"featured_media":21697,"template":"","meta":[],"product_cat":[15],"product_tag":[44],"yoast_head":"<!-- This site is optimized with the Yoast SEO plugin v23.5 - https:\/\/yoast.com\/wordpress\/plugins\/seo\/ -->\n<title>Helloween \u2013 Live In The U.K. Vinilin\u0117 Plok\u0161tel\u0117 | Vinilozona.lt<\/title>\n<meta name=\"robots\" content=\"index, follow, max-snippet:-1, max-image-preview:large, max-video-preview:-1\" \/>\n<link rel=\"canonical\" href=\"https:\/\/vinilozona.lt\/en\/parduotuve\/rock-pop\/helloween-\u200e-keeper-of-the-seven-keys-part-i\/\" \/>\n<meta property=\"og:locale\" content=\"en_GB\" \/>\n<meta property=\"og:type\" content=\"article\" \/>\n<meta property=\"og:title\" content=\"Helloween \u2013 Live In The U.K. Vinilin\u0117 Plok\u0161tel\u0117 | Vinilozona.lt\" \/>\n<meta property=\"og:description\" content=\"Noise International \u2013 1C 064-7 92371 1, EMI Electrola \u2013 1C 064-7 92371 1,  Format:  Vinyl, LP, Album, Stereo Country: Europe Released: 1989\" \/>\n<meta property=\"og:url\" content=\"https:\/\/vinilozona.lt\/en\/parduotuve\/rock-pop\/helloween-\u200e-keeper-of-the-seven-keys-part-i\/\" \/>\n<meta property=\"og:site_name\" content=\"Vinilo Zona\" \/>\n<meta property=\"article:modified_time\" content=\"2023-03-12T17:49:08+00:00\" \/>\n<meta property=\"og:image\" content=\"https:\/\/vinilozona.lt\/wp-content\/uploads\/2020\/10\/R-536022-1607115187-3463.jpg\" \/>\n\t<meta property=\"og:image:width\" content=\"600\" \/>\n\t<meta property=\"og:image:height\" content=\"598\" \/>\n\t<meta property=\"og:image:type\" content=\"image\/jpeg\" \/>\n<meta name=\"twitter:card\" content=\"summary_large_image\" \/>\n<script type=\"application\/ld+json\" class=\"yoast-schema-graph\">{\"@context\":\"https:\/\/schema.org\",\"@graph\":[{\"@type\":\"WebPage\",\"@id\":\"https:\/\/vinilozona.lt\/parduotuve\/rock-pop\/helloween-%e2%80%8e-keeper-of-the-seven-keys-part-i\/\",\"url\":\"https:\/\/vinilozona.lt\/parduotuve\/rock-pop\/helloween-%e2%80%8e-keeper-of-the-seven-keys-part-i\/\",\"name\":\"Helloween \u2013 Live In The U.K. Vinilin\u0117 Plok\u0161tel\u0117 | Vinilozona.lt\",\"isPartOf\":{\"@id\":\"https:\/\/vinilozona.lt\/#website\"},\"primaryImageOfPage\":{\"@id\":\"https:\/\/vinilozona.lt\/parduotuve\/rock-pop\/helloween-%e2%80%8e-keeper-of-the-seven-keys-part-i\/#primaryimage\"},\"image\":{\"@id\":\"https:\/\/vinilozona.lt\/parduotuve\/rock-pop\/helloween-%e2%80%8e-keeper-of-the-seven-keys-part-i\/#primaryimage\"},\"thumbnailUrl\":\"https:\/\/vinilozona.lt\/wp-content\/uploads\/2020\/10\/R-536022-1607115187-3463.jpg\",\"datePublished\":\"2023-03-09T03:01:56+00:00\",\"dateModified\":\"2023-03-12T17:49:08+00:00\",\"breadcrumb\":{\"@id\":\"https:\/\/vinilozona.lt\/parduotuve\/rock-pop\/helloween-%e2%80%8e-keeper-of-the-seven-keys-part-i\/#breadcrumb\"},\"inLanguage\":\"en-GB\",\"potentialAction\":[{\"@type\":\"ReadAction\",\"target\":[\"https:\/\/vinilozona.lt\/parduotuve\/rock-pop\/helloween-%e2%80%8e-keeper-of-the-seven-keys-part-i\/\"]}]},{\"@type\":\"ImageObject\",\"inLanguage\":\"en-GB\",\"@id\":\"https:\/\/vinilozona.lt\/parduotuve\/rock-pop\/helloween-%e2%80%8e-keeper-of-the-seven-keys-part-i\/#primaryimage\",\"url\":\"https:\/\/vinilozona.lt\/wp-content\/uploads\/2020\/10\/R-536022-1607115187-3463.jpg\",\"contentUrl\":\"https:\/\/vinilozona.lt\/wp-content\/uploads\/2020\/10\/R-536022-1607115187-3463.jpg\",\"width\":600,\"height\":598},{\"@type\":\"BreadcrumbList\",\"@id\":\"https:\/\/vinilozona.lt\/parduotuve\/rock-pop\/helloween-%e2%80%8e-keeper-of-the-seven-keys-part-i\/#breadcrumb\",\"itemListElement\":[{\"@type\":\"ListItem\",\"position\":1,\"name\":\"Home\",\"item\":\"https:\/\/vinilozona.lt\/\"},{\"@type\":\"ListItem\",\"position\":2,\"name\":\"Parduotuv\u0117\",\"item\":\"https:\/\/vinilozona.lt\/parduotuve\/\"},{\"@type\":\"ListItem\",\"position\":3,\"name\":\"Helloween \u2013 Live In The U.K.\"}]},{\"@type\":\"WebSite\",\"@id\":\"https:\/\/vinilozona.lt\/#website\",\"url\":\"https:\/\/vinilozona.lt\/\",\"name\":\"Vinilo Zona\",\"description\":\"Nup\u016bsk dulkes ir klausyk LP\",\"potentialAction\":[{\"@type\":\"SearchAction\",\"target\":{\"@type\":\"EntryPoint\",\"urlTemplate\":\"https:\/\/vinilozona.lt\/?s={search_term_string}\"},\"query-input\":{\"@type\":\"PropertyValueSpecification\",\"valueRequired\":true,\"valueName\":\"search_term_string\"}}],\"inLanguage\":\"en-GB\"}]}<\/script>\n<!-- \/ Yoast SEO plugin. -->","yoast_head_json":{"title":"Helloween \u2013 Live In The U.K. Vinilin\u0117 Plok\u0161tel\u0117 | Vinilozona.lt","robots":{"index":"index","follow":"follow","max-snippet":"max-snippet:-1","max-image-preview":"max-image-preview:large","max-video-preview":"max-video-preview:-1"},"canonical":"https:\/\/vinilozona.lt\/en\/parduotuve\/rock-pop\/helloween-\u200e-keeper-of-the-seven-keys-part-i\/","og_locale":"en_GB","og_type":"article","og_title":"Helloween \u2013 Live In The U.K. Vinilin\u0117 Plok\u0161tel\u0117 | Vinilozona.lt","og_description":"Noise International \u2013 1C 064-7 92371 1, EMI Electrola \u2013 1C 064-7 92371 1,  Format:  Vinyl, LP, Album, Stereo Country: Europe Released: 1989","og_url":"https:\/\/vinilozona.lt\/en\/parduotuve\/rock-pop\/helloween-\u200e-keeper-of-the-seven-keys-part-i\/","og_site_name":"Vinilo Zona","article_modified_time":"2023-03-12T17:49:08+00:00","og_image":[{"width":600,"height":598,"url":"https:\/\/vinilozona.lt\/wp-content\/uploads\/2020\/10\/R-536022-1607115187-3463.jpg","type":"image\/jpeg"}],"twitter_card":"summary_large_image","schema":{"@context":"https:\/\/schema.org","@graph":[{"@type":"WebPage","@id":"https:\/\/vinilozona.lt\/parduotuve\/rock-pop\/helloween-%e2%80%8e-keeper-of-the-seven-keys-part-i\/","url":"https:\/\/vinilozona.lt\/parduotuve\/rock-pop\/helloween-%e2%80%8e-keeper-of-the-seven-keys-part-i\/","name":"Helloween \u2013 Live In The U.K. Vinilin\u0117 Plok\u0161tel\u0117 | Vinilozona.lt","isPartOf":{"@id":"https:\/\/vinilozona.lt\/#website"},"primaryImageOfPage":{"@id":"https:\/\/vinilozona.lt\/parduotuve\/rock-pop\/helloween-%e2%80%8e-keeper-of-the-seven-keys-part-i\/#primaryimage"},"image":{"@id":"https:\/\/vinilozona.lt\/parduotuve\/rock-pop\/helloween-%e2%80%8e-keeper-of-the-seven-keys-part-i\/#primaryimage"},"thumbnailUrl":"https:\/\/vinilozona.lt\/wp-content\/uploads\/2020\/10\/R-536022-1607115187-3463.jpg","datePublished":"2023-03-09T03:01:56+00:00","dateModified":"2023-03-12T17:49:08+00:00","breadcrumb":{"@id":"https:\/\/vinilozona.lt\/parduotuve\/rock-pop\/helloween-%e2%80%8e-keeper-of-the-seven-keys-part-i\/#breadcrumb"},"inLanguage":"en-GB","potentialAction":[{"@type":"ReadAction","target":["https:\/\/vinilozona.lt\/parduotuve\/rock-pop\/helloween-%e2%80%8e-keeper-of-the-seven-keys-part-i\/"]}]},{"@type":"ImageObject","inLanguage":"en-GB","@id":"https:\/\/vinilozona.lt\/parduotuve\/rock-pop\/helloween-%e2%80%8e-keeper-of-the-seven-keys-part-i\/#primaryimage","url":"https:\/\/vinilozona.lt\/wp-content\/uploads\/2020\/10\/R-536022-1607115187-3463.jpg","contentUrl":"https:\/\/vinilozona.lt\/wp-content\/uploads\/2020\/10\/R-536022-1607115187-3463.jpg","width":600,"height":598},{"@type":"BreadcrumbList","@id":"https:\/\/vinilozona.lt\/parduotuve\/rock-pop\/helloween-%e2%80%8e-keeper-of-the-seven-keys-part-i\/#breadcrumb","itemListElement":[{"@type":"ListItem","position":1,"name":"Home","item":"https:\/\/vinilozona.lt\/"},{"@type":"ListItem","position":2,"name":"Parduotuv\u0117","item":"https:\/\/vinilozona.lt\/parduotuve\/"},{"@type":"ListItem","position":3,"name":"Helloween \u2013 Live In The U.K."}]},{"@type":"WebSite","@id":"https:\/\/vinilozona.lt\/#website","url":"https:\/\/vinilozona.lt\/","name":"Vinilo Zona","description":"Nup\u016bsk dulkes ir klausyk LP","potentialAction":[{"@type":"SearchAction","target":{"@type":"EntryPoint","urlTemplate":"https:\/\/vinilozona.lt\/?s={search_term_string}"},"query-input":{"@type":"PropertyValueSpecification","valueRequired":true,"valueName":"search_term_string"}}],"inLanguage":"en-GB"}]}},"_links":{"self":[{"href":"https:\/\/vinilozona.lt\/en\/wp-json\/wp\/v2\/product\/11966"}],"collection":[{"href":"https:\/\/vinilozona.lt\/en\/wp-json\/wp\/v2\/product"}],"about":[{"href":"https:\/\/vinilozona.lt\/en\/wp-json\/wp\/v2\/types\/product"}],"wp:featuredmedia":[{"embeddable":true,"href":"https:\/\/vinilozona.lt\/en\/wp-json\/wp\/v2\/media\/21697"}],"wp:attachment":[{"href":"https:\/\/vinilozona.lt\/en\/wp-json\/wp\/v2\/media?parent=11966"}],"wp:term":[{"taxonomy":"product_cat","embeddable":true,"href":"https:\/\/vinilozona.lt\/en\/wp-json\/wp\/v2\/product_cat?post=11966"},{"taxonomy":"product_tag","embeddable":true,"href":"https:\/\/vinilozona.lt\/en\/wp-json\/wp\/v2\/product_tag?post=11966"}],"curies":[{"name":"wp","href":"https:\/\/api.w.org\/{rel}","templated":true}]}}