{"id":11889,"date":"2020-10-02T14:53:05","date_gmt":"2020-10-02T11:53:05","guid":{"rendered":"https:\/\/vinilozona.lt\/?post_type=product&#038;p=11889"},"modified":"2023-10-05T22:20:45","modified_gmt":"2023-10-05T19:20:45","slug":"dennis-brown-%e2%80%8e-aint-that-loving-you","status":"publish","type":"product","link":"https:\/\/vinilozona.lt\/en\/parduotuve\/12_singles_ep\/dennis-brown-%e2%80%8e-aint-that-loving-you\/","title":{"rendered":"Dennis Brown \u200e\u2013 Ain&#8217;t That Loving You"},"content":{"rendered":"","protected":false},"excerpt":{"rendered":"<p>LV26<\/p>","protected":false},"featured_media":11890,"template":"","meta":[],"product_cat":[684],"product_tag":[55],"yoast_head":"<!-- This site is optimized with the Yoast SEO plugin v23.5 - https:\/\/yoast.com\/wordpress\/plugins\/seo\/ -->\n<title>Dennis Brown \u200e\u2013 Ain&#039;t That Loving You Vinilin\u0117 Plok\u0161tel\u0117 | Vinilozona.lt<\/title>\n<meta name=\"robots\" content=\"index, follow, max-snippet:-1, max-image-preview:large, max-video-preview:-1\" \/>\n<link rel=\"canonical\" href=\"https:\/\/vinilozona.lt\/en\/parduotuve\/12_singles_ep\/dennis-brown-\u200e-aint-that-loving-you\/\" \/>\n<meta property=\"og:locale\" content=\"en_GB\" \/>\n<meta property=\"og:type\" content=\"article\" \/>\n<meta property=\"og:title\" content=\"Dennis Brown \u200e\u2013 Ain&#039;t That Loving You Vinilin\u0117 Plok\u0161tel\u0117 | Vinilozona.lt\" \/>\n<meta property=\"og:description\" content=\"LV26\" \/>\n<meta property=\"og:url\" content=\"https:\/\/vinilozona.lt\/en\/parduotuve\/12_singles_ep\/dennis-brown-\u200e-aint-that-loving-you\/\" \/>\n<meta property=\"og:site_name\" content=\"Vinilo Zona\" \/>\n<meta property=\"article:modified_time\" content=\"2023-10-05T19:20:45+00:00\" \/>\n<meta property=\"og:image\" content=\"https:\/\/vinilozona.lt\/wp-content\/uploads\/2020\/10\/R-1411207-1481278229-5030.jpeg.jpg\" \/>\n\t<meta property=\"og:image:width\" content=\"300\" \/>\n\t<meta property=\"og:image:height\" content=\"298\" \/>\n\t<meta property=\"og:image:type\" content=\"image\/jpeg\" \/>\n<meta name=\"twitter:card\" content=\"summary_large_image\" \/>\n<script type=\"application\/ld+json\" class=\"yoast-schema-graph\">{\"@context\":\"https:\/\/schema.org\",\"@graph\":[{\"@type\":\"WebPage\",\"@id\":\"https:\/\/vinilozona.lt\/parduotuve\/12_singles_ep\/dennis-brown-%e2%80%8e-aint-that-loving-you\/\",\"url\":\"https:\/\/vinilozona.lt\/parduotuve\/12_singles_ep\/dennis-brown-%e2%80%8e-aint-that-loving-you\/\",\"name\":\"Dennis Brown \u200e\u2013 Ain't That Loving You Vinilin\u0117 Plok\u0161tel\u0117 | Vinilozona.lt\",\"isPartOf\":{\"@id\":\"https:\/\/vinilozona.lt\/#website\"},\"primaryImageOfPage\":{\"@id\":\"https:\/\/vinilozona.lt\/parduotuve\/12_singles_ep\/dennis-brown-%e2%80%8e-aint-that-loving-you\/#primaryimage\"},\"image\":{\"@id\":\"https:\/\/vinilozona.lt\/parduotuve\/12_singles_ep\/dennis-brown-%e2%80%8e-aint-that-loving-you\/#primaryimage\"},\"thumbnailUrl\":\"https:\/\/vinilozona.lt\/wp-content\/uploads\/2020\/10\/R-1411207-1481278229-5030.jpeg.jpg\",\"datePublished\":\"2020-10-02T11:53:05+00:00\",\"dateModified\":\"2023-10-05T19:20:45+00:00\",\"breadcrumb\":{\"@id\":\"https:\/\/vinilozona.lt\/parduotuve\/12_singles_ep\/dennis-brown-%e2%80%8e-aint-that-loving-you\/#breadcrumb\"},\"inLanguage\":\"en-GB\",\"potentialAction\":[{\"@type\":\"ReadAction\",\"target\":[\"https:\/\/vinilozona.lt\/parduotuve\/12_singles_ep\/dennis-brown-%e2%80%8e-aint-that-loving-you\/\"]}]},{\"@type\":\"ImageObject\",\"inLanguage\":\"en-GB\",\"@id\":\"https:\/\/vinilozona.lt\/parduotuve\/12_singles_ep\/dennis-brown-%e2%80%8e-aint-that-loving-you\/#primaryimage\",\"url\":\"https:\/\/vinilozona.lt\/wp-content\/uploads\/2020\/10\/R-1411207-1481278229-5030.jpeg.jpg\",\"contentUrl\":\"https:\/\/vinilozona.lt\/wp-content\/uploads\/2020\/10\/R-1411207-1481278229-5030.jpeg.jpg\",\"width\":300,\"height\":298},{\"@type\":\"BreadcrumbList\",\"@id\":\"https:\/\/vinilozona.lt\/parduotuve\/12_singles_ep\/dennis-brown-%e2%80%8e-aint-that-loving-you\/#breadcrumb\",\"itemListElement\":[{\"@type\":\"ListItem\",\"position\":1,\"name\":\"Home\",\"item\":\"https:\/\/vinilozona.lt\/\"},{\"@type\":\"ListItem\",\"position\":2,\"name\":\"Parduotuv\u0117\",\"item\":\"https:\/\/vinilozona.lt\/parduotuve\/\"},{\"@type\":\"ListItem\",\"position\":3,\"name\":\"Dennis Brown \u200e\u2013 Ain&#8217;t That Loving You\"}]},{\"@type\":\"WebSite\",\"@id\":\"https:\/\/vinilozona.lt\/#website\",\"url\":\"https:\/\/vinilozona.lt\/\",\"name\":\"Vinilo Zona\",\"description\":\"Nup\u016bsk dulkes ir klausyk LP\",\"potentialAction\":[{\"@type\":\"SearchAction\",\"target\":{\"@type\":\"EntryPoint\",\"urlTemplate\":\"https:\/\/vinilozona.lt\/?s={search_term_string}\"},\"query-input\":{\"@type\":\"PropertyValueSpecification\",\"valueRequired\":true,\"valueName\":\"search_term_string\"}}],\"inLanguage\":\"en-GB\"}]}<\/script>\n<!-- \/ Yoast SEO plugin. -->","yoast_head_json":{"title":"Dennis Brown \u200e\u2013 Ain't That Loving You Vinilin\u0117 Plok\u0161tel\u0117 | Vinilozona.lt","robots":{"index":"index","follow":"follow","max-snippet":"max-snippet:-1","max-image-preview":"max-image-preview:large","max-video-preview":"max-video-preview:-1"},"canonical":"https:\/\/vinilozona.lt\/en\/parduotuve\/12_singles_ep\/dennis-brown-\u200e-aint-that-loving-you\/","og_locale":"en_GB","og_type":"article","og_title":"Dennis Brown \u200e\u2013 Ain't That Loving You Vinilin\u0117 Plok\u0161tel\u0117 | Vinilozona.lt","og_description":"LV26","og_url":"https:\/\/vinilozona.lt\/en\/parduotuve\/12_singles_ep\/dennis-brown-\u200e-aint-that-loving-you\/","og_site_name":"Vinilo Zona","article_modified_time":"2023-10-05T19:20:45+00:00","og_image":[{"width":300,"height":298,"url":"https:\/\/vinilozona.lt\/wp-content\/uploads\/2020\/10\/R-1411207-1481278229-5030.jpeg.jpg","type":"image\/jpeg"}],"twitter_card":"summary_large_image","schema":{"@context":"https:\/\/schema.org","@graph":[{"@type":"WebPage","@id":"https:\/\/vinilozona.lt\/parduotuve\/12_singles_ep\/dennis-brown-%e2%80%8e-aint-that-loving-you\/","url":"https:\/\/vinilozona.lt\/parduotuve\/12_singles_ep\/dennis-brown-%e2%80%8e-aint-that-loving-you\/","name":"Dennis Brown \u200e\u2013 Ain't That Loving You Vinilin\u0117 Plok\u0161tel\u0117 | Vinilozona.lt","isPartOf":{"@id":"https:\/\/vinilozona.lt\/#website"},"primaryImageOfPage":{"@id":"https:\/\/vinilozona.lt\/parduotuve\/12_singles_ep\/dennis-brown-%e2%80%8e-aint-that-loving-you\/#primaryimage"},"image":{"@id":"https:\/\/vinilozona.lt\/parduotuve\/12_singles_ep\/dennis-brown-%e2%80%8e-aint-that-loving-you\/#primaryimage"},"thumbnailUrl":"https:\/\/vinilozona.lt\/wp-content\/uploads\/2020\/10\/R-1411207-1481278229-5030.jpeg.jpg","datePublished":"2020-10-02T11:53:05+00:00","dateModified":"2023-10-05T19:20:45+00:00","breadcrumb":{"@id":"https:\/\/vinilozona.lt\/parduotuve\/12_singles_ep\/dennis-brown-%e2%80%8e-aint-that-loving-you\/#breadcrumb"},"inLanguage":"en-GB","potentialAction":[{"@type":"ReadAction","target":["https:\/\/vinilozona.lt\/parduotuve\/12_singles_ep\/dennis-brown-%e2%80%8e-aint-that-loving-you\/"]}]},{"@type":"ImageObject","inLanguage":"en-GB","@id":"https:\/\/vinilozona.lt\/parduotuve\/12_singles_ep\/dennis-brown-%e2%80%8e-aint-that-loving-you\/#primaryimage","url":"https:\/\/vinilozona.lt\/wp-content\/uploads\/2020\/10\/R-1411207-1481278229-5030.jpeg.jpg","contentUrl":"https:\/\/vinilozona.lt\/wp-content\/uploads\/2020\/10\/R-1411207-1481278229-5030.jpeg.jpg","width":300,"height":298},{"@type":"BreadcrumbList","@id":"https:\/\/vinilozona.lt\/parduotuve\/12_singles_ep\/dennis-brown-%e2%80%8e-aint-that-loving-you\/#breadcrumb","itemListElement":[{"@type":"ListItem","position":1,"name":"Home","item":"https:\/\/vinilozona.lt\/"},{"@type":"ListItem","position":2,"name":"Parduotuv\u0117","item":"https:\/\/vinilozona.lt\/parduotuve\/"},{"@type":"ListItem","position":3,"name":"Dennis Brown \u200e\u2013 Ain&#8217;t That Loving You"}]},{"@type":"WebSite","@id":"https:\/\/vinilozona.lt\/#website","url":"https:\/\/vinilozona.lt\/","name":"Vinilo Zona","description":"Nup\u016bsk dulkes ir klausyk LP","potentialAction":[{"@type":"SearchAction","target":{"@type":"EntryPoint","urlTemplate":"https:\/\/vinilozona.lt\/?s={search_term_string}"},"query-input":{"@type":"PropertyValueSpecification","valueRequired":true,"valueName":"search_term_string"}}],"inLanguage":"en-GB"}]}},"_links":{"self":[{"href":"https:\/\/vinilozona.lt\/en\/wp-json\/wp\/v2\/product\/11889"}],"collection":[{"href":"https:\/\/vinilozona.lt\/en\/wp-json\/wp\/v2\/product"}],"about":[{"href":"https:\/\/vinilozona.lt\/en\/wp-json\/wp\/v2\/types\/product"}],"wp:featuredmedia":[{"embeddable":true,"href":"https:\/\/vinilozona.lt\/en\/wp-json\/wp\/v2\/media\/11890"}],"wp:attachment":[{"href":"https:\/\/vinilozona.lt\/en\/wp-json\/wp\/v2\/media?parent=11889"}],"wp:term":[{"taxonomy":"product_cat","embeddable":true,"href":"https:\/\/vinilozona.lt\/en\/wp-json\/wp\/v2\/product_cat?post=11889"},{"taxonomy":"product_tag","embeddable":true,"href":"https:\/\/vinilozona.lt\/en\/wp-json\/wp\/v2\/product_tag?post=11889"}],"curies":[{"name":"wp","href":"https:\/\/api.w.org\/{rel}","templated":true}]}}