{"id":11678,"date":"2024-07-12T05:06:42","date_gmt":"2024-07-12T02:06:42","guid":{"rendered":"https:\/\/vinilozona.lt\/?post_type=product&#038;p=11678"},"modified":"2024-07-10T06:39:39","modified_gmt":"2024-07-10T03:39:39","slug":"cliff-richard-and-the-shadows-and-norrie-paramor-and-his-orchestra-%e2%80%8e-32-minutes-and-17-seconds-with-cliff-richard","status":"publish","type":"product","link":"https:\/\/vinilozona.lt\/en\/parduotuve\/rock-pop\/cliff-richard-and-the-shadows-and-norrie-paramor-and-his-orchestra-%e2%80%8e-32-minutes-and-17-seconds-with-cliff-richard\/","title":{"rendered":"Cliff Richard \u2013 40 Golden Greats 2LP"},"content":{"rendered":"<p>A1\t\tMove It!<br \/>\nA2\t\tLiving Doll<br \/>\nA3\t\tTravellin&#8217; Light<br \/>\nA4\t\tFall In Love With You<br \/>\nA5\t\tPlease Don&#8217;t Tease<br \/>\nA6\t\tNine Times Out Of Ten<br \/>\nA7\t\tTheme For A Dream<br \/>\nA8\t\tGee Whizz It&#8217;s You<br \/>\nA9\t\tWhen The Girl In Your Arms Is The Girl In Your Heart<br \/>\nA10\t\tA Girl Like You<br \/>\nB1\t\tThe Young Ones<br \/>\nB2\t\tDo You Want To Dance?<br \/>\nB3\t\tI&#8217;m Lookin&#8217; Out The Window<br \/>\nB4\t\tIt&#8217;ll Be Me<br \/>\nB5\t\tBachelor Boy<br \/>\nB6\t\tThe Next Time<br \/>\nB7\t\tSummer Holiday<br \/>\nB8\t\tLucky Lips<br \/>\nB9\t\tIt&#8217;s All In The Game<br \/>\nB10\t\tDon&#8217;t Talk To Him<br \/>\nC1\t\tConstantly<br \/>\nC2\t\tOn The Beach<br \/>\nC3\t\tI Could Easily Fall (In Love With You)<br \/>\nC4\t\tThe Minute You&#8217;re Gone<br \/>\nC5\t\tWind Me Up (Let Me Go)<br \/>\nC6\t\tVisions<br \/>\nC7\t\tBlue Turns To Grey<br \/>\nC8\t\tIn The Country<br \/>\nC9\t\tThe Day I Met Marie<br \/>\nC10\t\tAll My Love<br \/>\nD1\t\tCongratulations<br \/>\nD2\t\tThrow Down A Line<br \/>\nD3\t\tGoodbye Sam, Hello Samantha<br \/>\nD4\t\tSing A Song Of Freedom<br \/>\nD5\t\tPower To All Our Friends<br \/>\nD6\t\t(You Keep Me) Hangin&#8217; On<br \/>\nD7\t\tMiss You Nights<br \/>\nD8\t\tDevil Woman<br \/>\nD9\t\tI Can&#8217;t Ask For Anymore Than You<br \/>\nD10\t\tMy Kinda Life<\/p>","protected":false},"excerpt":{"rendered":"<p>EMI \u2013 EMTVS6, EMI \u2013 OC 156-06 508\/9, EMI \u2013 EMTVS 6<br \/>\nFormat:<br \/>\n2 x Vinyl, LP, Album, Compilation, Remastered, Stereo<br \/>\nCountry:\tUK<br \/>\nReleased:\tSep 1977<\/p>","protected":false},"featured_media":25414,"template":"","meta":[],"product_cat":[15],"product_tag":[44],"yoast_head":"<!-- This site is optimized with the Yoast SEO plugin v23.5 - https:\/\/yoast.com\/wordpress\/plugins\/seo\/ -->\n<title>Cliff Richard \u2013 40 Golden Greats 2LP Vinilin\u0117 Plok\u0161tel\u0117 | Vinilozona.lt<\/title>\n<meta name=\"robots\" content=\"index, follow, max-snippet:-1, max-image-preview:large, max-video-preview:-1\" \/>\n<link rel=\"canonical\" href=\"https:\/\/vinilozona.lt\/en\/parduotuve\/rock-pop\/cliff-richard-and-the-shadows-and-norrie-paramor-and-his-orchestra-\u200e-32-minutes-and-17-seconds-with-cliff-richard\/\" \/>\n<meta property=\"og:locale\" content=\"en_GB\" \/>\n<meta property=\"og:type\" content=\"article\" \/>\n<meta property=\"og:title\" content=\"Cliff Richard \u2013 40 Golden Greats 2LP Vinilin\u0117 Plok\u0161tel\u0117 | Vinilozona.lt\" \/>\n<meta property=\"og:description\" content=\"EMI \u2013 EMTVS6, EMI \u2013 OC 156-06 508\/9, EMI \u2013 EMTVS 6 Format:  2 x Vinyl, LP, Album, Compilation, Remastered, Stereo Country: UK Released: Sep 1977\" \/>\n<meta property=\"og:url\" content=\"https:\/\/vinilozona.lt\/en\/parduotuve\/rock-pop\/cliff-richard-and-the-shadows-and-norrie-paramor-and-his-orchestra-\u200e-32-minutes-and-17-seconds-with-cliff-richard\/\" \/>\n<meta property=\"og:site_name\" content=\"Vinilo Zona\" \/>\n<meta property=\"article:modified_time\" content=\"2024-07-10T03:39:39+00:00\" \/>\n<meta property=\"og:image\" content=\"https:\/\/vinilozona.lt\/wp-content\/uploads\/2020\/09\/R-1927973-1406460319-9154.jpg\" \/>\n\t<meta property=\"og:image:width\" content=\"600\" \/>\n\t<meta property=\"og:image:height\" content=\"591\" \/>\n\t<meta property=\"og:image:type\" content=\"image\/jpeg\" \/>\n<meta name=\"twitter:card\" content=\"summary_large_image\" \/>\n<meta name=\"twitter:label1\" content=\"Estimated reading time\" \/>\n\t<meta name=\"twitter:data1\" content=\"1 minute\" \/>\n<script type=\"application\/ld+json\" class=\"yoast-schema-graph\">{\"@context\":\"https:\/\/schema.org\",\"@graph\":[{\"@type\":\"WebPage\",\"@id\":\"https:\/\/vinilozona.lt\/parduotuve\/rock-pop\/cliff-richard-and-the-shadows-and-norrie-paramor-and-his-orchestra-%e2%80%8e-32-minutes-and-17-seconds-with-cliff-richard\/\",\"url\":\"https:\/\/vinilozona.lt\/parduotuve\/rock-pop\/cliff-richard-and-the-shadows-and-norrie-paramor-and-his-orchestra-%e2%80%8e-32-minutes-and-17-seconds-with-cliff-richard\/\",\"name\":\"Cliff Richard \u2013 40 Golden Greats 2LP Vinilin\u0117 Plok\u0161tel\u0117 | Vinilozona.lt\",\"isPartOf\":{\"@id\":\"https:\/\/vinilozona.lt\/#website\"},\"primaryImageOfPage\":{\"@id\":\"https:\/\/vinilozona.lt\/parduotuve\/rock-pop\/cliff-richard-and-the-shadows-and-norrie-paramor-and-his-orchestra-%e2%80%8e-32-minutes-and-17-seconds-with-cliff-richard\/#primaryimage\"},\"image\":{\"@id\":\"https:\/\/vinilozona.lt\/parduotuve\/rock-pop\/cliff-richard-and-the-shadows-and-norrie-paramor-and-his-orchestra-%e2%80%8e-32-minutes-and-17-seconds-with-cliff-richard\/#primaryimage\"},\"thumbnailUrl\":\"https:\/\/vinilozona.lt\/wp-content\/uploads\/2020\/09\/R-1927973-1406460319-9154.jpg\",\"datePublished\":\"2024-07-12T02:06:42+00:00\",\"dateModified\":\"2024-07-10T03:39:39+00:00\",\"breadcrumb\":{\"@id\":\"https:\/\/vinilozona.lt\/parduotuve\/rock-pop\/cliff-richard-and-the-shadows-and-norrie-paramor-and-his-orchestra-%e2%80%8e-32-minutes-and-17-seconds-with-cliff-richard\/#breadcrumb\"},\"inLanguage\":\"en-GB\",\"potentialAction\":[{\"@type\":\"ReadAction\",\"target\":[\"https:\/\/vinilozona.lt\/parduotuve\/rock-pop\/cliff-richard-and-the-shadows-and-norrie-paramor-and-his-orchestra-%e2%80%8e-32-minutes-and-17-seconds-with-cliff-richard\/\"]}]},{\"@type\":\"ImageObject\",\"inLanguage\":\"en-GB\",\"@id\":\"https:\/\/vinilozona.lt\/parduotuve\/rock-pop\/cliff-richard-and-the-shadows-and-norrie-paramor-and-his-orchestra-%e2%80%8e-32-minutes-and-17-seconds-with-cliff-richard\/#primaryimage\",\"url\":\"https:\/\/vinilozona.lt\/wp-content\/uploads\/2020\/09\/R-1927973-1406460319-9154.jpg\",\"contentUrl\":\"https:\/\/vinilozona.lt\/wp-content\/uploads\/2020\/09\/R-1927973-1406460319-9154.jpg\",\"width\":600,\"height\":591},{\"@type\":\"BreadcrumbList\",\"@id\":\"https:\/\/vinilozona.lt\/parduotuve\/rock-pop\/cliff-richard-and-the-shadows-and-norrie-paramor-and-his-orchestra-%e2%80%8e-32-minutes-and-17-seconds-with-cliff-richard\/#breadcrumb\",\"itemListElement\":[{\"@type\":\"ListItem\",\"position\":1,\"name\":\"Home\",\"item\":\"https:\/\/vinilozona.lt\/\"},{\"@type\":\"ListItem\",\"position\":2,\"name\":\"Parduotuv\u0117\",\"item\":\"https:\/\/vinilozona.lt\/parduotuve\/\"},{\"@type\":\"ListItem\",\"position\":3,\"name\":\"Cliff Richard \u2013 40 Golden Greats 2LP\"}]},{\"@type\":\"WebSite\",\"@id\":\"https:\/\/vinilozona.lt\/#website\",\"url\":\"https:\/\/vinilozona.lt\/\",\"name\":\"Vinilo Zona\",\"description\":\"Nup\u016bsk dulkes ir klausyk LP\",\"potentialAction\":[{\"@type\":\"SearchAction\",\"target\":{\"@type\":\"EntryPoint\",\"urlTemplate\":\"https:\/\/vinilozona.lt\/?s={search_term_string}\"},\"query-input\":{\"@type\":\"PropertyValueSpecification\",\"valueRequired\":true,\"valueName\":\"search_term_string\"}}],\"inLanguage\":\"en-GB\"}]}<\/script>\n<!-- \/ Yoast SEO plugin. -->","yoast_head_json":{"title":"Cliff Richard \u2013 40 Golden Greats 2LP Vinilin\u0117 Plok\u0161tel\u0117 | Vinilozona.lt","robots":{"index":"index","follow":"follow","max-snippet":"max-snippet:-1","max-image-preview":"max-image-preview:large","max-video-preview":"max-video-preview:-1"},"canonical":"https:\/\/vinilozona.lt\/en\/parduotuve\/rock-pop\/cliff-richard-and-the-shadows-and-norrie-paramor-and-his-orchestra-\u200e-32-minutes-and-17-seconds-with-cliff-richard\/","og_locale":"en_GB","og_type":"article","og_title":"Cliff Richard \u2013 40 Golden Greats 2LP Vinilin\u0117 Plok\u0161tel\u0117 | Vinilozona.lt","og_description":"EMI \u2013 EMTVS6, EMI \u2013 OC 156-06 508\/9, EMI \u2013 EMTVS 6 Format:  2 x Vinyl, LP, Album, Compilation, Remastered, Stereo Country: UK Released: Sep 1977","og_url":"https:\/\/vinilozona.lt\/en\/parduotuve\/rock-pop\/cliff-richard-and-the-shadows-and-norrie-paramor-and-his-orchestra-\u200e-32-minutes-and-17-seconds-with-cliff-richard\/","og_site_name":"Vinilo Zona","article_modified_time":"2024-07-10T03:39:39+00:00","og_image":[{"width":600,"height":591,"url":"https:\/\/vinilozona.lt\/wp-content\/uploads\/2020\/09\/R-1927973-1406460319-9154.jpg","type":"image\/jpeg"}],"twitter_card":"summary_large_image","twitter_misc":{"Estimated reading time":"1 minute"},"schema":{"@context":"https:\/\/schema.org","@graph":[{"@type":"WebPage","@id":"https:\/\/vinilozona.lt\/parduotuve\/rock-pop\/cliff-richard-and-the-shadows-and-norrie-paramor-and-his-orchestra-%e2%80%8e-32-minutes-and-17-seconds-with-cliff-richard\/","url":"https:\/\/vinilozona.lt\/parduotuve\/rock-pop\/cliff-richard-and-the-shadows-and-norrie-paramor-and-his-orchestra-%e2%80%8e-32-minutes-and-17-seconds-with-cliff-richard\/","name":"Cliff Richard \u2013 40 Golden Greats 2LP Vinilin\u0117 Plok\u0161tel\u0117 | Vinilozona.lt","isPartOf":{"@id":"https:\/\/vinilozona.lt\/#website"},"primaryImageOfPage":{"@id":"https:\/\/vinilozona.lt\/parduotuve\/rock-pop\/cliff-richard-and-the-shadows-and-norrie-paramor-and-his-orchestra-%e2%80%8e-32-minutes-and-17-seconds-with-cliff-richard\/#primaryimage"},"image":{"@id":"https:\/\/vinilozona.lt\/parduotuve\/rock-pop\/cliff-richard-and-the-shadows-and-norrie-paramor-and-his-orchestra-%e2%80%8e-32-minutes-and-17-seconds-with-cliff-richard\/#primaryimage"},"thumbnailUrl":"https:\/\/vinilozona.lt\/wp-content\/uploads\/2020\/09\/R-1927973-1406460319-9154.jpg","datePublished":"2024-07-12T02:06:42+00:00","dateModified":"2024-07-10T03:39:39+00:00","breadcrumb":{"@id":"https:\/\/vinilozona.lt\/parduotuve\/rock-pop\/cliff-richard-and-the-shadows-and-norrie-paramor-and-his-orchestra-%e2%80%8e-32-minutes-and-17-seconds-with-cliff-richard\/#breadcrumb"},"inLanguage":"en-GB","potentialAction":[{"@type":"ReadAction","target":["https:\/\/vinilozona.lt\/parduotuve\/rock-pop\/cliff-richard-and-the-shadows-and-norrie-paramor-and-his-orchestra-%e2%80%8e-32-minutes-and-17-seconds-with-cliff-richard\/"]}]},{"@type":"ImageObject","inLanguage":"en-GB","@id":"https:\/\/vinilozona.lt\/parduotuve\/rock-pop\/cliff-richard-and-the-shadows-and-norrie-paramor-and-his-orchestra-%e2%80%8e-32-minutes-and-17-seconds-with-cliff-richard\/#primaryimage","url":"https:\/\/vinilozona.lt\/wp-content\/uploads\/2020\/09\/R-1927973-1406460319-9154.jpg","contentUrl":"https:\/\/vinilozona.lt\/wp-content\/uploads\/2020\/09\/R-1927973-1406460319-9154.jpg","width":600,"height":591},{"@type":"BreadcrumbList","@id":"https:\/\/vinilozona.lt\/parduotuve\/rock-pop\/cliff-richard-and-the-shadows-and-norrie-paramor-and-his-orchestra-%e2%80%8e-32-minutes-and-17-seconds-with-cliff-richard\/#breadcrumb","itemListElement":[{"@type":"ListItem","position":1,"name":"Home","item":"https:\/\/vinilozona.lt\/"},{"@type":"ListItem","position":2,"name":"Parduotuv\u0117","item":"https:\/\/vinilozona.lt\/parduotuve\/"},{"@type":"ListItem","position":3,"name":"Cliff Richard \u2013 40 Golden Greats 2LP"}]},{"@type":"WebSite","@id":"https:\/\/vinilozona.lt\/#website","url":"https:\/\/vinilozona.lt\/","name":"Vinilo Zona","description":"Nup\u016bsk dulkes ir klausyk LP","potentialAction":[{"@type":"SearchAction","target":{"@type":"EntryPoint","urlTemplate":"https:\/\/vinilozona.lt\/?s={search_term_string}"},"query-input":{"@type":"PropertyValueSpecification","valueRequired":true,"valueName":"search_term_string"}}],"inLanguage":"en-GB"}]}},"_links":{"self":[{"href":"https:\/\/vinilozona.lt\/en\/wp-json\/wp\/v2\/product\/11678"}],"collection":[{"href":"https:\/\/vinilozona.lt\/en\/wp-json\/wp\/v2\/product"}],"about":[{"href":"https:\/\/vinilozona.lt\/en\/wp-json\/wp\/v2\/types\/product"}],"wp:featuredmedia":[{"embeddable":true,"href":"https:\/\/vinilozona.lt\/en\/wp-json\/wp\/v2\/media\/25414"}],"wp:attachment":[{"href":"https:\/\/vinilozona.lt\/en\/wp-json\/wp\/v2\/media?parent=11678"}],"wp:term":[{"taxonomy":"product_cat","embeddable":true,"href":"https:\/\/vinilozona.lt\/en\/wp-json\/wp\/v2\/product_cat?post=11678"},{"taxonomy":"product_tag","embeddable":true,"href":"https:\/\/vinilozona.lt\/en\/wp-json\/wp\/v2\/product_tag?post=11678"}],"curies":[{"name":"wp","href":"https:\/\/api.w.org\/{rel}","templated":true}]}}