{"id":11628,"date":"2023-05-17T05:06:00","date_gmt":"2023-05-17T02:06:00","guid":{"rendered":"https:\/\/vinilozona.lt\/?post_type=product&#038;p=11628"},"modified":"2023-10-08T12:49:09","modified_gmt":"2023-10-08T09:49:09","slug":"mamas-the-papas-%e2%80%8e-onvergetelijke-hits","status":"publish","type":"product","link":"https:\/\/vinilozona.lt\/en\/parduotuve\/rock-pop\/mamas-the-papas-%e2%80%8e-onvergetelijke-hits\/","title":{"rendered":"Mamas &#038; The Papas \u2013 16 Of Their Greatest Hits"},"content":{"rendered":"<p>A1\t\tCalifornia Dreamin&#8217;<br \/>\nA2\t\tDedicated To The One I Love<br \/>\nA3\t\tI Call Your Name<br \/>\nA4\t\tTwelve-Thirty (Young Girls Are Coming To The Canyon)<br \/>\nA5\t\tCreeque Alley<br \/>\nA6\t\tDancing In The Street<br \/>\nA7\t\tFor The Love Of Ivy<br \/>\nA8\t\tGo Where You Wanna Go<br \/>\nB1\t\tMy Girl<br \/>\nB2\t\tLook Through My Window<br \/>\nB3\t\tWords Of Love<br \/>\nB4\t\tTwist And Shout<br \/>\nB5\t\tI Saw Her Again<br \/>\nB6\t\tDream A Little Dream Of Me<br \/>\nB7\t\tTrip, Stumble And Fall<br \/>\nB8\t\tMonday, Monday<\/p>","protected":false},"excerpt":{"rendered":"<p>ABC Records \u2013 65 267 7, ABC\/Dunhill Records \u2013 65 267 7<br \/>\nFormat:<br \/>\nVinyl, LP, Compilation, Club Edition, Reissue, Stereo<br \/>\nCountry:\tGermany<br \/>\nReleased:\t1976<\/p>","protected":false},"featured_media":22208,"template":"","meta":[],"product_cat":[15],"product_tag":[44],"yoast_head":"<!-- This site is optimized with the Yoast SEO plugin v23.5 - https:\/\/yoast.com\/wordpress\/plugins\/seo\/ -->\n<title>Mamas &amp; The Papas \u2013 16 Of Their Greatest Hits Vinilin\u0117 Plok\u0161tel\u0117 | Vinilozona.lt<\/title>\n<meta name=\"robots\" content=\"index, follow, max-snippet:-1, max-image-preview:large, max-video-preview:-1\" \/>\n<link rel=\"canonical\" href=\"https:\/\/vinilozona.lt\/en\/parduotuve\/rock-pop\/mamas-the-papas-\u200e-onvergetelijke-hits\/\" \/>\n<meta property=\"og:locale\" content=\"en_GB\" \/>\n<meta property=\"og:type\" content=\"article\" \/>\n<meta property=\"og:title\" content=\"Mamas &amp; The Papas \u2013 16 Of Their Greatest Hits Vinilin\u0117 Plok\u0161tel\u0117 | Vinilozona.lt\" \/>\n<meta property=\"og:description\" content=\"ABC Records \u2013 65 267 7, ABC\/Dunhill Records \u2013 65 267 7 Format:  Vinyl, LP, Compilation, Club Edition, Reissue, Stereo Country: Germany Released: 1976\" \/>\n<meta property=\"og:url\" content=\"https:\/\/vinilozona.lt\/en\/parduotuve\/rock-pop\/mamas-the-papas-\u200e-onvergetelijke-hits\/\" \/>\n<meta property=\"og:site_name\" content=\"Vinilo Zona\" \/>\n<meta property=\"article:modified_time\" content=\"2023-10-08T09:49:09+00:00\" \/>\n<meta property=\"og:image\" content=\"https:\/\/vinilozona.lt\/wp-content\/uploads\/2020\/09\/R-895585-1172952764.jpg\" \/>\n\t<meta property=\"og:image:width\" content=\"600\" \/>\n\t<meta property=\"og:image:height\" content=\"600\" \/>\n\t<meta property=\"og:image:type\" content=\"image\/jpeg\" \/>\n<meta name=\"twitter:card\" content=\"summary_large_image\" \/>\n<script type=\"application\/ld+json\" class=\"yoast-schema-graph\">{\"@context\":\"https:\/\/schema.org\",\"@graph\":[{\"@type\":\"WebPage\",\"@id\":\"https:\/\/vinilozona.lt\/parduotuve\/rock-pop\/mamas-the-papas-%e2%80%8e-onvergetelijke-hits\/\",\"url\":\"https:\/\/vinilozona.lt\/parduotuve\/rock-pop\/mamas-the-papas-%e2%80%8e-onvergetelijke-hits\/\",\"name\":\"Mamas & The Papas \u2013 16 Of Their Greatest Hits Vinilin\u0117 Plok\u0161tel\u0117 | Vinilozona.lt\",\"isPartOf\":{\"@id\":\"https:\/\/vinilozona.lt\/#website\"},\"primaryImageOfPage\":{\"@id\":\"https:\/\/vinilozona.lt\/parduotuve\/rock-pop\/mamas-the-papas-%e2%80%8e-onvergetelijke-hits\/#primaryimage\"},\"image\":{\"@id\":\"https:\/\/vinilozona.lt\/parduotuve\/rock-pop\/mamas-the-papas-%e2%80%8e-onvergetelijke-hits\/#primaryimage\"},\"thumbnailUrl\":\"https:\/\/vinilozona.lt\/wp-content\/uploads\/2020\/09\/R-895585-1172952764.jpg\",\"datePublished\":\"2023-05-17T02:06:00+00:00\",\"dateModified\":\"2023-10-08T09:49:09+00:00\",\"breadcrumb\":{\"@id\":\"https:\/\/vinilozona.lt\/parduotuve\/rock-pop\/mamas-the-papas-%e2%80%8e-onvergetelijke-hits\/#breadcrumb\"},\"inLanguage\":\"en-GB\",\"potentialAction\":[{\"@type\":\"ReadAction\",\"target\":[\"https:\/\/vinilozona.lt\/parduotuve\/rock-pop\/mamas-the-papas-%e2%80%8e-onvergetelijke-hits\/\"]}]},{\"@type\":\"ImageObject\",\"inLanguage\":\"en-GB\",\"@id\":\"https:\/\/vinilozona.lt\/parduotuve\/rock-pop\/mamas-the-papas-%e2%80%8e-onvergetelijke-hits\/#primaryimage\",\"url\":\"https:\/\/vinilozona.lt\/wp-content\/uploads\/2020\/09\/R-895585-1172952764.jpg\",\"contentUrl\":\"https:\/\/vinilozona.lt\/wp-content\/uploads\/2020\/09\/R-895585-1172952764.jpg\",\"width\":600,\"height\":600},{\"@type\":\"BreadcrumbList\",\"@id\":\"https:\/\/vinilozona.lt\/parduotuve\/rock-pop\/mamas-the-papas-%e2%80%8e-onvergetelijke-hits\/#breadcrumb\",\"itemListElement\":[{\"@type\":\"ListItem\",\"position\":1,\"name\":\"Home\",\"item\":\"https:\/\/vinilozona.lt\/\"},{\"@type\":\"ListItem\",\"position\":2,\"name\":\"Parduotuv\u0117\",\"item\":\"https:\/\/vinilozona.lt\/parduotuve\/\"},{\"@type\":\"ListItem\",\"position\":3,\"name\":\"Mamas &#038; The Papas \u2013 16 Of Their Greatest Hits\"}]},{\"@type\":\"WebSite\",\"@id\":\"https:\/\/vinilozona.lt\/#website\",\"url\":\"https:\/\/vinilozona.lt\/\",\"name\":\"Vinilo Zona\",\"description\":\"Nup\u016bsk dulkes ir klausyk LP\",\"potentialAction\":[{\"@type\":\"SearchAction\",\"target\":{\"@type\":\"EntryPoint\",\"urlTemplate\":\"https:\/\/vinilozona.lt\/?s={search_term_string}\"},\"query-input\":{\"@type\":\"PropertyValueSpecification\",\"valueRequired\":true,\"valueName\":\"search_term_string\"}}],\"inLanguage\":\"en-GB\"}]}<\/script>\n<!-- \/ Yoast SEO plugin. -->","yoast_head_json":{"title":"Mamas & The Papas \u2013 16 Of Their Greatest Hits Vinilin\u0117 Plok\u0161tel\u0117 | Vinilozona.lt","robots":{"index":"index","follow":"follow","max-snippet":"max-snippet:-1","max-image-preview":"max-image-preview:large","max-video-preview":"max-video-preview:-1"},"canonical":"https:\/\/vinilozona.lt\/en\/parduotuve\/rock-pop\/mamas-the-papas-\u200e-onvergetelijke-hits\/","og_locale":"en_GB","og_type":"article","og_title":"Mamas & The Papas \u2013 16 Of Their Greatest Hits Vinilin\u0117 Plok\u0161tel\u0117 | Vinilozona.lt","og_description":"ABC Records \u2013 65 267 7, ABC\/Dunhill Records \u2013 65 267 7 Format:  Vinyl, LP, Compilation, Club Edition, Reissue, Stereo Country: Germany Released: 1976","og_url":"https:\/\/vinilozona.lt\/en\/parduotuve\/rock-pop\/mamas-the-papas-\u200e-onvergetelijke-hits\/","og_site_name":"Vinilo Zona","article_modified_time":"2023-10-08T09:49:09+00:00","og_image":[{"width":600,"height":600,"url":"https:\/\/vinilozona.lt\/wp-content\/uploads\/2020\/09\/R-895585-1172952764.jpg","type":"image\/jpeg"}],"twitter_card":"summary_large_image","schema":{"@context":"https:\/\/schema.org","@graph":[{"@type":"WebPage","@id":"https:\/\/vinilozona.lt\/parduotuve\/rock-pop\/mamas-the-papas-%e2%80%8e-onvergetelijke-hits\/","url":"https:\/\/vinilozona.lt\/parduotuve\/rock-pop\/mamas-the-papas-%e2%80%8e-onvergetelijke-hits\/","name":"Mamas & The Papas \u2013 16 Of Their Greatest Hits Vinilin\u0117 Plok\u0161tel\u0117 | Vinilozona.lt","isPartOf":{"@id":"https:\/\/vinilozona.lt\/#website"},"primaryImageOfPage":{"@id":"https:\/\/vinilozona.lt\/parduotuve\/rock-pop\/mamas-the-papas-%e2%80%8e-onvergetelijke-hits\/#primaryimage"},"image":{"@id":"https:\/\/vinilozona.lt\/parduotuve\/rock-pop\/mamas-the-papas-%e2%80%8e-onvergetelijke-hits\/#primaryimage"},"thumbnailUrl":"https:\/\/vinilozona.lt\/wp-content\/uploads\/2020\/09\/R-895585-1172952764.jpg","datePublished":"2023-05-17T02:06:00+00:00","dateModified":"2023-10-08T09:49:09+00:00","breadcrumb":{"@id":"https:\/\/vinilozona.lt\/parduotuve\/rock-pop\/mamas-the-papas-%e2%80%8e-onvergetelijke-hits\/#breadcrumb"},"inLanguage":"en-GB","potentialAction":[{"@type":"ReadAction","target":["https:\/\/vinilozona.lt\/parduotuve\/rock-pop\/mamas-the-papas-%e2%80%8e-onvergetelijke-hits\/"]}]},{"@type":"ImageObject","inLanguage":"en-GB","@id":"https:\/\/vinilozona.lt\/parduotuve\/rock-pop\/mamas-the-papas-%e2%80%8e-onvergetelijke-hits\/#primaryimage","url":"https:\/\/vinilozona.lt\/wp-content\/uploads\/2020\/09\/R-895585-1172952764.jpg","contentUrl":"https:\/\/vinilozona.lt\/wp-content\/uploads\/2020\/09\/R-895585-1172952764.jpg","width":600,"height":600},{"@type":"BreadcrumbList","@id":"https:\/\/vinilozona.lt\/parduotuve\/rock-pop\/mamas-the-papas-%e2%80%8e-onvergetelijke-hits\/#breadcrumb","itemListElement":[{"@type":"ListItem","position":1,"name":"Home","item":"https:\/\/vinilozona.lt\/"},{"@type":"ListItem","position":2,"name":"Parduotuv\u0117","item":"https:\/\/vinilozona.lt\/parduotuve\/"},{"@type":"ListItem","position":3,"name":"Mamas &#038; The Papas \u2013 16 Of Their Greatest Hits"}]},{"@type":"WebSite","@id":"https:\/\/vinilozona.lt\/#website","url":"https:\/\/vinilozona.lt\/","name":"Vinilo Zona","description":"Nup\u016bsk dulkes ir klausyk LP","potentialAction":[{"@type":"SearchAction","target":{"@type":"EntryPoint","urlTemplate":"https:\/\/vinilozona.lt\/?s={search_term_string}"},"query-input":{"@type":"PropertyValueSpecification","valueRequired":true,"valueName":"search_term_string"}}],"inLanguage":"en-GB"}]}},"_links":{"self":[{"href":"https:\/\/vinilozona.lt\/en\/wp-json\/wp\/v2\/product\/11628"}],"collection":[{"href":"https:\/\/vinilozona.lt\/en\/wp-json\/wp\/v2\/product"}],"about":[{"href":"https:\/\/vinilozona.lt\/en\/wp-json\/wp\/v2\/types\/product"}],"wp:featuredmedia":[{"embeddable":true,"href":"https:\/\/vinilozona.lt\/en\/wp-json\/wp\/v2\/media\/22208"}],"wp:attachment":[{"href":"https:\/\/vinilozona.lt\/en\/wp-json\/wp\/v2\/media?parent=11628"}],"wp:term":[{"taxonomy":"product_cat","embeddable":true,"href":"https:\/\/vinilozona.lt\/en\/wp-json\/wp\/v2\/product_cat?post=11628"},{"taxonomy":"product_tag","embeddable":true,"href":"https:\/\/vinilozona.lt\/en\/wp-json\/wp\/v2\/product_tag?post=11628"}],"curies":[{"name":"wp","href":"https:\/\/api.w.org\/{rel}","templated":true}]}}