{"id":11601,"date":"2021-03-14T19:45:55","date_gmt":"2021-03-14T17:45:55","guid":{"rendered":"https:\/\/vinilozona.lt\/?post_type=product&#038;p=11601"},"modified":"2022-04-29T15:37:21","modified_gmt":"2022-04-29T12:37:21","slug":"poliarizuoti-stiklai-geriausios-dainos-ii","status":"publish","type":"product","link":"https:\/\/vinilozona.lt\/en\/parduotuve\/lietuviska\/poliarizuoti-stiklai-geriausios-dainos-ii\/","title":{"rendered":"Poliarizuoti stiklai &#8211; Geriausios dainos II"},"content":{"rendered":"<p>A1\tAtleisk mama\t4:57<br \/>\nA2\tRaudoni obuoliai\t3:39<br \/>\nA3\tTraukinys\t4:47<br \/>\nA4\tSugr\u012f\u0161k \u012f kaim\u0105\t4:47<br \/>\nA5\tKaip gerai\t5:03<br \/>\nB1\tNesinervouk\t2:52<br \/>\nB2\tDaug daug saul\u0117s\t3:12<br \/>\nB3\tAleliuja\t3:06<br \/>\nB4\tD\u0117d\u0117 Petras\t2:45<br \/>\nB5\tPagaliau\t3:51<br \/>\nB6\tSudie, mergaite\t3:13<br \/>\nB7\tKal\u0117dos\t3:26<\/p>","protected":false},"excerpt":{"rendered":"<p>VS 016<\/p>","protected":false},"featured_media":11602,"template":"","meta":[],"product_cat":[19,23],"product_tag":[55],"yoast_head":"<!-- This site is optimized with the Yoast SEO plugin v23.5 - https:\/\/yoast.com\/wordpress\/plugins\/seo\/ -->\n<title>Poliarizuoti stiklai - Geriausios dainos II Vinilin\u0117 Plok\u0161tel\u0117 | Vinilozona.lt<\/title>\n<meta name=\"robots\" content=\"index, follow, max-snippet:-1, max-image-preview:large, max-video-preview:-1\" \/>\n<link rel=\"canonical\" href=\"https:\/\/vinilozona.lt\/en\/parduotuve\/lietuviska\/poliarizuoti-stiklai-geriausios-dainos-ii\/\" \/>\n<meta property=\"og:locale\" content=\"en_GB\" \/>\n<meta property=\"og:type\" content=\"article\" \/>\n<meta property=\"og:title\" content=\"Poliarizuoti stiklai - Geriausios dainos II Vinilin\u0117 Plok\u0161tel\u0117 | Vinilozona.lt\" \/>\n<meta property=\"og:description\" content=\"VS 016\" \/>\n<meta property=\"og:url\" content=\"https:\/\/vinilozona.lt\/en\/parduotuve\/lietuviska\/poliarizuoti-stiklai-geriausios-dainos-ii\/\" \/>\n<meta property=\"og:site_name\" content=\"Vinilo Zona\" \/>\n<meta property=\"article:modified_time\" content=\"2022-04-29T12:37:21+00:00\" \/>\n<meta property=\"og:image\" content=\"https:\/\/vinilozona.lt\/wp-content\/uploads\/2020\/09\/20200909_090754-scaled.jpg\" \/>\n\t<meta property=\"og:image:width\" content=\"2560\" \/>\n\t<meta property=\"og:image:height\" content=\"1920\" \/>\n\t<meta property=\"og:image:type\" content=\"image\/jpeg\" \/>\n<meta name=\"twitter:card\" content=\"summary_large_image\" \/>\n<script type=\"application\/ld+json\" class=\"yoast-schema-graph\">{\"@context\":\"https:\/\/schema.org\",\"@graph\":[{\"@type\":\"WebPage\",\"@id\":\"https:\/\/vinilozona.lt\/parduotuve\/lietuviska\/poliarizuoti-stiklai-geriausios-dainos-ii\/\",\"url\":\"https:\/\/vinilozona.lt\/parduotuve\/lietuviska\/poliarizuoti-stiklai-geriausios-dainos-ii\/\",\"name\":\"Poliarizuoti stiklai - Geriausios dainos II Vinilin\u0117 Plok\u0161tel\u0117 | Vinilozona.lt\",\"isPartOf\":{\"@id\":\"https:\/\/vinilozona.lt\/#website\"},\"primaryImageOfPage\":{\"@id\":\"https:\/\/vinilozona.lt\/parduotuve\/lietuviska\/poliarizuoti-stiklai-geriausios-dainos-ii\/#primaryimage\"},\"image\":{\"@id\":\"https:\/\/vinilozona.lt\/parduotuve\/lietuviska\/poliarizuoti-stiklai-geriausios-dainos-ii\/#primaryimage\"},\"thumbnailUrl\":\"https:\/\/vinilozona.lt\/wp-content\/uploads\/2020\/09\/20200909_090754-scaled.jpg\",\"datePublished\":\"2021-03-14T17:45:55+00:00\",\"dateModified\":\"2022-04-29T12:37:21+00:00\",\"breadcrumb\":{\"@id\":\"https:\/\/vinilozona.lt\/parduotuve\/lietuviska\/poliarizuoti-stiklai-geriausios-dainos-ii\/#breadcrumb\"},\"inLanguage\":\"en-GB\",\"potentialAction\":[{\"@type\":\"ReadAction\",\"target\":[\"https:\/\/vinilozona.lt\/parduotuve\/lietuviska\/poliarizuoti-stiklai-geriausios-dainos-ii\/\"]}]},{\"@type\":\"ImageObject\",\"inLanguage\":\"en-GB\",\"@id\":\"https:\/\/vinilozona.lt\/parduotuve\/lietuviska\/poliarizuoti-stiklai-geriausios-dainos-ii\/#primaryimage\",\"url\":\"https:\/\/vinilozona.lt\/wp-content\/uploads\/2020\/09\/20200909_090754-scaled.jpg\",\"contentUrl\":\"https:\/\/vinilozona.lt\/wp-content\/uploads\/2020\/09\/20200909_090754-scaled.jpg\",\"width\":2560,\"height\":1920},{\"@type\":\"BreadcrumbList\",\"@id\":\"https:\/\/vinilozona.lt\/parduotuve\/lietuviska\/poliarizuoti-stiklai-geriausios-dainos-ii\/#breadcrumb\",\"itemListElement\":[{\"@type\":\"ListItem\",\"position\":1,\"name\":\"Home\",\"item\":\"https:\/\/vinilozona.lt\/\"},{\"@type\":\"ListItem\",\"position\":2,\"name\":\"Parduotuv\u0117\",\"item\":\"https:\/\/vinilozona.lt\/parduotuve\/\"},{\"@type\":\"ListItem\",\"position\":3,\"name\":\"Poliarizuoti stiklai &#8211; Geriausios dainos II\"}]},{\"@type\":\"WebSite\",\"@id\":\"https:\/\/vinilozona.lt\/#website\",\"url\":\"https:\/\/vinilozona.lt\/\",\"name\":\"Vinilo Zona\",\"description\":\"Nup\u016bsk dulkes ir klausyk LP\",\"potentialAction\":[{\"@type\":\"SearchAction\",\"target\":{\"@type\":\"EntryPoint\",\"urlTemplate\":\"https:\/\/vinilozona.lt\/?s={search_term_string}\"},\"query-input\":{\"@type\":\"PropertyValueSpecification\",\"valueRequired\":true,\"valueName\":\"search_term_string\"}}],\"inLanguage\":\"en-GB\"}]}<\/script>\n<!-- \/ Yoast SEO plugin. -->","yoast_head_json":{"title":"Poliarizuoti stiklai - Geriausios dainos II Vinilin\u0117 Plok\u0161tel\u0117 | Vinilozona.lt","robots":{"index":"index","follow":"follow","max-snippet":"max-snippet:-1","max-image-preview":"max-image-preview:large","max-video-preview":"max-video-preview:-1"},"canonical":"https:\/\/vinilozona.lt\/en\/parduotuve\/lietuviska\/poliarizuoti-stiklai-geriausios-dainos-ii\/","og_locale":"en_GB","og_type":"article","og_title":"Poliarizuoti stiklai - Geriausios dainos II Vinilin\u0117 Plok\u0161tel\u0117 | Vinilozona.lt","og_description":"VS 016","og_url":"https:\/\/vinilozona.lt\/en\/parduotuve\/lietuviska\/poliarizuoti-stiklai-geriausios-dainos-ii\/","og_site_name":"Vinilo Zona","article_modified_time":"2022-04-29T12:37:21+00:00","og_image":[{"width":2560,"height":1920,"url":"https:\/\/vinilozona.lt\/wp-content\/uploads\/2020\/09\/20200909_090754-scaled.jpg","type":"image\/jpeg"}],"twitter_card":"summary_large_image","schema":{"@context":"https:\/\/schema.org","@graph":[{"@type":"WebPage","@id":"https:\/\/vinilozona.lt\/parduotuve\/lietuviska\/poliarizuoti-stiklai-geriausios-dainos-ii\/","url":"https:\/\/vinilozona.lt\/parduotuve\/lietuviska\/poliarizuoti-stiklai-geriausios-dainos-ii\/","name":"Poliarizuoti stiklai - Geriausios dainos II Vinilin\u0117 Plok\u0161tel\u0117 | Vinilozona.lt","isPartOf":{"@id":"https:\/\/vinilozona.lt\/#website"},"primaryImageOfPage":{"@id":"https:\/\/vinilozona.lt\/parduotuve\/lietuviska\/poliarizuoti-stiklai-geriausios-dainos-ii\/#primaryimage"},"image":{"@id":"https:\/\/vinilozona.lt\/parduotuve\/lietuviska\/poliarizuoti-stiklai-geriausios-dainos-ii\/#primaryimage"},"thumbnailUrl":"https:\/\/vinilozona.lt\/wp-content\/uploads\/2020\/09\/20200909_090754-scaled.jpg","datePublished":"2021-03-14T17:45:55+00:00","dateModified":"2022-04-29T12:37:21+00:00","breadcrumb":{"@id":"https:\/\/vinilozona.lt\/parduotuve\/lietuviska\/poliarizuoti-stiklai-geriausios-dainos-ii\/#breadcrumb"},"inLanguage":"en-GB","potentialAction":[{"@type":"ReadAction","target":["https:\/\/vinilozona.lt\/parduotuve\/lietuviska\/poliarizuoti-stiklai-geriausios-dainos-ii\/"]}]},{"@type":"ImageObject","inLanguage":"en-GB","@id":"https:\/\/vinilozona.lt\/parduotuve\/lietuviska\/poliarizuoti-stiklai-geriausios-dainos-ii\/#primaryimage","url":"https:\/\/vinilozona.lt\/wp-content\/uploads\/2020\/09\/20200909_090754-scaled.jpg","contentUrl":"https:\/\/vinilozona.lt\/wp-content\/uploads\/2020\/09\/20200909_090754-scaled.jpg","width":2560,"height":1920},{"@type":"BreadcrumbList","@id":"https:\/\/vinilozona.lt\/parduotuve\/lietuviska\/poliarizuoti-stiklai-geriausios-dainos-ii\/#breadcrumb","itemListElement":[{"@type":"ListItem","position":1,"name":"Home","item":"https:\/\/vinilozona.lt\/"},{"@type":"ListItem","position":2,"name":"Parduotuv\u0117","item":"https:\/\/vinilozona.lt\/parduotuve\/"},{"@type":"ListItem","position":3,"name":"Poliarizuoti stiklai &#8211; Geriausios dainos II"}]},{"@type":"WebSite","@id":"https:\/\/vinilozona.lt\/#website","url":"https:\/\/vinilozona.lt\/","name":"Vinilo Zona","description":"Nup\u016bsk dulkes ir klausyk LP","potentialAction":[{"@type":"SearchAction","target":{"@type":"EntryPoint","urlTemplate":"https:\/\/vinilozona.lt\/?s={search_term_string}"},"query-input":{"@type":"PropertyValueSpecification","valueRequired":true,"valueName":"search_term_string"}}],"inLanguage":"en-GB"}]}},"_links":{"self":[{"href":"https:\/\/vinilozona.lt\/en\/wp-json\/wp\/v2\/product\/11601"}],"collection":[{"href":"https:\/\/vinilozona.lt\/en\/wp-json\/wp\/v2\/product"}],"about":[{"href":"https:\/\/vinilozona.lt\/en\/wp-json\/wp\/v2\/types\/product"}],"wp:featuredmedia":[{"embeddable":true,"href":"https:\/\/vinilozona.lt\/en\/wp-json\/wp\/v2\/media\/11602"}],"wp:attachment":[{"href":"https:\/\/vinilozona.lt\/en\/wp-json\/wp\/v2\/media?parent=11601"}],"wp:term":[{"taxonomy":"product_cat","embeddable":true,"href":"https:\/\/vinilozona.lt\/en\/wp-json\/wp\/v2\/product_cat?post=11601"},{"taxonomy":"product_tag","embeddable":true,"href":"https:\/\/vinilozona.lt\/en\/wp-json\/wp\/v2\/product_tag?post=11601"}],"curies":[{"name":"wp","href":"https:\/\/api.w.org\/{rel}","templated":true}]}}