{"id":11576,"date":"2021-02-19T14:00:21","date_gmt":"2021-02-19T12:00:21","guid":{"rendered":"https:\/\/vinilozona.lt\/?post_type=product&#038;p=11576"},"modified":"2021-06-14T10:40:50","modified_gmt":"2021-06-14T07:40:50","slug":"black-sabbath-%e2%80%8e-we-sold-our-soul-for-rock-n-roll","status":"publish","type":"product","link":"https:\/\/vinilozona.lt\/en\/parduotuve\/rock-pop\/black-sabbath-%e2%80%8e-we-sold-our-soul-for-rock-n-roll\/","title":{"rendered":"Black Sabbath \u200e\u2013 We Sold Our Soul For Rock &#8216;N&#8217; Roll"},"content":{"rendered":"<p>A1 \tBlack Sabbath \t6:15<br \/>\nA2 \tThe Wizard \t4:20<br \/>\nA3 \tWarning \t10:36<br \/>\nB1 \tParanoid \t2:50<br \/>\nB2 \tWar Pigs \t7:55<br \/>\nB3 \tIron Man \t6:00<br \/>\nC1 \tTomorrow&#8217;s Dream \t3:08<br \/>\nC2 \tFairies Wear Boots \t6:13<br \/>\nC3 \tChanges \t4:41<br \/>\nC4 \tSweet Leaf \t5:02<br \/>\nC5 \tChildren Of The Grave \t5:15<br \/>\nD1 \tSabbath Bloody Sabbath \t5:35<br \/>\nD2 \tAm I Going Insane (Radio) \t4:13<br \/>\nD3 \tLaguna Sunrise \t2:50<br \/>\nD4 \tSnowblind \t5:28<br \/>\nD5 \tN.I.B. \t6:16<\/p>","protected":false},"excerpt":{"rendered":"<p>Warner Bros. Records \u200e\u2013 2BS 2923<br \/>\nFormat:<br \/>\n2 \u00d7 Vinyl, LP, Compilation<br \/>\nAbi lp groja puikiai. \u012evertinta bendrai vg tod\u0117l, kad lp 1 track 1 prad\u017eioje kelet\u0105 kart\u0173 spragteli.<\/p>","protected":false},"featured_media":11577,"template":"","meta":[],"product_cat":[15],"product_tag":[44],"yoast_head":"<!-- This site is optimized with the Yoast SEO plugin v23.5 - https:\/\/yoast.com\/wordpress\/plugins\/seo\/ -->\n<title>Black Sabbath \u200e\u2013 We Sold Our Soul For Rock &#039;N&#039; Roll Vinilin\u0117 Plok\u0161tel\u0117 | Vinilozona.lt<\/title>\n<meta name=\"robots\" content=\"index, follow, max-snippet:-1, max-image-preview:large, max-video-preview:-1\" \/>\n<link rel=\"canonical\" href=\"https:\/\/vinilozona.lt\/en\/parduotuve\/rock-pop\/black-sabbath-\u200e-we-sold-our-soul-for-rock-n-roll\/\" \/>\n<meta property=\"og:locale\" content=\"en_GB\" \/>\n<meta property=\"og:type\" content=\"article\" \/>\n<meta property=\"og:title\" content=\"Black Sabbath \u200e\u2013 We Sold Our Soul For Rock &#039;N&#039; Roll Vinilin\u0117 Plok\u0161tel\u0117 | Vinilozona.lt\" \/>\n<meta property=\"og:description\" content=\"Warner Bros. Records \u200e\u2013 2BS 2923 Format: 2 \u00d7 Vinyl, LP, Compilation  Abi lp groja puikiai. \u012evertinta bendrai vg tod\u0117l, kad lp 1 track 1 prad\u017eioje kelet\u0105 kart\u0173 spragteli.\" \/>\n<meta property=\"og:url\" content=\"https:\/\/vinilozona.lt\/en\/parduotuve\/rock-pop\/black-sabbath-\u200e-we-sold-our-soul-for-rock-n-roll\/\" \/>\n<meta property=\"og:site_name\" content=\"Vinilo Zona\" \/>\n<meta property=\"article:modified_time\" content=\"2021-06-14T07:40:50+00:00\" \/>\n<meta property=\"og:image\" content=\"https:\/\/vinilozona.lt\/wp-content\/uploads\/2020\/09\/R-1996937-1258263491.jpeg.jpg\" \/>\n\t<meta property=\"og:image:width\" content=\"500\" \/>\n\t<meta property=\"og:image:height\" content=\"508\" \/>\n\t<meta property=\"og:image:type\" content=\"image\/jpeg\" \/>\n<meta name=\"twitter:card\" content=\"summary_large_image\" \/>\n<script type=\"application\/ld+json\" class=\"yoast-schema-graph\">{\"@context\":\"https:\/\/schema.org\",\"@graph\":[{\"@type\":\"WebPage\",\"@id\":\"https:\/\/vinilozona.lt\/parduotuve\/rock-pop\/black-sabbath-%e2%80%8e-we-sold-our-soul-for-rock-n-roll\/\",\"url\":\"https:\/\/vinilozona.lt\/parduotuve\/rock-pop\/black-sabbath-%e2%80%8e-we-sold-our-soul-for-rock-n-roll\/\",\"name\":\"Black Sabbath \u200e\u2013 We Sold Our Soul For Rock 'N' Roll Vinilin\u0117 Plok\u0161tel\u0117 | Vinilozona.lt\",\"isPartOf\":{\"@id\":\"https:\/\/vinilozona.lt\/#website\"},\"primaryImageOfPage\":{\"@id\":\"https:\/\/vinilozona.lt\/parduotuve\/rock-pop\/black-sabbath-%e2%80%8e-we-sold-our-soul-for-rock-n-roll\/#primaryimage\"},\"image\":{\"@id\":\"https:\/\/vinilozona.lt\/parduotuve\/rock-pop\/black-sabbath-%e2%80%8e-we-sold-our-soul-for-rock-n-roll\/#primaryimage\"},\"thumbnailUrl\":\"https:\/\/vinilozona.lt\/wp-content\/uploads\/2020\/09\/R-1996937-1258263491.jpeg.jpg\",\"datePublished\":\"2021-02-19T12:00:21+00:00\",\"dateModified\":\"2021-06-14T07:40:50+00:00\",\"breadcrumb\":{\"@id\":\"https:\/\/vinilozona.lt\/parduotuve\/rock-pop\/black-sabbath-%e2%80%8e-we-sold-our-soul-for-rock-n-roll\/#breadcrumb\"},\"inLanguage\":\"en-GB\",\"potentialAction\":[{\"@type\":\"ReadAction\",\"target\":[\"https:\/\/vinilozona.lt\/parduotuve\/rock-pop\/black-sabbath-%e2%80%8e-we-sold-our-soul-for-rock-n-roll\/\"]}]},{\"@type\":\"ImageObject\",\"inLanguage\":\"en-GB\",\"@id\":\"https:\/\/vinilozona.lt\/parduotuve\/rock-pop\/black-sabbath-%e2%80%8e-we-sold-our-soul-for-rock-n-roll\/#primaryimage\",\"url\":\"https:\/\/vinilozona.lt\/wp-content\/uploads\/2020\/09\/R-1996937-1258263491.jpeg.jpg\",\"contentUrl\":\"https:\/\/vinilozona.lt\/wp-content\/uploads\/2020\/09\/R-1996937-1258263491.jpeg.jpg\",\"width\":500,\"height\":508},{\"@type\":\"BreadcrumbList\",\"@id\":\"https:\/\/vinilozona.lt\/parduotuve\/rock-pop\/black-sabbath-%e2%80%8e-we-sold-our-soul-for-rock-n-roll\/#breadcrumb\",\"itemListElement\":[{\"@type\":\"ListItem\",\"position\":1,\"name\":\"Home\",\"item\":\"https:\/\/vinilozona.lt\/\"},{\"@type\":\"ListItem\",\"position\":2,\"name\":\"Parduotuv\u0117\",\"item\":\"https:\/\/vinilozona.lt\/parduotuve\/\"},{\"@type\":\"ListItem\",\"position\":3,\"name\":\"Black Sabbath \u200e\u2013 We Sold Our Soul For Rock &#8216;N&#8217; Roll\"}]},{\"@type\":\"WebSite\",\"@id\":\"https:\/\/vinilozona.lt\/#website\",\"url\":\"https:\/\/vinilozona.lt\/\",\"name\":\"Vinilo Zona\",\"description\":\"Nup\u016bsk dulkes ir klausyk LP\",\"potentialAction\":[{\"@type\":\"SearchAction\",\"target\":{\"@type\":\"EntryPoint\",\"urlTemplate\":\"https:\/\/vinilozona.lt\/?s={search_term_string}\"},\"query-input\":{\"@type\":\"PropertyValueSpecification\",\"valueRequired\":true,\"valueName\":\"search_term_string\"}}],\"inLanguage\":\"en-GB\"}]}<\/script>\n<!-- \/ Yoast SEO plugin. -->","yoast_head_json":{"title":"Black Sabbath \u200e\u2013 We Sold Our Soul For Rock 'N' Roll Vinilin\u0117 Plok\u0161tel\u0117 | Vinilozona.lt","robots":{"index":"index","follow":"follow","max-snippet":"max-snippet:-1","max-image-preview":"max-image-preview:large","max-video-preview":"max-video-preview:-1"},"canonical":"https:\/\/vinilozona.lt\/en\/parduotuve\/rock-pop\/black-sabbath-\u200e-we-sold-our-soul-for-rock-n-roll\/","og_locale":"en_GB","og_type":"article","og_title":"Black Sabbath \u200e\u2013 We Sold Our Soul For Rock 'N' Roll Vinilin\u0117 Plok\u0161tel\u0117 | Vinilozona.lt","og_description":"Warner Bros. Records \u200e\u2013 2BS 2923 Format: 2 \u00d7 Vinyl, LP, Compilation  Abi lp groja puikiai. \u012evertinta bendrai vg tod\u0117l, kad lp 1 track 1 prad\u017eioje kelet\u0105 kart\u0173 spragteli.","og_url":"https:\/\/vinilozona.lt\/en\/parduotuve\/rock-pop\/black-sabbath-\u200e-we-sold-our-soul-for-rock-n-roll\/","og_site_name":"Vinilo Zona","article_modified_time":"2021-06-14T07:40:50+00:00","og_image":[{"width":500,"height":508,"url":"https:\/\/vinilozona.lt\/wp-content\/uploads\/2020\/09\/R-1996937-1258263491.jpeg.jpg","type":"image\/jpeg"}],"twitter_card":"summary_large_image","schema":{"@context":"https:\/\/schema.org","@graph":[{"@type":"WebPage","@id":"https:\/\/vinilozona.lt\/parduotuve\/rock-pop\/black-sabbath-%e2%80%8e-we-sold-our-soul-for-rock-n-roll\/","url":"https:\/\/vinilozona.lt\/parduotuve\/rock-pop\/black-sabbath-%e2%80%8e-we-sold-our-soul-for-rock-n-roll\/","name":"Black Sabbath \u200e\u2013 We Sold Our Soul For Rock 'N' Roll Vinilin\u0117 Plok\u0161tel\u0117 | Vinilozona.lt","isPartOf":{"@id":"https:\/\/vinilozona.lt\/#website"},"primaryImageOfPage":{"@id":"https:\/\/vinilozona.lt\/parduotuve\/rock-pop\/black-sabbath-%e2%80%8e-we-sold-our-soul-for-rock-n-roll\/#primaryimage"},"image":{"@id":"https:\/\/vinilozona.lt\/parduotuve\/rock-pop\/black-sabbath-%e2%80%8e-we-sold-our-soul-for-rock-n-roll\/#primaryimage"},"thumbnailUrl":"https:\/\/vinilozona.lt\/wp-content\/uploads\/2020\/09\/R-1996937-1258263491.jpeg.jpg","datePublished":"2021-02-19T12:00:21+00:00","dateModified":"2021-06-14T07:40:50+00:00","breadcrumb":{"@id":"https:\/\/vinilozona.lt\/parduotuve\/rock-pop\/black-sabbath-%e2%80%8e-we-sold-our-soul-for-rock-n-roll\/#breadcrumb"},"inLanguage":"en-GB","potentialAction":[{"@type":"ReadAction","target":["https:\/\/vinilozona.lt\/parduotuve\/rock-pop\/black-sabbath-%e2%80%8e-we-sold-our-soul-for-rock-n-roll\/"]}]},{"@type":"ImageObject","inLanguage":"en-GB","@id":"https:\/\/vinilozona.lt\/parduotuve\/rock-pop\/black-sabbath-%e2%80%8e-we-sold-our-soul-for-rock-n-roll\/#primaryimage","url":"https:\/\/vinilozona.lt\/wp-content\/uploads\/2020\/09\/R-1996937-1258263491.jpeg.jpg","contentUrl":"https:\/\/vinilozona.lt\/wp-content\/uploads\/2020\/09\/R-1996937-1258263491.jpeg.jpg","width":500,"height":508},{"@type":"BreadcrumbList","@id":"https:\/\/vinilozona.lt\/parduotuve\/rock-pop\/black-sabbath-%e2%80%8e-we-sold-our-soul-for-rock-n-roll\/#breadcrumb","itemListElement":[{"@type":"ListItem","position":1,"name":"Home","item":"https:\/\/vinilozona.lt\/"},{"@type":"ListItem","position":2,"name":"Parduotuv\u0117","item":"https:\/\/vinilozona.lt\/parduotuve\/"},{"@type":"ListItem","position":3,"name":"Black Sabbath \u200e\u2013 We Sold Our Soul For Rock &#8216;N&#8217; Roll"}]},{"@type":"WebSite","@id":"https:\/\/vinilozona.lt\/#website","url":"https:\/\/vinilozona.lt\/","name":"Vinilo Zona","description":"Nup\u016bsk dulkes ir klausyk LP","potentialAction":[{"@type":"SearchAction","target":{"@type":"EntryPoint","urlTemplate":"https:\/\/vinilozona.lt\/?s={search_term_string}"},"query-input":{"@type":"PropertyValueSpecification","valueRequired":true,"valueName":"search_term_string"}}],"inLanguage":"en-GB"}]}},"_links":{"self":[{"href":"https:\/\/vinilozona.lt\/en\/wp-json\/wp\/v2\/product\/11576"}],"collection":[{"href":"https:\/\/vinilozona.lt\/en\/wp-json\/wp\/v2\/product"}],"about":[{"href":"https:\/\/vinilozona.lt\/en\/wp-json\/wp\/v2\/types\/product"}],"wp:featuredmedia":[{"embeddable":true,"href":"https:\/\/vinilozona.lt\/en\/wp-json\/wp\/v2\/media\/11577"}],"wp:attachment":[{"href":"https:\/\/vinilozona.lt\/en\/wp-json\/wp\/v2\/media?parent=11576"}],"wp:term":[{"taxonomy":"product_cat","embeddable":true,"href":"https:\/\/vinilozona.lt\/en\/wp-json\/wp\/v2\/product_cat?post=11576"},{"taxonomy":"product_tag","embeddable":true,"href":"https:\/\/vinilozona.lt\/en\/wp-json\/wp\/v2\/product_tag?post=11576"}],"curies":[{"name":"wp","href":"https:\/\/api.w.org\/{rel}","templated":true}]}}