{"id":11554,"date":"2020-09-06T17:04:44","date_gmt":"2020-09-06T14:04:44","guid":{"rendered":"https:\/\/vinilozona.lt\/?post_type=product&#038;p=11554"},"modified":"2022-10-23T15:43:54","modified_gmt":"2022-10-23T12:43:54","slug":"gerry-mulligan-%e2%80%8e-the-jazz-combo-from-i-want-to-live","status":"publish","type":"product","link":"https:\/\/vinilozona.lt\/en\/parduotuve\/jazz\/gerry-mulligan-%e2%80%8e-the-jazz-combo-from-i-want-to-live\/","title":{"rendered":"Gerry Mulligan \u200e\u2013 The Jazz Combo From &#8222;I Want To Live!&#8221;"},"content":{"rendered":"","protected":false},"excerpt":{"rendered":"<p>United Artists Records \u200e\u2013 GXC-3140 <\/p>","protected":false},"featured_media":11555,"template":"","meta":[],"product_cat":[20,39],"product_tag":[239],"yoast_head":"<!-- This site is optimized with the Yoast SEO plugin v23.5 - https:\/\/yoast.com\/wordpress\/plugins\/seo\/ -->\n<title>Gerry Mulligan \u200e\u2013 The Jazz Combo From &quot;I Want To Live!&quot; Vinilin\u0117 Plok\u0161tel\u0117 | Vinilozona.lt<\/title>\n<meta name=\"robots\" content=\"index, follow, max-snippet:-1, max-image-preview:large, max-video-preview:-1\" \/>\n<link rel=\"canonical\" href=\"https:\/\/vinilozona.lt\/en\/parduotuve\/jazz\/gerry-mulligan-\u200e-the-jazz-combo-from-i-want-to-live\/\" \/>\n<meta property=\"og:locale\" content=\"en_GB\" \/>\n<meta property=\"og:type\" content=\"article\" \/>\n<meta property=\"og:title\" content=\"Gerry Mulligan \u200e\u2013 The Jazz Combo From &quot;I Want To Live!&quot; Vinilin\u0117 Plok\u0161tel\u0117 | Vinilozona.lt\" \/>\n<meta property=\"og:description\" content=\"United Artists Records \u200e\u2013 GXC-3140\" \/>\n<meta property=\"og:url\" content=\"https:\/\/vinilozona.lt\/en\/parduotuve\/jazz\/gerry-mulligan-\u200e-the-jazz-combo-from-i-want-to-live\/\" \/>\n<meta property=\"og:site_name\" content=\"Vinilo Zona\" \/>\n<meta property=\"article:modified_time\" content=\"2022-10-23T12:43:54+00:00\" \/>\n<meta property=\"og:image\" content=\"https:\/\/vinilozona.lt\/wp-content\/uploads\/2020\/09\/R-5238507-1420365272-2920.jpeg.jpg\" \/>\n\t<meta property=\"og:image:width\" content=\"445\" \/>\n\t<meta property=\"og:image:height\" content=\"450\" \/>\n\t<meta property=\"og:image:type\" content=\"image\/jpeg\" \/>\n<meta name=\"twitter:card\" content=\"summary_large_image\" \/>\n<script type=\"application\/ld+json\" class=\"yoast-schema-graph\">{\"@context\":\"https:\/\/schema.org\",\"@graph\":[{\"@type\":\"WebPage\",\"@id\":\"https:\/\/vinilozona.lt\/parduotuve\/jazz\/gerry-mulligan-%e2%80%8e-the-jazz-combo-from-i-want-to-live\/\",\"url\":\"https:\/\/vinilozona.lt\/parduotuve\/jazz\/gerry-mulligan-%e2%80%8e-the-jazz-combo-from-i-want-to-live\/\",\"name\":\"Gerry Mulligan \u200e\u2013 The Jazz Combo From \\\"I Want To Live!\\\" Vinilin\u0117 Plok\u0161tel\u0117 | Vinilozona.lt\",\"isPartOf\":{\"@id\":\"https:\/\/vinilozona.lt\/#website\"},\"primaryImageOfPage\":{\"@id\":\"https:\/\/vinilozona.lt\/parduotuve\/jazz\/gerry-mulligan-%e2%80%8e-the-jazz-combo-from-i-want-to-live\/#primaryimage\"},\"image\":{\"@id\":\"https:\/\/vinilozona.lt\/parduotuve\/jazz\/gerry-mulligan-%e2%80%8e-the-jazz-combo-from-i-want-to-live\/#primaryimage\"},\"thumbnailUrl\":\"https:\/\/vinilozona.lt\/wp-content\/uploads\/2020\/09\/R-5238507-1420365272-2920.jpeg.jpg\",\"datePublished\":\"2020-09-06T14:04:44+00:00\",\"dateModified\":\"2022-10-23T12:43:54+00:00\",\"breadcrumb\":{\"@id\":\"https:\/\/vinilozona.lt\/parduotuve\/jazz\/gerry-mulligan-%e2%80%8e-the-jazz-combo-from-i-want-to-live\/#breadcrumb\"},\"inLanguage\":\"en-GB\",\"potentialAction\":[{\"@type\":\"ReadAction\",\"target\":[\"https:\/\/vinilozona.lt\/parduotuve\/jazz\/gerry-mulligan-%e2%80%8e-the-jazz-combo-from-i-want-to-live\/\"]}]},{\"@type\":\"ImageObject\",\"inLanguage\":\"en-GB\",\"@id\":\"https:\/\/vinilozona.lt\/parduotuve\/jazz\/gerry-mulligan-%e2%80%8e-the-jazz-combo-from-i-want-to-live\/#primaryimage\",\"url\":\"https:\/\/vinilozona.lt\/wp-content\/uploads\/2020\/09\/R-5238507-1420365272-2920.jpeg.jpg\",\"contentUrl\":\"https:\/\/vinilozona.lt\/wp-content\/uploads\/2020\/09\/R-5238507-1420365272-2920.jpeg.jpg\",\"width\":445,\"height\":450},{\"@type\":\"BreadcrumbList\",\"@id\":\"https:\/\/vinilozona.lt\/parduotuve\/jazz\/gerry-mulligan-%e2%80%8e-the-jazz-combo-from-i-want-to-live\/#breadcrumb\",\"itemListElement\":[{\"@type\":\"ListItem\",\"position\":1,\"name\":\"Home\",\"item\":\"https:\/\/vinilozona.lt\/\"},{\"@type\":\"ListItem\",\"position\":2,\"name\":\"Parduotuv\u0117\",\"item\":\"https:\/\/vinilozona.lt\/parduotuve\/\"},{\"@type\":\"ListItem\",\"position\":3,\"name\":\"Gerry Mulligan \u200e\u2013 The Jazz Combo From &#8220;I Want To Live!&#8221;\"}]},{\"@type\":\"WebSite\",\"@id\":\"https:\/\/vinilozona.lt\/#website\",\"url\":\"https:\/\/vinilozona.lt\/\",\"name\":\"Vinilo Zona\",\"description\":\"Nup\u016bsk dulkes ir klausyk LP\",\"potentialAction\":[{\"@type\":\"SearchAction\",\"target\":{\"@type\":\"EntryPoint\",\"urlTemplate\":\"https:\/\/vinilozona.lt\/?s={search_term_string}\"},\"query-input\":{\"@type\":\"PropertyValueSpecification\",\"valueRequired\":true,\"valueName\":\"search_term_string\"}}],\"inLanguage\":\"en-GB\"}]}<\/script>\n<!-- \/ Yoast SEO plugin. -->","yoast_head_json":{"title":"Gerry Mulligan \u200e\u2013 The Jazz Combo From \"I Want To Live!\" Vinilin\u0117 Plok\u0161tel\u0117 | Vinilozona.lt","robots":{"index":"index","follow":"follow","max-snippet":"max-snippet:-1","max-image-preview":"max-image-preview:large","max-video-preview":"max-video-preview:-1"},"canonical":"https:\/\/vinilozona.lt\/en\/parduotuve\/jazz\/gerry-mulligan-\u200e-the-jazz-combo-from-i-want-to-live\/","og_locale":"en_GB","og_type":"article","og_title":"Gerry Mulligan \u200e\u2013 The Jazz Combo From \"I Want To Live!\" Vinilin\u0117 Plok\u0161tel\u0117 | Vinilozona.lt","og_description":"United Artists Records \u200e\u2013 GXC-3140","og_url":"https:\/\/vinilozona.lt\/en\/parduotuve\/jazz\/gerry-mulligan-\u200e-the-jazz-combo-from-i-want-to-live\/","og_site_name":"Vinilo Zona","article_modified_time":"2022-10-23T12:43:54+00:00","og_image":[{"width":445,"height":450,"url":"https:\/\/vinilozona.lt\/wp-content\/uploads\/2020\/09\/R-5238507-1420365272-2920.jpeg.jpg","type":"image\/jpeg"}],"twitter_card":"summary_large_image","schema":{"@context":"https:\/\/schema.org","@graph":[{"@type":"WebPage","@id":"https:\/\/vinilozona.lt\/parduotuve\/jazz\/gerry-mulligan-%e2%80%8e-the-jazz-combo-from-i-want-to-live\/","url":"https:\/\/vinilozona.lt\/parduotuve\/jazz\/gerry-mulligan-%e2%80%8e-the-jazz-combo-from-i-want-to-live\/","name":"Gerry Mulligan \u200e\u2013 The Jazz Combo From \"I Want To Live!\" Vinilin\u0117 Plok\u0161tel\u0117 | Vinilozona.lt","isPartOf":{"@id":"https:\/\/vinilozona.lt\/#website"},"primaryImageOfPage":{"@id":"https:\/\/vinilozona.lt\/parduotuve\/jazz\/gerry-mulligan-%e2%80%8e-the-jazz-combo-from-i-want-to-live\/#primaryimage"},"image":{"@id":"https:\/\/vinilozona.lt\/parduotuve\/jazz\/gerry-mulligan-%e2%80%8e-the-jazz-combo-from-i-want-to-live\/#primaryimage"},"thumbnailUrl":"https:\/\/vinilozona.lt\/wp-content\/uploads\/2020\/09\/R-5238507-1420365272-2920.jpeg.jpg","datePublished":"2020-09-06T14:04:44+00:00","dateModified":"2022-10-23T12:43:54+00:00","breadcrumb":{"@id":"https:\/\/vinilozona.lt\/parduotuve\/jazz\/gerry-mulligan-%e2%80%8e-the-jazz-combo-from-i-want-to-live\/#breadcrumb"},"inLanguage":"en-GB","potentialAction":[{"@type":"ReadAction","target":["https:\/\/vinilozona.lt\/parduotuve\/jazz\/gerry-mulligan-%e2%80%8e-the-jazz-combo-from-i-want-to-live\/"]}]},{"@type":"ImageObject","inLanguage":"en-GB","@id":"https:\/\/vinilozona.lt\/parduotuve\/jazz\/gerry-mulligan-%e2%80%8e-the-jazz-combo-from-i-want-to-live\/#primaryimage","url":"https:\/\/vinilozona.lt\/wp-content\/uploads\/2020\/09\/R-5238507-1420365272-2920.jpeg.jpg","contentUrl":"https:\/\/vinilozona.lt\/wp-content\/uploads\/2020\/09\/R-5238507-1420365272-2920.jpeg.jpg","width":445,"height":450},{"@type":"BreadcrumbList","@id":"https:\/\/vinilozona.lt\/parduotuve\/jazz\/gerry-mulligan-%e2%80%8e-the-jazz-combo-from-i-want-to-live\/#breadcrumb","itemListElement":[{"@type":"ListItem","position":1,"name":"Home","item":"https:\/\/vinilozona.lt\/"},{"@type":"ListItem","position":2,"name":"Parduotuv\u0117","item":"https:\/\/vinilozona.lt\/parduotuve\/"},{"@type":"ListItem","position":3,"name":"Gerry Mulligan \u200e\u2013 The Jazz Combo From &#8220;I Want To Live!&#8221;"}]},{"@type":"WebSite","@id":"https:\/\/vinilozona.lt\/#website","url":"https:\/\/vinilozona.lt\/","name":"Vinilo Zona","description":"Nup\u016bsk dulkes ir klausyk LP","potentialAction":[{"@type":"SearchAction","target":{"@type":"EntryPoint","urlTemplate":"https:\/\/vinilozona.lt\/?s={search_term_string}"},"query-input":{"@type":"PropertyValueSpecification","valueRequired":true,"valueName":"search_term_string"}}],"inLanguage":"en-GB"}]}},"_links":{"self":[{"href":"https:\/\/vinilozona.lt\/en\/wp-json\/wp\/v2\/product\/11554"}],"collection":[{"href":"https:\/\/vinilozona.lt\/en\/wp-json\/wp\/v2\/product"}],"about":[{"href":"https:\/\/vinilozona.lt\/en\/wp-json\/wp\/v2\/types\/product"}],"wp:featuredmedia":[{"embeddable":true,"href":"https:\/\/vinilozona.lt\/en\/wp-json\/wp\/v2\/media\/11555"}],"wp:attachment":[{"href":"https:\/\/vinilozona.lt\/en\/wp-json\/wp\/v2\/media?parent=11554"}],"wp:term":[{"taxonomy":"product_cat","embeddable":true,"href":"https:\/\/vinilozona.lt\/en\/wp-json\/wp\/v2\/product_cat?post=11554"},{"taxonomy":"product_tag","embeddable":true,"href":"https:\/\/vinilozona.lt\/en\/wp-json\/wp\/v2\/product_tag?post=11554"}],"curies":[{"name":"wp","href":"https:\/\/api.w.org\/{rel}","templated":true}]}}