{"id":11550,"date":"2023-11-09T05:10:42","date_gmt":"2023-11-09T03:10:42","guid":{"rendered":"https:\/\/vinilozona.lt\/?post_type=product&#038;p=11550"},"modified":"2023-11-09T12:33:51","modified_gmt":"2023-11-09T10:33:51","slug":"marilyn-manson-%e2%80%8e-heaven-upside-down","status":"publish","type":"product","link":"https:\/\/vinilozona.lt\/en\/parduotuve\/naujos-lp\/marilyn-manson-%e2%80%8e-heaven-upside-down\/","title":{"rendered":"Marilyn Manson &#038; The Spooky Kids \u2013 Coke And Sodomy"},"content":{"rendered":"<p>A1\t\tWhite Trash\t12:55<br \/>\nA2\t\tHerpes\t9:39<br \/>\nB1\t\tChocolate Factory\t10:10<br \/>\nB2\t\tCyclopse\t9:25<br \/>\nB3\t\tDope Hat\t9:11<br \/>\nC1\t\tThrift\t8:58<br \/>\nC2\t\tMy Monkey\t9:55<br \/>\nC3\t\tCoke And Sodomy\t8:18<br \/>\nD1\t\tStrange Same Dogma\t9:34<br \/>\nD2\t\tMisery Machine\t12:55<\/p>","protected":false},"excerpt":{"rendered":"<p>Blue Day Label \u2013 BDL030LP<br \/>\nFormat:<br \/>\n2 x Vinyl, LP, Album,<br \/>\nCountry:\tUK<br \/>\nReleased:\tFeb 24, 2023<\/p>","protected":false},"featured_media":23472,"template":"","meta":[],"product_cat":[23],"product_tag":[44],"yoast_head":"<!-- This site is optimized with the Yoast SEO plugin v23.5 - https:\/\/yoast.com\/wordpress\/plugins\/seo\/ -->\n<title>Marilyn Manson &amp; The Spooky Kids \u2013 Coke And Sodomy Vinilin\u0117 Plok\u0161tel\u0117 | Vinilozona.lt<\/title>\n<meta name=\"robots\" content=\"index, follow, max-snippet:-1, max-image-preview:large, max-video-preview:-1\" \/>\n<link rel=\"canonical\" href=\"https:\/\/vinilozona.lt\/en\/parduotuve\/naujos-lp\/marilyn-manson-\u200e-heaven-upside-down\/\" \/>\n<meta property=\"og:locale\" content=\"en_GB\" \/>\n<meta property=\"og:type\" content=\"article\" \/>\n<meta property=\"og:title\" content=\"Marilyn Manson &amp; The Spooky Kids \u2013 Coke And Sodomy Vinilin\u0117 Plok\u0161tel\u0117 | Vinilozona.lt\" \/>\n<meta property=\"og:description\" content=\"Blue Day Label \u2013 BDL030LP Format:  2 x Vinyl, LP, Album,  Country: UK Released: Feb 24, 2023\" \/>\n<meta property=\"og:url\" content=\"https:\/\/vinilozona.lt\/en\/parduotuve\/naujos-lp\/marilyn-manson-\u200e-heaven-upside-down\/\" \/>\n<meta property=\"og:site_name\" content=\"Vinilo Zona\" \/>\n<meta property=\"article:modified_time\" content=\"2023-11-09T10:33:51+00:00\" \/>\n<meta property=\"og:image\" content=\"https:\/\/vinilozona.lt\/wp-content\/uploads\/2020\/09\/R-26258420-1677678428-8884.jpg\" \/>\n\t<meta property=\"og:image:width\" content=\"600\" \/>\n\t<meta property=\"og:image:height\" content=\"600\" \/>\n\t<meta property=\"og:image:type\" content=\"image\/jpeg\" \/>\n<meta name=\"twitter:card\" content=\"summary_large_image\" \/>\n<script type=\"application\/ld+json\" class=\"yoast-schema-graph\">{\"@context\":\"https:\/\/schema.org\",\"@graph\":[{\"@type\":\"WebPage\",\"@id\":\"https:\/\/vinilozona.lt\/en\/parduotuve\/naujos-lp\/marilyn-manson-%e2%80%8e-heaven-upside-down\/\",\"url\":\"https:\/\/vinilozona.lt\/en\/parduotuve\/naujos-lp\/marilyn-manson-%e2%80%8e-heaven-upside-down\/\",\"name\":\"Marilyn Manson & The Spooky Kids \u2013 Coke And Sodomy Vinilin\u0117 Plok\u0161tel\u0117 | Vinilozona.lt\",\"isPartOf\":{\"@id\":\"https:\/\/vinilozona.lt\/#website\"},\"primaryImageOfPage\":{\"@id\":\"https:\/\/vinilozona.lt\/en\/parduotuve\/naujos-lp\/marilyn-manson-%e2%80%8e-heaven-upside-down\/#primaryimage\"},\"image\":{\"@id\":\"https:\/\/vinilozona.lt\/en\/parduotuve\/naujos-lp\/marilyn-manson-%e2%80%8e-heaven-upside-down\/#primaryimage\"},\"thumbnailUrl\":\"https:\/\/vinilozona.lt\/wp-content\/uploads\/2020\/09\/R-26258420-1677678428-8884.jpg\",\"datePublished\":\"2023-11-09T03:10:42+00:00\",\"dateModified\":\"2023-11-09T10:33:51+00:00\",\"breadcrumb\":{\"@id\":\"https:\/\/vinilozona.lt\/en\/parduotuve\/naujos-lp\/marilyn-manson-%e2%80%8e-heaven-upside-down\/#breadcrumb\"},\"inLanguage\":\"en-GB\",\"potentialAction\":[{\"@type\":\"ReadAction\",\"target\":[\"https:\/\/vinilozona.lt\/en\/parduotuve\/naujos-lp\/marilyn-manson-%e2%80%8e-heaven-upside-down\/\"]}]},{\"@type\":\"ImageObject\",\"inLanguage\":\"en-GB\",\"@id\":\"https:\/\/vinilozona.lt\/en\/parduotuve\/naujos-lp\/marilyn-manson-%e2%80%8e-heaven-upside-down\/#primaryimage\",\"url\":\"https:\/\/vinilozona.lt\/wp-content\/uploads\/2020\/09\/R-26258420-1677678428-8884.jpg\",\"contentUrl\":\"https:\/\/vinilozona.lt\/wp-content\/uploads\/2020\/09\/R-26258420-1677678428-8884.jpg\",\"width\":600,\"height\":600},{\"@type\":\"BreadcrumbList\",\"@id\":\"https:\/\/vinilozona.lt\/en\/parduotuve\/naujos-lp\/marilyn-manson-%e2%80%8e-heaven-upside-down\/#breadcrumb\",\"itemListElement\":[{\"@type\":\"ListItem\",\"position\":1,\"name\":\"Home\",\"item\":\"https:\/\/vinilozona.lt\/\"},{\"@type\":\"ListItem\",\"position\":2,\"name\":\"Parduotuv\u0117\",\"item\":\"https:\/\/vinilozona.lt\/parduotuve\/\"},{\"@type\":\"ListItem\",\"position\":3,\"name\":\"Marilyn Manson &#038; The Spooky Kids \u2013 Coke And Sodomy\"}]},{\"@type\":\"WebSite\",\"@id\":\"https:\/\/vinilozona.lt\/#website\",\"url\":\"https:\/\/vinilozona.lt\/\",\"name\":\"Vinilo Zona\",\"description\":\"Nup\u016bsk dulkes ir klausyk LP\",\"potentialAction\":[{\"@type\":\"SearchAction\",\"target\":{\"@type\":\"EntryPoint\",\"urlTemplate\":\"https:\/\/vinilozona.lt\/?s={search_term_string}\"},\"query-input\":{\"@type\":\"PropertyValueSpecification\",\"valueRequired\":true,\"valueName\":\"search_term_string\"}}],\"inLanguage\":\"en-GB\"}]}<\/script>\n<!-- \/ Yoast SEO plugin. -->","yoast_head_json":{"title":"Marilyn Manson & The Spooky Kids \u2013 Coke And Sodomy Vinilin\u0117 Plok\u0161tel\u0117 | Vinilozona.lt","robots":{"index":"index","follow":"follow","max-snippet":"max-snippet:-1","max-image-preview":"max-image-preview:large","max-video-preview":"max-video-preview:-1"},"canonical":"https:\/\/vinilozona.lt\/en\/parduotuve\/naujos-lp\/marilyn-manson-\u200e-heaven-upside-down\/","og_locale":"en_GB","og_type":"article","og_title":"Marilyn Manson & The Spooky Kids \u2013 Coke And Sodomy Vinilin\u0117 Plok\u0161tel\u0117 | Vinilozona.lt","og_description":"Blue Day Label \u2013 BDL030LP Format:  2 x Vinyl, LP, Album,  Country: UK Released: Feb 24, 2023","og_url":"https:\/\/vinilozona.lt\/en\/parduotuve\/naujos-lp\/marilyn-manson-\u200e-heaven-upside-down\/","og_site_name":"Vinilo Zona","article_modified_time":"2023-11-09T10:33:51+00:00","og_image":[{"width":600,"height":600,"url":"https:\/\/vinilozona.lt\/wp-content\/uploads\/2020\/09\/R-26258420-1677678428-8884.jpg","type":"image\/jpeg"}],"twitter_card":"summary_large_image","schema":{"@context":"https:\/\/schema.org","@graph":[{"@type":"WebPage","@id":"https:\/\/vinilozona.lt\/en\/parduotuve\/naujos-lp\/marilyn-manson-%e2%80%8e-heaven-upside-down\/","url":"https:\/\/vinilozona.lt\/en\/parduotuve\/naujos-lp\/marilyn-manson-%e2%80%8e-heaven-upside-down\/","name":"Marilyn Manson & The Spooky Kids \u2013 Coke And Sodomy Vinilin\u0117 Plok\u0161tel\u0117 | Vinilozona.lt","isPartOf":{"@id":"https:\/\/vinilozona.lt\/#website"},"primaryImageOfPage":{"@id":"https:\/\/vinilozona.lt\/en\/parduotuve\/naujos-lp\/marilyn-manson-%e2%80%8e-heaven-upside-down\/#primaryimage"},"image":{"@id":"https:\/\/vinilozona.lt\/en\/parduotuve\/naujos-lp\/marilyn-manson-%e2%80%8e-heaven-upside-down\/#primaryimage"},"thumbnailUrl":"https:\/\/vinilozona.lt\/wp-content\/uploads\/2020\/09\/R-26258420-1677678428-8884.jpg","datePublished":"2023-11-09T03:10:42+00:00","dateModified":"2023-11-09T10:33:51+00:00","breadcrumb":{"@id":"https:\/\/vinilozona.lt\/en\/parduotuve\/naujos-lp\/marilyn-manson-%e2%80%8e-heaven-upside-down\/#breadcrumb"},"inLanguage":"en-GB","potentialAction":[{"@type":"ReadAction","target":["https:\/\/vinilozona.lt\/en\/parduotuve\/naujos-lp\/marilyn-manson-%e2%80%8e-heaven-upside-down\/"]}]},{"@type":"ImageObject","inLanguage":"en-GB","@id":"https:\/\/vinilozona.lt\/en\/parduotuve\/naujos-lp\/marilyn-manson-%e2%80%8e-heaven-upside-down\/#primaryimage","url":"https:\/\/vinilozona.lt\/wp-content\/uploads\/2020\/09\/R-26258420-1677678428-8884.jpg","contentUrl":"https:\/\/vinilozona.lt\/wp-content\/uploads\/2020\/09\/R-26258420-1677678428-8884.jpg","width":600,"height":600},{"@type":"BreadcrumbList","@id":"https:\/\/vinilozona.lt\/en\/parduotuve\/naujos-lp\/marilyn-manson-%e2%80%8e-heaven-upside-down\/#breadcrumb","itemListElement":[{"@type":"ListItem","position":1,"name":"Home","item":"https:\/\/vinilozona.lt\/"},{"@type":"ListItem","position":2,"name":"Parduotuv\u0117","item":"https:\/\/vinilozona.lt\/parduotuve\/"},{"@type":"ListItem","position":3,"name":"Marilyn Manson &#038; The Spooky Kids \u2013 Coke And Sodomy"}]},{"@type":"WebSite","@id":"https:\/\/vinilozona.lt\/#website","url":"https:\/\/vinilozona.lt\/","name":"Vinilo Zona","description":"Nup\u016bsk dulkes ir klausyk LP","potentialAction":[{"@type":"SearchAction","target":{"@type":"EntryPoint","urlTemplate":"https:\/\/vinilozona.lt\/?s={search_term_string}"},"query-input":{"@type":"PropertyValueSpecification","valueRequired":true,"valueName":"search_term_string"}}],"inLanguage":"en-GB"}]}},"_links":{"self":[{"href":"https:\/\/vinilozona.lt\/en\/wp-json\/wp\/v2\/product\/11550"}],"collection":[{"href":"https:\/\/vinilozona.lt\/en\/wp-json\/wp\/v2\/product"}],"about":[{"href":"https:\/\/vinilozona.lt\/en\/wp-json\/wp\/v2\/types\/product"}],"wp:featuredmedia":[{"embeddable":true,"href":"https:\/\/vinilozona.lt\/en\/wp-json\/wp\/v2\/media\/23472"}],"wp:attachment":[{"href":"https:\/\/vinilozona.lt\/en\/wp-json\/wp\/v2\/media?parent=11550"}],"wp:term":[{"taxonomy":"product_cat","embeddable":true,"href":"https:\/\/vinilozona.lt\/en\/wp-json\/wp\/v2\/product_cat?post=11550"},{"taxonomy":"product_tag","embeddable":true,"href":"https:\/\/vinilozona.lt\/en\/wp-json\/wp\/v2\/product_tag?post=11550"}],"curies":[{"name":"wp","href":"https:\/\/api.w.org\/{rel}","templated":true}]}}