{"id":11527,"date":"2024-06-27T05:10:48","date_gmt":"2024-06-27T02:10:48","guid":{"rendered":"https:\/\/vinilozona.lt\/?post_type=product&#038;p=11527"},"modified":"2024-06-26T09:31:31","modified_gmt":"2024-06-26T06:31:31","slug":"bob-geldof-%e2%80%8e-the-vegetarians-of-love","status":"publish","type":"product","link":"https:\/\/vinilozona.lt\/en\/parduotuve\/rock-pop\/bob-geldof-%e2%80%8e-the-vegetarians-of-love\/","title":{"rendered":"Bob Geldof \u200e\u2013 The Vegetarians Of Love"},"content":{"rendered":"<p>A1\t\tA Gospel Song\t5:23<br \/>\nA2\t\tLove Or Something  4:47<br \/>\nA3\t\tThe Great Song Of Indifference\t4:41<br \/>\nA4\t\tThinking Voyager 2 Type Things  8:19<br \/>\nA5\t\tBig Romantic Stuff\t4:07<br \/>\nA6\t\tCrucified Me\t2:07<br \/>\nB1\t\tThe Chains Of Pain  3:44<br \/>\nB2\t\tA Rose At Night\t5:43<br \/>\nB3\t\tNo Small Wonder  4:41<br \/>\nB4\t\tWalking Back To Happiness\t7:33<br \/>\nB5\t\tLet It Go\t4:36<br \/>\nB6\t\tThe End Of The World\t1:54<\/p>","protected":false},"excerpt":{"rendered":"<p>Phonogram \u2013 846 250-1, Mercury \u2013 846 250-1<br \/>\nFormat:<br \/>\nVinyl, LP, Album, Stereo<br \/>\nCountry:\tEurope<br \/>\nReleased:\tJul 9, 1990<\/p>","protected":false},"featured_media":11528,"template":"","meta":[],"product_cat":[15],"product_tag":[44],"yoast_head":"<!-- This site is optimized with the Yoast SEO plugin v23.5 - https:\/\/yoast.com\/wordpress\/plugins\/seo\/ -->\n<title>Bob Geldof \u200e\u2013 The Vegetarians Of Love Vinilin\u0117 Plok\u0161tel\u0117 | Vinilozona.lt<\/title>\n<meta name=\"robots\" content=\"index, follow, max-snippet:-1, max-image-preview:large, max-video-preview:-1\" \/>\n<link rel=\"canonical\" href=\"https:\/\/vinilozona.lt\/en\/parduotuve\/rock-pop\/bob-geldof-\u200e-the-vegetarians-of-love\/\" \/>\n<meta property=\"og:locale\" content=\"en_GB\" \/>\n<meta property=\"og:type\" content=\"article\" \/>\n<meta property=\"og:title\" content=\"Bob Geldof \u200e\u2013 The Vegetarians Of Love Vinilin\u0117 Plok\u0161tel\u0117 | Vinilozona.lt\" \/>\n<meta property=\"og:description\" content=\"Phonogram \u2013 846 250-1, Mercury \u2013 846 250-1 Format:  Vinyl, LP, Album, Stereo Country: Europe Released: Jul 9, 1990\" \/>\n<meta property=\"og:url\" content=\"https:\/\/vinilozona.lt\/en\/parduotuve\/rock-pop\/bob-geldof-\u200e-the-vegetarians-of-love\/\" \/>\n<meta property=\"og:site_name\" content=\"Vinilo Zona\" \/>\n<meta property=\"article:modified_time\" content=\"2024-06-26T06:31:31+00:00\" \/>\n<meta property=\"og:image\" content=\"https:\/\/vinilozona.lt\/wp-content\/uploads\/2020\/09\/R-1350636-1483550363-5386.jpeg.jpg\" \/>\n\t<meta property=\"og:image:width\" content=\"600\" \/>\n\t<meta property=\"og:image:height\" content=\"595\" \/>\n\t<meta property=\"og:image:type\" content=\"image\/jpeg\" \/>\n<meta name=\"twitter:card\" content=\"summary_large_image\" \/>\n<script type=\"application\/ld+json\" class=\"yoast-schema-graph\">{\"@context\":\"https:\/\/schema.org\",\"@graph\":[{\"@type\":\"WebPage\",\"@id\":\"https:\/\/vinilozona.lt\/parduotuve\/rock-pop\/bob-geldof-%e2%80%8e-the-vegetarians-of-love\/\",\"url\":\"https:\/\/vinilozona.lt\/parduotuve\/rock-pop\/bob-geldof-%e2%80%8e-the-vegetarians-of-love\/\",\"name\":\"Bob Geldof \u200e\u2013 The Vegetarians Of Love Vinilin\u0117 Plok\u0161tel\u0117 | Vinilozona.lt\",\"isPartOf\":{\"@id\":\"https:\/\/vinilozona.lt\/#website\"},\"primaryImageOfPage\":{\"@id\":\"https:\/\/vinilozona.lt\/parduotuve\/rock-pop\/bob-geldof-%e2%80%8e-the-vegetarians-of-love\/#primaryimage\"},\"image\":{\"@id\":\"https:\/\/vinilozona.lt\/parduotuve\/rock-pop\/bob-geldof-%e2%80%8e-the-vegetarians-of-love\/#primaryimage\"},\"thumbnailUrl\":\"https:\/\/vinilozona.lt\/wp-content\/uploads\/2020\/09\/R-1350636-1483550363-5386.jpeg.jpg\",\"datePublished\":\"2024-06-27T02:10:48+00:00\",\"dateModified\":\"2024-06-26T06:31:31+00:00\",\"breadcrumb\":{\"@id\":\"https:\/\/vinilozona.lt\/parduotuve\/rock-pop\/bob-geldof-%e2%80%8e-the-vegetarians-of-love\/#breadcrumb\"},\"inLanguage\":\"en-GB\",\"potentialAction\":[{\"@type\":\"ReadAction\",\"target\":[\"https:\/\/vinilozona.lt\/parduotuve\/rock-pop\/bob-geldof-%e2%80%8e-the-vegetarians-of-love\/\"]}]},{\"@type\":\"ImageObject\",\"inLanguage\":\"en-GB\",\"@id\":\"https:\/\/vinilozona.lt\/parduotuve\/rock-pop\/bob-geldof-%e2%80%8e-the-vegetarians-of-love\/#primaryimage\",\"url\":\"https:\/\/vinilozona.lt\/wp-content\/uploads\/2020\/09\/R-1350636-1483550363-5386.jpeg.jpg\",\"contentUrl\":\"https:\/\/vinilozona.lt\/wp-content\/uploads\/2020\/09\/R-1350636-1483550363-5386.jpeg.jpg\",\"width\":600,\"height\":595},{\"@type\":\"BreadcrumbList\",\"@id\":\"https:\/\/vinilozona.lt\/parduotuve\/rock-pop\/bob-geldof-%e2%80%8e-the-vegetarians-of-love\/#breadcrumb\",\"itemListElement\":[{\"@type\":\"ListItem\",\"position\":1,\"name\":\"Home\",\"item\":\"https:\/\/vinilozona.lt\/\"},{\"@type\":\"ListItem\",\"position\":2,\"name\":\"Parduotuv\u0117\",\"item\":\"https:\/\/vinilozona.lt\/parduotuve\/\"},{\"@type\":\"ListItem\",\"position\":3,\"name\":\"Bob Geldof \u200e\u2013 The Vegetarians Of Love\"}]},{\"@type\":\"WebSite\",\"@id\":\"https:\/\/vinilozona.lt\/#website\",\"url\":\"https:\/\/vinilozona.lt\/\",\"name\":\"Vinilo Zona\",\"description\":\"Nup\u016bsk dulkes ir klausyk LP\",\"potentialAction\":[{\"@type\":\"SearchAction\",\"target\":{\"@type\":\"EntryPoint\",\"urlTemplate\":\"https:\/\/vinilozona.lt\/?s={search_term_string}\"},\"query-input\":{\"@type\":\"PropertyValueSpecification\",\"valueRequired\":true,\"valueName\":\"search_term_string\"}}],\"inLanguage\":\"en-GB\"}]}<\/script>\n<!-- \/ Yoast SEO plugin. -->","yoast_head_json":{"title":"Bob Geldof \u200e\u2013 The Vegetarians Of Love Vinilin\u0117 Plok\u0161tel\u0117 | Vinilozona.lt","robots":{"index":"index","follow":"follow","max-snippet":"max-snippet:-1","max-image-preview":"max-image-preview:large","max-video-preview":"max-video-preview:-1"},"canonical":"https:\/\/vinilozona.lt\/en\/parduotuve\/rock-pop\/bob-geldof-\u200e-the-vegetarians-of-love\/","og_locale":"en_GB","og_type":"article","og_title":"Bob Geldof \u200e\u2013 The Vegetarians Of Love Vinilin\u0117 Plok\u0161tel\u0117 | Vinilozona.lt","og_description":"Phonogram \u2013 846 250-1, Mercury \u2013 846 250-1 Format:  Vinyl, LP, Album, Stereo Country: Europe Released: Jul 9, 1990","og_url":"https:\/\/vinilozona.lt\/en\/parduotuve\/rock-pop\/bob-geldof-\u200e-the-vegetarians-of-love\/","og_site_name":"Vinilo Zona","article_modified_time":"2024-06-26T06:31:31+00:00","og_image":[{"width":600,"height":595,"url":"https:\/\/vinilozona.lt\/wp-content\/uploads\/2020\/09\/R-1350636-1483550363-5386.jpeg.jpg","type":"image\/jpeg"}],"twitter_card":"summary_large_image","schema":{"@context":"https:\/\/schema.org","@graph":[{"@type":"WebPage","@id":"https:\/\/vinilozona.lt\/parduotuve\/rock-pop\/bob-geldof-%e2%80%8e-the-vegetarians-of-love\/","url":"https:\/\/vinilozona.lt\/parduotuve\/rock-pop\/bob-geldof-%e2%80%8e-the-vegetarians-of-love\/","name":"Bob Geldof \u200e\u2013 The Vegetarians Of Love Vinilin\u0117 Plok\u0161tel\u0117 | Vinilozona.lt","isPartOf":{"@id":"https:\/\/vinilozona.lt\/#website"},"primaryImageOfPage":{"@id":"https:\/\/vinilozona.lt\/parduotuve\/rock-pop\/bob-geldof-%e2%80%8e-the-vegetarians-of-love\/#primaryimage"},"image":{"@id":"https:\/\/vinilozona.lt\/parduotuve\/rock-pop\/bob-geldof-%e2%80%8e-the-vegetarians-of-love\/#primaryimage"},"thumbnailUrl":"https:\/\/vinilozona.lt\/wp-content\/uploads\/2020\/09\/R-1350636-1483550363-5386.jpeg.jpg","datePublished":"2024-06-27T02:10:48+00:00","dateModified":"2024-06-26T06:31:31+00:00","breadcrumb":{"@id":"https:\/\/vinilozona.lt\/parduotuve\/rock-pop\/bob-geldof-%e2%80%8e-the-vegetarians-of-love\/#breadcrumb"},"inLanguage":"en-GB","potentialAction":[{"@type":"ReadAction","target":["https:\/\/vinilozona.lt\/parduotuve\/rock-pop\/bob-geldof-%e2%80%8e-the-vegetarians-of-love\/"]}]},{"@type":"ImageObject","inLanguage":"en-GB","@id":"https:\/\/vinilozona.lt\/parduotuve\/rock-pop\/bob-geldof-%e2%80%8e-the-vegetarians-of-love\/#primaryimage","url":"https:\/\/vinilozona.lt\/wp-content\/uploads\/2020\/09\/R-1350636-1483550363-5386.jpeg.jpg","contentUrl":"https:\/\/vinilozona.lt\/wp-content\/uploads\/2020\/09\/R-1350636-1483550363-5386.jpeg.jpg","width":600,"height":595},{"@type":"BreadcrumbList","@id":"https:\/\/vinilozona.lt\/parduotuve\/rock-pop\/bob-geldof-%e2%80%8e-the-vegetarians-of-love\/#breadcrumb","itemListElement":[{"@type":"ListItem","position":1,"name":"Home","item":"https:\/\/vinilozona.lt\/"},{"@type":"ListItem","position":2,"name":"Parduotuv\u0117","item":"https:\/\/vinilozona.lt\/parduotuve\/"},{"@type":"ListItem","position":3,"name":"Bob Geldof \u200e\u2013 The Vegetarians Of Love"}]},{"@type":"WebSite","@id":"https:\/\/vinilozona.lt\/#website","url":"https:\/\/vinilozona.lt\/","name":"Vinilo Zona","description":"Nup\u016bsk dulkes ir klausyk LP","potentialAction":[{"@type":"SearchAction","target":{"@type":"EntryPoint","urlTemplate":"https:\/\/vinilozona.lt\/?s={search_term_string}"},"query-input":{"@type":"PropertyValueSpecification","valueRequired":true,"valueName":"search_term_string"}}],"inLanguage":"en-GB"}]}},"_links":{"self":[{"href":"https:\/\/vinilozona.lt\/en\/wp-json\/wp\/v2\/product\/11527"}],"collection":[{"href":"https:\/\/vinilozona.lt\/en\/wp-json\/wp\/v2\/product"}],"about":[{"href":"https:\/\/vinilozona.lt\/en\/wp-json\/wp\/v2\/types\/product"}],"wp:featuredmedia":[{"embeddable":true,"href":"https:\/\/vinilozona.lt\/en\/wp-json\/wp\/v2\/media\/11528"}],"wp:attachment":[{"href":"https:\/\/vinilozona.lt\/en\/wp-json\/wp\/v2\/media?parent=11527"}],"wp:term":[{"taxonomy":"product_cat","embeddable":true,"href":"https:\/\/vinilozona.lt\/en\/wp-json\/wp\/v2\/product_cat?post=11527"},{"taxonomy":"product_tag","embeddable":true,"href":"https:\/\/vinilozona.lt\/en\/wp-json\/wp\/v2\/product_tag?post=11527"}],"curies":[{"name":"wp","href":"https:\/\/api.w.org\/{rel}","templated":true}]}}