{"id":11525,"date":"2020-12-06T13:01:42","date_gmt":"2020-12-06T11:01:42","guid":{"rendered":"https:\/\/vinilozona.lt\/?post_type=product&#038;p=11525"},"modified":"2021-11-21T13:50:55","modified_gmt":"2021-11-21T11:50:55","slug":"leonard-rosenman-%e2%80%8e-the-lord-of-the-rings","status":"publish","type":"product","link":"https:\/\/vinilozona.lt\/en\/parduotuve\/rock-pop\/leonard-rosenman-%e2%80%8e-the-lord-of-the-rings\/","title":{"rendered":"Leonard Rosenman \u200e\u2013 The Lord Of The Rings"},"content":{"rendered":"","protected":false},"excerpt":{"rendered":"<p>Bellaphon \u200e\u2013 BLPS-19276<\/p>\n<p>2 \u00d7 Vinyl, LP, Album <\/p>","protected":false},"featured_media":11526,"template":"","meta":[],"product_cat":[15,22],"product_tag":[44],"yoast_head":"<!-- This site is optimized with the Yoast SEO plugin v23.5 - https:\/\/yoast.com\/wordpress\/plugins\/seo\/ -->\n<title>Leonard Rosenman \u200e\u2013 The Lord Of The Rings Vinilin\u0117 Plok\u0161tel\u0117 | Vinilozona.lt<\/title>\n<meta name=\"robots\" content=\"index, follow, max-snippet:-1, max-image-preview:large, max-video-preview:-1\" \/>\n<link rel=\"canonical\" href=\"https:\/\/vinilozona.lt\/en\/parduotuve\/rock-pop\/leonard-rosenman-\u200e-the-lord-of-the-rings\/\" \/>\n<meta property=\"og:locale\" content=\"en_GB\" \/>\n<meta property=\"og:type\" content=\"article\" \/>\n<meta property=\"og:title\" content=\"Leonard Rosenman \u200e\u2013 The Lord Of The Rings Vinilin\u0117 Plok\u0161tel\u0117 | Vinilozona.lt\" \/>\n<meta property=\"og:description\" content=\"Bellaphon \u200e\u2013 BLPS-19276  2 \u00d7 Vinyl, LP, Album\" \/>\n<meta property=\"og:url\" content=\"https:\/\/vinilozona.lt\/en\/parduotuve\/rock-pop\/leonard-rosenman-\u200e-the-lord-of-the-rings\/\" \/>\n<meta property=\"og:site_name\" content=\"Vinilo Zona\" \/>\n<meta property=\"article:modified_time\" content=\"2021-11-21T11:50:55+00:00\" \/>\n<meta property=\"og:image\" content=\"https:\/\/vinilozona.lt\/wp-content\/uploads\/2020\/09\/R-4161456-1420372747-6862.jpeg.jpg\" \/>\n\t<meta property=\"og:image:width\" content=\"600\" \/>\n\t<meta property=\"og:image:height\" content=\"595\" \/>\n\t<meta property=\"og:image:type\" content=\"image\/jpeg\" \/>\n<meta name=\"twitter:card\" content=\"summary_large_image\" \/>\n<script type=\"application\/ld+json\" class=\"yoast-schema-graph\">{\"@context\":\"https:\/\/schema.org\",\"@graph\":[{\"@type\":\"WebPage\",\"@id\":\"https:\/\/vinilozona.lt\/parduotuve\/rock-pop\/leonard-rosenman-%e2%80%8e-the-lord-of-the-rings\/\",\"url\":\"https:\/\/vinilozona.lt\/parduotuve\/rock-pop\/leonard-rosenman-%e2%80%8e-the-lord-of-the-rings\/\",\"name\":\"Leonard Rosenman \u200e\u2013 The Lord Of The Rings Vinilin\u0117 Plok\u0161tel\u0117 | Vinilozona.lt\",\"isPartOf\":{\"@id\":\"https:\/\/vinilozona.lt\/#website\"},\"primaryImageOfPage\":{\"@id\":\"https:\/\/vinilozona.lt\/parduotuve\/rock-pop\/leonard-rosenman-%e2%80%8e-the-lord-of-the-rings\/#primaryimage\"},\"image\":{\"@id\":\"https:\/\/vinilozona.lt\/parduotuve\/rock-pop\/leonard-rosenman-%e2%80%8e-the-lord-of-the-rings\/#primaryimage\"},\"thumbnailUrl\":\"https:\/\/vinilozona.lt\/wp-content\/uploads\/2020\/09\/R-4161456-1420372747-6862.jpeg.jpg\",\"datePublished\":\"2020-12-06T11:01:42+00:00\",\"dateModified\":\"2021-11-21T11:50:55+00:00\",\"breadcrumb\":{\"@id\":\"https:\/\/vinilozona.lt\/parduotuve\/rock-pop\/leonard-rosenman-%e2%80%8e-the-lord-of-the-rings\/#breadcrumb\"},\"inLanguage\":\"en-GB\",\"potentialAction\":[{\"@type\":\"ReadAction\",\"target\":[\"https:\/\/vinilozona.lt\/parduotuve\/rock-pop\/leonard-rosenman-%e2%80%8e-the-lord-of-the-rings\/\"]}]},{\"@type\":\"ImageObject\",\"inLanguage\":\"en-GB\",\"@id\":\"https:\/\/vinilozona.lt\/parduotuve\/rock-pop\/leonard-rosenman-%e2%80%8e-the-lord-of-the-rings\/#primaryimage\",\"url\":\"https:\/\/vinilozona.lt\/wp-content\/uploads\/2020\/09\/R-4161456-1420372747-6862.jpeg.jpg\",\"contentUrl\":\"https:\/\/vinilozona.lt\/wp-content\/uploads\/2020\/09\/R-4161456-1420372747-6862.jpeg.jpg\",\"width\":600,\"height\":595},{\"@type\":\"BreadcrumbList\",\"@id\":\"https:\/\/vinilozona.lt\/parduotuve\/rock-pop\/leonard-rosenman-%e2%80%8e-the-lord-of-the-rings\/#breadcrumb\",\"itemListElement\":[{\"@type\":\"ListItem\",\"position\":1,\"name\":\"Home\",\"item\":\"https:\/\/vinilozona.lt\/\"},{\"@type\":\"ListItem\",\"position\":2,\"name\":\"Parduotuv\u0117\",\"item\":\"https:\/\/vinilozona.lt\/parduotuve\/\"},{\"@type\":\"ListItem\",\"position\":3,\"name\":\"Leonard Rosenman \u200e\u2013 The Lord Of The Rings\"}]},{\"@type\":\"WebSite\",\"@id\":\"https:\/\/vinilozona.lt\/#website\",\"url\":\"https:\/\/vinilozona.lt\/\",\"name\":\"Vinilo Zona\",\"description\":\"Nup\u016bsk dulkes ir klausyk LP\",\"potentialAction\":[{\"@type\":\"SearchAction\",\"target\":{\"@type\":\"EntryPoint\",\"urlTemplate\":\"https:\/\/vinilozona.lt\/?s={search_term_string}\"},\"query-input\":{\"@type\":\"PropertyValueSpecification\",\"valueRequired\":true,\"valueName\":\"search_term_string\"}}],\"inLanguage\":\"en-GB\"}]}<\/script>\n<!-- \/ Yoast SEO plugin. -->","yoast_head_json":{"title":"Leonard Rosenman \u200e\u2013 The Lord Of The Rings Vinilin\u0117 Plok\u0161tel\u0117 | Vinilozona.lt","robots":{"index":"index","follow":"follow","max-snippet":"max-snippet:-1","max-image-preview":"max-image-preview:large","max-video-preview":"max-video-preview:-1"},"canonical":"https:\/\/vinilozona.lt\/en\/parduotuve\/rock-pop\/leonard-rosenman-\u200e-the-lord-of-the-rings\/","og_locale":"en_GB","og_type":"article","og_title":"Leonard Rosenman \u200e\u2013 The Lord Of The Rings Vinilin\u0117 Plok\u0161tel\u0117 | Vinilozona.lt","og_description":"Bellaphon \u200e\u2013 BLPS-19276  2 \u00d7 Vinyl, LP, Album","og_url":"https:\/\/vinilozona.lt\/en\/parduotuve\/rock-pop\/leonard-rosenman-\u200e-the-lord-of-the-rings\/","og_site_name":"Vinilo Zona","article_modified_time":"2021-11-21T11:50:55+00:00","og_image":[{"width":600,"height":595,"url":"https:\/\/vinilozona.lt\/wp-content\/uploads\/2020\/09\/R-4161456-1420372747-6862.jpeg.jpg","type":"image\/jpeg"}],"twitter_card":"summary_large_image","schema":{"@context":"https:\/\/schema.org","@graph":[{"@type":"WebPage","@id":"https:\/\/vinilozona.lt\/parduotuve\/rock-pop\/leonard-rosenman-%e2%80%8e-the-lord-of-the-rings\/","url":"https:\/\/vinilozona.lt\/parduotuve\/rock-pop\/leonard-rosenman-%e2%80%8e-the-lord-of-the-rings\/","name":"Leonard Rosenman \u200e\u2013 The Lord Of The Rings Vinilin\u0117 Plok\u0161tel\u0117 | Vinilozona.lt","isPartOf":{"@id":"https:\/\/vinilozona.lt\/#website"},"primaryImageOfPage":{"@id":"https:\/\/vinilozona.lt\/parduotuve\/rock-pop\/leonard-rosenman-%e2%80%8e-the-lord-of-the-rings\/#primaryimage"},"image":{"@id":"https:\/\/vinilozona.lt\/parduotuve\/rock-pop\/leonard-rosenman-%e2%80%8e-the-lord-of-the-rings\/#primaryimage"},"thumbnailUrl":"https:\/\/vinilozona.lt\/wp-content\/uploads\/2020\/09\/R-4161456-1420372747-6862.jpeg.jpg","datePublished":"2020-12-06T11:01:42+00:00","dateModified":"2021-11-21T11:50:55+00:00","breadcrumb":{"@id":"https:\/\/vinilozona.lt\/parduotuve\/rock-pop\/leonard-rosenman-%e2%80%8e-the-lord-of-the-rings\/#breadcrumb"},"inLanguage":"en-GB","potentialAction":[{"@type":"ReadAction","target":["https:\/\/vinilozona.lt\/parduotuve\/rock-pop\/leonard-rosenman-%e2%80%8e-the-lord-of-the-rings\/"]}]},{"@type":"ImageObject","inLanguage":"en-GB","@id":"https:\/\/vinilozona.lt\/parduotuve\/rock-pop\/leonard-rosenman-%e2%80%8e-the-lord-of-the-rings\/#primaryimage","url":"https:\/\/vinilozona.lt\/wp-content\/uploads\/2020\/09\/R-4161456-1420372747-6862.jpeg.jpg","contentUrl":"https:\/\/vinilozona.lt\/wp-content\/uploads\/2020\/09\/R-4161456-1420372747-6862.jpeg.jpg","width":600,"height":595},{"@type":"BreadcrumbList","@id":"https:\/\/vinilozona.lt\/parduotuve\/rock-pop\/leonard-rosenman-%e2%80%8e-the-lord-of-the-rings\/#breadcrumb","itemListElement":[{"@type":"ListItem","position":1,"name":"Home","item":"https:\/\/vinilozona.lt\/"},{"@type":"ListItem","position":2,"name":"Parduotuv\u0117","item":"https:\/\/vinilozona.lt\/parduotuve\/"},{"@type":"ListItem","position":3,"name":"Leonard Rosenman \u200e\u2013 The Lord Of The Rings"}]},{"@type":"WebSite","@id":"https:\/\/vinilozona.lt\/#website","url":"https:\/\/vinilozona.lt\/","name":"Vinilo Zona","description":"Nup\u016bsk dulkes ir klausyk LP","potentialAction":[{"@type":"SearchAction","target":{"@type":"EntryPoint","urlTemplate":"https:\/\/vinilozona.lt\/?s={search_term_string}"},"query-input":{"@type":"PropertyValueSpecification","valueRequired":true,"valueName":"search_term_string"}}],"inLanguage":"en-GB"}]}},"_links":{"self":[{"href":"https:\/\/vinilozona.lt\/en\/wp-json\/wp\/v2\/product\/11525"}],"collection":[{"href":"https:\/\/vinilozona.lt\/en\/wp-json\/wp\/v2\/product"}],"about":[{"href":"https:\/\/vinilozona.lt\/en\/wp-json\/wp\/v2\/types\/product"}],"wp:featuredmedia":[{"embeddable":true,"href":"https:\/\/vinilozona.lt\/en\/wp-json\/wp\/v2\/media\/11526"}],"wp:attachment":[{"href":"https:\/\/vinilozona.lt\/en\/wp-json\/wp\/v2\/media?parent=11525"}],"wp:term":[{"taxonomy":"product_cat","embeddable":true,"href":"https:\/\/vinilozona.lt\/en\/wp-json\/wp\/v2\/product_cat?post=11525"},{"taxonomy":"product_tag","embeddable":true,"href":"https:\/\/vinilozona.lt\/en\/wp-json\/wp\/v2\/product_tag?post=11525"}],"curies":[{"name":"wp","href":"https:\/\/api.w.org\/{rel}","templated":true}]}}