{"id":11463,"date":"2023-11-09T05:11:01","date_gmt":"2023-11-09T03:11:01","guid":{"rendered":"https:\/\/vinilozona.lt\/?post_type=product&#038;p=11463"},"modified":"2023-11-09T12:27:28","modified_gmt":"2023-11-09T10:27:28","slug":"andrew-lloyd-webber-and-tim-rice-%e2%80%8e-jesus-christ-superstar","status":"publish","type":"product","link":"https:\/\/vinilozona.lt\/en\/parduotuve\/naujos-lp\/andrew-lloyd-webber-and-tim-rice-%e2%80%8e-jesus-christ-superstar\/","title":{"rendered":"Korn \u2013 Requiem"},"content":{"rendered":"<p>A1\t\tForgotten\t3:17<br \/>\nA2\t\tLet The Dark Do The Rest\t3:40<br \/>\nA3\t\tStart The Healing\t3:28<br \/>\nA4\t\tLost In The Grandeur\t3:50<br \/>\nA5\t\tDisconnect\t3:27<br \/>\nB1\t\tHopeless And Beaten\t3:59<br \/>\nB2\t\tPenance To Sorrow\t3:21<br \/>\nB3\t\tMy Confession\t3:35<br \/>\nB4\t\tWorst Is On It&#8217;s Way\t4:04<\/p>","protected":false},"excerpt":{"rendered":"<p>Loma Vista \u2013 LVR02372, Velvet Hammer Music And Management Group \u2013 LVR02372<br \/>\nFormat:<br \/>\nVinyl, LP, Limited Edition, Coke Bottle Clear<br \/>\nCountry:\tEurope<br \/>\nReleased:\tFeb 4, 2022<\/p>","protected":false},"featured_media":23470,"template":"","meta":[],"product_cat":[23],"product_tag":[44],"yoast_head":"<!-- This site is optimized with the Yoast SEO plugin v23.5 - https:\/\/yoast.com\/wordpress\/plugins\/seo\/ -->\n<title>Korn \u2013 Requiem Vinilin\u0117 Plok\u0161tel\u0117 | Vinilozona.lt<\/title>\n<meta name=\"robots\" content=\"index, follow, max-snippet:-1, max-image-preview:large, max-video-preview:-1\" \/>\n<link rel=\"canonical\" href=\"https:\/\/vinilozona.lt\/en\/parduotuve\/naujos-lp\/andrew-lloyd-webber-and-tim-rice-\u200e-jesus-christ-superstar\/\" \/>\n<meta property=\"og:locale\" content=\"en_GB\" \/>\n<meta property=\"og:type\" content=\"article\" \/>\n<meta property=\"og:title\" content=\"Korn \u2013 Requiem Vinilin\u0117 Plok\u0161tel\u0117 | Vinilozona.lt\" \/>\n<meta property=\"og:description\" content=\"Loma Vista \u2013 LVR02372, Velvet Hammer Music And Management Group \u2013 LVR02372 Format:  Vinyl, LP, Limited Edition, Coke Bottle Clear Country: Europe Released: Feb 4, 2022\" \/>\n<meta property=\"og:url\" content=\"https:\/\/vinilozona.lt\/en\/parduotuve\/naujos-lp\/andrew-lloyd-webber-and-tim-rice-\u200e-jesus-christ-superstar\/\" \/>\n<meta property=\"og:site_name\" content=\"Vinilo Zona\" \/>\n<meta property=\"article:modified_time\" content=\"2023-11-09T10:27:28+00:00\" \/>\n<meta property=\"og:image\" content=\"https:\/\/vinilozona.lt\/wp-content\/uploads\/2023\/11\/R-22006555-1643891107-8634.jpg\" \/>\n\t<meta property=\"og:image:width\" content=\"597\" \/>\n\t<meta property=\"og:image:height\" content=\"599\" \/>\n\t<meta property=\"og:image:type\" content=\"image\/jpeg\" \/>\n<meta name=\"twitter:card\" content=\"summary_large_image\" \/>\n<script type=\"application\/ld+json\" class=\"yoast-schema-graph\">{\"@context\":\"https:\/\/schema.org\",\"@graph\":[{\"@type\":\"WebPage\",\"@id\":\"https:\/\/vinilozona.lt\/en\/parduotuve\/naujos-lp\/andrew-lloyd-webber-and-tim-rice-%e2%80%8e-jesus-christ-superstar\/\",\"url\":\"https:\/\/vinilozona.lt\/en\/parduotuve\/naujos-lp\/andrew-lloyd-webber-and-tim-rice-%e2%80%8e-jesus-christ-superstar\/\",\"name\":\"Korn \u2013 Requiem Vinilin\u0117 Plok\u0161tel\u0117 | Vinilozona.lt\",\"isPartOf\":{\"@id\":\"https:\/\/vinilozona.lt\/#website\"},\"primaryImageOfPage\":{\"@id\":\"https:\/\/vinilozona.lt\/en\/parduotuve\/naujos-lp\/andrew-lloyd-webber-and-tim-rice-%e2%80%8e-jesus-christ-superstar\/#primaryimage\"},\"image\":{\"@id\":\"https:\/\/vinilozona.lt\/en\/parduotuve\/naujos-lp\/andrew-lloyd-webber-and-tim-rice-%e2%80%8e-jesus-christ-superstar\/#primaryimage\"},\"thumbnailUrl\":\"https:\/\/vinilozona.lt\/wp-content\/uploads\/2023\/11\/R-22006555-1643891107-8634.jpg\",\"datePublished\":\"2023-11-09T03:11:01+00:00\",\"dateModified\":\"2023-11-09T10:27:28+00:00\",\"breadcrumb\":{\"@id\":\"https:\/\/vinilozona.lt\/en\/parduotuve\/naujos-lp\/andrew-lloyd-webber-and-tim-rice-%e2%80%8e-jesus-christ-superstar\/#breadcrumb\"},\"inLanguage\":\"en-GB\",\"potentialAction\":[{\"@type\":\"ReadAction\",\"target\":[\"https:\/\/vinilozona.lt\/en\/parduotuve\/naujos-lp\/andrew-lloyd-webber-and-tim-rice-%e2%80%8e-jesus-christ-superstar\/\"]}]},{\"@type\":\"ImageObject\",\"inLanguage\":\"en-GB\",\"@id\":\"https:\/\/vinilozona.lt\/en\/parduotuve\/naujos-lp\/andrew-lloyd-webber-and-tim-rice-%e2%80%8e-jesus-christ-superstar\/#primaryimage\",\"url\":\"https:\/\/vinilozona.lt\/wp-content\/uploads\/2023\/11\/R-22006555-1643891107-8634.jpg\",\"contentUrl\":\"https:\/\/vinilozona.lt\/wp-content\/uploads\/2023\/11\/R-22006555-1643891107-8634.jpg\",\"width\":597,\"height\":599},{\"@type\":\"BreadcrumbList\",\"@id\":\"https:\/\/vinilozona.lt\/en\/parduotuve\/naujos-lp\/andrew-lloyd-webber-and-tim-rice-%e2%80%8e-jesus-christ-superstar\/#breadcrumb\",\"itemListElement\":[{\"@type\":\"ListItem\",\"position\":1,\"name\":\"Home\",\"item\":\"https:\/\/vinilozona.lt\/\"},{\"@type\":\"ListItem\",\"position\":2,\"name\":\"Parduotuv\u0117\",\"item\":\"https:\/\/vinilozona.lt\/parduotuve\/\"},{\"@type\":\"ListItem\",\"position\":3,\"name\":\"Korn \u2013 Requiem\"}]},{\"@type\":\"WebSite\",\"@id\":\"https:\/\/vinilozona.lt\/#website\",\"url\":\"https:\/\/vinilozona.lt\/\",\"name\":\"Vinilo Zona\",\"description\":\"Nup\u016bsk dulkes ir klausyk LP\",\"potentialAction\":[{\"@type\":\"SearchAction\",\"target\":{\"@type\":\"EntryPoint\",\"urlTemplate\":\"https:\/\/vinilozona.lt\/?s={search_term_string}\"},\"query-input\":{\"@type\":\"PropertyValueSpecification\",\"valueRequired\":true,\"valueName\":\"search_term_string\"}}],\"inLanguage\":\"en-GB\"}]}<\/script>\n<!-- \/ Yoast SEO plugin. -->","yoast_head_json":{"title":"Korn \u2013 Requiem Vinilin\u0117 Plok\u0161tel\u0117 | Vinilozona.lt","robots":{"index":"index","follow":"follow","max-snippet":"max-snippet:-1","max-image-preview":"max-image-preview:large","max-video-preview":"max-video-preview:-1"},"canonical":"https:\/\/vinilozona.lt\/en\/parduotuve\/naujos-lp\/andrew-lloyd-webber-and-tim-rice-\u200e-jesus-christ-superstar\/","og_locale":"en_GB","og_type":"article","og_title":"Korn \u2013 Requiem Vinilin\u0117 Plok\u0161tel\u0117 | Vinilozona.lt","og_description":"Loma Vista \u2013 LVR02372, Velvet Hammer Music And Management Group \u2013 LVR02372 Format:  Vinyl, LP, Limited Edition, Coke Bottle Clear Country: Europe Released: Feb 4, 2022","og_url":"https:\/\/vinilozona.lt\/en\/parduotuve\/naujos-lp\/andrew-lloyd-webber-and-tim-rice-\u200e-jesus-christ-superstar\/","og_site_name":"Vinilo Zona","article_modified_time":"2023-11-09T10:27:28+00:00","og_image":[{"width":597,"height":599,"url":"https:\/\/vinilozona.lt\/wp-content\/uploads\/2023\/11\/R-22006555-1643891107-8634.jpg","type":"image\/jpeg"}],"twitter_card":"summary_large_image","schema":{"@context":"https:\/\/schema.org","@graph":[{"@type":"WebPage","@id":"https:\/\/vinilozona.lt\/en\/parduotuve\/naujos-lp\/andrew-lloyd-webber-and-tim-rice-%e2%80%8e-jesus-christ-superstar\/","url":"https:\/\/vinilozona.lt\/en\/parduotuve\/naujos-lp\/andrew-lloyd-webber-and-tim-rice-%e2%80%8e-jesus-christ-superstar\/","name":"Korn \u2013 Requiem Vinilin\u0117 Plok\u0161tel\u0117 | Vinilozona.lt","isPartOf":{"@id":"https:\/\/vinilozona.lt\/#website"},"primaryImageOfPage":{"@id":"https:\/\/vinilozona.lt\/en\/parduotuve\/naujos-lp\/andrew-lloyd-webber-and-tim-rice-%e2%80%8e-jesus-christ-superstar\/#primaryimage"},"image":{"@id":"https:\/\/vinilozona.lt\/en\/parduotuve\/naujos-lp\/andrew-lloyd-webber-and-tim-rice-%e2%80%8e-jesus-christ-superstar\/#primaryimage"},"thumbnailUrl":"https:\/\/vinilozona.lt\/wp-content\/uploads\/2023\/11\/R-22006555-1643891107-8634.jpg","datePublished":"2023-11-09T03:11:01+00:00","dateModified":"2023-11-09T10:27:28+00:00","breadcrumb":{"@id":"https:\/\/vinilozona.lt\/en\/parduotuve\/naujos-lp\/andrew-lloyd-webber-and-tim-rice-%e2%80%8e-jesus-christ-superstar\/#breadcrumb"},"inLanguage":"en-GB","potentialAction":[{"@type":"ReadAction","target":["https:\/\/vinilozona.lt\/en\/parduotuve\/naujos-lp\/andrew-lloyd-webber-and-tim-rice-%e2%80%8e-jesus-christ-superstar\/"]}]},{"@type":"ImageObject","inLanguage":"en-GB","@id":"https:\/\/vinilozona.lt\/en\/parduotuve\/naujos-lp\/andrew-lloyd-webber-and-tim-rice-%e2%80%8e-jesus-christ-superstar\/#primaryimage","url":"https:\/\/vinilozona.lt\/wp-content\/uploads\/2023\/11\/R-22006555-1643891107-8634.jpg","contentUrl":"https:\/\/vinilozona.lt\/wp-content\/uploads\/2023\/11\/R-22006555-1643891107-8634.jpg","width":597,"height":599},{"@type":"BreadcrumbList","@id":"https:\/\/vinilozona.lt\/en\/parduotuve\/naujos-lp\/andrew-lloyd-webber-and-tim-rice-%e2%80%8e-jesus-christ-superstar\/#breadcrumb","itemListElement":[{"@type":"ListItem","position":1,"name":"Home","item":"https:\/\/vinilozona.lt\/"},{"@type":"ListItem","position":2,"name":"Parduotuv\u0117","item":"https:\/\/vinilozona.lt\/parduotuve\/"},{"@type":"ListItem","position":3,"name":"Korn \u2013 Requiem"}]},{"@type":"WebSite","@id":"https:\/\/vinilozona.lt\/#website","url":"https:\/\/vinilozona.lt\/","name":"Vinilo Zona","description":"Nup\u016bsk dulkes ir klausyk LP","potentialAction":[{"@type":"SearchAction","target":{"@type":"EntryPoint","urlTemplate":"https:\/\/vinilozona.lt\/?s={search_term_string}"},"query-input":{"@type":"PropertyValueSpecification","valueRequired":true,"valueName":"search_term_string"}}],"inLanguage":"en-GB"}]}},"_links":{"self":[{"href":"https:\/\/vinilozona.lt\/en\/wp-json\/wp\/v2\/product\/11463"}],"collection":[{"href":"https:\/\/vinilozona.lt\/en\/wp-json\/wp\/v2\/product"}],"about":[{"href":"https:\/\/vinilozona.lt\/en\/wp-json\/wp\/v2\/types\/product"}],"wp:featuredmedia":[{"embeddable":true,"href":"https:\/\/vinilozona.lt\/en\/wp-json\/wp\/v2\/media\/23470"}],"wp:attachment":[{"href":"https:\/\/vinilozona.lt\/en\/wp-json\/wp\/v2\/media?parent=11463"}],"wp:term":[{"taxonomy":"product_cat","embeddable":true,"href":"https:\/\/vinilozona.lt\/en\/wp-json\/wp\/v2\/product_cat?post=11463"},{"taxonomy":"product_tag","embeddable":true,"href":"https:\/\/vinilozona.lt\/en\/wp-json\/wp\/v2\/product_tag?post=11463"}],"curies":[{"name":"wp","href":"https:\/\/api.w.org\/{rel}","templated":true}]}}