{"id":11433,"date":"2024-03-09T05:15:52","date_gmt":"2024-03-09T03:15:52","guid":{"rendered":"https:\/\/vinilozona.lt\/?post_type=product&#038;p=11433"},"modified":"2024-03-09T08:54:02","modified_gmt":"2024-03-09T06:54:02","slug":"smokey-robinson-%e2%80%8e-deep-in-my-soul","status":"publish","type":"product","link":"https:\/\/vinilozona.lt\/en\/parduotuve\/rock-pop\/smokey-robinson-%e2%80%8e-deep-in-my-soul\/","title":{"rendered":"Smokey Robinson \u200e\u2013 Deep In My Soul"},"content":{"rendered":"<p>A1\t\tVitamin U\t4:30<br \/>\nA2\t\tThere Will Come A Day (I&#8217;m Gonna Happen To You)\t3:53<br \/>\nA3\t\tIt&#8217;s Been A Long Time (Since I Been In Love)\t3:43<br \/>\nA4\t\tLet&#8217;s Do The Dance Of Life Together\t3:46<br \/>\nB1\t\tIf You Want My Love\t3:45<br \/>\nB2\t\tYou Cannot Laugh Alone\t3:43<br \/>\nB3\t\tIn My Corner\t4:43<br \/>\nB4\t\tThe Humming Song (Lost For Words)\t3:29<\/p>","protected":false},"excerpt":{"rendered":"<p>Tamla \u2013 T6-350S1<br \/>\nFormat:<br \/>\nVinyl, LP, Album<br \/>\nCountry:\tUS<br \/>\nReleased:\t1977<\/p>","protected":false},"featured_media":11434,"template":"","meta":[],"product_cat":[15],"product_tag":[44],"yoast_head":"<!-- This site is optimized with the Yoast SEO plugin v23.5 - https:\/\/yoast.com\/wordpress\/plugins\/seo\/ -->\n<title>Smokey Robinson \u200e\u2013 Deep In My Soul Vinilin\u0117 Plok\u0161tel\u0117 | Vinilozona.lt<\/title>\n<meta name=\"robots\" content=\"index, follow, max-snippet:-1, max-image-preview:large, max-video-preview:-1\" \/>\n<link rel=\"canonical\" href=\"https:\/\/vinilozona.lt\/en\/parduotuve\/rock-pop\/smokey-robinson-\u200e-deep-in-my-soul\/\" \/>\n<meta property=\"og:locale\" content=\"en_GB\" \/>\n<meta property=\"og:type\" content=\"article\" \/>\n<meta property=\"og:title\" content=\"Smokey Robinson \u200e\u2013 Deep In My Soul Vinilin\u0117 Plok\u0161tel\u0117 | Vinilozona.lt\" \/>\n<meta property=\"og:description\" content=\"Tamla \u2013 T6-350S1 Format:  Vinyl, LP, Album Country: US Released: 1977\" \/>\n<meta property=\"og:url\" content=\"https:\/\/vinilozona.lt\/en\/parduotuve\/rock-pop\/smokey-robinson-\u200e-deep-in-my-soul\/\" \/>\n<meta property=\"og:site_name\" content=\"Vinilo Zona\" \/>\n<meta property=\"article:modified_time\" content=\"2024-03-09T06:54:02+00:00\" \/>\n<meta property=\"og:image\" content=\"https:\/\/vinilozona.lt\/wp-content\/uploads\/2020\/08\/R-8270935-1459198030-5383.jpeg.jpg\" \/>\n\t<meta property=\"og:image:width\" content=\"409\" \/>\n\t<meta property=\"og:image:height\" content=\"409\" \/>\n\t<meta property=\"og:image:type\" content=\"image\/jpeg\" \/>\n<meta name=\"twitter:card\" content=\"summary_large_image\" \/>\n<script type=\"application\/ld+json\" class=\"yoast-schema-graph\">{\"@context\":\"https:\/\/schema.org\",\"@graph\":[{\"@type\":\"WebPage\",\"@id\":\"https:\/\/vinilozona.lt\/parduotuve\/rock-pop\/smokey-robinson-%e2%80%8e-deep-in-my-soul\/\",\"url\":\"https:\/\/vinilozona.lt\/parduotuve\/rock-pop\/smokey-robinson-%e2%80%8e-deep-in-my-soul\/\",\"name\":\"Smokey Robinson \u200e\u2013 Deep In My Soul Vinilin\u0117 Plok\u0161tel\u0117 | Vinilozona.lt\",\"isPartOf\":{\"@id\":\"https:\/\/vinilozona.lt\/#website\"},\"primaryImageOfPage\":{\"@id\":\"https:\/\/vinilozona.lt\/parduotuve\/rock-pop\/smokey-robinson-%e2%80%8e-deep-in-my-soul\/#primaryimage\"},\"image\":{\"@id\":\"https:\/\/vinilozona.lt\/parduotuve\/rock-pop\/smokey-robinson-%e2%80%8e-deep-in-my-soul\/#primaryimage\"},\"thumbnailUrl\":\"https:\/\/vinilozona.lt\/wp-content\/uploads\/2020\/08\/R-8270935-1459198030-5383.jpeg.jpg\",\"datePublished\":\"2024-03-09T03:15:52+00:00\",\"dateModified\":\"2024-03-09T06:54:02+00:00\",\"breadcrumb\":{\"@id\":\"https:\/\/vinilozona.lt\/parduotuve\/rock-pop\/smokey-robinson-%e2%80%8e-deep-in-my-soul\/#breadcrumb\"},\"inLanguage\":\"en-GB\",\"potentialAction\":[{\"@type\":\"ReadAction\",\"target\":[\"https:\/\/vinilozona.lt\/parduotuve\/rock-pop\/smokey-robinson-%e2%80%8e-deep-in-my-soul\/\"]}]},{\"@type\":\"ImageObject\",\"inLanguage\":\"en-GB\",\"@id\":\"https:\/\/vinilozona.lt\/parduotuve\/rock-pop\/smokey-robinson-%e2%80%8e-deep-in-my-soul\/#primaryimage\",\"url\":\"https:\/\/vinilozona.lt\/wp-content\/uploads\/2020\/08\/R-8270935-1459198030-5383.jpeg.jpg\",\"contentUrl\":\"https:\/\/vinilozona.lt\/wp-content\/uploads\/2020\/08\/R-8270935-1459198030-5383.jpeg.jpg\",\"width\":409,\"height\":409},{\"@type\":\"BreadcrumbList\",\"@id\":\"https:\/\/vinilozona.lt\/parduotuve\/rock-pop\/smokey-robinson-%e2%80%8e-deep-in-my-soul\/#breadcrumb\",\"itemListElement\":[{\"@type\":\"ListItem\",\"position\":1,\"name\":\"Home\",\"item\":\"https:\/\/vinilozona.lt\/\"},{\"@type\":\"ListItem\",\"position\":2,\"name\":\"Parduotuv\u0117\",\"item\":\"https:\/\/vinilozona.lt\/parduotuve\/\"},{\"@type\":\"ListItem\",\"position\":3,\"name\":\"Smokey Robinson \u200e\u2013 Deep In My Soul\"}]},{\"@type\":\"WebSite\",\"@id\":\"https:\/\/vinilozona.lt\/#website\",\"url\":\"https:\/\/vinilozona.lt\/\",\"name\":\"Vinilo Zona\",\"description\":\"Nup\u016bsk dulkes ir klausyk LP\",\"potentialAction\":[{\"@type\":\"SearchAction\",\"target\":{\"@type\":\"EntryPoint\",\"urlTemplate\":\"https:\/\/vinilozona.lt\/?s={search_term_string}\"},\"query-input\":{\"@type\":\"PropertyValueSpecification\",\"valueRequired\":true,\"valueName\":\"search_term_string\"}}],\"inLanguage\":\"en-GB\"}]}<\/script>\n<!-- \/ Yoast SEO plugin. -->","yoast_head_json":{"title":"Smokey Robinson \u200e\u2013 Deep In My Soul Vinilin\u0117 Plok\u0161tel\u0117 | Vinilozona.lt","robots":{"index":"index","follow":"follow","max-snippet":"max-snippet:-1","max-image-preview":"max-image-preview:large","max-video-preview":"max-video-preview:-1"},"canonical":"https:\/\/vinilozona.lt\/en\/parduotuve\/rock-pop\/smokey-robinson-\u200e-deep-in-my-soul\/","og_locale":"en_GB","og_type":"article","og_title":"Smokey Robinson \u200e\u2013 Deep In My Soul Vinilin\u0117 Plok\u0161tel\u0117 | Vinilozona.lt","og_description":"Tamla \u2013 T6-350S1 Format:  Vinyl, LP, Album Country: US Released: 1977","og_url":"https:\/\/vinilozona.lt\/en\/parduotuve\/rock-pop\/smokey-robinson-\u200e-deep-in-my-soul\/","og_site_name":"Vinilo Zona","article_modified_time":"2024-03-09T06:54:02+00:00","og_image":[{"width":409,"height":409,"url":"https:\/\/vinilozona.lt\/wp-content\/uploads\/2020\/08\/R-8270935-1459198030-5383.jpeg.jpg","type":"image\/jpeg"}],"twitter_card":"summary_large_image","schema":{"@context":"https:\/\/schema.org","@graph":[{"@type":"WebPage","@id":"https:\/\/vinilozona.lt\/parduotuve\/rock-pop\/smokey-robinson-%e2%80%8e-deep-in-my-soul\/","url":"https:\/\/vinilozona.lt\/parduotuve\/rock-pop\/smokey-robinson-%e2%80%8e-deep-in-my-soul\/","name":"Smokey Robinson \u200e\u2013 Deep In My Soul Vinilin\u0117 Plok\u0161tel\u0117 | Vinilozona.lt","isPartOf":{"@id":"https:\/\/vinilozona.lt\/#website"},"primaryImageOfPage":{"@id":"https:\/\/vinilozona.lt\/parduotuve\/rock-pop\/smokey-robinson-%e2%80%8e-deep-in-my-soul\/#primaryimage"},"image":{"@id":"https:\/\/vinilozona.lt\/parduotuve\/rock-pop\/smokey-robinson-%e2%80%8e-deep-in-my-soul\/#primaryimage"},"thumbnailUrl":"https:\/\/vinilozona.lt\/wp-content\/uploads\/2020\/08\/R-8270935-1459198030-5383.jpeg.jpg","datePublished":"2024-03-09T03:15:52+00:00","dateModified":"2024-03-09T06:54:02+00:00","breadcrumb":{"@id":"https:\/\/vinilozona.lt\/parduotuve\/rock-pop\/smokey-robinson-%e2%80%8e-deep-in-my-soul\/#breadcrumb"},"inLanguage":"en-GB","potentialAction":[{"@type":"ReadAction","target":["https:\/\/vinilozona.lt\/parduotuve\/rock-pop\/smokey-robinson-%e2%80%8e-deep-in-my-soul\/"]}]},{"@type":"ImageObject","inLanguage":"en-GB","@id":"https:\/\/vinilozona.lt\/parduotuve\/rock-pop\/smokey-robinson-%e2%80%8e-deep-in-my-soul\/#primaryimage","url":"https:\/\/vinilozona.lt\/wp-content\/uploads\/2020\/08\/R-8270935-1459198030-5383.jpeg.jpg","contentUrl":"https:\/\/vinilozona.lt\/wp-content\/uploads\/2020\/08\/R-8270935-1459198030-5383.jpeg.jpg","width":409,"height":409},{"@type":"BreadcrumbList","@id":"https:\/\/vinilozona.lt\/parduotuve\/rock-pop\/smokey-robinson-%e2%80%8e-deep-in-my-soul\/#breadcrumb","itemListElement":[{"@type":"ListItem","position":1,"name":"Home","item":"https:\/\/vinilozona.lt\/"},{"@type":"ListItem","position":2,"name":"Parduotuv\u0117","item":"https:\/\/vinilozona.lt\/parduotuve\/"},{"@type":"ListItem","position":3,"name":"Smokey Robinson \u200e\u2013 Deep In My Soul"}]},{"@type":"WebSite","@id":"https:\/\/vinilozona.lt\/#website","url":"https:\/\/vinilozona.lt\/","name":"Vinilo Zona","description":"Nup\u016bsk dulkes ir klausyk LP","potentialAction":[{"@type":"SearchAction","target":{"@type":"EntryPoint","urlTemplate":"https:\/\/vinilozona.lt\/?s={search_term_string}"},"query-input":{"@type":"PropertyValueSpecification","valueRequired":true,"valueName":"search_term_string"}}],"inLanguage":"en-GB"}]}},"_links":{"self":[{"href":"https:\/\/vinilozona.lt\/en\/wp-json\/wp\/v2\/product\/11433"}],"collection":[{"href":"https:\/\/vinilozona.lt\/en\/wp-json\/wp\/v2\/product"}],"about":[{"href":"https:\/\/vinilozona.lt\/en\/wp-json\/wp\/v2\/types\/product"}],"wp:featuredmedia":[{"embeddable":true,"href":"https:\/\/vinilozona.lt\/en\/wp-json\/wp\/v2\/media\/11434"}],"wp:attachment":[{"href":"https:\/\/vinilozona.lt\/en\/wp-json\/wp\/v2\/media?parent=11433"}],"wp:term":[{"taxonomy":"product_cat","embeddable":true,"href":"https:\/\/vinilozona.lt\/en\/wp-json\/wp\/v2\/product_cat?post=11433"},{"taxonomy":"product_tag","embeddable":true,"href":"https:\/\/vinilozona.lt\/en\/wp-json\/wp\/v2\/product_tag?post=11433"}],"curies":[{"name":"wp","href":"https:\/\/api.w.org\/{rel}","templated":true}]}}