{"id":11428,"date":"2024-02-06T05:14:02","date_gmt":"2024-02-06T03:14:02","guid":{"rendered":"https:\/\/vinilozona.lt\/?post_type=product&#038;p=11428"},"modified":"2024-02-05T11:16:40","modified_gmt":"2024-02-05T09:16:40","slug":"tanita-tikaram-%e2%80%8e-ancient-heart","status":"publish","type":"product","link":"https:\/\/vinilozona.lt\/en\/parduotuve\/rock-pop\/tanita-tikaram-%e2%80%8e-ancient-heart\/","title":{"rendered":"Tanita Tikaram \u200e\u2013 Ancient Heart"},"content":{"rendered":"<p>1\t\tGood Tradition\t2:49<br \/>\n2\t\tCathedral Song\t2:51<br \/>\n3\t\tSighing Innocents\t3:31<br \/>\n4\t\tI Love You\t2:45<br \/>\n5\t\tWorld Outside Your Window\t4:52<br \/>\n6\t\tFor All These Years\t5:13<br \/>\n7\t\tTwist In My Sobriety\t4:50<br \/>\n8\t\tPoor Cow\t1:56<br \/>\n9\t\tHe Likes The Sun\t5:26<br \/>\n10\t\tValentine Heart\t4:04<br \/>\n11\t\tPreyed Upon\t5:03<\/p>","protected":false},"excerpt":{"rendered":"<p>WEA \u2013 243 877-2, WEA \u2013 243877-2<br \/>\nFormat:<br \/>\nCD, Album, Stereo<br \/>\nCountry:\tGermany<br \/>\nReleased:\t1988<\/p>","protected":false},"featured_media":11429,"template":"","meta":[],"product_cat":[15],"product_tag":[44],"yoast_head":"<!-- This site is optimized with the Yoast SEO plugin v23.5 - https:\/\/yoast.com\/wordpress\/plugins\/seo\/ -->\n<title>Tanita Tikaram \u200e\u2013 Ancient Heart Vinilin\u0117 Plok\u0161tel\u0117 | Vinilozona.lt<\/title>\n<meta name=\"robots\" content=\"index, follow, max-snippet:-1, max-image-preview:large, max-video-preview:-1\" \/>\n<link rel=\"canonical\" href=\"https:\/\/vinilozona.lt\/en\/parduotuve\/rock-pop\/tanita-tikaram-\u200e-ancient-heart\/\" \/>\n<meta property=\"og:locale\" content=\"en_GB\" \/>\n<meta property=\"og:type\" content=\"article\" \/>\n<meta property=\"og:title\" content=\"Tanita Tikaram \u200e\u2013 Ancient Heart Vinilin\u0117 Plok\u0161tel\u0117 | Vinilozona.lt\" \/>\n<meta property=\"og:description\" content=\"WEA \u2013 243 877-2, WEA \u2013 243877-2 Format:  CD, Album, Stereo Country: Germany Released: 1988\" \/>\n<meta property=\"og:url\" content=\"https:\/\/vinilozona.lt\/en\/parduotuve\/rock-pop\/tanita-tikaram-\u200e-ancient-heart\/\" \/>\n<meta property=\"og:site_name\" content=\"Vinilo Zona\" \/>\n<meta property=\"article:modified_time\" content=\"2024-02-05T09:16:40+00:00\" \/>\n<meta property=\"og:image\" content=\"https:\/\/vinilozona.lt\/wp-content\/uploads\/2020\/08\/R-381812-1337087641-7603.jpeg.jpg\" \/>\n\t<meta property=\"og:image:width\" content=\"600\" \/>\n\t<meta property=\"og:image:height\" content=\"570\" \/>\n\t<meta property=\"og:image:type\" content=\"image\/jpeg\" \/>\n<meta name=\"twitter:card\" content=\"summary_large_image\" \/>\n<script type=\"application\/ld+json\" class=\"yoast-schema-graph\">{\"@context\":\"https:\/\/schema.org\",\"@graph\":[{\"@type\":\"WebPage\",\"@id\":\"https:\/\/vinilozona.lt\/parduotuve\/rock-pop\/tanita-tikaram-%e2%80%8e-ancient-heart\/\",\"url\":\"https:\/\/vinilozona.lt\/parduotuve\/rock-pop\/tanita-tikaram-%e2%80%8e-ancient-heart\/\",\"name\":\"Tanita Tikaram \u200e\u2013 Ancient Heart Vinilin\u0117 Plok\u0161tel\u0117 | Vinilozona.lt\",\"isPartOf\":{\"@id\":\"https:\/\/vinilozona.lt\/#website\"},\"primaryImageOfPage\":{\"@id\":\"https:\/\/vinilozona.lt\/parduotuve\/rock-pop\/tanita-tikaram-%e2%80%8e-ancient-heart\/#primaryimage\"},\"image\":{\"@id\":\"https:\/\/vinilozona.lt\/parduotuve\/rock-pop\/tanita-tikaram-%e2%80%8e-ancient-heart\/#primaryimage\"},\"thumbnailUrl\":\"https:\/\/vinilozona.lt\/wp-content\/uploads\/2020\/08\/R-381812-1337087641-7603.jpeg.jpg\",\"datePublished\":\"2024-02-06T03:14:02+00:00\",\"dateModified\":\"2024-02-05T09:16:40+00:00\",\"breadcrumb\":{\"@id\":\"https:\/\/vinilozona.lt\/parduotuve\/rock-pop\/tanita-tikaram-%e2%80%8e-ancient-heart\/#breadcrumb\"},\"inLanguage\":\"en-GB\",\"potentialAction\":[{\"@type\":\"ReadAction\",\"target\":[\"https:\/\/vinilozona.lt\/parduotuve\/rock-pop\/tanita-tikaram-%e2%80%8e-ancient-heart\/\"]}]},{\"@type\":\"ImageObject\",\"inLanguage\":\"en-GB\",\"@id\":\"https:\/\/vinilozona.lt\/parduotuve\/rock-pop\/tanita-tikaram-%e2%80%8e-ancient-heart\/#primaryimage\",\"url\":\"https:\/\/vinilozona.lt\/wp-content\/uploads\/2020\/08\/R-381812-1337087641-7603.jpeg.jpg\",\"contentUrl\":\"https:\/\/vinilozona.lt\/wp-content\/uploads\/2020\/08\/R-381812-1337087641-7603.jpeg.jpg\",\"width\":600,\"height\":570},{\"@type\":\"BreadcrumbList\",\"@id\":\"https:\/\/vinilozona.lt\/parduotuve\/rock-pop\/tanita-tikaram-%e2%80%8e-ancient-heart\/#breadcrumb\",\"itemListElement\":[{\"@type\":\"ListItem\",\"position\":1,\"name\":\"Home\",\"item\":\"https:\/\/vinilozona.lt\/\"},{\"@type\":\"ListItem\",\"position\":2,\"name\":\"Parduotuv\u0117\",\"item\":\"https:\/\/vinilozona.lt\/parduotuve\/\"},{\"@type\":\"ListItem\",\"position\":3,\"name\":\"Tanita Tikaram \u200e\u2013 Ancient Heart\"}]},{\"@type\":\"WebSite\",\"@id\":\"https:\/\/vinilozona.lt\/#website\",\"url\":\"https:\/\/vinilozona.lt\/\",\"name\":\"Vinilo Zona\",\"description\":\"Nup\u016bsk dulkes ir klausyk LP\",\"potentialAction\":[{\"@type\":\"SearchAction\",\"target\":{\"@type\":\"EntryPoint\",\"urlTemplate\":\"https:\/\/vinilozona.lt\/?s={search_term_string}\"},\"query-input\":{\"@type\":\"PropertyValueSpecification\",\"valueRequired\":true,\"valueName\":\"search_term_string\"}}],\"inLanguage\":\"en-GB\"}]}<\/script>\n<!-- \/ Yoast SEO plugin. -->","yoast_head_json":{"title":"Tanita Tikaram \u200e\u2013 Ancient Heart Vinilin\u0117 Plok\u0161tel\u0117 | Vinilozona.lt","robots":{"index":"index","follow":"follow","max-snippet":"max-snippet:-1","max-image-preview":"max-image-preview:large","max-video-preview":"max-video-preview:-1"},"canonical":"https:\/\/vinilozona.lt\/en\/parduotuve\/rock-pop\/tanita-tikaram-\u200e-ancient-heart\/","og_locale":"en_GB","og_type":"article","og_title":"Tanita Tikaram \u200e\u2013 Ancient Heart Vinilin\u0117 Plok\u0161tel\u0117 | Vinilozona.lt","og_description":"WEA \u2013 243 877-2, WEA \u2013 243877-2 Format:  CD, Album, Stereo Country: Germany Released: 1988","og_url":"https:\/\/vinilozona.lt\/en\/parduotuve\/rock-pop\/tanita-tikaram-\u200e-ancient-heart\/","og_site_name":"Vinilo Zona","article_modified_time":"2024-02-05T09:16:40+00:00","og_image":[{"width":600,"height":570,"url":"https:\/\/vinilozona.lt\/wp-content\/uploads\/2020\/08\/R-381812-1337087641-7603.jpeg.jpg","type":"image\/jpeg"}],"twitter_card":"summary_large_image","schema":{"@context":"https:\/\/schema.org","@graph":[{"@type":"WebPage","@id":"https:\/\/vinilozona.lt\/parduotuve\/rock-pop\/tanita-tikaram-%e2%80%8e-ancient-heart\/","url":"https:\/\/vinilozona.lt\/parduotuve\/rock-pop\/tanita-tikaram-%e2%80%8e-ancient-heart\/","name":"Tanita Tikaram \u200e\u2013 Ancient Heart Vinilin\u0117 Plok\u0161tel\u0117 | Vinilozona.lt","isPartOf":{"@id":"https:\/\/vinilozona.lt\/#website"},"primaryImageOfPage":{"@id":"https:\/\/vinilozona.lt\/parduotuve\/rock-pop\/tanita-tikaram-%e2%80%8e-ancient-heart\/#primaryimage"},"image":{"@id":"https:\/\/vinilozona.lt\/parduotuve\/rock-pop\/tanita-tikaram-%e2%80%8e-ancient-heart\/#primaryimage"},"thumbnailUrl":"https:\/\/vinilozona.lt\/wp-content\/uploads\/2020\/08\/R-381812-1337087641-7603.jpeg.jpg","datePublished":"2024-02-06T03:14:02+00:00","dateModified":"2024-02-05T09:16:40+00:00","breadcrumb":{"@id":"https:\/\/vinilozona.lt\/parduotuve\/rock-pop\/tanita-tikaram-%e2%80%8e-ancient-heart\/#breadcrumb"},"inLanguage":"en-GB","potentialAction":[{"@type":"ReadAction","target":["https:\/\/vinilozona.lt\/parduotuve\/rock-pop\/tanita-tikaram-%e2%80%8e-ancient-heart\/"]}]},{"@type":"ImageObject","inLanguage":"en-GB","@id":"https:\/\/vinilozona.lt\/parduotuve\/rock-pop\/tanita-tikaram-%e2%80%8e-ancient-heart\/#primaryimage","url":"https:\/\/vinilozona.lt\/wp-content\/uploads\/2020\/08\/R-381812-1337087641-7603.jpeg.jpg","contentUrl":"https:\/\/vinilozona.lt\/wp-content\/uploads\/2020\/08\/R-381812-1337087641-7603.jpeg.jpg","width":600,"height":570},{"@type":"BreadcrumbList","@id":"https:\/\/vinilozona.lt\/parduotuve\/rock-pop\/tanita-tikaram-%e2%80%8e-ancient-heart\/#breadcrumb","itemListElement":[{"@type":"ListItem","position":1,"name":"Home","item":"https:\/\/vinilozona.lt\/"},{"@type":"ListItem","position":2,"name":"Parduotuv\u0117","item":"https:\/\/vinilozona.lt\/parduotuve\/"},{"@type":"ListItem","position":3,"name":"Tanita Tikaram \u200e\u2013 Ancient Heart"}]},{"@type":"WebSite","@id":"https:\/\/vinilozona.lt\/#website","url":"https:\/\/vinilozona.lt\/","name":"Vinilo Zona","description":"Nup\u016bsk dulkes ir klausyk LP","potentialAction":[{"@type":"SearchAction","target":{"@type":"EntryPoint","urlTemplate":"https:\/\/vinilozona.lt\/?s={search_term_string}"},"query-input":{"@type":"PropertyValueSpecification","valueRequired":true,"valueName":"search_term_string"}}],"inLanguage":"en-GB"}]}},"_links":{"self":[{"href":"https:\/\/vinilozona.lt\/en\/wp-json\/wp\/v2\/product\/11428"}],"collection":[{"href":"https:\/\/vinilozona.lt\/en\/wp-json\/wp\/v2\/product"}],"about":[{"href":"https:\/\/vinilozona.lt\/en\/wp-json\/wp\/v2\/types\/product"}],"wp:featuredmedia":[{"embeddable":true,"href":"https:\/\/vinilozona.lt\/en\/wp-json\/wp\/v2\/media\/11429"}],"wp:attachment":[{"href":"https:\/\/vinilozona.lt\/en\/wp-json\/wp\/v2\/media?parent=11428"}],"wp:term":[{"taxonomy":"product_cat","embeddable":true,"href":"https:\/\/vinilozona.lt\/en\/wp-json\/wp\/v2\/product_cat?post=11428"},{"taxonomy":"product_tag","embeddable":true,"href":"https:\/\/vinilozona.lt\/en\/wp-json\/wp\/v2\/product_tag?post=11428"}],"curies":[{"name":"wp","href":"https:\/\/api.w.org\/{rel}","templated":true}]}}