{"id":11417,"date":"2023-10-24T05:13:49","date_gmt":"2023-10-24T02:13:49","guid":{"rendered":"https:\/\/vinilozona.lt\/?post_type=product&#038;p=11417"},"modified":"2024-12-29T11:28:40","modified_gmt":"2024-12-29T09:28:40","slug":"frank-zappa-%e2%80%8e-sheik-yerbouti","status":"publish","type":"product","link":"https:\/\/vinilozona.lt\/en\/parduotuve\/rock-pop\/frank-zappa-%e2%80%8e-sheik-yerbouti\/","title":{"rendered":"Frank Zappa \u200e\u2013 Sheik Yerbouti 2LP"},"content":{"rendered":"<p>A1\t\tI Have Been In You  3:33<br \/>\nA2\t\tFlakes  6:41<br \/>\nA3\t\tBroken Hearts Are For Assholes  3:46<br \/>\nA4\t\tI&#8217;m So Cute  4:20<br \/>\nB1\t\tJones Crusher  2:49<br \/>\nB2\t\tWhat Ever Happened To All The Fun In The World  0:33<br \/>\nB3\t\tRat Tomago\t5:15<br \/>\nB4\t\tWe&#8217;ve Got To Get Into Something Real  0:32<br \/>\nB5\t\tBobby Brown  2:43<br \/>\nB6\t\tRubber Shirt  2:58<br \/>\nB7\t\tThe Sheik Yerbouti Tango\t2:44<br \/>\nC1\t\tBaby Snakes  1:50<br \/>\nC2\t\tTryin&#8217; To Grow A Chin  3:32<br \/>\nC3\t\tCity Of Tiny Lites  5:30<br \/>\nC4\t\tDancin&#8217; Fool  3:43<br \/>\nC5\t\tJewish Princess  3:16<br \/>\nD1\t\tWild Love  4:10<br \/>\nD2\t\tYo&#8217; Mama  12:38<\/p>","protected":false},"excerpt":{"rendered":"<p>Zappa Records \u2013 ZAPPA 28<br \/>\nFormat:<br \/>\n2 x Vinyl, LP, Album, Reissue, Remastered, Gatefold<br \/>\nCountry:\tEurope<br \/>\nReleased:\t1991<\/p>","protected":false},"featured_media":11418,"template":"","meta":[],"product_cat":[15],"product_tag":[44],"yoast_head":"<!-- This site is optimized with the Yoast SEO plugin v23.5 - https:\/\/yoast.com\/wordpress\/plugins\/seo\/ -->\n<title>Frank Zappa \u200e\u2013 Sheik Yerbouti 2LP Vinilin\u0117 Plok\u0161tel\u0117 | Vinilozona.lt<\/title>\n<meta name=\"robots\" content=\"index, follow, max-snippet:-1, max-image-preview:large, max-video-preview:-1\" \/>\n<link rel=\"canonical\" href=\"https:\/\/vinilozona.lt\/en\/parduotuve\/rock-pop\/frank-zappa-\u200e-sheik-yerbouti\/\" \/>\n<meta property=\"og:locale\" content=\"en_GB\" \/>\n<meta property=\"og:type\" content=\"article\" \/>\n<meta property=\"og:title\" content=\"Frank Zappa \u200e\u2013 Sheik Yerbouti 2LP Vinilin\u0117 Plok\u0161tel\u0117 | Vinilozona.lt\" \/>\n<meta property=\"og:description\" content=\"Zappa Records \u2013 ZAPPA 28 Format:  2 x Vinyl, LP, Album, Reissue, Remastered, Gatefold Country: Europe Released: 1991\" \/>\n<meta property=\"og:url\" content=\"https:\/\/vinilozona.lt\/en\/parduotuve\/rock-pop\/frank-zappa-\u200e-sheik-yerbouti\/\" \/>\n<meta property=\"og:site_name\" content=\"Vinilo Zona\" \/>\n<meta property=\"article:modified_time\" content=\"2024-12-29T09:28:40+00:00\" \/>\n<meta property=\"og:image\" content=\"https:\/\/vinilozona.lt\/wp-content\/uploads\/2020\/08\/R-478333-1483564905-6519.jpeg.jpg\" \/>\n\t<meta property=\"og:image:width\" content=\"599\" \/>\n\t<meta property=\"og:image:height\" content=\"601\" \/>\n\t<meta property=\"og:image:type\" content=\"image\/jpeg\" \/>\n<meta name=\"twitter:card\" content=\"summary_large_image\" \/>\n<script type=\"application\/ld+json\" class=\"yoast-schema-graph\">{\"@context\":\"https:\/\/schema.org\",\"@graph\":[{\"@type\":\"WebPage\",\"@id\":\"https:\/\/vinilozona.lt\/parduotuve\/rock-pop\/frank-zappa-%e2%80%8e-sheik-yerbouti\/\",\"url\":\"https:\/\/vinilozona.lt\/parduotuve\/rock-pop\/frank-zappa-%e2%80%8e-sheik-yerbouti\/\",\"name\":\"Frank Zappa \u200e\u2013 Sheik Yerbouti 2LP Vinilin\u0117 Plok\u0161tel\u0117 | Vinilozona.lt\",\"isPartOf\":{\"@id\":\"https:\/\/vinilozona.lt\/#website\"},\"primaryImageOfPage\":{\"@id\":\"https:\/\/vinilozona.lt\/parduotuve\/rock-pop\/frank-zappa-%e2%80%8e-sheik-yerbouti\/#primaryimage\"},\"image\":{\"@id\":\"https:\/\/vinilozona.lt\/parduotuve\/rock-pop\/frank-zappa-%e2%80%8e-sheik-yerbouti\/#primaryimage\"},\"thumbnailUrl\":\"https:\/\/vinilozona.lt\/wp-content\/uploads\/2020\/08\/R-478333-1483564905-6519.jpeg.jpg\",\"datePublished\":\"2023-10-24T02:13:49+00:00\",\"dateModified\":\"2024-12-29T09:28:40+00:00\",\"breadcrumb\":{\"@id\":\"https:\/\/vinilozona.lt\/parduotuve\/rock-pop\/frank-zappa-%e2%80%8e-sheik-yerbouti\/#breadcrumb\"},\"inLanguage\":\"en-GB\",\"potentialAction\":[{\"@type\":\"ReadAction\",\"target\":[\"https:\/\/vinilozona.lt\/parduotuve\/rock-pop\/frank-zappa-%e2%80%8e-sheik-yerbouti\/\"]}]},{\"@type\":\"ImageObject\",\"inLanguage\":\"en-GB\",\"@id\":\"https:\/\/vinilozona.lt\/parduotuve\/rock-pop\/frank-zappa-%e2%80%8e-sheik-yerbouti\/#primaryimage\",\"url\":\"https:\/\/vinilozona.lt\/wp-content\/uploads\/2020\/08\/R-478333-1483564905-6519.jpeg.jpg\",\"contentUrl\":\"https:\/\/vinilozona.lt\/wp-content\/uploads\/2020\/08\/R-478333-1483564905-6519.jpeg.jpg\",\"width\":599,\"height\":601},{\"@type\":\"BreadcrumbList\",\"@id\":\"https:\/\/vinilozona.lt\/parduotuve\/rock-pop\/frank-zappa-%e2%80%8e-sheik-yerbouti\/#breadcrumb\",\"itemListElement\":[{\"@type\":\"ListItem\",\"position\":1,\"name\":\"Home\",\"item\":\"https:\/\/vinilozona.lt\/\"},{\"@type\":\"ListItem\",\"position\":2,\"name\":\"Parduotuv\u0117\",\"item\":\"https:\/\/vinilozona.lt\/parduotuve\/\"},{\"@type\":\"ListItem\",\"position\":3,\"name\":\"Frank Zappa \u200e\u2013 Sheik Yerbouti 2LP\"}]},{\"@type\":\"WebSite\",\"@id\":\"https:\/\/vinilozona.lt\/#website\",\"url\":\"https:\/\/vinilozona.lt\/\",\"name\":\"Vinilo Zona\",\"description\":\"Nup\u016bsk dulkes ir klausyk LP\",\"potentialAction\":[{\"@type\":\"SearchAction\",\"target\":{\"@type\":\"EntryPoint\",\"urlTemplate\":\"https:\/\/vinilozona.lt\/?s={search_term_string}\"},\"query-input\":{\"@type\":\"PropertyValueSpecification\",\"valueRequired\":true,\"valueName\":\"search_term_string\"}}],\"inLanguage\":\"en-GB\"}]}<\/script>\n<!-- \/ Yoast SEO plugin. -->","yoast_head_json":{"title":"Frank Zappa \u200e\u2013 Sheik Yerbouti 2LP Vinilin\u0117 Plok\u0161tel\u0117 | Vinilozona.lt","robots":{"index":"index","follow":"follow","max-snippet":"max-snippet:-1","max-image-preview":"max-image-preview:large","max-video-preview":"max-video-preview:-1"},"canonical":"https:\/\/vinilozona.lt\/en\/parduotuve\/rock-pop\/frank-zappa-\u200e-sheik-yerbouti\/","og_locale":"en_GB","og_type":"article","og_title":"Frank Zappa \u200e\u2013 Sheik Yerbouti 2LP Vinilin\u0117 Plok\u0161tel\u0117 | Vinilozona.lt","og_description":"Zappa Records \u2013 ZAPPA 28 Format:  2 x Vinyl, LP, Album, Reissue, Remastered, Gatefold Country: Europe Released: 1991","og_url":"https:\/\/vinilozona.lt\/en\/parduotuve\/rock-pop\/frank-zappa-\u200e-sheik-yerbouti\/","og_site_name":"Vinilo Zona","article_modified_time":"2024-12-29T09:28:40+00:00","og_image":[{"width":599,"height":601,"url":"https:\/\/vinilozona.lt\/wp-content\/uploads\/2020\/08\/R-478333-1483564905-6519.jpeg.jpg","type":"image\/jpeg"}],"twitter_card":"summary_large_image","schema":{"@context":"https:\/\/schema.org","@graph":[{"@type":"WebPage","@id":"https:\/\/vinilozona.lt\/parduotuve\/rock-pop\/frank-zappa-%e2%80%8e-sheik-yerbouti\/","url":"https:\/\/vinilozona.lt\/parduotuve\/rock-pop\/frank-zappa-%e2%80%8e-sheik-yerbouti\/","name":"Frank Zappa \u200e\u2013 Sheik Yerbouti 2LP Vinilin\u0117 Plok\u0161tel\u0117 | Vinilozona.lt","isPartOf":{"@id":"https:\/\/vinilozona.lt\/#website"},"primaryImageOfPage":{"@id":"https:\/\/vinilozona.lt\/parduotuve\/rock-pop\/frank-zappa-%e2%80%8e-sheik-yerbouti\/#primaryimage"},"image":{"@id":"https:\/\/vinilozona.lt\/parduotuve\/rock-pop\/frank-zappa-%e2%80%8e-sheik-yerbouti\/#primaryimage"},"thumbnailUrl":"https:\/\/vinilozona.lt\/wp-content\/uploads\/2020\/08\/R-478333-1483564905-6519.jpeg.jpg","datePublished":"2023-10-24T02:13:49+00:00","dateModified":"2024-12-29T09:28:40+00:00","breadcrumb":{"@id":"https:\/\/vinilozona.lt\/parduotuve\/rock-pop\/frank-zappa-%e2%80%8e-sheik-yerbouti\/#breadcrumb"},"inLanguage":"en-GB","potentialAction":[{"@type":"ReadAction","target":["https:\/\/vinilozona.lt\/parduotuve\/rock-pop\/frank-zappa-%e2%80%8e-sheik-yerbouti\/"]}]},{"@type":"ImageObject","inLanguage":"en-GB","@id":"https:\/\/vinilozona.lt\/parduotuve\/rock-pop\/frank-zappa-%e2%80%8e-sheik-yerbouti\/#primaryimage","url":"https:\/\/vinilozona.lt\/wp-content\/uploads\/2020\/08\/R-478333-1483564905-6519.jpeg.jpg","contentUrl":"https:\/\/vinilozona.lt\/wp-content\/uploads\/2020\/08\/R-478333-1483564905-6519.jpeg.jpg","width":599,"height":601},{"@type":"BreadcrumbList","@id":"https:\/\/vinilozona.lt\/parduotuve\/rock-pop\/frank-zappa-%e2%80%8e-sheik-yerbouti\/#breadcrumb","itemListElement":[{"@type":"ListItem","position":1,"name":"Home","item":"https:\/\/vinilozona.lt\/"},{"@type":"ListItem","position":2,"name":"Parduotuv\u0117","item":"https:\/\/vinilozona.lt\/parduotuve\/"},{"@type":"ListItem","position":3,"name":"Frank Zappa \u200e\u2013 Sheik Yerbouti 2LP"}]},{"@type":"WebSite","@id":"https:\/\/vinilozona.lt\/#website","url":"https:\/\/vinilozona.lt\/","name":"Vinilo Zona","description":"Nup\u016bsk dulkes ir klausyk LP","potentialAction":[{"@type":"SearchAction","target":{"@type":"EntryPoint","urlTemplate":"https:\/\/vinilozona.lt\/?s={search_term_string}"},"query-input":{"@type":"PropertyValueSpecification","valueRequired":true,"valueName":"search_term_string"}}],"inLanguage":"en-GB"}]}},"_links":{"self":[{"href":"https:\/\/vinilozona.lt\/en\/wp-json\/wp\/v2\/product\/11417"}],"collection":[{"href":"https:\/\/vinilozona.lt\/en\/wp-json\/wp\/v2\/product"}],"about":[{"href":"https:\/\/vinilozona.lt\/en\/wp-json\/wp\/v2\/types\/product"}],"wp:featuredmedia":[{"embeddable":true,"href":"https:\/\/vinilozona.lt\/en\/wp-json\/wp\/v2\/media\/11418"}],"wp:attachment":[{"href":"https:\/\/vinilozona.lt\/en\/wp-json\/wp\/v2\/media?parent=11417"}],"wp:term":[{"taxonomy":"product_cat","embeddable":true,"href":"https:\/\/vinilozona.lt\/en\/wp-json\/wp\/v2\/product_cat?post=11417"},{"taxonomy":"product_tag","embeddable":true,"href":"https:\/\/vinilozona.lt\/en\/wp-json\/wp\/v2\/product_tag?post=11417"}],"curies":[{"name":"wp","href":"https:\/\/api.w.org\/{rel}","templated":true}]}}