{"id":11402,"date":"2023-04-05T12:07:54","date_gmt":"2023-04-05T09:07:54","guid":{"rendered":"https:\/\/vinilozona.lt\/?post_type=product&#038;p=11402"},"modified":"2023-05-03T15:19:04","modified_gmt":"2023-05-03T12:19:04","slug":"eros-ramazzotti-%e2%80%8e-in-certi-momenti","status":"publish","type":"product","link":"https:\/\/vinilozona.lt\/en\/parduotuve\/naujos-lp\/eros-ramazzotti-%e2%80%8e-in-certi-momenti\/","title":{"rendered":"Mick Fleetwood &#038; Friends \u2013 Celebrate The Music Of Peter Green And The Early Years Of Fleetwood Mac  4 LP"},"content":{"rendered":"<p>A1\t\tRolling Man<br \/>\nA2\t\tHomework<br \/>\nA3\t\tDoctor Brown<br \/>\nB1\t\tAll Your Love<br \/>\nB2\t\tRattlesnake Shake<br \/>\nB3\t\tStop Messin&#8217; Round<br \/>\nC1\t\tLooking For Somebody<br \/>\nC2\t\tSandy Mary<br \/>\nC3\t\tLove That Burns<br \/>\nD1\t\tThe World Keep On Turning<br \/>\nD2\t\tLike Crying<br \/>\nD3\t\tNo Place To Go<br \/>\nD4\t\tStation Man<br \/>\nE1\t\tMan Of The World<br \/>\nE2\t\tOh Well (Pt.1)<br \/>\nE3\t\tOh Well (Pt.2)<br \/>\nF1\t\tNeed Your Love So Bad<br \/>\nF2\t\tBlack Magic Woman<br \/>\nG1\t\tThe Sky Is Crying<br \/>\nG2\t\tI Can&#8217;t Hold Out<br \/>\nH1\t\tThe Green Manalishi (With The Two Prong Crown)<br \/>\nH2\t\tAlbatross<br \/>\nH3\t\tShake Your Money Maker<\/p>","protected":false},"excerpt":{"rendered":"<p>BMG \u2013 BMGCAT454QLP<br \/>\nFormat:<br \/>\n4 x Vinyl, LP, Album<br \/>\nCountry:\tEU<br \/>\nReleased:\tApr 30, 2021<\/p>","protected":false},"featured_media":21982,"template":"","meta":[],"product_cat":[23],"product_tag":[74],"yoast_head":"<!-- This site is optimized with the Yoast SEO plugin v23.5 - https:\/\/yoast.com\/wordpress\/plugins\/seo\/ -->\n<title>Mick Fleetwood &amp; Friends \u2013 Celebrate The Music Of Peter Green And The Early Years Of Fleetwood Mac 4 LP Vinilin\u0117 Plok\u0161tel\u0117 | Vinilozona.lt<\/title>\n<meta name=\"robots\" content=\"index, follow, max-snippet:-1, max-image-preview:large, max-video-preview:-1\" \/>\n<link rel=\"canonical\" href=\"https:\/\/vinilozona.lt\/en\/parduotuve\/naujos-lp\/eros-ramazzotti-\u200e-in-certi-momenti\/\" \/>\n<meta property=\"og:locale\" content=\"en_GB\" \/>\n<meta property=\"og:type\" content=\"article\" \/>\n<meta property=\"og:title\" content=\"Mick Fleetwood &amp; Friends \u2013 Celebrate The Music Of Peter Green And The Early Years Of Fleetwood Mac 4 LP Vinilin\u0117 Plok\u0161tel\u0117 | Vinilozona.lt\" \/>\n<meta property=\"og:description\" content=\"BMG \u2013 BMGCAT454QLP Format:  4 x Vinyl, LP, Album Country: EU Released: Apr 30, 2021\" \/>\n<meta property=\"og:url\" content=\"https:\/\/vinilozona.lt\/en\/parduotuve\/naujos-lp\/eros-ramazzotti-\u200e-in-certi-momenti\/\" \/>\n<meta property=\"og:site_name\" content=\"Vinilo Zona\" \/>\n<meta property=\"article:modified_time\" content=\"2023-05-03T12:19:04+00:00\" \/>\n<meta property=\"og:image\" content=\"https:\/\/vinilozona.lt\/wp-content\/uploads\/2023\/03\/R-18527902-1620639395-5434.jpg\" \/>\n\t<meta property=\"og:image:width\" content=\"599\" \/>\n\t<meta property=\"og:image:height\" content=\"591\" \/>\n\t<meta property=\"og:image:type\" content=\"image\/jpeg\" \/>\n<meta name=\"twitter:card\" content=\"summary_large_image\" \/>\n<script type=\"application\/ld+json\" class=\"yoast-schema-graph\">{\"@context\":\"https:\/\/schema.org\",\"@graph\":[{\"@type\":\"WebPage\",\"@id\":\"https:\/\/vinilozona.lt\/parduotuve\/naujos-lp\/eros-ramazzotti-%e2%80%8e-in-certi-momenti\/\",\"url\":\"https:\/\/vinilozona.lt\/parduotuve\/naujos-lp\/eros-ramazzotti-%e2%80%8e-in-certi-momenti\/\",\"name\":\"Mick Fleetwood & Friends \u2013 Celebrate The Music Of Peter Green And The Early Years Of Fleetwood Mac 4 LP Vinilin\u0117 Plok\u0161tel\u0117 | Vinilozona.lt\",\"isPartOf\":{\"@id\":\"https:\/\/vinilozona.lt\/#website\"},\"primaryImageOfPage\":{\"@id\":\"https:\/\/vinilozona.lt\/parduotuve\/naujos-lp\/eros-ramazzotti-%e2%80%8e-in-certi-momenti\/#primaryimage\"},\"image\":{\"@id\":\"https:\/\/vinilozona.lt\/parduotuve\/naujos-lp\/eros-ramazzotti-%e2%80%8e-in-certi-momenti\/#primaryimage\"},\"thumbnailUrl\":\"https:\/\/vinilozona.lt\/wp-content\/uploads\/2023\/03\/R-18527902-1620639395-5434.jpg\",\"datePublished\":\"2023-04-05T09:07:54+00:00\",\"dateModified\":\"2023-05-03T12:19:04+00:00\",\"breadcrumb\":{\"@id\":\"https:\/\/vinilozona.lt\/parduotuve\/naujos-lp\/eros-ramazzotti-%e2%80%8e-in-certi-momenti\/#breadcrumb\"},\"inLanguage\":\"en-GB\",\"potentialAction\":[{\"@type\":\"ReadAction\",\"target\":[\"https:\/\/vinilozona.lt\/parduotuve\/naujos-lp\/eros-ramazzotti-%e2%80%8e-in-certi-momenti\/\"]}]},{\"@type\":\"ImageObject\",\"inLanguage\":\"en-GB\",\"@id\":\"https:\/\/vinilozona.lt\/parduotuve\/naujos-lp\/eros-ramazzotti-%e2%80%8e-in-certi-momenti\/#primaryimage\",\"url\":\"https:\/\/vinilozona.lt\/wp-content\/uploads\/2023\/03\/R-18527902-1620639395-5434.jpg\",\"contentUrl\":\"https:\/\/vinilozona.lt\/wp-content\/uploads\/2023\/03\/R-18527902-1620639395-5434.jpg\",\"width\":599,\"height\":591},{\"@type\":\"BreadcrumbList\",\"@id\":\"https:\/\/vinilozona.lt\/parduotuve\/naujos-lp\/eros-ramazzotti-%e2%80%8e-in-certi-momenti\/#breadcrumb\",\"itemListElement\":[{\"@type\":\"ListItem\",\"position\":1,\"name\":\"Home\",\"item\":\"https:\/\/vinilozona.lt\/\"},{\"@type\":\"ListItem\",\"position\":2,\"name\":\"Parduotuv\u0117\",\"item\":\"https:\/\/vinilozona.lt\/parduotuve\/\"},{\"@type\":\"ListItem\",\"position\":3,\"name\":\"Mick Fleetwood &#038; Friends \u2013 Celebrate The Music Of Peter Green And The Early Years Of Fleetwood Mac 4 LP\"}]},{\"@type\":\"WebSite\",\"@id\":\"https:\/\/vinilozona.lt\/#website\",\"url\":\"https:\/\/vinilozona.lt\/\",\"name\":\"Vinilo Zona\",\"description\":\"Nup\u016bsk dulkes ir klausyk LP\",\"potentialAction\":[{\"@type\":\"SearchAction\",\"target\":{\"@type\":\"EntryPoint\",\"urlTemplate\":\"https:\/\/vinilozona.lt\/?s={search_term_string}\"},\"query-input\":{\"@type\":\"PropertyValueSpecification\",\"valueRequired\":true,\"valueName\":\"search_term_string\"}}],\"inLanguage\":\"en-GB\"}]}<\/script>\n<!-- \/ Yoast SEO plugin. -->","yoast_head_json":{"title":"Mick Fleetwood & Friends \u2013 Celebrate The Music Of Peter Green And The Early Years Of Fleetwood Mac 4 LP Vinilin\u0117 Plok\u0161tel\u0117 | Vinilozona.lt","robots":{"index":"index","follow":"follow","max-snippet":"max-snippet:-1","max-image-preview":"max-image-preview:large","max-video-preview":"max-video-preview:-1"},"canonical":"https:\/\/vinilozona.lt\/en\/parduotuve\/naujos-lp\/eros-ramazzotti-\u200e-in-certi-momenti\/","og_locale":"en_GB","og_type":"article","og_title":"Mick Fleetwood & Friends \u2013 Celebrate The Music Of Peter Green And The Early Years Of Fleetwood Mac 4 LP Vinilin\u0117 Plok\u0161tel\u0117 | Vinilozona.lt","og_description":"BMG \u2013 BMGCAT454QLP Format:  4 x Vinyl, LP, Album Country: EU Released: Apr 30, 2021","og_url":"https:\/\/vinilozona.lt\/en\/parduotuve\/naujos-lp\/eros-ramazzotti-\u200e-in-certi-momenti\/","og_site_name":"Vinilo Zona","article_modified_time":"2023-05-03T12:19:04+00:00","og_image":[{"width":599,"height":591,"url":"https:\/\/vinilozona.lt\/wp-content\/uploads\/2023\/03\/R-18527902-1620639395-5434.jpg","type":"image\/jpeg"}],"twitter_card":"summary_large_image","schema":{"@context":"https:\/\/schema.org","@graph":[{"@type":"WebPage","@id":"https:\/\/vinilozona.lt\/parduotuve\/naujos-lp\/eros-ramazzotti-%e2%80%8e-in-certi-momenti\/","url":"https:\/\/vinilozona.lt\/parduotuve\/naujos-lp\/eros-ramazzotti-%e2%80%8e-in-certi-momenti\/","name":"Mick Fleetwood & Friends \u2013 Celebrate The Music Of Peter Green And The Early Years Of Fleetwood Mac 4 LP Vinilin\u0117 Plok\u0161tel\u0117 | Vinilozona.lt","isPartOf":{"@id":"https:\/\/vinilozona.lt\/#website"},"primaryImageOfPage":{"@id":"https:\/\/vinilozona.lt\/parduotuve\/naujos-lp\/eros-ramazzotti-%e2%80%8e-in-certi-momenti\/#primaryimage"},"image":{"@id":"https:\/\/vinilozona.lt\/parduotuve\/naujos-lp\/eros-ramazzotti-%e2%80%8e-in-certi-momenti\/#primaryimage"},"thumbnailUrl":"https:\/\/vinilozona.lt\/wp-content\/uploads\/2023\/03\/R-18527902-1620639395-5434.jpg","datePublished":"2023-04-05T09:07:54+00:00","dateModified":"2023-05-03T12:19:04+00:00","breadcrumb":{"@id":"https:\/\/vinilozona.lt\/parduotuve\/naujos-lp\/eros-ramazzotti-%e2%80%8e-in-certi-momenti\/#breadcrumb"},"inLanguage":"en-GB","potentialAction":[{"@type":"ReadAction","target":["https:\/\/vinilozona.lt\/parduotuve\/naujos-lp\/eros-ramazzotti-%e2%80%8e-in-certi-momenti\/"]}]},{"@type":"ImageObject","inLanguage":"en-GB","@id":"https:\/\/vinilozona.lt\/parduotuve\/naujos-lp\/eros-ramazzotti-%e2%80%8e-in-certi-momenti\/#primaryimage","url":"https:\/\/vinilozona.lt\/wp-content\/uploads\/2023\/03\/R-18527902-1620639395-5434.jpg","contentUrl":"https:\/\/vinilozona.lt\/wp-content\/uploads\/2023\/03\/R-18527902-1620639395-5434.jpg","width":599,"height":591},{"@type":"BreadcrumbList","@id":"https:\/\/vinilozona.lt\/parduotuve\/naujos-lp\/eros-ramazzotti-%e2%80%8e-in-certi-momenti\/#breadcrumb","itemListElement":[{"@type":"ListItem","position":1,"name":"Home","item":"https:\/\/vinilozona.lt\/"},{"@type":"ListItem","position":2,"name":"Parduotuv\u0117","item":"https:\/\/vinilozona.lt\/parduotuve\/"},{"@type":"ListItem","position":3,"name":"Mick Fleetwood &#038; Friends \u2013 Celebrate The Music Of Peter Green And The Early Years Of Fleetwood Mac 4 LP"}]},{"@type":"WebSite","@id":"https:\/\/vinilozona.lt\/#website","url":"https:\/\/vinilozona.lt\/","name":"Vinilo Zona","description":"Nup\u016bsk dulkes ir klausyk LP","potentialAction":[{"@type":"SearchAction","target":{"@type":"EntryPoint","urlTemplate":"https:\/\/vinilozona.lt\/?s={search_term_string}"},"query-input":{"@type":"PropertyValueSpecification","valueRequired":true,"valueName":"search_term_string"}}],"inLanguage":"en-GB"}]}},"_links":{"self":[{"href":"https:\/\/vinilozona.lt\/en\/wp-json\/wp\/v2\/product\/11402"}],"collection":[{"href":"https:\/\/vinilozona.lt\/en\/wp-json\/wp\/v2\/product"}],"about":[{"href":"https:\/\/vinilozona.lt\/en\/wp-json\/wp\/v2\/types\/product"}],"wp:featuredmedia":[{"embeddable":true,"href":"https:\/\/vinilozona.lt\/en\/wp-json\/wp\/v2\/media\/21982"}],"wp:attachment":[{"href":"https:\/\/vinilozona.lt\/en\/wp-json\/wp\/v2\/media?parent=11402"}],"wp:term":[{"taxonomy":"product_cat","embeddable":true,"href":"https:\/\/vinilozona.lt\/en\/wp-json\/wp\/v2\/product_cat?post=11402"},{"taxonomy":"product_tag","embeddable":true,"href":"https:\/\/vinilozona.lt\/en\/wp-json\/wp\/v2\/product_tag?post=11402"}],"curies":[{"name":"wp","href":"https:\/\/api.w.org\/{rel}","templated":true}]}}