{"id":11355,"date":"2023-02-24T06:12:38","date_gmt":"2023-02-24T04:12:38","guid":{"rendered":"https:\/\/vinilozona.lt\/?post_type=product&#038;p=11355"},"modified":"2023-02-24T09:52:50","modified_gmt":"2023-02-24T07:52:50","slug":"spandau-ballet-%e2%80%8e-through-the-barricades","status":"publish","type":"product","link":"https:\/\/vinilozona.lt\/en\/parduotuve\/rock-pop\/spandau-ballet-%e2%80%8e-through-the-barricades\/","title":{"rendered":"Spandau Ballet \u200e\u2013 Through The Barricades"},"content":{"rendered":"<p>A1\t\tBarricades &#8211; Introduction\t1:16<br \/>\nA2\t\tCross The Line\t4:09<br \/>\nA3\t\tMan In Chains\t5:35<br \/>\nA4\t\tHow Many Lies?\t5:20<br \/>\nA5\t\tVirgin\t4:21<br \/>\nB1\t\tFight For Ourselves\t4:20<br \/>\nB2\t\tSwept\t4:50<br \/>\nB3\t\tSnakes And Lovers\t4:30<br \/>\nB4\t\tThrough The Barricades\t5:55<\/p>","protected":false},"excerpt":{"rendered":"<p>CBS \u2013 CBS 450259 1, CBS \u2013 450259 1<br \/>\nFormat:<br \/>\nVinyl, LP, Album, Stereo<br \/>\nCountry:\tEurope<br \/>\nReleased:\t1986<\/p>","protected":false},"featured_media":11356,"template":"","meta":[],"product_cat":[15],"product_tag":[44],"yoast_head":"<!-- This site is optimized with the Yoast SEO plugin v23.5 - https:\/\/yoast.com\/wordpress\/plugins\/seo\/ -->\n<title>Spandau Ballet \u200e\u2013 Through The Barricades Vinilin\u0117 Plok\u0161tel\u0117 | Vinilozona.lt<\/title>\n<meta name=\"robots\" content=\"index, follow, max-snippet:-1, max-image-preview:large, max-video-preview:-1\" \/>\n<link rel=\"canonical\" href=\"https:\/\/vinilozona.lt\/en\/parduotuve\/rock-pop\/spandau-ballet-\u200e-through-the-barricades\/\" \/>\n<meta property=\"og:locale\" content=\"en_GB\" \/>\n<meta property=\"og:type\" content=\"article\" \/>\n<meta property=\"og:title\" content=\"Spandau Ballet \u200e\u2013 Through The Barricades Vinilin\u0117 Plok\u0161tel\u0117 | Vinilozona.lt\" \/>\n<meta property=\"og:description\" content=\"CBS \u2013 CBS 450259 1, CBS \u2013 450259 1 Format:  Vinyl, LP, Album, Stereo Country: Europe Released: 1986\" \/>\n<meta property=\"og:url\" content=\"https:\/\/vinilozona.lt\/en\/parduotuve\/rock-pop\/spandau-ballet-\u200e-through-the-barricades\/\" \/>\n<meta property=\"og:site_name\" content=\"Vinilo Zona\" \/>\n<meta property=\"article:modified_time\" content=\"2023-02-24T07:52:50+00:00\" \/>\n<meta property=\"og:image\" content=\"https:\/\/vinilozona.lt\/wp-content\/uploads\/2020\/08\/R-1720825-1239117319.jpeg.jpg\" \/>\n\t<meta property=\"og:image:width\" content=\"592\" \/>\n\t<meta property=\"og:image:height\" content=\"592\" \/>\n\t<meta property=\"og:image:type\" content=\"image\/jpeg\" \/>\n<meta name=\"twitter:card\" content=\"summary_large_image\" \/>\n<script type=\"application\/ld+json\" class=\"yoast-schema-graph\">{\"@context\":\"https:\/\/schema.org\",\"@graph\":[{\"@type\":\"WebPage\",\"@id\":\"https:\/\/vinilozona.lt\/en\/parduotuve\/rock-pop\/spandau-ballet-%e2%80%8e-through-the-barricades\/\",\"url\":\"https:\/\/vinilozona.lt\/en\/parduotuve\/rock-pop\/spandau-ballet-%e2%80%8e-through-the-barricades\/\",\"name\":\"Spandau Ballet \u200e\u2013 Through The Barricades Vinilin\u0117 Plok\u0161tel\u0117 | Vinilozona.lt\",\"isPartOf\":{\"@id\":\"https:\/\/vinilozona.lt\/#website\"},\"primaryImageOfPage\":{\"@id\":\"https:\/\/vinilozona.lt\/en\/parduotuve\/rock-pop\/spandau-ballet-%e2%80%8e-through-the-barricades\/#primaryimage\"},\"image\":{\"@id\":\"https:\/\/vinilozona.lt\/en\/parduotuve\/rock-pop\/spandau-ballet-%e2%80%8e-through-the-barricades\/#primaryimage\"},\"thumbnailUrl\":\"https:\/\/vinilozona.lt\/wp-content\/uploads\/2020\/08\/R-1720825-1239117319.jpeg.jpg\",\"datePublished\":\"2023-02-24T04:12:38+00:00\",\"dateModified\":\"2023-02-24T07:52:50+00:00\",\"breadcrumb\":{\"@id\":\"https:\/\/vinilozona.lt\/en\/parduotuve\/rock-pop\/spandau-ballet-%e2%80%8e-through-the-barricades\/#breadcrumb\"},\"inLanguage\":\"en-GB\",\"potentialAction\":[{\"@type\":\"ReadAction\",\"target\":[\"https:\/\/vinilozona.lt\/en\/parduotuve\/rock-pop\/spandau-ballet-%e2%80%8e-through-the-barricades\/\"]}]},{\"@type\":\"ImageObject\",\"inLanguage\":\"en-GB\",\"@id\":\"https:\/\/vinilozona.lt\/en\/parduotuve\/rock-pop\/spandau-ballet-%e2%80%8e-through-the-barricades\/#primaryimage\",\"url\":\"https:\/\/vinilozona.lt\/wp-content\/uploads\/2020\/08\/R-1720825-1239117319.jpeg.jpg\",\"contentUrl\":\"https:\/\/vinilozona.lt\/wp-content\/uploads\/2020\/08\/R-1720825-1239117319.jpeg.jpg\",\"width\":592,\"height\":592},{\"@type\":\"BreadcrumbList\",\"@id\":\"https:\/\/vinilozona.lt\/en\/parduotuve\/rock-pop\/spandau-ballet-%e2%80%8e-through-the-barricades\/#breadcrumb\",\"itemListElement\":[{\"@type\":\"ListItem\",\"position\":1,\"name\":\"Home\",\"item\":\"https:\/\/vinilozona.lt\/\"},{\"@type\":\"ListItem\",\"position\":2,\"name\":\"Parduotuv\u0117\",\"item\":\"https:\/\/vinilozona.lt\/parduotuve\/\"},{\"@type\":\"ListItem\",\"position\":3,\"name\":\"Spandau Ballet \u200e\u2013 Through The Barricades\"}]},{\"@type\":\"WebSite\",\"@id\":\"https:\/\/vinilozona.lt\/#website\",\"url\":\"https:\/\/vinilozona.lt\/\",\"name\":\"Vinilo Zona\",\"description\":\"Nup\u016bsk dulkes ir klausyk LP\",\"potentialAction\":[{\"@type\":\"SearchAction\",\"target\":{\"@type\":\"EntryPoint\",\"urlTemplate\":\"https:\/\/vinilozona.lt\/?s={search_term_string}\"},\"query-input\":{\"@type\":\"PropertyValueSpecification\",\"valueRequired\":true,\"valueName\":\"search_term_string\"}}],\"inLanguage\":\"en-GB\"}]}<\/script>\n<!-- \/ Yoast SEO plugin. -->","yoast_head_json":{"title":"Spandau Ballet \u200e\u2013 Through The Barricades Vinilin\u0117 Plok\u0161tel\u0117 | Vinilozona.lt","robots":{"index":"index","follow":"follow","max-snippet":"max-snippet:-1","max-image-preview":"max-image-preview:large","max-video-preview":"max-video-preview:-1"},"canonical":"https:\/\/vinilozona.lt\/en\/parduotuve\/rock-pop\/spandau-ballet-\u200e-through-the-barricades\/","og_locale":"en_GB","og_type":"article","og_title":"Spandau Ballet \u200e\u2013 Through The Barricades Vinilin\u0117 Plok\u0161tel\u0117 | Vinilozona.lt","og_description":"CBS \u2013 CBS 450259 1, CBS \u2013 450259 1 Format:  Vinyl, LP, Album, Stereo Country: Europe Released: 1986","og_url":"https:\/\/vinilozona.lt\/en\/parduotuve\/rock-pop\/spandau-ballet-\u200e-through-the-barricades\/","og_site_name":"Vinilo Zona","article_modified_time":"2023-02-24T07:52:50+00:00","og_image":[{"width":592,"height":592,"url":"https:\/\/vinilozona.lt\/wp-content\/uploads\/2020\/08\/R-1720825-1239117319.jpeg.jpg","type":"image\/jpeg"}],"twitter_card":"summary_large_image","schema":{"@context":"https:\/\/schema.org","@graph":[{"@type":"WebPage","@id":"https:\/\/vinilozona.lt\/en\/parduotuve\/rock-pop\/spandau-ballet-%e2%80%8e-through-the-barricades\/","url":"https:\/\/vinilozona.lt\/en\/parduotuve\/rock-pop\/spandau-ballet-%e2%80%8e-through-the-barricades\/","name":"Spandau Ballet \u200e\u2013 Through The Barricades Vinilin\u0117 Plok\u0161tel\u0117 | Vinilozona.lt","isPartOf":{"@id":"https:\/\/vinilozona.lt\/#website"},"primaryImageOfPage":{"@id":"https:\/\/vinilozona.lt\/en\/parduotuve\/rock-pop\/spandau-ballet-%e2%80%8e-through-the-barricades\/#primaryimage"},"image":{"@id":"https:\/\/vinilozona.lt\/en\/parduotuve\/rock-pop\/spandau-ballet-%e2%80%8e-through-the-barricades\/#primaryimage"},"thumbnailUrl":"https:\/\/vinilozona.lt\/wp-content\/uploads\/2020\/08\/R-1720825-1239117319.jpeg.jpg","datePublished":"2023-02-24T04:12:38+00:00","dateModified":"2023-02-24T07:52:50+00:00","breadcrumb":{"@id":"https:\/\/vinilozona.lt\/en\/parduotuve\/rock-pop\/spandau-ballet-%e2%80%8e-through-the-barricades\/#breadcrumb"},"inLanguage":"en-GB","potentialAction":[{"@type":"ReadAction","target":["https:\/\/vinilozona.lt\/en\/parduotuve\/rock-pop\/spandau-ballet-%e2%80%8e-through-the-barricades\/"]}]},{"@type":"ImageObject","inLanguage":"en-GB","@id":"https:\/\/vinilozona.lt\/en\/parduotuve\/rock-pop\/spandau-ballet-%e2%80%8e-through-the-barricades\/#primaryimage","url":"https:\/\/vinilozona.lt\/wp-content\/uploads\/2020\/08\/R-1720825-1239117319.jpeg.jpg","contentUrl":"https:\/\/vinilozona.lt\/wp-content\/uploads\/2020\/08\/R-1720825-1239117319.jpeg.jpg","width":592,"height":592},{"@type":"BreadcrumbList","@id":"https:\/\/vinilozona.lt\/en\/parduotuve\/rock-pop\/spandau-ballet-%e2%80%8e-through-the-barricades\/#breadcrumb","itemListElement":[{"@type":"ListItem","position":1,"name":"Home","item":"https:\/\/vinilozona.lt\/"},{"@type":"ListItem","position":2,"name":"Parduotuv\u0117","item":"https:\/\/vinilozona.lt\/parduotuve\/"},{"@type":"ListItem","position":3,"name":"Spandau Ballet \u200e\u2013 Through The Barricades"}]},{"@type":"WebSite","@id":"https:\/\/vinilozona.lt\/#website","url":"https:\/\/vinilozona.lt\/","name":"Vinilo Zona","description":"Nup\u016bsk dulkes ir klausyk LP","potentialAction":[{"@type":"SearchAction","target":{"@type":"EntryPoint","urlTemplate":"https:\/\/vinilozona.lt\/?s={search_term_string}"},"query-input":{"@type":"PropertyValueSpecification","valueRequired":true,"valueName":"search_term_string"}}],"inLanguage":"en-GB"}]}},"_links":{"self":[{"href":"https:\/\/vinilozona.lt\/en\/wp-json\/wp\/v2\/product\/11355"}],"collection":[{"href":"https:\/\/vinilozona.lt\/en\/wp-json\/wp\/v2\/product"}],"about":[{"href":"https:\/\/vinilozona.lt\/en\/wp-json\/wp\/v2\/types\/product"}],"wp:featuredmedia":[{"embeddable":true,"href":"https:\/\/vinilozona.lt\/en\/wp-json\/wp\/v2\/media\/11356"}],"wp:attachment":[{"href":"https:\/\/vinilozona.lt\/en\/wp-json\/wp\/v2\/media?parent=11355"}],"wp:term":[{"taxonomy":"product_cat","embeddable":true,"href":"https:\/\/vinilozona.lt\/en\/wp-json\/wp\/v2\/product_cat?post=11355"},{"taxonomy":"product_tag","embeddable":true,"href":"https:\/\/vinilozona.lt\/en\/wp-json\/wp\/v2\/product_tag?post=11355"}],"curies":[{"name":"wp","href":"https:\/\/api.w.org\/{rel}","templated":true}]}}