{"id":11334,"date":"2023-10-24T05:11:10","date_gmt":"2023-10-24T02:11:10","guid":{"rendered":"https:\/\/vinilozona.lt\/?post_type=product&#038;p=11334"},"modified":"2024-01-12T16:18:36","modified_gmt":"2024-01-12T14:18:36","slug":"elton-john-%e2%80%8e-live-in-australia-with-the-melbourne-symphony-orchestra","status":"publish","type":"product","link":"https:\/\/vinilozona.lt\/en\/parduotuve\/rock-pop\/elton-john-%e2%80%8e-live-in-australia-with-the-melbourne-symphony-orchestra\/","title":{"rendered":"Elton John \u200e\u2013 Live In Australia (With The Melbourne Symphony Orchestra)"},"content":{"rendered":"<p>A1\t\tSixty Years On<br \/>\nA2\t\tI Need You To Turn To<br \/>\nA3\t\tGreatest Discovery<br \/>\nA4\t\tTonight<br \/>\nB1\t\tSorry Seems To Be The Hardest Word<br \/>\nB2\t\tThe King Must Die<br \/>\nB3\t\tTake Me To The Pilot<br \/>\nB4\t\tTiny Dancer<br \/>\nC1\t\tHave Mercy On The Criminal<br \/>\nC2\t\tMadman Across The Water<br \/>\nC3\t\tCandle In The Wind<br \/>\nD1\t\tBurn Down The Mission<br \/>\nD2\t\tYour Song<br \/>\nD3\t\tDon&#8217;t Let The Sun Go Down On Me<\/p>","protected":false},"excerpt":{"rendered":"<p>The Rocket Record Company \u2013 832 470-1<br \/>\nFormat:<br \/>\n2 x Vinyl, LP, Album, Gatefold<br \/>\nCountry:\tEU<br \/>\nReleased:\t1987<\/p>","protected":false},"featured_media":11335,"template":"","meta":[],"product_cat":[15],"product_tag":[44],"yoast_head":"<!-- This site is optimized with the Yoast SEO plugin v23.5 - https:\/\/yoast.com\/wordpress\/plugins\/seo\/ -->\n<title>Elton John \u200e\u2013 Live In Australia (With The Melbourne Symphony Orchestra) Vinilin\u0117 Plok\u0161tel\u0117 | Vinilozona.lt<\/title>\n<meta name=\"robots\" content=\"index, follow, max-snippet:-1, max-image-preview:large, max-video-preview:-1\" \/>\n<link rel=\"canonical\" href=\"https:\/\/vinilozona.lt\/en\/parduotuve\/rock-pop\/elton-john-\u200e-live-in-australia-with-the-melbourne-symphony-orchestra\/\" \/>\n<meta property=\"og:locale\" content=\"en_GB\" \/>\n<meta property=\"og:type\" content=\"article\" \/>\n<meta property=\"og:title\" content=\"Elton John \u200e\u2013 Live In Australia (With The Melbourne Symphony Orchestra) Vinilin\u0117 Plok\u0161tel\u0117 | Vinilozona.lt\" \/>\n<meta property=\"og:description\" content=\"The Rocket Record Company \u2013 832 470-1 Format:  2 x Vinyl, LP, Album, Gatefold Country: EU Released: 1987\" \/>\n<meta property=\"og:url\" content=\"https:\/\/vinilozona.lt\/en\/parduotuve\/rock-pop\/elton-john-\u200e-live-in-australia-with-the-melbourne-symphony-orchestra\/\" \/>\n<meta property=\"og:site_name\" content=\"Vinilo Zona\" \/>\n<meta property=\"article:modified_time\" content=\"2024-01-12T14:18:36+00:00\" \/>\n<meta property=\"og:image\" content=\"https:\/\/vinilozona.lt\/wp-content\/uploads\/2020\/08\/R-3448282-1334324745.jpeg.jpg\" \/>\n\t<meta property=\"og:image:width\" content=\"350\" \/>\n\t<meta property=\"og:image:height\" content=\"353\" \/>\n\t<meta property=\"og:image:type\" content=\"image\/jpeg\" \/>\n<meta name=\"twitter:card\" content=\"summary_large_image\" \/>\n<script type=\"application\/ld+json\" class=\"yoast-schema-graph\">{\"@context\":\"https:\/\/schema.org\",\"@graph\":[{\"@type\":\"WebPage\",\"@id\":\"https:\/\/vinilozona.lt\/parduotuve\/rock-pop\/elton-john-%e2%80%8e-live-in-australia-with-the-melbourne-symphony-orchestra\/\",\"url\":\"https:\/\/vinilozona.lt\/parduotuve\/rock-pop\/elton-john-%e2%80%8e-live-in-australia-with-the-melbourne-symphony-orchestra\/\",\"name\":\"Elton John \u200e\u2013 Live In Australia (With The Melbourne Symphony Orchestra) Vinilin\u0117 Plok\u0161tel\u0117 | Vinilozona.lt\",\"isPartOf\":{\"@id\":\"https:\/\/vinilozona.lt\/#website\"},\"primaryImageOfPage\":{\"@id\":\"https:\/\/vinilozona.lt\/parduotuve\/rock-pop\/elton-john-%e2%80%8e-live-in-australia-with-the-melbourne-symphony-orchestra\/#primaryimage\"},\"image\":{\"@id\":\"https:\/\/vinilozona.lt\/parduotuve\/rock-pop\/elton-john-%e2%80%8e-live-in-australia-with-the-melbourne-symphony-orchestra\/#primaryimage\"},\"thumbnailUrl\":\"https:\/\/vinilozona.lt\/wp-content\/uploads\/2020\/08\/R-3448282-1334324745.jpeg.jpg\",\"datePublished\":\"2023-10-24T02:11:10+00:00\",\"dateModified\":\"2024-01-12T14:18:36+00:00\",\"breadcrumb\":{\"@id\":\"https:\/\/vinilozona.lt\/parduotuve\/rock-pop\/elton-john-%e2%80%8e-live-in-australia-with-the-melbourne-symphony-orchestra\/#breadcrumb\"},\"inLanguage\":\"en-GB\",\"potentialAction\":[{\"@type\":\"ReadAction\",\"target\":[\"https:\/\/vinilozona.lt\/parduotuve\/rock-pop\/elton-john-%e2%80%8e-live-in-australia-with-the-melbourne-symphony-orchestra\/\"]}]},{\"@type\":\"ImageObject\",\"inLanguage\":\"en-GB\",\"@id\":\"https:\/\/vinilozona.lt\/parduotuve\/rock-pop\/elton-john-%e2%80%8e-live-in-australia-with-the-melbourne-symphony-orchestra\/#primaryimage\",\"url\":\"https:\/\/vinilozona.lt\/wp-content\/uploads\/2020\/08\/R-3448282-1334324745.jpeg.jpg\",\"contentUrl\":\"https:\/\/vinilozona.lt\/wp-content\/uploads\/2020\/08\/R-3448282-1334324745.jpeg.jpg\",\"width\":350,\"height\":353},{\"@type\":\"BreadcrumbList\",\"@id\":\"https:\/\/vinilozona.lt\/parduotuve\/rock-pop\/elton-john-%e2%80%8e-live-in-australia-with-the-melbourne-symphony-orchestra\/#breadcrumb\",\"itemListElement\":[{\"@type\":\"ListItem\",\"position\":1,\"name\":\"Home\",\"item\":\"https:\/\/vinilozona.lt\/\"},{\"@type\":\"ListItem\",\"position\":2,\"name\":\"Parduotuv\u0117\",\"item\":\"https:\/\/vinilozona.lt\/parduotuve\/\"},{\"@type\":\"ListItem\",\"position\":3,\"name\":\"Elton John \u200e\u2013 Live In Australia (With The Melbourne Symphony Orchestra)\"}]},{\"@type\":\"WebSite\",\"@id\":\"https:\/\/vinilozona.lt\/#website\",\"url\":\"https:\/\/vinilozona.lt\/\",\"name\":\"Vinilo Zona\",\"description\":\"Nup\u016bsk dulkes ir klausyk LP\",\"potentialAction\":[{\"@type\":\"SearchAction\",\"target\":{\"@type\":\"EntryPoint\",\"urlTemplate\":\"https:\/\/vinilozona.lt\/?s={search_term_string}\"},\"query-input\":{\"@type\":\"PropertyValueSpecification\",\"valueRequired\":true,\"valueName\":\"search_term_string\"}}],\"inLanguage\":\"en-GB\"}]}<\/script>\n<!-- \/ Yoast SEO plugin. -->","yoast_head_json":{"title":"Elton John \u200e\u2013 Live In Australia (With The Melbourne Symphony Orchestra) Vinilin\u0117 Plok\u0161tel\u0117 | Vinilozona.lt","robots":{"index":"index","follow":"follow","max-snippet":"max-snippet:-1","max-image-preview":"max-image-preview:large","max-video-preview":"max-video-preview:-1"},"canonical":"https:\/\/vinilozona.lt\/en\/parduotuve\/rock-pop\/elton-john-\u200e-live-in-australia-with-the-melbourne-symphony-orchestra\/","og_locale":"en_GB","og_type":"article","og_title":"Elton John \u200e\u2013 Live In Australia (With The Melbourne Symphony Orchestra) Vinilin\u0117 Plok\u0161tel\u0117 | Vinilozona.lt","og_description":"The Rocket Record Company \u2013 832 470-1 Format:  2 x Vinyl, LP, Album, Gatefold Country: EU Released: 1987","og_url":"https:\/\/vinilozona.lt\/en\/parduotuve\/rock-pop\/elton-john-\u200e-live-in-australia-with-the-melbourne-symphony-orchestra\/","og_site_name":"Vinilo Zona","article_modified_time":"2024-01-12T14:18:36+00:00","og_image":[{"width":350,"height":353,"url":"https:\/\/vinilozona.lt\/wp-content\/uploads\/2020\/08\/R-3448282-1334324745.jpeg.jpg","type":"image\/jpeg"}],"twitter_card":"summary_large_image","schema":{"@context":"https:\/\/schema.org","@graph":[{"@type":"WebPage","@id":"https:\/\/vinilozona.lt\/parduotuve\/rock-pop\/elton-john-%e2%80%8e-live-in-australia-with-the-melbourne-symphony-orchestra\/","url":"https:\/\/vinilozona.lt\/parduotuve\/rock-pop\/elton-john-%e2%80%8e-live-in-australia-with-the-melbourne-symphony-orchestra\/","name":"Elton John \u200e\u2013 Live In Australia (With The Melbourne Symphony Orchestra) Vinilin\u0117 Plok\u0161tel\u0117 | Vinilozona.lt","isPartOf":{"@id":"https:\/\/vinilozona.lt\/#website"},"primaryImageOfPage":{"@id":"https:\/\/vinilozona.lt\/parduotuve\/rock-pop\/elton-john-%e2%80%8e-live-in-australia-with-the-melbourne-symphony-orchestra\/#primaryimage"},"image":{"@id":"https:\/\/vinilozona.lt\/parduotuve\/rock-pop\/elton-john-%e2%80%8e-live-in-australia-with-the-melbourne-symphony-orchestra\/#primaryimage"},"thumbnailUrl":"https:\/\/vinilozona.lt\/wp-content\/uploads\/2020\/08\/R-3448282-1334324745.jpeg.jpg","datePublished":"2023-10-24T02:11:10+00:00","dateModified":"2024-01-12T14:18:36+00:00","breadcrumb":{"@id":"https:\/\/vinilozona.lt\/parduotuve\/rock-pop\/elton-john-%e2%80%8e-live-in-australia-with-the-melbourne-symphony-orchestra\/#breadcrumb"},"inLanguage":"en-GB","potentialAction":[{"@type":"ReadAction","target":["https:\/\/vinilozona.lt\/parduotuve\/rock-pop\/elton-john-%e2%80%8e-live-in-australia-with-the-melbourne-symphony-orchestra\/"]}]},{"@type":"ImageObject","inLanguage":"en-GB","@id":"https:\/\/vinilozona.lt\/parduotuve\/rock-pop\/elton-john-%e2%80%8e-live-in-australia-with-the-melbourne-symphony-orchestra\/#primaryimage","url":"https:\/\/vinilozona.lt\/wp-content\/uploads\/2020\/08\/R-3448282-1334324745.jpeg.jpg","contentUrl":"https:\/\/vinilozona.lt\/wp-content\/uploads\/2020\/08\/R-3448282-1334324745.jpeg.jpg","width":350,"height":353},{"@type":"BreadcrumbList","@id":"https:\/\/vinilozona.lt\/parduotuve\/rock-pop\/elton-john-%e2%80%8e-live-in-australia-with-the-melbourne-symphony-orchestra\/#breadcrumb","itemListElement":[{"@type":"ListItem","position":1,"name":"Home","item":"https:\/\/vinilozona.lt\/"},{"@type":"ListItem","position":2,"name":"Parduotuv\u0117","item":"https:\/\/vinilozona.lt\/parduotuve\/"},{"@type":"ListItem","position":3,"name":"Elton John \u200e\u2013 Live In Australia (With The Melbourne Symphony Orchestra)"}]},{"@type":"WebSite","@id":"https:\/\/vinilozona.lt\/#website","url":"https:\/\/vinilozona.lt\/","name":"Vinilo Zona","description":"Nup\u016bsk dulkes ir klausyk LP","potentialAction":[{"@type":"SearchAction","target":{"@type":"EntryPoint","urlTemplate":"https:\/\/vinilozona.lt\/?s={search_term_string}"},"query-input":{"@type":"PropertyValueSpecification","valueRequired":true,"valueName":"search_term_string"}}],"inLanguage":"en-GB"}]}},"_links":{"self":[{"href":"https:\/\/vinilozona.lt\/en\/wp-json\/wp\/v2\/product\/11334"}],"collection":[{"href":"https:\/\/vinilozona.lt\/en\/wp-json\/wp\/v2\/product"}],"about":[{"href":"https:\/\/vinilozona.lt\/en\/wp-json\/wp\/v2\/types\/product"}],"wp:featuredmedia":[{"embeddable":true,"href":"https:\/\/vinilozona.lt\/en\/wp-json\/wp\/v2\/media\/11335"}],"wp:attachment":[{"href":"https:\/\/vinilozona.lt\/en\/wp-json\/wp\/v2\/media?parent=11334"}],"wp:term":[{"taxonomy":"product_cat","embeddable":true,"href":"https:\/\/vinilozona.lt\/en\/wp-json\/wp\/v2\/product_cat?post=11334"},{"taxonomy":"product_tag","embeddable":true,"href":"https:\/\/vinilozona.lt\/en\/wp-json\/wp\/v2\/product_tag?post=11334"}],"curies":[{"name":"wp","href":"https:\/\/api.w.org\/{rel}","templated":true}]}}