{"id":11329,"date":"2025-11-14T05:06:29","date_gmt":"2025-11-14T03:06:29","guid":{"rendered":"https:\/\/vinilozona.lt\/?post_type=product&#038;p=11329"},"modified":"2025-11-14T07:03:26","modified_gmt":"2025-11-14T05:03:26","slug":"genesis-%e2%80%8e-wind-wuthering-2","status":"publish","type":"product","link":"https:\/\/vinilozona.lt\/en\/parduotuve\/rock-pop\/genesis-%e2%80%8e-wind-wuthering-2\/","title":{"rendered":"Genesis \u200e\u2013 Wind &#038; Wuthering"},"content":{"rendered":"<p>A1\t\tEleventh Earl Of Mar  7:39<br \/>\nA2\t\tOne For The Vine  9:56<br \/>\nA3\t\tYour Own Special Way  6:15<br \/>\nA4\t\tWot Gorilla?  3:12<br \/>\nB1\t\tAll In A Mouse&#8217;s Night  6:35<br \/>\nB2\t\tBlood On The Rooftops  5:20<br \/>\nB3a\t\t&#8216;Unquiet Slumber For The Sleepers&#8230;  2:23<br \/>\nB3b\t\t&#8230;In That Quiet Earth&#8217;  4:49<br \/>\nB4\t\tAfterglow  4:10<\/p>","protected":false},"excerpt":{"rendered":"<p>Charisma \u2013 9124 003<br \/>\nFormat:<br \/>\nVinyl, LP, Album, Stereo<br \/>\nCountry:  Germany<br \/>\nReleased:<br \/>\n1976<br \/>\nAnt voko yra lipduko pa\u0161alinimo \u017eym\u0117<\/p>","protected":false},"featured_media":11330,"template":"","meta":[],"product_cat":[15],"product_tag":[44],"yoast_head":"<!-- This site is optimized with the Yoast SEO plugin v23.5 - https:\/\/yoast.com\/wordpress\/plugins\/seo\/ -->\n<title>Genesis \u200e\u2013 Wind &amp; Wuthering Vinilin\u0117 Plok\u0161tel\u0117 | Vinilozona.lt<\/title>\n<meta name=\"robots\" content=\"index, follow, max-snippet:-1, max-image-preview:large, max-video-preview:-1\" \/>\n<link rel=\"canonical\" href=\"https:\/\/vinilozona.lt\/en\/parduotuve\/rock-pop\/genesis-\u200e-wind-wuthering-2\/\" \/>\n<meta property=\"og:locale\" content=\"en_GB\" \/>\n<meta property=\"og:type\" content=\"article\" \/>\n<meta property=\"og:title\" content=\"Genesis \u200e\u2013 Wind &amp; Wuthering Vinilin\u0117 Plok\u0161tel\u0117 | Vinilozona.lt\" \/>\n<meta property=\"og:description\" content=\"Charisma \u2013 9124 003 Format: Vinyl, LP, Album, Stereo Country: Germany Released: 1976 Ant voko yra lipduko pa\u0161alinimo \u017eym\u0117\" \/>\n<meta property=\"og:url\" content=\"https:\/\/vinilozona.lt\/en\/parduotuve\/rock-pop\/genesis-\u200e-wind-wuthering-2\/\" \/>\n<meta property=\"og:site_name\" content=\"Vinilo Zona\" \/>\n<meta property=\"article:modified_time\" content=\"2025-11-14T05:03:26+00:00\" \/>\n<meta property=\"og:image\" content=\"https:\/\/vinilozona.lt\/wp-content\/uploads\/2020\/08\/R-731848-1454243495-3659.jpeg.jpg\" \/>\n\t<meta property=\"og:image:width\" content=\"600\" \/>\n\t<meta property=\"og:image:height\" content=\"600\" \/>\n\t<meta property=\"og:image:type\" content=\"image\/jpeg\" \/>\n<meta name=\"twitter:card\" content=\"summary_large_image\" \/>\n<meta name=\"twitter:label1\" content=\"Estimated reading time\" \/>\n\t<meta name=\"twitter:data1\" content=\"1 minute\" \/>\n<script type=\"application\/ld+json\" class=\"yoast-schema-graph\">{\"@context\":\"https:\/\/schema.org\",\"@graph\":[{\"@type\":\"WebPage\",\"@id\":\"https:\/\/vinilozona.lt\/parduotuve\/rock-pop\/genesis-%e2%80%8e-wind-wuthering-2\/\",\"url\":\"https:\/\/vinilozona.lt\/parduotuve\/rock-pop\/genesis-%e2%80%8e-wind-wuthering-2\/\",\"name\":\"Genesis \u200e\u2013 Wind & Wuthering Vinilin\u0117 Plok\u0161tel\u0117 | Vinilozona.lt\",\"isPartOf\":{\"@id\":\"https:\/\/vinilozona.lt\/#website\"},\"primaryImageOfPage\":{\"@id\":\"https:\/\/vinilozona.lt\/parduotuve\/rock-pop\/genesis-%e2%80%8e-wind-wuthering-2\/#primaryimage\"},\"image\":{\"@id\":\"https:\/\/vinilozona.lt\/parduotuve\/rock-pop\/genesis-%e2%80%8e-wind-wuthering-2\/#primaryimage\"},\"thumbnailUrl\":\"https:\/\/vinilozona.lt\/wp-content\/uploads\/2020\/08\/R-731848-1454243495-3659.jpeg.jpg\",\"datePublished\":\"2025-11-14T03:06:29+00:00\",\"dateModified\":\"2025-11-14T05:03:26+00:00\",\"breadcrumb\":{\"@id\":\"https:\/\/vinilozona.lt\/parduotuve\/rock-pop\/genesis-%e2%80%8e-wind-wuthering-2\/#breadcrumb\"},\"inLanguage\":\"en-GB\",\"potentialAction\":[{\"@type\":\"ReadAction\",\"target\":[\"https:\/\/vinilozona.lt\/parduotuve\/rock-pop\/genesis-%e2%80%8e-wind-wuthering-2\/\"]}]},{\"@type\":\"ImageObject\",\"inLanguage\":\"en-GB\",\"@id\":\"https:\/\/vinilozona.lt\/parduotuve\/rock-pop\/genesis-%e2%80%8e-wind-wuthering-2\/#primaryimage\",\"url\":\"https:\/\/vinilozona.lt\/wp-content\/uploads\/2020\/08\/R-731848-1454243495-3659.jpeg.jpg\",\"contentUrl\":\"https:\/\/vinilozona.lt\/wp-content\/uploads\/2020\/08\/R-731848-1454243495-3659.jpeg.jpg\",\"width\":600,\"height\":600},{\"@type\":\"BreadcrumbList\",\"@id\":\"https:\/\/vinilozona.lt\/parduotuve\/rock-pop\/genesis-%e2%80%8e-wind-wuthering-2\/#breadcrumb\",\"itemListElement\":[{\"@type\":\"ListItem\",\"position\":1,\"name\":\"Home\",\"item\":\"https:\/\/vinilozona.lt\/\"},{\"@type\":\"ListItem\",\"position\":2,\"name\":\"Parduotuv\u0117\",\"item\":\"https:\/\/vinilozona.lt\/parduotuve\/\"},{\"@type\":\"ListItem\",\"position\":3,\"name\":\"Genesis \u200e\u2013 Wind &#038; Wuthering\"}]},{\"@type\":\"WebSite\",\"@id\":\"https:\/\/vinilozona.lt\/#website\",\"url\":\"https:\/\/vinilozona.lt\/\",\"name\":\"Vinilo Zona\",\"description\":\"Nup\u016bsk dulkes ir klausyk LP\",\"potentialAction\":[{\"@type\":\"SearchAction\",\"target\":{\"@type\":\"EntryPoint\",\"urlTemplate\":\"https:\/\/vinilozona.lt\/?s={search_term_string}\"},\"query-input\":{\"@type\":\"PropertyValueSpecification\",\"valueRequired\":true,\"valueName\":\"search_term_string\"}}],\"inLanguage\":\"en-GB\"}]}<\/script>\n<!-- \/ Yoast SEO plugin. -->","yoast_head_json":{"title":"Genesis \u200e\u2013 Wind & Wuthering Vinilin\u0117 Plok\u0161tel\u0117 | Vinilozona.lt","robots":{"index":"index","follow":"follow","max-snippet":"max-snippet:-1","max-image-preview":"max-image-preview:large","max-video-preview":"max-video-preview:-1"},"canonical":"https:\/\/vinilozona.lt\/en\/parduotuve\/rock-pop\/genesis-\u200e-wind-wuthering-2\/","og_locale":"en_GB","og_type":"article","og_title":"Genesis \u200e\u2013 Wind & Wuthering Vinilin\u0117 Plok\u0161tel\u0117 | Vinilozona.lt","og_description":"Charisma \u2013 9124 003 Format: Vinyl, LP, Album, Stereo Country: Germany Released: 1976 Ant voko yra lipduko pa\u0161alinimo \u017eym\u0117","og_url":"https:\/\/vinilozona.lt\/en\/parduotuve\/rock-pop\/genesis-\u200e-wind-wuthering-2\/","og_site_name":"Vinilo Zona","article_modified_time":"2025-11-14T05:03:26+00:00","og_image":[{"width":600,"height":600,"url":"https:\/\/vinilozona.lt\/wp-content\/uploads\/2020\/08\/R-731848-1454243495-3659.jpeg.jpg","type":"image\/jpeg"}],"twitter_card":"summary_large_image","twitter_misc":{"Estimated reading time":"1 minute"},"schema":{"@context":"https:\/\/schema.org","@graph":[{"@type":"WebPage","@id":"https:\/\/vinilozona.lt\/parduotuve\/rock-pop\/genesis-%e2%80%8e-wind-wuthering-2\/","url":"https:\/\/vinilozona.lt\/parduotuve\/rock-pop\/genesis-%e2%80%8e-wind-wuthering-2\/","name":"Genesis \u200e\u2013 Wind & Wuthering Vinilin\u0117 Plok\u0161tel\u0117 | Vinilozona.lt","isPartOf":{"@id":"https:\/\/vinilozona.lt\/#website"},"primaryImageOfPage":{"@id":"https:\/\/vinilozona.lt\/parduotuve\/rock-pop\/genesis-%e2%80%8e-wind-wuthering-2\/#primaryimage"},"image":{"@id":"https:\/\/vinilozona.lt\/parduotuve\/rock-pop\/genesis-%e2%80%8e-wind-wuthering-2\/#primaryimage"},"thumbnailUrl":"https:\/\/vinilozona.lt\/wp-content\/uploads\/2020\/08\/R-731848-1454243495-3659.jpeg.jpg","datePublished":"2025-11-14T03:06:29+00:00","dateModified":"2025-11-14T05:03:26+00:00","breadcrumb":{"@id":"https:\/\/vinilozona.lt\/parduotuve\/rock-pop\/genesis-%e2%80%8e-wind-wuthering-2\/#breadcrumb"},"inLanguage":"en-GB","potentialAction":[{"@type":"ReadAction","target":["https:\/\/vinilozona.lt\/parduotuve\/rock-pop\/genesis-%e2%80%8e-wind-wuthering-2\/"]}]},{"@type":"ImageObject","inLanguage":"en-GB","@id":"https:\/\/vinilozona.lt\/parduotuve\/rock-pop\/genesis-%e2%80%8e-wind-wuthering-2\/#primaryimage","url":"https:\/\/vinilozona.lt\/wp-content\/uploads\/2020\/08\/R-731848-1454243495-3659.jpeg.jpg","contentUrl":"https:\/\/vinilozona.lt\/wp-content\/uploads\/2020\/08\/R-731848-1454243495-3659.jpeg.jpg","width":600,"height":600},{"@type":"BreadcrumbList","@id":"https:\/\/vinilozona.lt\/parduotuve\/rock-pop\/genesis-%e2%80%8e-wind-wuthering-2\/#breadcrumb","itemListElement":[{"@type":"ListItem","position":1,"name":"Home","item":"https:\/\/vinilozona.lt\/"},{"@type":"ListItem","position":2,"name":"Parduotuv\u0117","item":"https:\/\/vinilozona.lt\/parduotuve\/"},{"@type":"ListItem","position":3,"name":"Genesis \u200e\u2013 Wind &#038; Wuthering"}]},{"@type":"WebSite","@id":"https:\/\/vinilozona.lt\/#website","url":"https:\/\/vinilozona.lt\/","name":"Vinilo Zona","description":"Nup\u016bsk dulkes ir klausyk LP","potentialAction":[{"@type":"SearchAction","target":{"@type":"EntryPoint","urlTemplate":"https:\/\/vinilozona.lt\/?s={search_term_string}"},"query-input":{"@type":"PropertyValueSpecification","valueRequired":true,"valueName":"search_term_string"}}],"inLanguage":"en-GB"}]}},"_links":{"self":[{"href":"https:\/\/vinilozona.lt\/en\/wp-json\/wp\/v2\/product\/11329"}],"collection":[{"href":"https:\/\/vinilozona.lt\/en\/wp-json\/wp\/v2\/product"}],"about":[{"href":"https:\/\/vinilozona.lt\/en\/wp-json\/wp\/v2\/types\/product"}],"wp:featuredmedia":[{"embeddable":true,"href":"https:\/\/vinilozona.lt\/en\/wp-json\/wp\/v2\/media\/11330"}],"wp:attachment":[{"href":"https:\/\/vinilozona.lt\/en\/wp-json\/wp\/v2\/media?parent=11329"}],"wp:term":[{"taxonomy":"product_cat","embeddable":true,"href":"https:\/\/vinilozona.lt\/en\/wp-json\/wp\/v2\/product_cat?post=11329"},{"taxonomy":"product_tag","embeddable":true,"href":"https:\/\/vinilozona.lt\/en\/wp-json\/wp\/v2\/product_tag?post=11329"}],"curies":[{"name":"wp","href":"https:\/\/api.w.org\/{rel}","templated":true}]}}