{"id":11306,"date":"2026-03-06T05:11:10","date_gmt":"2026-03-06T03:11:10","guid":{"rendered":"https:\/\/vinilozona.lt\/?post_type=product&#038;p=11306"},"modified":"2026-02-20T19:15:45","modified_gmt":"2026-02-20T17:15:45","slug":"rainbow-%e2%80%8e-the-best-of-rainbow","status":"publish","type":"product","link":"https:\/\/vinilozona.lt\/en\/parduotuve\/rock-pop\/rainbow-%e2%80%8e-the-best-of-rainbow\/","title":{"rendered":"Rainbow \u200e\u2013 The Best Of Rainbow  2LP"},"content":{"rendered":"<p>All Night Long\t3:48<br \/>\nMan On The Silver Mountain\t4:38<br \/>\nLost In Hollywood\t4:48<br \/>\nJealous Lover\t3:09<br \/>\nLong Live Rock &#8216;N&#8217; Roll\t4:25<br \/>\nStargazer\t8:28<br \/>\nKill The King\t4:28<br \/>\nA Light In The Black\t8:12<br \/>\nSince You Been Gone\t3:15<br \/>\n16th Century Greensleeves\t3:35<br \/>\nCatch The Rainbow\t6:40<br \/>\nThe Eyes Of The World\t6:33<br \/>\nI Surrender\t4:00<br \/>\nGates Of Babylon\t6:47<br \/>\nCan&#8217;t Happen Here\t4:56<br \/>\nStarstruck\t4:06<\/p>","protected":false},"excerpt":{"rendered":"<p>Label: Polydor \u2013 2675 223<br \/>\nFormat: 2 x Vinyl, LP, Compilation<br \/>\nCountry: Scandinavia<br \/>\nReleased: 1981<\/p>","protected":false},"featured_media":11307,"template":"","meta":[],"product_cat":[15],"product_tag":[55],"yoast_head":"<!-- This site is optimized with the Yoast SEO plugin v23.5 - https:\/\/yoast.com\/wordpress\/plugins\/seo\/ -->\n<title>Rainbow \u200e\u2013 The Best Of Rainbow 2LP Vinilin\u0117 Plok\u0161tel\u0117 | Vinilozona.lt<\/title>\n<meta name=\"robots\" content=\"index, follow, max-snippet:-1, max-image-preview:large, max-video-preview:-1\" \/>\n<link rel=\"canonical\" href=\"https:\/\/vinilozona.lt\/en\/parduotuve\/rock-pop\/rainbow-\u200e-the-best-of-rainbow\/\" \/>\n<meta property=\"og:locale\" content=\"en_GB\" \/>\n<meta property=\"og:type\" content=\"article\" \/>\n<meta property=\"og:title\" content=\"Rainbow \u200e\u2013 The Best Of Rainbow 2LP Vinilin\u0117 Plok\u0161tel\u0117 | Vinilozona.lt\" \/>\n<meta property=\"og:description\" content=\"Label: Polydor \u2013 2675 223 Format: 2 x Vinyl, LP, Compilation Country: Scandinavia Released: 1981\" \/>\n<meta property=\"og:url\" content=\"https:\/\/vinilozona.lt\/en\/parduotuve\/rock-pop\/rainbow-\u200e-the-best-of-rainbow\/\" \/>\n<meta property=\"og:site_name\" content=\"Vinilo Zona\" \/>\n<meta property=\"article:modified_time\" content=\"2026-02-20T17:15:45+00:00\" \/>\n<meta property=\"og:image\" content=\"https:\/\/vinilozona.lt\/wp-content\/uploads\/2020\/08\/R-436654-1204907487.jpeg.jpg\" \/>\n\t<meta property=\"og:image:width\" content=\"598\" \/>\n\t<meta property=\"og:image:height\" content=\"600\" \/>\n\t<meta property=\"og:image:type\" content=\"image\/jpeg\" \/>\n<meta name=\"twitter:card\" content=\"summary_large_image\" \/>\n<meta name=\"twitter:label1\" content=\"Estimated reading time\" \/>\n\t<meta name=\"twitter:data1\" content=\"1 minute\" \/>\n<script type=\"application\/ld+json\" class=\"yoast-schema-graph\">{\"@context\":\"https:\/\/schema.org\",\"@graph\":[{\"@type\":\"WebPage\",\"@id\":\"https:\/\/vinilozona.lt\/parduotuve\/rock-pop\/rainbow-%e2%80%8e-the-best-of-rainbow\/\",\"url\":\"https:\/\/vinilozona.lt\/parduotuve\/rock-pop\/rainbow-%e2%80%8e-the-best-of-rainbow\/\",\"name\":\"Rainbow \u200e\u2013 The Best Of Rainbow 2LP Vinilin\u0117 Plok\u0161tel\u0117 | Vinilozona.lt\",\"isPartOf\":{\"@id\":\"https:\/\/vinilozona.lt\/#website\"},\"primaryImageOfPage\":{\"@id\":\"https:\/\/vinilozona.lt\/parduotuve\/rock-pop\/rainbow-%e2%80%8e-the-best-of-rainbow\/#primaryimage\"},\"image\":{\"@id\":\"https:\/\/vinilozona.lt\/parduotuve\/rock-pop\/rainbow-%e2%80%8e-the-best-of-rainbow\/#primaryimage\"},\"thumbnailUrl\":\"https:\/\/vinilozona.lt\/wp-content\/uploads\/2020\/08\/R-436654-1204907487.jpeg.jpg\",\"datePublished\":\"2026-03-06T03:11:10+00:00\",\"dateModified\":\"2026-02-20T17:15:45+00:00\",\"breadcrumb\":{\"@id\":\"https:\/\/vinilozona.lt\/parduotuve\/rock-pop\/rainbow-%e2%80%8e-the-best-of-rainbow\/#breadcrumb\"},\"inLanguage\":\"en-GB\",\"potentialAction\":[{\"@type\":\"ReadAction\",\"target\":[\"https:\/\/vinilozona.lt\/parduotuve\/rock-pop\/rainbow-%e2%80%8e-the-best-of-rainbow\/\"]}]},{\"@type\":\"ImageObject\",\"inLanguage\":\"en-GB\",\"@id\":\"https:\/\/vinilozona.lt\/parduotuve\/rock-pop\/rainbow-%e2%80%8e-the-best-of-rainbow\/#primaryimage\",\"url\":\"https:\/\/vinilozona.lt\/wp-content\/uploads\/2020\/08\/R-436654-1204907487.jpeg.jpg\",\"contentUrl\":\"https:\/\/vinilozona.lt\/wp-content\/uploads\/2020\/08\/R-436654-1204907487.jpeg.jpg\",\"width\":598,\"height\":600},{\"@type\":\"BreadcrumbList\",\"@id\":\"https:\/\/vinilozona.lt\/parduotuve\/rock-pop\/rainbow-%e2%80%8e-the-best-of-rainbow\/#breadcrumb\",\"itemListElement\":[{\"@type\":\"ListItem\",\"position\":1,\"name\":\"Home\",\"item\":\"https:\/\/vinilozona.lt\/\"},{\"@type\":\"ListItem\",\"position\":2,\"name\":\"Parduotuv\u0117\",\"item\":\"https:\/\/vinilozona.lt\/parduotuve\/\"},{\"@type\":\"ListItem\",\"position\":3,\"name\":\"Rainbow \u200e\u2013 The Best Of Rainbow 2LP\"}]},{\"@type\":\"WebSite\",\"@id\":\"https:\/\/vinilozona.lt\/#website\",\"url\":\"https:\/\/vinilozona.lt\/\",\"name\":\"Vinilo Zona\",\"description\":\"Nup\u016bsk dulkes ir klausyk LP\",\"potentialAction\":[{\"@type\":\"SearchAction\",\"target\":{\"@type\":\"EntryPoint\",\"urlTemplate\":\"https:\/\/vinilozona.lt\/?s={search_term_string}\"},\"query-input\":{\"@type\":\"PropertyValueSpecification\",\"valueRequired\":true,\"valueName\":\"search_term_string\"}}],\"inLanguage\":\"en-GB\"}]}<\/script>\n<!-- \/ Yoast SEO plugin. -->","yoast_head_json":{"title":"Rainbow \u200e\u2013 The Best Of Rainbow 2LP Vinilin\u0117 Plok\u0161tel\u0117 | Vinilozona.lt","robots":{"index":"index","follow":"follow","max-snippet":"max-snippet:-1","max-image-preview":"max-image-preview:large","max-video-preview":"max-video-preview:-1"},"canonical":"https:\/\/vinilozona.lt\/en\/parduotuve\/rock-pop\/rainbow-\u200e-the-best-of-rainbow\/","og_locale":"en_GB","og_type":"article","og_title":"Rainbow \u200e\u2013 The Best Of Rainbow 2LP Vinilin\u0117 Plok\u0161tel\u0117 | Vinilozona.lt","og_description":"Label: Polydor \u2013 2675 223 Format: 2 x Vinyl, LP, Compilation Country: Scandinavia Released: 1981","og_url":"https:\/\/vinilozona.lt\/en\/parduotuve\/rock-pop\/rainbow-\u200e-the-best-of-rainbow\/","og_site_name":"Vinilo Zona","article_modified_time":"2026-02-20T17:15:45+00:00","og_image":[{"width":598,"height":600,"url":"https:\/\/vinilozona.lt\/wp-content\/uploads\/2020\/08\/R-436654-1204907487.jpeg.jpg","type":"image\/jpeg"}],"twitter_card":"summary_large_image","twitter_misc":{"Estimated reading time":"1 minute"},"schema":{"@context":"https:\/\/schema.org","@graph":[{"@type":"WebPage","@id":"https:\/\/vinilozona.lt\/parduotuve\/rock-pop\/rainbow-%e2%80%8e-the-best-of-rainbow\/","url":"https:\/\/vinilozona.lt\/parduotuve\/rock-pop\/rainbow-%e2%80%8e-the-best-of-rainbow\/","name":"Rainbow \u200e\u2013 The Best Of Rainbow 2LP Vinilin\u0117 Plok\u0161tel\u0117 | Vinilozona.lt","isPartOf":{"@id":"https:\/\/vinilozona.lt\/#website"},"primaryImageOfPage":{"@id":"https:\/\/vinilozona.lt\/parduotuve\/rock-pop\/rainbow-%e2%80%8e-the-best-of-rainbow\/#primaryimage"},"image":{"@id":"https:\/\/vinilozona.lt\/parduotuve\/rock-pop\/rainbow-%e2%80%8e-the-best-of-rainbow\/#primaryimage"},"thumbnailUrl":"https:\/\/vinilozona.lt\/wp-content\/uploads\/2020\/08\/R-436654-1204907487.jpeg.jpg","datePublished":"2026-03-06T03:11:10+00:00","dateModified":"2026-02-20T17:15:45+00:00","breadcrumb":{"@id":"https:\/\/vinilozona.lt\/parduotuve\/rock-pop\/rainbow-%e2%80%8e-the-best-of-rainbow\/#breadcrumb"},"inLanguage":"en-GB","potentialAction":[{"@type":"ReadAction","target":["https:\/\/vinilozona.lt\/parduotuve\/rock-pop\/rainbow-%e2%80%8e-the-best-of-rainbow\/"]}]},{"@type":"ImageObject","inLanguage":"en-GB","@id":"https:\/\/vinilozona.lt\/parduotuve\/rock-pop\/rainbow-%e2%80%8e-the-best-of-rainbow\/#primaryimage","url":"https:\/\/vinilozona.lt\/wp-content\/uploads\/2020\/08\/R-436654-1204907487.jpeg.jpg","contentUrl":"https:\/\/vinilozona.lt\/wp-content\/uploads\/2020\/08\/R-436654-1204907487.jpeg.jpg","width":598,"height":600},{"@type":"BreadcrumbList","@id":"https:\/\/vinilozona.lt\/parduotuve\/rock-pop\/rainbow-%e2%80%8e-the-best-of-rainbow\/#breadcrumb","itemListElement":[{"@type":"ListItem","position":1,"name":"Home","item":"https:\/\/vinilozona.lt\/"},{"@type":"ListItem","position":2,"name":"Parduotuv\u0117","item":"https:\/\/vinilozona.lt\/parduotuve\/"},{"@type":"ListItem","position":3,"name":"Rainbow \u200e\u2013 The Best Of Rainbow 2LP"}]},{"@type":"WebSite","@id":"https:\/\/vinilozona.lt\/#website","url":"https:\/\/vinilozona.lt\/","name":"Vinilo Zona","description":"Nup\u016bsk dulkes ir klausyk LP","potentialAction":[{"@type":"SearchAction","target":{"@type":"EntryPoint","urlTemplate":"https:\/\/vinilozona.lt\/?s={search_term_string}"},"query-input":{"@type":"PropertyValueSpecification","valueRequired":true,"valueName":"search_term_string"}}],"inLanguage":"en-GB"}]}},"_links":{"self":[{"href":"https:\/\/vinilozona.lt\/en\/wp-json\/wp\/v2\/product\/11306"}],"collection":[{"href":"https:\/\/vinilozona.lt\/en\/wp-json\/wp\/v2\/product"}],"about":[{"href":"https:\/\/vinilozona.lt\/en\/wp-json\/wp\/v2\/types\/product"}],"wp:featuredmedia":[{"embeddable":true,"href":"https:\/\/vinilozona.lt\/en\/wp-json\/wp\/v2\/media\/11307"}],"wp:attachment":[{"href":"https:\/\/vinilozona.lt\/en\/wp-json\/wp\/v2\/media?parent=11306"}],"wp:term":[{"taxonomy":"product_cat","embeddable":true,"href":"https:\/\/vinilozona.lt\/en\/wp-json\/wp\/v2\/product_cat?post=11306"},{"taxonomy":"product_tag","embeddable":true,"href":"https:\/\/vinilozona.lt\/en\/wp-json\/wp\/v2\/product_tag?post=11306"}],"curies":[{"name":"wp","href":"https:\/\/api.w.org\/{rel}","templated":true}]}}