{"id":11304,"date":"2025-03-04T05:13:37","date_gmt":"2025-03-04T03:13:37","guid":{"rendered":"https:\/\/vinilozona.lt\/?post_type=product&#038;p=11304"},"modified":"2025-03-13T08:46:01","modified_gmt":"2025-03-13T06:46:01","slug":"ted-nugent-%e2%80%8e-double-live-gonzo","status":"publish","type":"product","link":"https:\/\/vinilozona.lt\/en\/parduotuve\/rock-pop\/ted-nugent-%e2%80%8e-double-live-gonzo\/","title":{"rendered":"Ted Nugent \u200e\u2013 If You Can&#8217;t Lick &#8216;Em&#8230; Lick &#8216;Em"},"content":{"rendered":"<p>A1\t\tCan&#8217;t Live With &#8216;Em\t4:18<br \/>\nA2\t\tShe Drives Me Crazy\t2:42<br \/>\nA3\t\tIf You Can&#8217;t Lick &#8216;Em&#8230; Lick &#8216;Em  6:03<br \/>\nA4\t\tSkintight\t3:08<br \/>\nA5\t\tFunlover\t4:42<br \/>\nB1\t\tSpread Your Wings\t5:56<br \/>\nB2\t\tThe Harder They Come (The Harder I Get)\t3:38<br \/>\nB3\t\tSeparate The Men From The Boys, Please\t3:52<br \/>\nB4\t\tBite The Hand\t2:55<br \/>\nB5\t\tThat&#8217;s The Story Of Love\t2:58<\/p>","protected":false},"excerpt":{"rendered":"<p>Wea \u2013 255 385-1<br \/>\nFormat:<br \/>\nVinyl, LP, Album, Stereo<br \/>\nCountry:<br \/>\nEurope<br \/>\nReleased: 1988<\/p>","protected":false},"featured_media":27618,"template":"","meta":[],"product_cat":[15],"product_tag":[44],"yoast_head":"<!-- This site is optimized with the Yoast SEO plugin v23.5 - https:\/\/yoast.com\/wordpress\/plugins\/seo\/ -->\n<title>Ted Nugent \u200e\u2013 If You Can&#039;t Lick &#039;Em... Lick &#039;Em Vinilin\u0117 Plok\u0161tel\u0117 | Vinilozona.lt<\/title>\n<meta name=\"robots\" content=\"index, follow, max-snippet:-1, max-image-preview:large, max-video-preview:-1\" \/>\n<link rel=\"canonical\" href=\"https:\/\/vinilozona.lt\/en\/parduotuve\/rock-pop\/ted-nugent-\u200e-double-live-gonzo\/\" \/>\n<meta property=\"og:locale\" content=\"en_GB\" \/>\n<meta property=\"og:type\" content=\"article\" \/>\n<meta property=\"og:title\" content=\"Ted Nugent \u200e\u2013 If You Can&#039;t Lick &#039;Em... Lick &#039;Em Vinilin\u0117 Plok\u0161tel\u0117 | Vinilozona.lt\" \/>\n<meta property=\"og:description\" content=\"Wea \u2013 255 385-1 Format: Vinyl, LP, Album, Stereo Country: Europe Released: 1988\" \/>\n<meta property=\"og:url\" content=\"https:\/\/vinilozona.lt\/en\/parduotuve\/rock-pop\/ted-nugent-\u200e-double-live-gonzo\/\" \/>\n<meta property=\"og:site_name\" content=\"Vinilo Zona\" \/>\n<meta property=\"article:modified_time\" content=\"2025-03-13T06:46:01+00:00\" \/>\n<meta property=\"og:image\" content=\"https:\/\/vinilozona.lt\/wp-content\/uploads\/2020\/08\/R-2267087-1379274865-8820.jpg\" \/>\n\t<meta property=\"og:image:width\" content=\"600\" \/>\n\t<meta property=\"og:image:height\" content=\"600\" \/>\n\t<meta property=\"og:image:type\" content=\"image\/jpeg\" \/>\n<meta name=\"twitter:card\" content=\"summary_large_image\" \/>\n<meta name=\"twitter:label1\" content=\"Estimated reading time\" \/>\n\t<meta name=\"twitter:data1\" content=\"1 minute\" \/>\n<script type=\"application\/ld+json\" class=\"yoast-schema-graph\">{\"@context\":\"https:\/\/schema.org\",\"@graph\":[{\"@type\":\"WebPage\",\"@id\":\"https:\/\/vinilozona.lt\/parduotuve\/rock-pop\/ted-nugent-%e2%80%8e-double-live-gonzo\/\",\"url\":\"https:\/\/vinilozona.lt\/parduotuve\/rock-pop\/ted-nugent-%e2%80%8e-double-live-gonzo\/\",\"name\":\"Ted Nugent \u200e\u2013 If You Can't Lick 'Em... Lick 'Em Vinilin\u0117 Plok\u0161tel\u0117 | Vinilozona.lt\",\"isPartOf\":{\"@id\":\"https:\/\/vinilozona.lt\/#website\"},\"primaryImageOfPage\":{\"@id\":\"https:\/\/vinilozona.lt\/parduotuve\/rock-pop\/ted-nugent-%e2%80%8e-double-live-gonzo\/#primaryimage\"},\"image\":{\"@id\":\"https:\/\/vinilozona.lt\/parduotuve\/rock-pop\/ted-nugent-%e2%80%8e-double-live-gonzo\/#primaryimage\"},\"thumbnailUrl\":\"https:\/\/vinilozona.lt\/wp-content\/uploads\/2020\/08\/R-2267087-1379274865-8820.jpg\",\"datePublished\":\"2025-03-04T03:13:37+00:00\",\"dateModified\":\"2025-03-13T06:46:01+00:00\",\"breadcrumb\":{\"@id\":\"https:\/\/vinilozona.lt\/parduotuve\/rock-pop\/ted-nugent-%e2%80%8e-double-live-gonzo\/#breadcrumb\"},\"inLanguage\":\"en-GB\",\"potentialAction\":[{\"@type\":\"ReadAction\",\"target\":[\"https:\/\/vinilozona.lt\/parduotuve\/rock-pop\/ted-nugent-%e2%80%8e-double-live-gonzo\/\"]}]},{\"@type\":\"ImageObject\",\"inLanguage\":\"en-GB\",\"@id\":\"https:\/\/vinilozona.lt\/parduotuve\/rock-pop\/ted-nugent-%e2%80%8e-double-live-gonzo\/#primaryimage\",\"url\":\"https:\/\/vinilozona.lt\/wp-content\/uploads\/2020\/08\/R-2267087-1379274865-8820.jpg\",\"contentUrl\":\"https:\/\/vinilozona.lt\/wp-content\/uploads\/2020\/08\/R-2267087-1379274865-8820.jpg\",\"width\":600,\"height\":600},{\"@type\":\"BreadcrumbList\",\"@id\":\"https:\/\/vinilozona.lt\/parduotuve\/rock-pop\/ted-nugent-%e2%80%8e-double-live-gonzo\/#breadcrumb\",\"itemListElement\":[{\"@type\":\"ListItem\",\"position\":1,\"name\":\"Home\",\"item\":\"https:\/\/vinilozona.lt\/\"},{\"@type\":\"ListItem\",\"position\":2,\"name\":\"Parduotuv\u0117\",\"item\":\"https:\/\/vinilozona.lt\/parduotuve\/\"},{\"@type\":\"ListItem\",\"position\":3,\"name\":\"Ted Nugent \u200e\u2013 If You Can&#8217;t Lick &#8216;Em&#8230; Lick &#8216;Em\"}]},{\"@type\":\"WebSite\",\"@id\":\"https:\/\/vinilozona.lt\/#website\",\"url\":\"https:\/\/vinilozona.lt\/\",\"name\":\"Vinilo Zona\",\"description\":\"Nup\u016bsk dulkes ir klausyk LP\",\"potentialAction\":[{\"@type\":\"SearchAction\",\"target\":{\"@type\":\"EntryPoint\",\"urlTemplate\":\"https:\/\/vinilozona.lt\/?s={search_term_string}\"},\"query-input\":{\"@type\":\"PropertyValueSpecification\",\"valueRequired\":true,\"valueName\":\"search_term_string\"}}],\"inLanguage\":\"en-GB\"}]}<\/script>\n<!-- \/ Yoast SEO plugin. -->","yoast_head_json":{"title":"Ted Nugent \u200e\u2013 If You Can't Lick 'Em... Lick 'Em Vinilin\u0117 Plok\u0161tel\u0117 | Vinilozona.lt","robots":{"index":"index","follow":"follow","max-snippet":"max-snippet:-1","max-image-preview":"max-image-preview:large","max-video-preview":"max-video-preview:-1"},"canonical":"https:\/\/vinilozona.lt\/en\/parduotuve\/rock-pop\/ted-nugent-\u200e-double-live-gonzo\/","og_locale":"en_GB","og_type":"article","og_title":"Ted Nugent \u200e\u2013 If You Can't Lick 'Em... Lick 'Em Vinilin\u0117 Plok\u0161tel\u0117 | Vinilozona.lt","og_description":"Wea \u2013 255 385-1 Format: Vinyl, LP, Album, Stereo Country: Europe Released: 1988","og_url":"https:\/\/vinilozona.lt\/en\/parduotuve\/rock-pop\/ted-nugent-\u200e-double-live-gonzo\/","og_site_name":"Vinilo Zona","article_modified_time":"2025-03-13T06:46:01+00:00","og_image":[{"width":600,"height":600,"url":"https:\/\/vinilozona.lt\/wp-content\/uploads\/2020\/08\/R-2267087-1379274865-8820.jpg","type":"image\/jpeg"}],"twitter_card":"summary_large_image","twitter_misc":{"Estimated reading time":"1 minute"},"schema":{"@context":"https:\/\/schema.org","@graph":[{"@type":"WebPage","@id":"https:\/\/vinilozona.lt\/parduotuve\/rock-pop\/ted-nugent-%e2%80%8e-double-live-gonzo\/","url":"https:\/\/vinilozona.lt\/parduotuve\/rock-pop\/ted-nugent-%e2%80%8e-double-live-gonzo\/","name":"Ted Nugent \u200e\u2013 If You Can't Lick 'Em... Lick 'Em Vinilin\u0117 Plok\u0161tel\u0117 | Vinilozona.lt","isPartOf":{"@id":"https:\/\/vinilozona.lt\/#website"},"primaryImageOfPage":{"@id":"https:\/\/vinilozona.lt\/parduotuve\/rock-pop\/ted-nugent-%e2%80%8e-double-live-gonzo\/#primaryimage"},"image":{"@id":"https:\/\/vinilozona.lt\/parduotuve\/rock-pop\/ted-nugent-%e2%80%8e-double-live-gonzo\/#primaryimage"},"thumbnailUrl":"https:\/\/vinilozona.lt\/wp-content\/uploads\/2020\/08\/R-2267087-1379274865-8820.jpg","datePublished":"2025-03-04T03:13:37+00:00","dateModified":"2025-03-13T06:46:01+00:00","breadcrumb":{"@id":"https:\/\/vinilozona.lt\/parduotuve\/rock-pop\/ted-nugent-%e2%80%8e-double-live-gonzo\/#breadcrumb"},"inLanguage":"en-GB","potentialAction":[{"@type":"ReadAction","target":["https:\/\/vinilozona.lt\/parduotuve\/rock-pop\/ted-nugent-%e2%80%8e-double-live-gonzo\/"]}]},{"@type":"ImageObject","inLanguage":"en-GB","@id":"https:\/\/vinilozona.lt\/parduotuve\/rock-pop\/ted-nugent-%e2%80%8e-double-live-gonzo\/#primaryimage","url":"https:\/\/vinilozona.lt\/wp-content\/uploads\/2020\/08\/R-2267087-1379274865-8820.jpg","contentUrl":"https:\/\/vinilozona.lt\/wp-content\/uploads\/2020\/08\/R-2267087-1379274865-8820.jpg","width":600,"height":600},{"@type":"BreadcrumbList","@id":"https:\/\/vinilozona.lt\/parduotuve\/rock-pop\/ted-nugent-%e2%80%8e-double-live-gonzo\/#breadcrumb","itemListElement":[{"@type":"ListItem","position":1,"name":"Home","item":"https:\/\/vinilozona.lt\/"},{"@type":"ListItem","position":2,"name":"Parduotuv\u0117","item":"https:\/\/vinilozona.lt\/parduotuve\/"},{"@type":"ListItem","position":3,"name":"Ted Nugent \u200e\u2013 If You Can&#8217;t Lick &#8216;Em&#8230; Lick &#8216;Em"}]},{"@type":"WebSite","@id":"https:\/\/vinilozona.lt\/#website","url":"https:\/\/vinilozona.lt\/","name":"Vinilo Zona","description":"Nup\u016bsk dulkes ir klausyk LP","potentialAction":[{"@type":"SearchAction","target":{"@type":"EntryPoint","urlTemplate":"https:\/\/vinilozona.lt\/?s={search_term_string}"},"query-input":{"@type":"PropertyValueSpecification","valueRequired":true,"valueName":"search_term_string"}}],"inLanguage":"en-GB"}]}},"_links":{"self":[{"href":"https:\/\/vinilozona.lt\/en\/wp-json\/wp\/v2\/product\/11304"}],"collection":[{"href":"https:\/\/vinilozona.lt\/en\/wp-json\/wp\/v2\/product"}],"about":[{"href":"https:\/\/vinilozona.lt\/en\/wp-json\/wp\/v2\/types\/product"}],"wp:featuredmedia":[{"embeddable":true,"href":"https:\/\/vinilozona.lt\/en\/wp-json\/wp\/v2\/media\/27618"}],"wp:attachment":[{"href":"https:\/\/vinilozona.lt\/en\/wp-json\/wp\/v2\/media?parent=11304"}],"wp:term":[{"taxonomy":"product_cat","embeddable":true,"href":"https:\/\/vinilozona.lt\/en\/wp-json\/wp\/v2\/product_cat?post=11304"},{"taxonomy":"product_tag","embeddable":true,"href":"https:\/\/vinilozona.lt\/en\/wp-json\/wp\/v2\/product_tag?post=11304"}],"curies":[{"name":"wp","href":"https:\/\/api.w.org\/{rel}","templated":true}]}}