{"id":11290,"date":"2024-01-30T05:03:33","date_gmt":"2024-01-30T03:03:33","guid":{"rendered":"https:\/\/vinilozona.lt\/?post_type=product&#038;p=11290"},"modified":"2024-01-30T19:15:06","modified_gmt":"2024-01-30T17:15:06","slug":"rick-wakeman-%e2%80%8e-rhapsodies","status":"publish","type":"product","link":"https:\/\/vinilozona.lt\/en\/parduotuve\/rock-pop\/rick-wakeman-%e2%80%8e-rhapsodies\/","title":{"rendered":"Rick Wakeman \u2013 Lisztomania"},"content":{"rendered":"<p>A1\t\tRienzi \/ Chopsticks Fantasia  4:20<br \/>\nA2\t\tLove&#8217;s Dream  4:25<br \/>\nA3\t\tDante Period  2:05<br \/>\nA4\t\tOrpheus Song  3:10<br \/>\nA5\t\tHell   1:59<br \/>\nB1\t\tHibernation  1:11<br \/>\nB2\t\tExcelsior Song   2:32<br \/>\nB3\t\tMaster Race  0:53<br \/>\nB4\t\tRape, Pillage &#038; Clap  3:09<br \/>\nB5\t\tFunerailles  3:48<br \/>\nB6\t\tFree Song (Hungarian Rhapsody)  1:57<br \/>\nB7\t\tPeace At Last  2:59<\/p>","protected":false},"excerpt":{"rendered":"<p>A&#038;M Records \u2013 89 463 XOT<br \/>\nFormat:<br \/>\nVinyl, LP, Album<br \/>\nCountry:\tGermany<br \/>\nReleased:\t1975<\/p>","protected":false},"featured_media":24107,"template":"","meta":[],"product_cat":[15],"product_tag":[44],"yoast_head":"<!-- This site is optimized with the Yoast SEO plugin v23.5 - https:\/\/yoast.com\/wordpress\/plugins\/seo\/ -->\n<title>Rick Wakeman \u2013 Lisztomania Vinilin\u0117 Plok\u0161tel\u0117 | Vinilozona.lt<\/title>\n<meta name=\"robots\" content=\"index, follow, max-snippet:-1, max-image-preview:large, max-video-preview:-1\" \/>\n<link rel=\"canonical\" href=\"https:\/\/vinilozona.lt\/en\/parduotuve\/rock-pop\/rick-wakeman-\u200e-rhapsodies\/\" \/>\n<meta property=\"og:locale\" content=\"en_GB\" \/>\n<meta property=\"og:type\" content=\"article\" \/>\n<meta property=\"og:title\" content=\"Rick Wakeman \u2013 Lisztomania Vinilin\u0117 Plok\u0161tel\u0117 | Vinilozona.lt\" \/>\n<meta property=\"og:description\" content=\"A&amp;M Records \u2013 89 463 XOT Format:  Vinyl, LP, Album Country: Germany Released: 1975\" \/>\n<meta property=\"og:url\" content=\"https:\/\/vinilozona.lt\/en\/parduotuve\/rock-pop\/rick-wakeman-\u200e-rhapsodies\/\" \/>\n<meta property=\"og:site_name\" content=\"Vinilo Zona\" \/>\n<meta property=\"article:modified_time\" content=\"2024-01-30T17:15:06+00:00\" \/>\n<meta property=\"og:image\" content=\"https:\/\/vinilozona.lt\/wp-content\/uploads\/2020\/08\/R-2564165-1453915932-9257.jpg\" \/>\n\t<meta property=\"og:image:width\" content=\"599\" \/>\n\t<meta property=\"og:image:height\" content=\"565\" \/>\n\t<meta property=\"og:image:type\" content=\"image\/jpeg\" \/>\n<meta name=\"twitter:card\" content=\"summary_large_image\" \/>\n<script type=\"application\/ld+json\" class=\"yoast-schema-graph\">{\"@context\":\"https:\/\/schema.org\",\"@graph\":[{\"@type\":\"WebPage\",\"@id\":\"https:\/\/vinilozona.lt\/parduotuve\/rock-pop\/rick-wakeman-%e2%80%8e-rhapsodies\/\",\"url\":\"https:\/\/vinilozona.lt\/parduotuve\/rock-pop\/rick-wakeman-%e2%80%8e-rhapsodies\/\",\"name\":\"Rick Wakeman \u2013 Lisztomania Vinilin\u0117 Plok\u0161tel\u0117 | Vinilozona.lt\",\"isPartOf\":{\"@id\":\"https:\/\/vinilozona.lt\/#website\"},\"primaryImageOfPage\":{\"@id\":\"https:\/\/vinilozona.lt\/parduotuve\/rock-pop\/rick-wakeman-%e2%80%8e-rhapsodies\/#primaryimage\"},\"image\":{\"@id\":\"https:\/\/vinilozona.lt\/parduotuve\/rock-pop\/rick-wakeman-%e2%80%8e-rhapsodies\/#primaryimage\"},\"thumbnailUrl\":\"https:\/\/vinilozona.lt\/wp-content\/uploads\/2020\/08\/R-2564165-1453915932-9257.jpg\",\"datePublished\":\"2024-01-30T03:03:33+00:00\",\"dateModified\":\"2024-01-30T17:15:06+00:00\",\"breadcrumb\":{\"@id\":\"https:\/\/vinilozona.lt\/parduotuve\/rock-pop\/rick-wakeman-%e2%80%8e-rhapsodies\/#breadcrumb\"},\"inLanguage\":\"en-GB\",\"potentialAction\":[{\"@type\":\"ReadAction\",\"target\":[\"https:\/\/vinilozona.lt\/parduotuve\/rock-pop\/rick-wakeman-%e2%80%8e-rhapsodies\/\"]}]},{\"@type\":\"ImageObject\",\"inLanguage\":\"en-GB\",\"@id\":\"https:\/\/vinilozona.lt\/parduotuve\/rock-pop\/rick-wakeman-%e2%80%8e-rhapsodies\/#primaryimage\",\"url\":\"https:\/\/vinilozona.lt\/wp-content\/uploads\/2020\/08\/R-2564165-1453915932-9257.jpg\",\"contentUrl\":\"https:\/\/vinilozona.lt\/wp-content\/uploads\/2020\/08\/R-2564165-1453915932-9257.jpg\",\"width\":599,\"height\":565},{\"@type\":\"BreadcrumbList\",\"@id\":\"https:\/\/vinilozona.lt\/parduotuve\/rock-pop\/rick-wakeman-%e2%80%8e-rhapsodies\/#breadcrumb\",\"itemListElement\":[{\"@type\":\"ListItem\",\"position\":1,\"name\":\"Home\",\"item\":\"https:\/\/vinilozona.lt\/\"},{\"@type\":\"ListItem\",\"position\":2,\"name\":\"Parduotuv\u0117\",\"item\":\"https:\/\/vinilozona.lt\/parduotuve\/\"},{\"@type\":\"ListItem\",\"position\":3,\"name\":\"Rick Wakeman \u2013 Lisztomania\"}]},{\"@type\":\"WebSite\",\"@id\":\"https:\/\/vinilozona.lt\/#website\",\"url\":\"https:\/\/vinilozona.lt\/\",\"name\":\"Vinilo Zona\",\"description\":\"Nup\u016bsk dulkes ir klausyk LP\",\"potentialAction\":[{\"@type\":\"SearchAction\",\"target\":{\"@type\":\"EntryPoint\",\"urlTemplate\":\"https:\/\/vinilozona.lt\/?s={search_term_string}\"},\"query-input\":{\"@type\":\"PropertyValueSpecification\",\"valueRequired\":true,\"valueName\":\"search_term_string\"}}],\"inLanguage\":\"en-GB\"}]}<\/script>\n<!-- \/ Yoast SEO plugin. -->","yoast_head_json":{"title":"Rick Wakeman \u2013 Lisztomania Vinilin\u0117 Plok\u0161tel\u0117 | Vinilozona.lt","robots":{"index":"index","follow":"follow","max-snippet":"max-snippet:-1","max-image-preview":"max-image-preview:large","max-video-preview":"max-video-preview:-1"},"canonical":"https:\/\/vinilozona.lt\/en\/parduotuve\/rock-pop\/rick-wakeman-\u200e-rhapsodies\/","og_locale":"en_GB","og_type":"article","og_title":"Rick Wakeman \u2013 Lisztomania Vinilin\u0117 Plok\u0161tel\u0117 | Vinilozona.lt","og_description":"A&M Records \u2013 89 463 XOT Format:  Vinyl, LP, Album Country: Germany Released: 1975","og_url":"https:\/\/vinilozona.lt\/en\/parduotuve\/rock-pop\/rick-wakeman-\u200e-rhapsodies\/","og_site_name":"Vinilo Zona","article_modified_time":"2024-01-30T17:15:06+00:00","og_image":[{"width":599,"height":565,"url":"https:\/\/vinilozona.lt\/wp-content\/uploads\/2020\/08\/R-2564165-1453915932-9257.jpg","type":"image\/jpeg"}],"twitter_card":"summary_large_image","schema":{"@context":"https:\/\/schema.org","@graph":[{"@type":"WebPage","@id":"https:\/\/vinilozona.lt\/parduotuve\/rock-pop\/rick-wakeman-%e2%80%8e-rhapsodies\/","url":"https:\/\/vinilozona.lt\/parduotuve\/rock-pop\/rick-wakeman-%e2%80%8e-rhapsodies\/","name":"Rick Wakeman \u2013 Lisztomania Vinilin\u0117 Plok\u0161tel\u0117 | Vinilozona.lt","isPartOf":{"@id":"https:\/\/vinilozona.lt\/#website"},"primaryImageOfPage":{"@id":"https:\/\/vinilozona.lt\/parduotuve\/rock-pop\/rick-wakeman-%e2%80%8e-rhapsodies\/#primaryimage"},"image":{"@id":"https:\/\/vinilozona.lt\/parduotuve\/rock-pop\/rick-wakeman-%e2%80%8e-rhapsodies\/#primaryimage"},"thumbnailUrl":"https:\/\/vinilozona.lt\/wp-content\/uploads\/2020\/08\/R-2564165-1453915932-9257.jpg","datePublished":"2024-01-30T03:03:33+00:00","dateModified":"2024-01-30T17:15:06+00:00","breadcrumb":{"@id":"https:\/\/vinilozona.lt\/parduotuve\/rock-pop\/rick-wakeman-%e2%80%8e-rhapsodies\/#breadcrumb"},"inLanguage":"en-GB","potentialAction":[{"@type":"ReadAction","target":["https:\/\/vinilozona.lt\/parduotuve\/rock-pop\/rick-wakeman-%e2%80%8e-rhapsodies\/"]}]},{"@type":"ImageObject","inLanguage":"en-GB","@id":"https:\/\/vinilozona.lt\/parduotuve\/rock-pop\/rick-wakeman-%e2%80%8e-rhapsodies\/#primaryimage","url":"https:\/\/vinilozona.lt\/wp-content\/uploads\/2020\/08\/R-2564165-1453915932-9257.jpg","contentUrl":"https:\/\/vinilozona.lt\/wp-content\/uploads\/2020\/08\/R-2564165-1453915932-9257.jpg","width":599,"height":565},{"@type":"BreadcrumbList","@id":"https:\/\/vinilozona.lt\/parduotuve\/rock-pop\/rick-wakeman-%e2%80%8e-rhapsodies\/#breadcrumb","itemListElement":[{"@type":"ListItem","position":1,"name":"Home","item":"https:\/\/vinilozona.lt\/"},{"@type":"ListItem","position":2,"name":"Parduotuv\u0117","item":"https:\/\/vinilozona.lt\/parduotuve\/"},{"@type":"ListItem","position":3,"name":"Rick Wakeman \u2013 Lisztomania"}]},{"@type":"WebSite","@id":"https:\/\/vinilozona.lt\/#website","url":"https:\/\/vinilozona.lt\/","name":"Vinilo Zona","description":"Nup\u016bsk dulkes ir klausyk LP","potentialAction":[{"@type":"SearchAction","target":{"@type":"EntryPoint","urlTemplate":"https:\/\/vinilozona.lt\/?s={search_term_string}"},"query-input":{"@type":"PropertyValueSpecification","valueRequired":true,"valueName":"search_term_string"}}],"inLanguage":"en-GB"}]}},"_links":{"self":[{"href":"https:\/\/vinilozona.lt\/en\/wp-json\/wp\/v2\/product\/11290"}],"collection":[{"href":"https:\/\/vinilozona.lt\/en\/wp-json\/wp\/v2\/product"}],"about":[{"href":"https:\/\/vinilozona.lt\/en\/wp-json\/wp\/v2\/types\/product"}],"wp:featuredmedia":[{"embeddable":true,"href":"https:\/\/vinilozona.lt\/en\/wp-json\/wp\/v2\/media\/24107"}],"wp:attachment":[{"href":"https:\/\/vinilozona.lt\/en\/wp-json\/wp\/v2\/media?parent=11290"}],"wp:term":[{"taxonomy":"product_cat","embeddable":true,"href":"https:\/\/vinilozona.lt\/en\/wp-json\/wp\/v2\/product_cat?post=11290"},{"taxonomy":"product_tag","embeddable":true,"href":"https:\/\/vinilozona.lt\/en\/wp-json\/wp\/v2\/product_tag?post=11290"}],"curies":[{"name":"wp","href":"https:\/\/api.w.org\/{rel}","templated":true}]}}