{"id":11283,"date":"2021-05-11T07:59:45","date_gmt":"2021-05-11T04:59:45","guid":{"rendered":"https:\/\/vinilozona.lt\/?post_type=product&#038;p=11283"},"modified":"2021-05-11T12:10:28","modified_gmt":"2021-05-11T09:10:28","slug":"runrig-%e2%80%8e-once-in-a-lifetime-live-2","status":"publish","type":"product","link":"https:\/\/vinilozona.lt\/en\/parduotuve\/rock-pop\/runrig-%e2%80%8e-once-in-a-lifetime-live-2\/","title":{"rendered":"Runrig \u200e\u2013 Once In A Lifetime (Live)"},"content":{"rendered":"<p>A1\tDance Called America\t5:06<br \/>\nA2\tProtect And Survive\t4:15<br \/>\nA3\tChi Mi&#8217;n Geamhradh\t4:06<br \/>\nA4\tRocket To The Moon\t4:58<br \/>\nA5\tGoing Home\t4:17<br \/>\nB1\tCnoc Na Feille\t5:21<br \/>\nB2\tNightfall On Marsco \/ &#8216;S Tu Mo Leannan\t3:25<br \/>\nB3\tSkye\t5:59<br \/>\nB4\tLoch Lomond 6:22<\/p>","protected":false},"excerpt":{"rendered":"<p>Chrysalis 210659<\/p>","protected":false},"featured_media":11284,"template":"","meta":[],"product_cat":[15],"product_tag":[44],"yoast_head":"<!-- This site is optimized with the Yoast SEO plugin v23.5 - https:\/\/yoast.com\/wordpress\/plugins\/seo\/ -->\n<title>Runrig \u200e\u2013 Once In A Lifetime (Live) Vinilin\u0117 Plok\u0161tel\u0117 | Vinilozona.lt<\/title>\n<meta name=\"robots\" content=\"index, follow, max-snippet:-1, max-image-preview:large, max-video-preview:-1\" \/>\n<link rel=\"canonical\" href=\"https:\/\/vinilozona.lt\/en\/parduotuve\/rock-pop\/runrig-\u200e-once-in-a-lifetime-live-2\/\" \/>\n<meta property=\"og:locale\" content=\"en_GB\" \/>\n<meta property=\"og:type\" content=\"article\" \/>\n<meta property=\"og:title\" content=\"Runrig \u200e\u2013 Once In A Lifetime (Live) Vinilin\u0117 Plok\u0161tel\u0117 | Vinilozona.lt\" \/>\n<meta property=\"og:description\" content=\"Chrysalis 210659\" \/>\n<meta property=\"og:url\" content=\"https:\/\/vinilozona.lt\/en\/parduotuve\/rock-pop\/runrig-\u200e-once-in-a-lifetime-live-2\/\" \/>\n<meta property=\"og:site_name\" content=\"Vinilo Zona\" \/>\n<meta property=\"article:modified_time\" content=\"2021-05-11T09:10:28+00:00\" \/>\n<meta property=\"og:image\" content=\"https:\/\/vinilozona.lt\/wp-content\/uploads\/2020\/08\/R-6633767-1423514111-5549.jpeg.jpg\" \/>\n\t<meta property=\"og:image:width\" content=\"240\" \/>\n\t<meta property=\"og:image:height\" content=\"240\" \/>\n\t<meta property=\"og:image:type\" content=\"image\/jpeg\" \/>\n<meta name=\"twitter:card\" content=\"summary_large_image\" \/>\n<script type=\"application\/ld+json\" class=\"yoast-schema-graph\">{\"@context\":\"https:\/\/schema.org\",\"@graph\":[{\"@type\":\"WebPage\",\"@id\":\"https:\/\/vinilozona.lt\/parduotuve\/rock-pop\/runrig-%e2%80%8e-once-in-a-lifetime-live-2\/\",\"url\":\"https:\/\/vinilozona.lt\/parduotuve\/rock-pop\/runrig-%e2%80%8e-once-in-a-lifetime-live-2\/\",\"name\":\"Runrig \u200e\u2013 Once In A Lifetime (Live) Vinilin\u0117 Plok\u0161tel\u0117 | Vinilozona.lt\",\"isPartOf\":{\"@id\":\"https:\/\/vinilozona.lt\/#website\"},\"primaryImageOfPage\":{\"@id\":\"https:\/\/vinilozona.lt\/parduotuve\/rock-pop\/runrig-%e2%80%8e-once-in-a-lifetime-live-2\/#primaryimage\"},\"image\":{\"@id\":\"https:\/\/vinilozona.lt\/parduotuve\/rock-pop\/runrig-%e2%80%8e-once-in-a-lifetime-live-2\/#primaryimage\"},\"thumbnailUrl\":\"https:\/\/vinilozona.lt\/wp-content\/uploads\/2020\/08\/R-6633767-1423514111-5549.jpeg.jpg\",\"datePublished\":\"2021-05-11T04:59:45+00:00\",\"dateModified\":\"2021-05-11T09:10:28+00:00\",\"breadcrumb\":{\"@id\":\"https:\/\/vinilozona.lt\/parduotuve\/rock-pop\/runrig-%e2%80%8e-once-in-a-lifetime-live-2\/#breadcrumb\"},\"inLanguage\":\"en-GB\",\"potentialAction\":[{\"@type\":\"ReadAction\",\"target\":[\"https:\/\/vinilozona.lt\/parduotuve\/rock-pop\/runrig-%e2%80%8e-once-in-a-lifetime-live-2\/\"]}]},{\"@type\":\"ImageObject\",\"inLanguage\":\"en-GB\",\"@id\":\"https:\/\/vinilozona.lt\/parduotuve\/rock-pop\/runrig-%e2%80%8e-once-in-a-lifetime-live-2\/#primaryimage\",\"url\":\"https:\/\/vinilozona.lt\/wp-content\/uploads\/2020\/08\/R-6633767-1423514111-5549.jpeg.jpg\",\"contentUrl\":\"https:\/\/vinilozona.lt\/wp-content\/uploads\/2020\/08\/R-6633767-1423514111-5549.jpeg.jpg\",\"width\":240,\"height\":240},{\"@type\":\"BreadcrumbList\",\"@id\":\"https:\/\/vinilozona.lt\/parduotuve\/rock-pop\/runrig-%e2%80%8e-once-in-a-lifetime-live-2\/#breadcrumb\",\"itemListElement\":[{\"@type\":\"ListItem\",\"position\":1,\"name\":\"Home\",\"item\":\"https:\/\/vinilozona.lt\/\"},{\"@type\":\"ListItem\",\"position\":2,\"name\":\"Parduotuv\u0117\",\"item\":\"https:\/\/vinilozona.lt\/parduotuve\/\"},{\"@type\":\"ListItem\",\"position\":3,\"name\":\"Runrig \u200e\u2013 Once In A Lifetime (Live)\"}]},{\"@type\":\"WebSite\",\"@id\":\"https:\/\/vinilozona.lt\/#website\",\"url\":\"https:\/\/vinilozona.lt\/\",\"name\":\"Vinilo Zona\",\"description\":\"Nup\u016bsk dulkes ir klausyk LP\",\"potentialAction\":[{\"@type\":\"SearchAction\",\"target\":{\"@type\":\"EntryPoint\",\"urlTemplate\":\"https:\/\/vinilozona.lt\/?s={search_term_string}\"},\"query-input\":{\"@type\":\"PropertyValueSpecification\",\"valueRequired\":true,\"valueName\":\"search_term_string\"}}],\"inLanguage\":\"en-GB\"}]}<\/script>\n<!-- \/ Yoast SEO plugin. -->","yoast_head_json":{"title":"Runrig \u200e\u2013 Once In A Lifetime (Live) Vinilin\u0117 Plok\u0161tel\u0117 | Vinilozona.lt","robots":{"index":"index","follow":"follow","max-snippet":"max-snippet:-1","max-image-preview":"max-image-preview:large","max-video-preview":"max-video-preview:-1"},"canonical":"https:\/\/vinilozona.lt\/en\/parduotuve\/rock-pop\/runrig-\u200e-once-in-a-lifetime-live-2\/","og_locale":"en_GB","og_type":"article","og_title":"Runrig \u200e\u2013 Once In A Lifetime (Live) Vinilin\u0117 Plok\u0161tel\u0117 | Vinilozona.lt","og_description":"Chrysalis 210659","og_url":"https:\/\/vinilozona.lt\/en\/parduotuve\/rock-pop\/runrig-\u200e-once-in-a-lifetime-live-2\/","og_site_name":"Vinilo Zona","article_modified_time":"2021-05-11T09:10:28+00:00","og_image":[{"width":240,"height":240,"url":"https:\/\/vinilozona.lt\/wp-content\/uploads\/2020\/08\/R-6633767-1423514111-5549.jpeg.jpg","type":"image\/jpeg"}],"twitter_card":"summary_large_image","schema":{"@context":"https:\/\/schema.org","@graph":[{"@type":"WebPage","@id":"https:\/\/vinilozona.lt\/parduotuve\/rock-pop\/runrig-%e2%80%8e-once-in-a-lifetime-live-2\/","url":"https:\/\/vinilozona.lt\/parduotuve\/rock-pop\/runrig-%e2%80%8e-once-in-a-lifetime-live-2\/","name":"Runrig \u200e\u2013 Once In A Lifetime (Live) Vinilin\u0117 Plok\u0161tel\u0117 | Vinilozona.lt","isPartOf":{"@id":"https:\/\/vinilozona.lt\/#website"},"primaryImageOfPage":{"@id":"https:\/\/vinilozona.lt\/parduotuve\/rock-pop\/runrig-%e2%80%8e-once-in-a-lifetime-live-2\/#primaryimage"},"image":{"@id":"https:\/\/vinilozona.lt\/parduotuve\/rock-pop\/runrig-%e2%80%8e-once-in-a-lifetime-live-2\/#primaryimage"},"thumbnailUrl":"https:\/\/vinilozona.lt\/wp-content\/uploads\/2020\/08\/R-6633767-1423514111-5549.jpeg.jpg","datePublished":"2021-05-11T04:59:45+00:00","dateModified":"2021-05-11T09:10:28+00:00","breadcrumb":{"@id":"https:\/\/vinilozona.lt\/parduotuve\/rock-pop\/runrig-%e2%80%8e-once-in-a-lifetime-live-2\/#breadcrumb"},"inLanguage":"en-GB","potentialAction":[{"@type":"ReadAction","target":["https:\/\/vinilozona.lt\/parduotuve\/rock-pop\/runrig-%e2%80%8e-once-in-a-lifetime-live-2\/"]}]},{"@type":"ImageObject","inLanguage":"en-GB","@id":"https:\/\/vinilozona.lt\/parduotuve\/rock-pop\/runrig-%e2%80%8e-once-in-a-lifetime-live-2\/#primaryimage","url":"https:\/\/vinilozona.lt\/wp-content\/uploads\/2020\/08\/R-6633767-1423514111-5549.jpeg.jpg","contentUrl":"https:\/\/vinilozona.lt\/wp-content\/uploads\/2020\/08\/R-6633767-1423514111-5549.jpeg.jpg","width":240,"height":240},{"@type":"BreadcrumbList","@id":"https:\/\/vinilozona.lt\/parduotuve\/rock-pop\/runrig-%e2%80%8e-once-in-a-lifetime-live-2\/#breadcrumb","itemListElement":[{"@type":"ListItem","position":1,"name":"Home","item":"https:\/\/vinilozona.lt\/"},{"@type":"ListItem","position":2,"name":"Parduotuv\u0117","item":"https:\/\/vinilozona.lt\/parduotuve\/"},{"@type":"ListItem","position":3,"name":"Runrig \u200e\u2013 Once In A Lifetime (Live)"}]},{"@type":"WebSite","@id":"https:\/\/vinilozona.lt\/#website","url":"https:\/\/vinilozona.lt\/","name":"Vinilo Zona","description":"Nup\u016bsk dulkes ir klausyk LP","potentialAction":[{"@type":"SearchAction","target":{"@type":"EntryPoint","urlTemplate":"https:\/\/vinilozona.lt\/?s={search_term_string}"},"query-input":{"@type":"PropertyValueSpecification","valueRequired":true,"valueName":"search_term_string"}}],"inLanguage":"en-GB"}]}},"_links":{"self":[{"href":"https:\/\/vinilozona.lt\/en\/wp-json\/wp\/v2\/product\/11283"}],"collection":[{"href":"https:\/\/vinilozona.lt\/en\/wp-json\/wp\/v2\/product"}],"about":[{"href":"https:\/\/vinilozona.lt\/en\/wp-json\/wp\/v2\/types\/product"}],"wp:featuredmedia":[{"embeddable":true,"href":"https:\/\/vinilozona.lt\/en\/wp-json\/wp\/v2\/media\/11284"}],"wp:attachment":[{"href":"https:\/\/vinilozona.lt\/en\/wp-json\/wp\/v2\/media?parent=11283"}],"wp:term":[{"taxonomy":"product_cat","embeddable":true,"href":"https:\/\/vinilozona.lt\/en\/wp-json\/wp\/v2\/product_cat?post=11283"},{"taxonomy":"product_tag","embeddable":true,"href":"https:\/\/vinilozona.lt\/en\/wp-json\/wp\/v2\/product_tag?post=11283"}],"curies":[{"name":"wp","href":"https:\/\/api.w.org\/{rel}","templated":true}]}}