{"id":11253,"date":"2024-01-01T05:02:46","date_gmt":"2024-01-01T03:02:46","guid":{"rendered":"https:\/\/vinilozona.lt\/?post_type=product&#038;p=11253"},"modified":"2024-07-19T06:45:35","modified_gmt":"2024-07-19T03:45:35","slug":"emerson-lake-palmer-%e2%80%8e-emerson-lake-palmer-3","status":"publish","type":"product","link":"https:\/\/vinilozona.lt\/en\/parduotuve\/rock-pop\/emerson-lake-palmer-%e2%80%8e-emerson-lake-palmer-3\/","title":{"rendered":"Emerson, Lake &#038; Palmer \u200e\u2013 Emerson, Lake &#038; Palmer"},"content":{"rendered":"<p>The Barbarian<br \/>\nTake A Pebble<br \/>\nKnife-Edge<br \/>\nThe Three Fates<br \/>\nClotho<br \/>\nLachesis<br \/>\nAtropos<br \/>\nTank<br \/>\nLucky Man<\/p>","protected":false},"excerpt":{"rendered":"<p>Manticore \u2013 87 224 ET<br \/>\nFormat:<br \/>\nVinyl, LP, Album, Reissue, Stereo<br \/>\nCountry:\tGermany<\/p>","protected":false},"featured_media":11254,"template":"","meta":[],"product_cat":[15],"product_tag":[44],"yoast_head":"<!-- This site is optimized with the Yoast SEO plugin v23.5 - https:\/\/yoast.com\/wordpress\/plugins\/seo\/ -->\n<title>Emerson, Lake &amp; Palmer \u200e\u2013 Emerson, Lake &amp; Palmer Vinilin\u0117 Plok\u0161tel\u0117 | Vinilozona.lt<\/title>\n<meta name=\"robots\" content=\"index, follow, max-snippet:-1, max-image-preview:large, max-video-preview:-1\" \/>\n<link rel=\"canonical\" href=\"https:\/\/vinilozona.lt\/en\/parduotuve\/rock-pop\/emerson-lake-palmer-\u200e-emerson-lake-palmer-3\/\" \/>\n<meta property=\"og:locale\" content=\"en_GB\" \/>\n<meta property=\"og:type\" content=\"article\" \/>\n<meta property=\"og:title\" content=\"Emerson, Lake &amp; Palmer \u200e\u2013 Emerson, Lake &amp; Palmer Vinilin\u0117 Plok\u0161tel\u0117 | Vinilozona.lt\" \/>\n<meta property=\"og:description\" content=\"Manticore \u2013 87 224 ET Format:  Vinyl, LP, Album, Reissue, Stereo Country: Germany\" \/>\n<meta property=\"og:url\" content=\"https:\/\/vinilozona.lt\/en\/parduotuve\/rock-pop\/emerson-lake-palmer-\u200e-emerson-lake-palmer-3\/\" \/>\n<meta property=\"og:site_name\" content=\"Vinilo Zona\" \/>\n<meta property=\"article:modified_time\" content=\"2024-07-19T03:45:35+00:00\" \/>\n<meta property=\"og:image\" content=\"https:\/\/vinilozona.lt\/wp-content\/uploads\/2020\/07\/R-819730-1445281074-2103.jpeg.jpg\" \/>\n\t<meta property=\"og:image:width\" content=\"599\" \/>\n\t<meta property=\"og:image:height\" content=\"593\" \/>\n\t<meta property=\"og:image:type\" content=\"image\/jpeg\" \/>\n<meta name=\"twitter:card\" content=\"summary_large_image\" \/>\n<script type=\"application\/ld+json\" class=\"yoast-schema-graph\">{\"@context\":\"https:\/\/schema.org\",\"@graph\":[{\"@type\":\"WebPage\",\"@id\":\"https:\/\/vinilozona.lt\/parduotuve\/rock-pop\/emerson-lake-palmer-%e2%80%8e-emerson-lake-palmer-3\/\",\"url\":\"https:\/\/vinilozona.lt\/parduotuve\/rock-pop\/emerson-lake-palmer-%e2%80%8e-emerson-lake-palmer-3\/\",\"name\":\"Emerson, Lake & Palmer \u200e\u2013 Emerson, Lake & Palmer Vinilin\u0117 Plok\u0161tel\u0117 | Vinilozona.lt\",\"isPartOf\":{\"@id\":\"https:\/\/vinilozona.lt\/#website\"},\"primaryImageOfPage\":{\"@id\":\"https:\/\/vinilozona.lt\/parduotuve\/rock-pop\/emerson-lake-palmer-%e2%80%8e-emerson-lake-palmer-3\/#primaryimage\"},\"image\":{\"@id\":\"https:\/\/vinilozona.lt\/parduotuve\/rock-pop\/emerson-lake-palmer-%e2%80%8e-emerson-lake-palmer-3\/#primaryimage\"},\"thumbnailUrl\":\"https:\/\/vinilozona.lt\/wp-content\/uploads\/2020\/07\/R-819730-1445281074-2103.jpeg.jpg\",\"datePublished\":\"2024-01-01T03:02:46+00:00\",\"dateModified\":\"2024-07-19T03:45:35+00:00\",\"breadcrumb\":{\"@id\":\"https:\/\/vinilozona.lt\/parduotuve\/rock-pop\/emerson-lake-palmer-%e2%80%8e-emerson-lake-palmer-3\/#breadcrumb\"},\"inLanguage\":\"en-GB\",\"potentialAction\":[{\"@type\":\"ReadAction\",\"target\":[\"https:\/\/vinilozona.lt\/parduotuve\/rock-pop\/emerson-lake-palmer-%e2%80%8e-emerson-lake-palmer-3\/\"]}]},{\"@type\":\"ImageObject\",\"inLanguage\":\"en-GB\",\"@id\":\"https:\/\/vinilozona.lt\/parduotuve\/rock-pop\/emerson-lake-palmer-%e2%80%8e-emerson-lake-palmer-3\/#primaryimage\",\"url\":\"https:\/\/vinilozona.lt\/wp-content\/uploads\/2020\/07\/R-819730-1445281074-2103.jpeg.jpg\",\"contentUrl\":\"https:\/\/vinilozona.lt\/wp-content\/uploads\/2020\/07\/R-819730-1445281074-2103.jpeg.jpg\",\"width\":599,\"height\":593},{\"@type\":\"BreadcrumbList\",\"@id\":\"https:\/\/vinilozona.lt\/parduotuve\/rock-pop\/emerson-lake-palmer-%e2%80%8e-emerson-lake-palmer-3\/#breadcrumb\",\"itemListElement\":[{\"@type\":\"ListItem\",\"position\":1,\"name\":\"Home\",\"item\":\"https:\/\/vinilozona.lt\/\"},{\"@type\":\"ListItem\",\"position\":2,\"name\":\"Parduotuv\u0117\",\"item\":\"https:\/\/vinilozona.lt\/parduotuve\/\"},{\"@type\":\"ListItem\",\"position\":3,\"name\":\"Emerson, Lake &#038; Palmer \u200e\u2013 Emerson, Lake &#038; Palmer\"}]},{\"@type\":\"WebSite\",\"@id\":\"https:\/\/vinilozona.lt\/#website\",\"url\":\"https:\/\/vinilozona.lt\/\",\"name\":\"Vinilo Zona\",\"description\":\"Nup\u016bsk dulkes ir klausyk LP\",\"potentialAction\":[{\"@type\":\"SearchAction\",\"target\":{\"@type\":\"EntryPoint\",\"urlTemplate\":\"https:\/\/vinilozona.lt\/?s={search_term_string}\"},\"query-input\":{\"@type\":\"PropertyValueSpecification\",\"valueRequired\":true,\"valueName\":\"search_term_string\"}}],\"inLanguage\":\"en-GB\"}]}<\/script>\n<!-- \/ Yoast SEO plugin. -->","yoast_head_json":{"title":"Emerson, Lake & Palmer \u200e\u2013 Emerson, Lake & Palmer Vinilin\u0117 Plok\u0161tel\u0117 | Vinilozona.lt","robots":{"index":"index","follow":"follow","max-snippet":"max-snippet:-1","max-image-preview":"max-image-preview:large","max-video-preview":"max-video-preview:-1"},"canonical":"https:\/\/vinilozona.lt\/en\/parduotuve\/rock-pop\/emerson-lake-palmer-\u200e-emerson-lake-palmer-3\/","og_locale":"en_GB","og_type":"article","og_title":"Emerson, Lake & Palmer \u200e\u2013 Emerson, Lake & Palmer Vinilin\u0117 Plok\u0161tel\u0117 | Vinilozona.lt","og_description":"Manticore \u2013 87 224 ET Format:  Vinyl, LP, Album, Reissue, Stereo Country: Germany","og_url":"https:\/\/vinilozona.lt\/en\/parduotuve\/rock-pop\/emerson-lake-palmer-\u200e-emerson-lake-palmer-3\/","og_site_name":"Vinilo Zona","article_modified_time":"2024-07-19T03:45:35+00:00","og_image":[{"width":599,"height":593,"url":"https:\/\/vinilozona.lt\/wp-content\/uploads\/2020\/07\/R-819730-1445281074-2103.jpeg.jpg","type":"image\/jpeg"}],"twitter_card":"summary_large_image","schema":{"@context":"https:\/\/schema.org","@graph":[{"@type":"WebPage","@id":"https:\/\/vinilozona.lt\/parduotuve\/rock-pop\/emerson-lake-palmer-%e2%80%8e-emerson-lake-palmer-3\/","url":"https:\/\/vinilozona.lt\/parduotuve\/rock-pop\/emerson-lake-palmer-%e2%80%8e-emerson-lake-palmer-3\/","name":"Emerson, Lake & Palmer \u200e\u2013 Emerson, Lake & Palmer Vinilin\u0117 Plok\u0161tel\u0117 | Vinilozona.lt","isPartOf":{"@id":"https:\/\/vinilozona.lt\/#website"},"primaryImageOfPage":{"@id":"https:\/\/vinilozona.lt\/parduotuve\/rock-pop\/emerson-lake-palmer-%e2%80%8e-emerson-lake-palmer-3\/#primaryimage"},"image":{"@id":"https:\/\/vinilozona.lt\/parduotuve\/rock-pop\/emerson-lake-palmer-%e2%80%8e-emerson-lake-palmer-3\/#primaryimage"},"thumbnailUrl":"https:\/\/vinilozona.lt\/wp-content\/uploads\/2020\/07\/R-819730-1445281074-2103.jpeg.jpg","datePublished":"2024-01-01T03:02:46+00:00","dateModified":"2024-07-19T03:45:35+00:00","breadcrumb":{"@id":"https:\/\/vinilozona.lt\/parduotuve\/rock-pop\/emerson-lake-palmer-%e2%80%8e-emerson-lake-palmer-3\/#breadcrumb"},"inLanguage":"en-GB","potentialAction":[{"@type":"ReadAction","target":["https:\/\/vinilozona.lt\/parduotuve\/rock-pop\/emerson-lake-palmer-%e2%80%8e-emerson-lake-palmer-3\/"]}]},{"@type":"ImageObject","inLanguage":"en-GB","@id":"https:\/\/vinilozona.lt\/parduotuve\/rock-pop\/emerson-lake-palmer-%e2%80%8e-emerson-lake-palmer-3\/#primaryimage","url":"https:\/\/vinilozona.lt\/wp-content\/uploads\/2020\/07\/R-819730-1445281074-2103.jpeg.jpg","contentUrl":"https:\/\/vinilozona.lt\/wp-content\/uploads\/2020\/07\/R-819730-1445281074-2103.jpeg.jpg","width":599,"height":593},{"@type":"BreadcrumbList","@id":"https:\/\/vinilozona.lt\/parduotuve\/rock-pop\/emerson-lake-palmer-%e2%80%8e-emerson-lake-palmer-3\/#breadcrumb","itemListElement":[{"@type":"ListItem","position":1,"name":"Home","item":"https:\/\/vinilozona.lt\/"},{"@type":"ListItem","position":2,"name":"Parduotuv\u0117","item":"https:\/\/vinilozona.lt\/parduotuve\/"},{"@type":"ListItem","position":3,"name":"Emerson, Lake &#038; Palmer \u200e\u2013 Emerson, Lake &#038; Palmer"}]},{"@type":"WebSite","@id":"https:\/\/vinilozona.lt\/#website","url":"https:\/\/vinilozona.lt\/","name":"Vinilo Zona","description":"Nup\u016bsk dulkes ir klausyk LP","potentialAction":[{"@type":"SearchAction","target":{"@type":"EntryPoint","urlTemplate":"https:\/\/vinilozona.lt\/?s={search_term_string}"},"query-input":{"@type":"PropertyValueSpecification","valueRequired":true,"valueName":"search_term_string"}}],"inLanguage":"en-GB"}]}},"_links":{"self":[{"href":"https:\/\/vinilozona.lt\/en\/wp-json\/wp\/v2\/product\/11253"}],"collection":[{"href":"https:\/\/vinilozona.lt\/en\/wp-json\/wp\/v2\/product"}],"about":[{"href":"https:\/\/vinilozona.lt\/en\/wp-json\/wp\/v2\/types\/product"}],"wp:featuredmedia":[{"embeddable":true,"href":"https:\/\/vinilozona.lt\/en\/wp-json\/wp\/v2\/media\/11254"}],"wp:attachment":[{"href":"https:\/\/vinilozona.lt\/en\/wp-json\/wp\/v2\/media?parent=11253"}],"wp:term":[{"taxonomy":"product_cat","embeddable":true,"href":"https:\/\/vinilozona.lt\/en\/wp-json\/wp\/v2\/product_cat?post=11253"},{"taxonomy":"product_tag","embeddable":true,"href":"https:\/\/vinilozona.lt\/en\/wp-json\/wp\/v2\/product_tag?post=11253"}],"curies":[{"name":"wp","href":"https:\/\/api.w.org\/{rel}","templated":true}]}}