{"id":11234,"date":"2024-09-26T05:01:55","date_gmt":"2024-09-26T02:01:55","guid":{"rendered":"https:\/\/vinilozona.lt\/?post_type=product&#038;p=11234"},"modified":"2026-03-26T13:38:22","modified_gmt":"2026-03-26T11:38:22","slug":"yes-%e2%80%8e-yessongs-3lp","status":"publish","type":"product","link":"https:\/\/vinilozona.lt\/en\/parduotuve\/rock-pop\/yes-%e2%80%8e-yessongs-3lp\/","title":{"rendered":"Yes \u200e\u2013 Yessongs 3LP"},"content":{"rendered":"<p>A1\t\tOpening (Excerpt From &#8222;Firebird Suite&#8221;)  3:45<br \/>\nA2\t\tSiberian Khatru 8:50<br \/>\nA3\t\tHeart Of The Sunrise 11:26<br \/>\nB1\t\tPerpetual Change 14:08<br \/>\nAnd You &#038; I\t(9:55)<br \/>\nB2a\t\tCord Of Life<br \/>\nB2b\t\tEclipse<br \/>\nB2c\t\tThe Preacher And The Teacher<br \/>\nB2d\t\tApocalypse<br \/>\nC1\t\tMood For A Day 2:52<br \/>\nC2\t\tExcerpts From &#8222;The Six Wives Of Henry VIII&#8221; 6:35<br \/>\nC3\t\tRoundabout 8:33<br \/>\nD1\t\tYour Move \/ All Good People 7:00<br \/>\nD2\t\tLong Distance Runaround \/ The Fish (Schindleria Praimaturus) 13:45<br \/>\nClose To The Edge\t(18:41)<br \/>\nEa\t\tThe Solid Time Of Change<br \/>\nEb\t\tTotal Mass Retain<br \/>\nEc\t\tI Get Up I Get Down<br \/>\nEd\t\tSeasons Of Man<br \/>\nF1\t\tYours Is No Disgrace 14:21<br \/>\nStarship Trooper\t(9:25)<br \/>\nF2a\t\tLife Seeker<br \/>\nF2b\t\tDisillusion<br \/>\nF2c\t\tWurm<\/p>","protected":false},"excerpt":{"rendered":"<p>Atlantic \u2013 SD 3-100<br \/>\nFormat:<br \/>\n3 x Vinyl, LP, Album, Reissue, Stereo<br \/>\nCountrY    Spain<br \/>\nReleased:\t1976<\/p>","protected":false},"featured_media":23265,"template":"","meta":[],"product_cat":[15],"product_tag":[44],"yoast_head":"<!-- This site is optimized with the Yoast SEO plugin v23.5 - https:\/\/yoast.com\/wordpress\/plugins\/seo\/ -->\n<title>Yes \u200e\u2013 Yessongs 3LP Vinilin\u0117 Plok\u0161tel\u0117 | Vinilozona.lt<\/title>\n<meta name=\"robots\" content=\"index, follow, max-snippet:-1, max-image-preview:large, max-video-preview:-1\" \/>\n<link rel=\"canonical\" href=\"https:\/\/vinilozona.lt\/en\/parduotuve\/rock-pop\/yes-\u200e-yessongs-3lp\/\" \/>\n<meta property=\"og:locale\" content=\"en_GB\" \/>\n<meta property=\"og:type\" content=\"article\" \/>\n<meta property=\"og:title\" content=\"Yes \u200e\u2013 Yessongs 3LP Vinilin\u0117 Plok\u0161tel\u0117 | Vinilozona.lt\" \/>\n<meta property=\"og:description\" content=\"Atlantic \u2013 SD 3-100 Format:  3 x Vinyl, LP, Album, Reissue, Stereo CountrY  Spain Released: 1976\" \/>\n<meta property=\"og:url\" content=\"https:\/\/vinilozona.lt\/en\/parduotuve\/rock-pop\/yes-\u200e-yessongs-3lp\/\" \/>\n<meta property=\"og:site_name\" content=\"Vinilo Zona\" \/>\n<meta property=\"article:modified_time\" content=\"2026-03-26T11:38:22+00:00\" \/>\n<meta property=\"og:image\" content=\"https:\/\/vinilozona.lt\/wp-content\/uploads\/2020\/07\/R-8304347-1648688193-1120.jpg\" \/>\n\t<meta property=\"og:image:width\" content=\"600\" \/>\n\t<meta property=\"og:image:height\" content=\"600\" \/>\n\t<meta property=\"og:image:type\" content=\"image\/jpeg\" \/>\n<meta name=\"twitter:card\" content=\"summary_large_image\" \/>\n<meta name=\"twitter:label1\" content=\"Estimated reading time\" \/>\n\t<meta name=\"twitter:data1\" content=\"1 minute\" \/>\n<script type=\"application\/ld+json\" class=\"yoast-schema-graph\">{\"@context\":\"https:\/\/schema.org\",\"@graph\":[{\"@type\":\"WebPage\",\"@id\":\"https:\/\/vinilozona.lt\/parduotuve\/rock-pop\/yes-%e2%80%8e-yessongs-3lp\/\",\"url\":\"https:\/\/vinilozona.lt\/parduotuve\/rock-pop\/yes-%e2%80%8e-yessongs-3lp\/\",\"name\":\"Yes \u200e\u2013 Yessongs 3LP Vinilin\u0117 Plok\u0161tel\u0117 | Vinilozona.lt\",\"isPartOf\":{\"@id\":\"https:\/\/vinilozona.lt\/#website\"},\"primaryImageOfPage\":{\"@id\":\"https:\/\/vinilozona.lt\/parduotuve\/rock-pop\/yes-%e2%80%8e-yessongs-3lp\/#primaryimage\"},\"image\":{\"@id\":\"https:\/\/vinilozona.lt\/parduotuve\/rock-pop\/yes-%e2%80%8e-yessongs-3lp\/#primaryimage\"},\"thumbnailUrl\":\"https:\/\/vinilozona.lt\/wp-content\/uploads\/2020\/07\/R-8304347-1648688193-1120.jpg\",\"datePublished\":\"2024-09-26T02:01:55+00:00\",\"dateModified\":\"2026-03-26T11:38:22+00:00\",\"breadcrumb\":{\"@id\":\"https:\/\/vinilozona.lt\/parduotuve\/rock-pop\/yes-%e2%80%8e-yessongs-3lp\/#breadcrumb\"},\"inLanguage\":\"en-GB\",\"potentialAction\":[{\"@type\":\"ReadAction\",\"target\":[\"https:\/\/vinilozona.lt\/parduotuve\/rock-pop\/yes-%e2%80%8e-yessongs-3lp\/\"]}]},{\"@type\":\"ImageObject\",\"inLanguage\":\"en-GB\",\"@id\":\"https:\/\/vinilozona.lt\/parduotuve\/rock-pop\/yes-%e2%80%8e-yessongs-3lp\/#primaryimage\",\"url\":\"https:\/\/vinilozona.lt\/wp-content\/uploads\/2020\/07\/R-8304347-1648688193-1120.jpg\",\"contentUrl\":\"https:\/\/vinilozona.lt\/wp-content\/uploads\/2020\/07\/R-8304347-1648688193-1120.jpg\",\"width\":600,\"height\":600},{\"@type\":\"BreadcrumbList\",\"@id\":\"https:\/\/vinilozona.lt\/parduotuve\/rock-pop\/yes-%e2%80%8e-yessongs-3lp\/#breadcrumb\",\"itemListElement\":[{\"@type\":\"ListItem\",\"position\":1,\"name\":\"Home\",\"item\":\"https:\/\/vinilozona.lt\/\"},{\"@type\":\"ListItem\",\"position\":2,\"name\":\"Parduotuv\u0117\",\"item\":\"https:\/\/vinilozona.lt\/parduotuve\/\"},{\"@type\":\"ListItem\",\"position\":3,\"name\":\"Yes \u200e\u2013 Yessongs 3LP\"}]},{\"@type\":\"WebSite\",\"@id\":\"https:\/\/vinilozona.lt\/#website\",\"url\":\"https:\/\/vinilozona.lt\/\",\"name\":\"Vinilo Zona\",\"description\":\"Nup\u016bsk dulkes ir klausyk LP\",\"potentialAction\":[{\"@type\":\"SearchAction\",\"target\":{\"@type\":\"EntryPoint\",\"urlTemplate\":\"https:\/\/vinilozona.lt\/?s={search_term_string}\"},\"query-input\":{\"@type\":\"PropertyValueSpecification\",\"valueRequired\":true,\"valueName\":\"search_term_string\"}}],\"inLanguage\":\"en-GB\"}]}<\/script>\n<!-- \/ Yoast SEO plugin. -->","yoast_head_json":{"title":"Yes \u200e\u2013 Yessongs 3LP Vinilin\u0117 Plok\u0161tel\u0117 | Vinilozona.lt","robots":{"index":"index","follow":"follow","max-snippet":"max-snippet:-1","max-image-preview":"max-image-preview:large","max-video-preview":"max-video-preview:-1"},"canonical":"https:\/\/vinilozona.lt\/en\/parduotuve\/rock-pop\/yes-\u200e-yessongs-3lp\/","og_locale":"en_GB","og_type":"article","og_title":"Yes \u200e\u2013 Yessongs 3LP Vinilin\u0117 Plok\u0161tel\u0117 | Vinilozona.lt","og_description":"Atlantic \u2013 SD 3-100 Format:  3 x Vinyl, LP, Album, Reissue, Stereo CountrY  Spain Released: 1976","og_url":"https:\/\/vinilozona.lt\/en\/parduotuve\/rock-pop\/yes-\u200e-yessongs-3lp\/","og_site_name":"Vinilo Zona","article_modified_time":"2026-03-26T11:38:22+00:00","og_image":[{"width":600,"height":600,"url":"https:\/\/vinilozona.lt\/wp-content\/uploads\/2020\/07\/R-8304347-1648688193-1120.jpg","type":"image\/jpeg"}],"twitter_card":"summary_large_image","twitter_misc":{"Estimated reading time":"1 minute"},"schema":{"@context":"https:\/\/schema.org","@graph":[{"@type":"WebPage","@id":"https:\/\/vinilozona.lt\/parduotuve\/rock-pop\/yes-%e2%80%8e-yessongs-3lp\/","url":"https:\/\/vinilozona.lt\/parduotuve\/rock-pop\/yes-%e2%80%8e-yessongs-3lp\/","name":"Yes \u200e\u2013 Yessongs 3LP Vinilin\u0117 Plok\u0161tel\u0117 | Vinilozona.lt","isPartOf":{"@id":"https:\/\/vinilozona.lt\/#website"},"primaryImageOfPage":{"@id":"https:\/\/vinilozona.lt\/parduotuve\/rock-pop\/yes-%e2%80%8e-yessongs-3lp\/#primaryimage"},"image":{"@id":"https:\/\/vinilozona.lt\/parduotuve\/rock-pop\/yes-%e2%80%8e-yessongs-3lp\/#primaryimage"},"thumbnailUrl":"https:\/\/vinilozona.lt\/wp-content\/uploads\/2020\/07\/R-8304347-1648688193-1120.jpg","datePublished":"2024-09-26T02:01:55+00:00","dateModified":"2026-03-26T11:38:22+00:00","breadcrumb":{"@id":"https:\/\/vinilozona.lt\/parduotuve\/rock-pop\/yes-%e2%80%8e-yessongs-3lp\/#breadcrumb"},"inLanguage":"en-GB","potentialAction":[{"@type":"ReadAction","target":["https:\/\/vinilozona.lt\/parduotuve\/rock-pop\/yes-%e2%80%8e-yessongs-3lp\/"]}]},{"@type":"ImageObject","inLanguage":"en-GB","@id":"https:\/\/vinilozona.lt\/parduotuve\/rock-pop\/yes-%e2%80%8e-yessongs-3lp\/#primaryimage","url":"https:\/\/vinilozona.lt\/wp-content\/uploads\/2020\/07\/R-8304347-1648688193-1120.jpg","contentUrl":"https:\/\/vinilozona.lt\/wp-content\/uploads\/2020\/07\/R-8304347-1648688193-1120.jpg","width":600,"height":600},{"@type":"BreadcrumbList","@id":"https:\/\/vinilozona.lt\/parduotuve\/rock-pop\/yes-%e2%80%8e-yessongs-3lp\/#breadcrumb","itemListElement":[{"@type":"ListItem","position":1,"name":"Home","item":"https:\/\/vinilozona.lt\/"},{"@type":"ListItem","position":2,"name":"Parduotuv\u0117","item":"https:\/\/vinilozona.lt\/parduotuve\/"},{"@type":"ListItem","position":3,"name":"Yes \u200e\u2013 Yessongs 3LP"}]},{"@type":"WebSite","@id":"https:\/\/vinilozona.lt\/#website","url":"https:\/\/vinilozona.lt\/","name":"Vinilo Zona","description":"Nup\u016bsk dulkes ir klausyk LP","potentialAction":[{"@type":"SearchAction","target":{"@type":"EntryPoint","urlTemplate":"https:\/\/vinilozona.lt\/?s={search_term_string}"},"query-input":{"@type":"PropertyValueSpecification","valueRequired":true,"valueName":"search_term_string"}}],"inLanguage":"en-GB"}]}},"_links":{"self":[{"href":"https:\/\/vinilozona.lt\/en\/wp-json\/wp\/v2\/product\/11234"}],"collection":[{"href":"https:\/\/vinilozona.lt\/en\/wp-json\/wp\/v2\/product"}],"about":[{"href":"https:\/\/vinilozona.lt\/en\/wp-json\/wp\/v2\/types\/product"}],"wp:featuredmedia":[{"embeddable":true,"href":"https:\/\/vinilozona.lt\/en\/wp-json\/wp\/v2\/media\/23265"}],"wp:attachment":[{"href":"https:\/\/vinilozona.lt\/en\/wp-json\/wp\/v2\/media?parent=11234"}],"wp:term":[{"taxonomy":"product_cat","embeddable":true,"href":"https:\/\/vinilozona.lt\/en\/wp-json\/wp\/v2\/product_cat?post=11234"},{"taxonomy":"product_tag","embeddable":true,"href":"https:\/\/vinilozona.lt\/en\/wp-json\/wp\/v2\/product_tag?post=11234"}],"curies":[{"name":"wp","href":"https:\/\/api.w.org\/{rel}","templated":true}]}}