{"id":11212,"date":"2026-03-17T05:33:36","date_gmt":"2026-03-17T03:33:36","guid":{"rendered":"https:\/\/vinilozona.lt\/?post_type=product&#038;p=11212"},"modified":"2026-03-17T07:00:52","modified_gmt":"2026-03-17T05:00:52","slug":"shakin-stevens-and-the-sunsets-%e2%80%8e-shakin-stevens-and-the-sunsets","status":"publish","type":"product","link":"https:\/\/vinilozona.lt\/en\/parduotuve\/rock-pop\/shakin-stevens-and-the-sunsets-%e2%80%8e-shakin-stevens-and-the-sunsets\/","title":{"rendered":"Shakin&#8217; Stevens \u2013 Shakin&#8217;"},"content":{"rendered":"<p>A1\t\tThe Spirit Of Woodstock\t2:13<br \/>\nA2\t\tIt Came Out Of The Sky\t2:42<br \/>\nA3\t\tBlue Moon Of Kentucky\t2:06<br \/>\nA4\t\tBig River Boogie\t2:30<br \/>\nA5\t\tMe And Bobby McGee\t3:25<br \/>\nA6\t\tTallahassee Lassie\t2:46<br \/>\nA7\t\tHoney Honey\t3:18<br \/>\nB1\t\tThat&#8217;s Rock &#8216;n Roll\t2:21<br \/>\nB2\t\tBuzz Buzz Buzz\t2:23<br \/>\nB3\t\tDon&#8217;t Jive Me No More\t3:43<br \/>\nB4\t\tThe Train Kept A Rollin&#8217;\t2:04<br \/>\nB5\t\tReturn Of The Superstar\t3:20<br \/>\nB6\t\tHoly Moley 2001\t2:29<br \/>\nB7\t\tRiot In Cell Block Nr. 9\t3:02<\/p>","protected":false},"excerpt":{"rendered":"<p>Strand \u2013 6.24694<br \/>\nFormat:<br \/>\nVinyl, LP, Album, Reissue<br \/>\nCountry:<br \/>\nGermany<br \/>\nReleased:<br \/>\n1981<\/p>","protected":false},"featured_media":30684,"template":"","meta":[],"product_cat":[15],"product_tag":[44],"yoast_head":"<!-- This site is optimized with the Yoast SEO plugin v23.5 - https:\/\/yoast.com\/wordpress\/plugins\/seo\/ -->\n<title>Shakin&#039; Stevens \u2013 Shakin&#039; Vinilin\u0117 Plok\u0161tel\u0117 | Vinilozona.lt<\/title>\n<meta name=\"robots\" content=\"index, follow, max-snippet:-1, max-image-preview:large, max-video-preview:-1\" \/>\n<link rel=\"canonical\" href=\"https:\/\/vinilozona.lt\/en\/parduotuve\/rock-pop\/shakin-stevens-and-the-sunsets-\u200e-shakin-stevens-and-the-sunsets\/\" \/>\n<meta property=\"og:locale\" content=\"en_GB\" \/>\n<meta property=\"og:type\" content=\"article\" \/>\n<meta property=\"og:title\" content=\"Shakin&#039; Stevens \u2013 Shakin&#039; Vinilin\u0117 Plok\u0161tel\u0117 | Vinilozona.lt\" \/>\n<meta property=\"og:description\" content=\"Strand \u2013 6.24694 Format: Vinyl, LP, Album, Reissue Country: Germany Released: 1981\" \/>\n<meta property=\"og:url\" content=\"https:\/\/vinilozona.lt\/en\/parduotuve\/rock-pop\/shakin-stevens-and-the-sunsets-\u200e-shakin-stevens-and-the-sunsets\/\" \/>\n<meta property=\"og:site_name\" content=\"Vinilo Zona\" \/>\n<meta property=\"article:modified_time\" content=\"2026-03-17T05:00:52+00:00\" \/>\n<meta property=\"og:image\" content=\"https:\/\/vinilozona.lt\/wp-content\/uploads\/2020\/07\/R-6753767-1425920419-9068.jpg\" \/>\n\t<meta property=\"og:image:width\" content=\"600\" \/>\n\t<meta property=\"og:image:height\" content=\"583\" \/>\n\t<meta property=\"og:image:type\" content=\"image\/jpeg\" \/>\n<meta name=\"twitter:card\" content=\"summary_large_image\" \/>\n<meta name=\"twitter:label1\" content=\"Estimated reading time\" \/>\n\t<meta name=\"twitter:data1\" content=\"1 minute\" \/>\n<script type=\"application\/ld+json\" class=\"yoast-schema-graph\">{\"@context\":\"https:\/\/schema.org\",\"@graph\":[{\"@type\":\"WebPage\",\"@id\":\"https:\/\/vinilozona.lt\/parduotuve\/rock-pop\/shakin-stevens-and-the-sunsets-%e2%80%8e-shakin-stevens-and-the-sunsets\/\",\"url\":\"https:\/\/vinilozona.lt\/parduotuve\/rock-pop\/shakin-stevens-and-the-sunsets-%e2%80%8e-shakin-stevens-and-the-sunsets\/\",\"name\":\"Shakin' Stevens \u2013 Shakin' Vinilin\u0117 Plok\u0161tel\u0117 | Vinilozona.lt\",\"isPartOf\":{\"@id\":\"https:\/\/vinilozona.lt\/#website\"},\"primaryImageOfPage\":{\"@id\":\"https:\/\/vinilozona.lt\/parduotuve\/rock-pop\/shakin-stevens-and-the-sunsets-%e2%80%8e-shakin-stevens-and-the-sunsets\/#primaryimage\"},\"image\":{\"@id\":\"https:\/\/vinilozona.lt\/parduotuve\/rock-pop\/shakin-stevens-and-the-sunsets-%e2%80%8e-shakin-stevens-and-the-sunsets\/#primaryimage\"},\"thumbnailUrl\":\"https:\/\/vinilozona.lt\/wp-content\/uploads\/2020\/07\/R-6753767-1425920419-9068.jpg\",\"datePublished\":\"2026-03-17T03:33:36+00:00\",\"dateModified\":\"2026-03-17T05:00:52+00:00\",\"breadcrumb\":{\"@id\":\"https:\/\/vinilozona.lt\/parduotuve\/rock-pop\/shakin-stevens-and-the-sunsets-%e2%80%8e-shakin-stevens-and-the-sunsets\/#breadcrumb\"},\"inLanguage\":\"en-GB\",\"potentialAction\":[{\"@type\":\"ReadAction\",\"target\":[\"https:\/\/vinilozona.lt\/parduotuve\/rock-pop\/shakin-stevens-and-the-sunsets-%e2%80%8e-shakin-stevens-and-the-sunsets\/\"]}]},{\"@type\":\"ImageObject\",\"inLanguage\":\"en-GB\",\"@id\":\"https:\/\/vinilozona.lt\/parduotuve\/rock-pop\/shakin-stevens-and-the-sunsets-%e2%80%8e-shakin-stevens-and-the-sunsets\/#primaryimage\",\"url\":\"https:\/\/vinilozona.lt\/wp-content\/uploads\/2020\/07\/R-6753767-1425920419-9068.jpg\",\"contentUrl\":\"https:\/\/vinilozona.lt\/wp-content\/uploads\/2020\/07\/R-6753767-1425920419-9068.jpg\",\"width\":600,\"height\":583},{\"@type\":\"BreadcrumbList\",\"@id\":\"https:\/\/vinilozona.lt\/parduotuve\/rock-pop\/shakin-stevens-and-the-sunsets-%e2%80%8e-shakin-stevens-and-the-sunsets\/#breadcrumb\",\"itemListElement\":[{\"@type\":\"ListItem\",\"position\":1,\"name\":\"Home\",\"item\":\"https:\/\/vinilozona.lt\/\"},{\"@type\":\"ListItem\",\"position\":2,\"name\":\"Parduotuv\u0117\",\"item\":\"https:\/\/vinilozona.lt\/parduotuve\/\"},{\"@type\":\"ListItem\",\"position\":3,\"name\":\"Shakin&#8217; Stevens \u2013 Shakin&#8217;\"}]},{\"@type\":\"WebSite\",\"@id\":\"https:\/\/vinilozona.lt\/#website\",\"url\":\"https:\/\/vinilozona.lt\/\",\"name\":\"Vinilo Zona\",\"description\":\"Nup\u016bsk dulkes ir klausyk LP\",\"potentialAction\":[{\"@type\":\"SearchAction\",\"target\":{\"@type\":\"EntryPoint\",\"urlTemplate\":\"https:\/\/vinilozona.lt\/?s={search_term_string}\"},\"query-input\":{\"@type\":\"PropertyValueSpecification\",\"valueRequired\":true,\"valueName\":\"search_term_string\"}}],\"inLanguage\":\"en-GB\"}]}<\/script>\n<!-- \/ Yoast SEO plugin. -->","yoast_head_json":{"title":"Shakin' Stevens \u2013 Shakin' Vinilin\u0117 Plok\u0161tel\u0117 | Vinilozona.lt","robots":{"index":"index","follow":"follow","max-snippet":"max-snippet:-1","max-image-preview":"max-image-preview:large","max-video-preview":"max-video-preview:-1"},"canonical":"https:\/\/vinilozona.lt\/en\/parduotuve\/rock-pop\/shakin-stevens-and-the-sunsets-\u200e-shakin-stevens-and-the-sunsets\/","og_locale":"en_GB","og_type":"article","og_title":"Shakin' Stevens \u2013 Shakin' Vinilin\u0117 Plok\u0161tel\u0117 | Vinilozona.lt","og_description":"Strand \u2013 6.24694 Format: Vinyl, LP, Album, Reissue Country: Germany Released: 1981","og_url":"https:\/\/vinilozona.lt\/en\/parduotuve\/rock-pop\/shakin-stevens-and-the-sunsets-\u200e-shakin-stevens-and-the-sunsets\/","og_site_name":"Vinilo Zona","article_modified_time":"2026-03-17T05:00:52+00:00","og_image":[{"width":600,"height":583,"url":"https:\/\/vinilozona.lt\/wp-content\/uploads\/2020\/07\/R-6753767-1425920419-9068.jpg","type":"image\/jpeg"}],"twitter_card":"summary_large_image","twitter_misc":{"Estimated reading time":"1 minute"},"schema":{"@context":"https:\/\/schema.org","@graph":[{"@type":"WebPage","@id":"https:\/\/vinilozona.lt\/parduotuve\/rock-pop\/shakin-stevens-and-the-sunsets-%e2%80%8e-shakin-stevens-and-the-sunsets\/","url":"https:\/\/vinilozona.lt\/parduotuve\/rock-pop\/shakin-stevens-and-the-sunsets-%e2%80%8e-shakin-stevens-and-the-sunsets\/","name":"Shakin' Stevens \u2013 Shakin' Vinilin\u0117 Plok\u0161tel\u0117 | Vinilozona.lt","isPartOf":{"@id":"https:\/\/vinilozona.lt\/#website"},"primaryImageOfPage":{"@id":"https:\/\/vinilozona.lt\/parduotuve\/rock-pop\/shakin-stevens-and-the-sunsets-%e2%80%8e-shakin-stevens-and-the-sunsets\/#primaryimage"},"image":{"@id":"https:\/\/vinilozona.lt\/parduotuve\/rock-pop\/shakin-stevens-and-the-sunsets-%e2%80%8e-shakin-stevens-and-the-sunsets\/#primaryimage"},"thumbnailUrl":"https:\/\/vinilozona.lt\/wp-content\/uploads\/2020\/07\/R-6753767-1425920419-9068.jpg","datePublished":"2026-03-17T03:33:36+00:00","dateModified":"2026-03-17T05:00:52+00:00","breadcrumb":{"@id":"https:\/\/vinilozona.lt\/parduotuve\/rock-pop\/shakin-stevens-and-the-sunsets-%e2%80%8e-shakin-stevens-and-the-sunsets\/#breadcrumb"},"inLanguage":"en-GB","potentialAction":[{"@type":"ReadAction","target":["https:\/\/vinilozona.lt\/parduotuve\/rock-pop\/shakin-stevens-and-the-sunsets-%e2%80%8e-shakin-stevens-and-the-sunsets\/"]}]},{"@type":"ImageObject","inLanguage":"en-GB","@id":"https:\/\/vinilozona.lt\/parduotuve\/rock-pop\/shakin-stevens-and-the-sunsets-%e2%80%8e-shakin-stevens-and-the-sunsets\/#primaryimage","url":"https:\/\/vinilozona.lt\/wp-content\/uploads\/2020\/07\/R-6753767-1425920419-9068.jpg","contentUrl":"https:\/\/vinilozona.lt\/wp-content\/uploads\/2020\/07\/R-6753767-1425920419-9068.jpg","width":600,"height":583},{"@type":"BreadcrumbList","@id":"https:\/\/vinilozona.lt\/parduotuve\/rock-pop\/shakin-stevens-and-the-sunsets-%e2%80%8e-shakin-stevens-and-the-sunsets\/#breadcrumb","itemListElement":[{"@type":"ListItem","position":1,"name":"Home","item":"https:\/\/vinilozona.lt\/"},{"@type":"ListItem","position":2,"name":"Parduotuv\u0117","item":"https:\/\/vinilozona.lt\/parduotuve\/"},{"@type":"ListItem","position":3,"name":"Shakin&#8217; Stevens \u2013 Shakin&#8217;"}]},{"@type":"WebSite","@id":"https:\/\/vinilozona.lt\/#website","url":"https:\/\/vinilozona.lt\/","name":"Vinilo Zona","description":"Nup\u016bsk dulkes ir klausyk LP","potentialAction":[{"@type":"SearchAction","target":{"@type":"EntryPoint","urlTemplate":"https:\/\/vinilozona.lt\/?s={search_term_string}"},"query-input":{"@type":"PropertyValueSpecification","valueRequired":true,"valueName":"search_term_string"}}],"inLanguage":"en-GB"}]}},"_links":{"self":[{"href":"https:\/\/vinilozona.lt\/en\/wp-json\/wp\/v2\/product\/11212"}],"collection":[{"href":"https:\/\/vinilozona.lt\/en\/wp-json\/wp\/v2\/product"}],"about":[{"href":"https:\/\/vinilozona.lt\/en\/wp-json\/wp\/v2\/types\/product"}],"wp:featuredmedia":[{"embeddable":true,"href":"https:\/\/vinilozona.lt\/en\/wp-json\/wp\/v2\/media\/30684"}],"wp:attachment":[{"href":"https:\/\/vinilozona.lt\/en\/wp-json\/wp\/v2\/media?parent=11212"}],"wp:term":[{"taxonomy":"product_cat","embeddable":true,"href":"https:\/\/vinilozona.lt\/en\/wp-json\/wp\/v2\/product_cat?post=11212"},{"taxonomy":"product_tag","embeddable":true,"href":"https:\/\/vinilozona.lt\/en\/wp-json\/wp\/v2\/product_tag?post=11212"}],"curies":[{"name":"wp","href":"https:\/\/api.w.org\/{rel}","templated":true}]}}