{"id":11194,"date":"2024-02-28T05:05:58","date_gmt":"2024-02-28T03:05:58","guid":{"rendered":"https:\/\/vinilozona.lt\/?post_type=product&#038;p=11194"},"modified":"2025-03-18T14:03:20","modified_gmt":"2025-03-18T12:03:20","slug":"hiperbole-%e2%80%8e-pamirsk-mane-geriausios-dainos","status":"publish","type":"product","link":"https:\/\/vinilozona.lt\/en\/parduotuve\/lietuviska\/hiperbole-%e2%80%8e-pamirsk-mane-geriausios-dainos\/","title":{"rendered":"Hiperbol\u0117 \u200e\u2013 Pamir\u0161k Mane (Geriausios Dainos)"},"content":{"rendered":"<p>A1\t\tKaip Gera Tur\u0117ti Namus  4:48<br \/>\nA2\t\tLaimei  2:44<br \/>\nA3\t\tKod\u0117l?  3:36<br \/>\nA4\t\tKai Nieko Neturi  3:33<br \/>\nA5\t\t\u017dingsniai  4:49<br \/>\nB1\t\tSugr\u012f\u017ek  4:48<br \/>\nB2\t\tI\u0161galvotas Gyvenimas  3:01<br \/>\nB3\t\tPa\u017einimas  3:50<br \/>\nB4\t\tRugiuose  4:27<br \/>\nB5\t\tPamir\u0161k Mane  5:51<\/p>","protected":false},"excerpt":{"rendered":"<p>Zona Records \u200e\u2013 ZN 004<br \/>\nSeries:<br \/>\nLietuvos Rokas \u2013 Nr. 1<br \/>\nFormat:<br \/>\nVinyl, LP, Compilation, Remastered, Stereo<br \/>\nCountry:<br \/>\nLithuania<br \/>\nReleased:<br \/>\n15 Oct 1991<\/p>","protected":false},"featured_media":11195,"template":"","meta":[],"product_cat":[19],"product_tag":[44],"yoast_head":"<!-- This site is optimized with the Yoast SEO plugin v23.5 - https:\/\/yoast.com\/wordpress\/plugins\/seo\/ -->\n<title>Hiperbol\u0117 \u200e\u2013 Pamir\u0161k Mane (Geriausios Dainos) Vinilin\u0117 Plok\u0161tel\u0117 | Vinilozona.lt<\/title>\n<meta name=\"robots\" content=\"index, follow, max-snippet:-1, max-image-preview:large, max-video-preview:-1\" \/>\n<link rel=\"canonical\" href=\"https:\/\/vinilozona.lt\/en\/parduotuve\/lietuviska\/hiperbole-\u200e-pamirsk-mane-geriausios-dainos\/\" \/>\n<meta property=\"og:locale\" content=\"en_GB\" \/>\n<meta property=\"og:type\" content=\"article\" \/>\n<meta property=\"og:title\" content=\"Hiperbol\u0117 \u200e\u2013 Pamir\u0161k Mane (Geriausios Dainos) Vinilin\u0117 Plok\u0161tel\u0117 | Vinilozona.lt\" \/>\n<meta property=\"og:description\" content=\"Zona Records \u200e\u2013 ZN 004 Series: Lietuvos Rokas \u2013 Nr. 1 Format: Vinyl, LP, Compilation, Remastered, Stereo Country: Lithuania Released: 15 Oct 1991\" \/>\n<meta property=\"og:url\" content=\"https:\/\/vinilozona.lt\/en\/parduotuve\/lietuviska\/hiperbole-\u200e-pamirsk-mane-geriausios-dainos\/\" \/>\n<meta property=\"og:site_name\" content=\"Vinilo Zona\" \/>\n<meta property=\"article:modified_time\" content=\"2025-03-18T12:03:20+00:00\" \/>\n<meta property=\"og:image\" content=\"https:\/\/vinilozona.lt\/wp-content\/uploads\/2020\/07\/R-1993342-1302892968.jpeg.jpg\" \/>\n\t<meta property=\"og:image:width\" content=\"337\" \/>\n\t<meta property=\"og:image:height\" content=\"336\" \/>\n\t<meta property=\"og:image:type\" content=\"image\/jpeg\" \/>\n<meta name=\"twitter:card\" content=\"summary_large_image\" \/>\n<script type=\"application\/ld+json\" class=\"yoast-schema-graph\">{\"@context\":\"https:\/\/schema.org\",\"@graph\":[{\"@type\":\"WebPage\",\"@id\":\"https:\/\/vinilozona.lt\/parduotuve\/lietuviska\/hiperbole-%e2%80%8e-pamirsk-mane-geriausios-dainos\/\",\"url\":\"https:\/\/vinilozona.lt\/parduotuve\/lietuviska\/hiperbole-%e2%80%8e-pamirsk-mane-geriausios-dainos\/\",\"name\":\"Hiperbol\u0117 \u200e\u2013 Pamir\u0161k Mane (Geriausios Dainos) Vinilin\u0117 Plok\u0161tel\u0117 | Vinilozona.lt\",\"isPartOf\":{\"@id\":\"https:\/\/vinilozona.lt\/#website\"},\"primaryImageOfPage\":{\"@id\":\"https:\/\/vinilozona.lt\/parduotuve\/lietuviska\/hiperbole-%e2%80%8e-pamirsk-mane-geriausios-dainos\/#primaryimage\"},\"image\":{\"@id\":\"https:\/\/vinilozona.lt\/parduotuve\/lietuviska\/hiperbole-%e2%80%8e-pamirsk-mane-geriausios-dainos\/#primaryimage\"},\"thumbnailUrl\":\"https:\/\/vinilozona.lt\/wp-content\/uploads\/2020\/07\/R-1993342-1302892968.jpeg.jpg\",\"datePublished\":\"2024-02-28T03:05:58+00:00\",\"dateModified\":\"2025-03-18T12:03:20+00:00\",\"breadcrumb\":{\"@id\":\"https:\/\/vinilozona.lt\/parduotuve\/lietuviska\/hiperbole-%e2%80%8e-pamirsk-mane-geriausios-dainos\/#breadcrumb\"},\"inLanguage\":\"en-GB\",\"potentialAction\":[{\"@type\":\"ReadAction\",\"target\":[\"https:\/\/vinilozona.lt\/parduotuve\/lietuviska\/hiperbole-%e2%80%8e-pamirsk-mane-geriausios-dainos\/\"]}]},{\"@type\":\"ImageObject\",\"inLanguage\":\"en-GB\",\"@id\":\"https:\/\/vinilozona.lt\/parduotuve\/lietuviska\/hiperbole-%e2%80%8e-pamirsk-mane-geriausios-dainos\/#primaryimage\",\"url\":\"https:\/\/vinilozona.lt\/wp-content\/uploads\/2020\/07\/R-1993342-1302892968.jpeg.jpg\",\"contentUrl\":\"https:\/\/vinilozona.lt\/wp-content\/uploads\/2020\/07\/R-1993342-1302892968.jpeg.jpg\",\"width\":337,\"height\":336},{\"@type\":\"BreadcrumbList\",\"@id\":\"https:\/\/vinilozona.lt\/parduotuve\/lietuviska\/hiperbole-%e2%80%8e-pamirsk-mane-geriausios-dainos\/#breadcrumb\",\"itemListElement\":[{\"@type\":\"ListItem\",\"position\":1,\"name\":\"Home\",\"item\":\"https:\/\/vinilozona.lt\/\"},{\"@type\":\"ListItem\",\"position\":2,\"name\":\"Parduotuv\u0117\",\"item\":\"https:\/\/vinilozona.lt\/parduotuve\/\"},{\"@type\":\"ListItem\",\"position\":3,\"name\":\"Hiperbol\u0117 \u200e\u2013 Pamir\u0161k Mane (Geriausios Dainos)\"}]},{\"@type\":\"WebSite\",\"@id\":\"https:\/\/vinilozona.lt\/#website\",\"url\":\"https:\/\/vinilozona.lt\/\",\"name\":\"Vinilo Zona\",\"description\":\"Nup\u016bsk dulkes ir klausyk LP\",\"potentialAction\":[{\"@type\":\"SearchAction\",\"target\":{\"@type\":\"EntryPoint\",\"urlTemplate\":\"https:\/\/vinilozona.lt\/?s={search_term_string}\"},\"query-input\":{\"@type\":\"PropertyValueSpecification\",\"valueRequired\":true,\"valueName\":\"search_term_string\"}}],\"inLanguage\":\"en-GB\"}]}<\/script>\n<!-- \/ Yoast SEO plugin. -->","yoast_head_json":{"title":"Hiperbol\u0117 \u200e\u2013 Pamir\u0161k Mane (Geriausios Dainos) Vinilin\u0117 Plok\u0161tel\u0117 | Vinilozona.lt","robots":{"index":"index","follow":"follow","max-snippet":"max-snippet:-1","max-image-preview":"max-image-preview:large","max-video-preview":"max-video-preview:-1"},"canonical":"https:\/\/vinilozona.lt\/en\/parduotuve\/lietuviska\/hiperbole-\u200e-pamirsk-mane-geriausios-dainos\/","og_locale":"en_GB","og_type":"article","og_title":"Hiperbol\u0117 \u200e\u2013 Pamir\u0161k Mane (Geriausios Dainos) Vinilin\u0117 Plok\u0161tel\u0117 | Vinilozona.lt","og_description":"Zona Records \u200e\u2013 ZN 004 Series: Lietuvos Rokas \u2013 Nr. 1 Format: Vinyl, LP, Compilation, Remastered, Stereo Country: Lithuania Released: 15 Oct 1991","og_url":"https:\/\/vinilozona.lt\/en\/parduotuve\/lietuviska\/hiperbole-\u200e-pamirsk-mane-geriausios-dainos\/","og_site_name":"Vinilo Zona","article_modified_time":"2025-03-18T12:03:20+00:00","og_image":[{"width":337,"height":336,"url":"https:\/\/vinilozona.lt\/wp-content\/uploads\/2020\/07\/R-1993342-1302892968.jpeg.jpg","type":"image\/jpeg"}],"twitter_card":"summary_large_image","schema":{"@context":"https:\/\/schema.org","@graph":[{"@type":"WebPage","@id":"https:\/\/vinilozona.lt\/parduotuve\/lietuviska\/hiperbole-%e2%80%8e-pamirsk-mane-geriausios-dainos\/","url":"https:\/\/vinilozona.lt\/parduotuve\/lietuviska\/hiperbole-%e2%80%8e-pamirsk-mane-geriausios-dainos\/","name":"Hiperbol\u0117 \u200e\u2013 Pamir\u0161k Mane (Geriausios Dainos) Vinilin\u0117 Plok\u0161tel\u0117 | Vinilozona.lt","isPartOf":{"@id":"https:\/\/vinilozona.lt\/#website"},"primaryImageOfPage":{"@id":"https:\/\/vinilozona.lt\/parduotuve\/lietuviska\/hiperbole-%e2%80%8e-pamirsk-mane-geriausios-dainos\/#primaryimage"},"image":{"@id":"https:\/\/vinilozona.lt\/parduotuve\/lietuviska\/hiperbole-%e2%80%8e-pamirsk-mane-geriausios-dainos\/#primaryimage"},"thumbnailUrl":"https:\/\/vinilozona.lt\/wp-content\/uploads\/2020\/07\/R-1993342-1302892968.jpeg.jpg","datePublished":"2024-02-28T03:05:58+00:00","dateModified":"2025-03-18T12:03:20+00:00","breadcrumb":{"@id":"https:\/\/vinilozona.lt\/parduotuve\/lietuviska\/hiperbole-%e2%80%8e-pamirsk-mane-geriausios-dainos\/#breadcrumb"},"inLanguage":"en-GB","potentialAction":[{"@type":"ReadAction","target":["https:\/\/vinilozona.lt\/parduotuve\/lietuviska\/hiperbole-%e2%80%8e-pamirsk-mane-geriausios-dainos\/"]}]},{"@type":"ImageObject","inLanguage":"en-GB","@id":"https:\/\/vinilozona.lt\/parduotuve\/lietuviska\/hiperbole-%e2%80%8e-pamirsk-mane-geriausios-dainos\/#primaryimage","url":"https:\/\/vinilozona.lt\/wp-content\/uploads\/2020\/07\/R-1993342-1302892968.jpeg.jpg","contentUrl":"https:\/\/vinilozona.lt\/wp-content\/uploads\/2020\/07\/R-1993342-1302892968.jpeg.jpg","width":337,"height":336},{"@type":"BreadcrumbList","@id":"https:\/\/vinilozona.lt\/parduotuve\/lietuviska\/hiperbole-%e2%80%8e-pamirsk-mane-geriausios-dainos\/#breadcrumb","itemListElement":[{"@type":"ListItem","position":1,"name":"Home","item":"https:\/\/vinilozona.lt\/"},{"@type":"ListItem","position":2,"name":"Parduotuv\u0117","item":"https:\/\/vinilozona.lt\/parduotuve\/"},{"@type":"ListItem","position":3,"name":"Hiperbol\u0117 \u200e\u2013 Pamir\u0161k Mane (Geriausios Dainos)"}]},{"@type":"WebSite","@id":"https:\/\/vinilozona.lt\/#website","url":"https:\/\/vinilozona.lt\/","name":"Vinilo Zona","description":"Nup\u016bsk dulkes ir klausyk LP","potentialAction":[{"@type":"SearchAction","target":{"@type":"EntryPoint","urlTemplate":"https:\/\/vinilozona.lt\/?s={search_term_string}"},"query-input":{"@type":"PropertyValueSpecification","valueRequired":true,"valueName":"search_term_string"}}],"inLanguage":"en-GB"}]}},"_links":{"self":[{"href":"https:\/\/vinilozona.lt\/en\/wp-json\/wp\/v2\/product\/11194"}],"collection":[{"href":"https:\/\/vinilozona.lt\/en\/wp-json\/wp\/v2\/product"}],"about":[{"href":"https:\/\/vinilozona.lt\/en\/wp-json\/wp\/v2\/types\/product"}],"wp:featuredmedia":[{"embeddable":true,"href":"https:\/\/vinilozona.lt\/en\/wp-json\/wp\/v2\/media\/11195"}],"wp:attachment":[{"href":"https:\/\/vinilozona.lt\/en\/wp-json\/wp\/v2\/media?parent=11194"}],"wp:term":[{"taxonomy":"product_cat","embeddable":true,"href":"https:\/\/vinilozona.lt\/en\/wp-json\/wp\/v2\/product_cat?post=11194"},{"taxonomy":"product_tag","embeddable":true,"href":"https:\/\/vinilozona.lt\/en\/wp-json\/wp\/v2\/product_tag?post=11194"}],"curies":[{"name":"wp","href":"https:\/\/api.w.org\/{rel}","templated":true}]}}