{"id":11086,"date":"2025-05-31T05:15:52","date_gmt":"2025-05-31T02:15:52","guid":{"rendered":"https:\/\/vinilozona.lt\/?post_type=product&#038;p=11086"},"modified":"2025-05-29T17:08:18","modified_gmt":"2025-05-29T14:08:18","slug":"various-%e2%80%8e-fingers-off-stranglers-japan-roxy-music-duran-duran-omd-and-more","status":"publish","type":"product","link":"https:\/\/vinilozona.lt\/en\/parduotuve\/rock-pop\/various-%e2%80%8e-fingers-off-stranglers-japan-roxy-music-duran-duran-omd-and-more\/","title":{"rendered":"Roxy Music \u2013 The Atlantic Years 1973 &#8211; 1980"},"content":{"rendered":"<p>A1\t\tDance Away  3:45<br \/>\nA2\t\tAngel Eyes  3:32<br \/>\nA3\t\tOver You  3:30<br \/>\nA4\t\tLove Is The Drug  4:05<br \/>\nA5\t\tOh Yeah  4:50<br \/>\nB1\t\tAin&#8217;t That So  5:39<br \/>\nB2\t\tMy Only Love  5:00<br \/>\nB3\t\tIn The Midnight Hour  3:11<br \/>\nB4\t\tStill Falls The Rain  4:11<br \/>\nB5\t\tDo The Strand  4:00<\/p>","protected":false},"excerpt":{"rendered":"<p>EGLP 54<br \/>\nFormat:<br \/>\nVinyl, LP, Compilation<br \/>\nCountry:\tUK<br \/>\nReleased:\t1983<\/p>","protected":false},"featured_media":22760,"template":"","meta":[],"product_cat":[15],"product_tag":[55],"yoast_head":"<!-- This site is optimized with the Yoast SEO plugin v23.5 - https:\/\/yoast.com\/wordpress\/plugins\/seo\/ -->\n<title>Roxy Music \u2013 The Atlantic Years 1973 - 1980 Vinilin\u0117 Plok\u0161tel\u0117 | Vinilozona.lt<\/title>\n<meta name=\"robots\" content=\"index, follow, max-snippet:-1, max-image-preview:large, max-video-preview:-1\" \/>\n<link rel=\"canonical\" href=\"https:\/\/vinilozona.lt\/en\/parduotuve\/rock-pop\/various-\u200e-fingers-off-stranglers-japan-roxy-music-duran-duran-omd-and-more\/\" \/>\n<meta property=\"og:locale\" content=\"en_GB\" \/>\n<meta property=\"og:type\" content=\"article\" \/>\n<meta property=\"og:title\" content=\"Roxy Music \u2013 The Atlantic Years 1973 - 1980 Vinilin\u0117 Plok\u0161tel\u0117 | Vinilozona.lt\" \/>\n<meta property=\"og:description\" content=\"EGLP 54 Format:  Vinyl, LP, Compilation Country: UK Released: 1983\" \/>\n<meta property=\"og:url\" content=\"https:\/\/vinilozona.lt\/en\/parduotuve\/rock-pop\/various-\u200e-fingers-off-stranglers-japan-roxy-music-duran-duran-omd-and-more\/\" \/>\n<meta property=\"og:site_name\" content=\"Vinilo Zona\" \/>\n<meta property=\"article:modified_time\" content=\"2025-05-29T14:08:18+00:00\" \/>\n<meta property=\"og:image\" content=\"https:\/\/vinilozona.lt\/wp-content\/uploads\/2020\/07\/R-1280660-1315844558.jpg\" \/>\n\t<meta property=\"og:image:width\" content=\"400\" \/>\n\t<meta property=\"og:image:height\" content=\"400\" \/>\n\t<meta property=\"og:image:type\" content=\"image\/jpeg\" \/>\n<meta name=\"twitter:card\" content=\"summary_large_image\" \/>\n<meta name=\"twitter:label1\" content=\"Estimated reading time\" \/>\n\t<meta name=\"twitter:data1\" content=\"1 minute\" \/>\n<script type=\"application\/ld+json\" class=\"yoast-schema-graph\">{\"@context\":\"https:\/\/schema.org\",\"@graph\":[{\"@type\":\"WebPage\",\"@id\":\"https:\/\/vinilozona.lt\/parduotuve\/rock-pop\/various-%e2%80%8e-fingers-off-stranglers-japan-roxy-music-duran-duran-omd-and-more\/\",\"url\":\"https:\/\/vinilozona.lt\/parduotuve\/rock-pop\/various-%e2%80%8e-fingers-off-stranglers-japan-roxy-music-duran-duran-omd-and-more\/\",\"name\":\"Roxy Music \u2013 The Atlantic Years 1973 - 1980 Vinilin\u0117 Plok\u0161tel\u0117 | Vinilozona.lt\",\"isPartOf\":{\"@id\":\"https:\/\/vinilozona.lt\/#website\"},\"primaryImageOfPage\":{\"@id\":\"https:\/\/vinilozona.lt\/parduotuve\/rock-pop\/various-%e2%80%8e-fingers-off-stranglers-japan-roxy-music-duran-duran-omd-and-more\/#primaryimage\"},\"image\":{\"@id\":\"https:\/\/vinilozona.lt\/parduotuve\/rock-pop\/various-%e2%80%8e-fingers-off-stranglers-japan-roxy-music-duran-duran-omd-and-more\/#primaryimage\"},\"thumbnailUrl\":\"https:\/\/vinilozona.lt\/wp-content\/uploads\/2020\/07\/R-1280660-1315844558.jpg\",\"datePublished\":\"2025-05-31T02:15:52+00:00\",\"dateModified\":\"2025-05-29T14:08:18+00:00\",\"breadcrumb\":{\"@id\":\"https:\/\/vinilozona.lt\/parduotuve\/rock-pop\/various-%e2%80%8e-fingers-off-stranglers-japan-roxy-music-duran-duran-omd-and-more\/#breadcrumb\"},\"inLanguage\":\"en-GB\",\"potentialAction\":[{\"@type\":\"ReadAction\",\"target\":[\"https:\/\/vinilozona.lt\/parduotuve\/rock-pop\/various-%e2%80%8e-fingers-off-stranglers-japan-roxy-music-duran-duran-omd-and-more\/\"]}]},{\"@type\":\"ImageObject\",\"inLanguage\":\"en-GB\",\"@id\":\"https:\/\/vinilozona.lt\/parduotuve\/rock-pop\/various-%e2%80%8e-fingers-off-stranglers-japan-roxy-music-duran-duran-omd-and-more\/#primaryimage\",\"url\":\"https:\/\/vinilozona.lt\/wp-content\/uploads\/2020\/07\/R-1280660-1315844558.jpg\",\"contentUrl\":\"https:\/\/vinilozona.lt\/wp-content\/uploads\/2020\/07\/R-1280660-1315844558.jpg\",\"width\":400,\"height\":400},{\"@type\":\"BreadcrumbList\",\"@id\":\"https:\/\/vinilozona.lt\/parduotuve\/rock-pop\/various-%e2%80%8e-fingers-off-stranglers-japan-roxy-music-duran-duran-omd-and-more\/#breadcrumb\",\"itemListElement\":[{\"@type\":\"ListItem\",\"position\":1,\"name\":\"Home\",\"item\":\"https:\/\/vinilozona.lt\/\"},{\"@type\":\"ListItem\",\"position\":2,\"name\":\"Parduotuv\u0117\",\"item\":\"https:\/\/vinilozona.lt\/parduotuve\/\"},{\"@type\":\"ListItem\",\"position\":3,\"name\":\"Roxy Music \u2013 The Atlantic Years 1973 &#8211; 1980\"}]},{\"@type\":\"WebSite\",\"@id\":\"https:\/\/vinilozona.lt\/#website\",\"url\":\"https:\/\/vinilozona.lt\/\",\"name\":\"Vinilo Zona\",\"description\":\"Nup\u016bsk dulkes ir klausyk LP\",\"potentialAction\":[{\"@type\":\"SearchAction\",\"target\":{\"@type\":\"EntryPoint\",\"urlTemplate\":\"https:\/\/vinilozona.lt\/?s={search_term_string}\"},\"query-input\":{\"@type\":\"PropertyValueSpecification\",\"valueRequired\":true,\"valueName\":\"search_term_string\"}}],\"inLanguage\":\"en-GB\"}]}<\/script>\n<!-- \/ Yoast SEO plugin. -->","yoast_head_json":{"title":"Roxy Music \u2013 The Atlantic Years 1973 - 1980 Vinilin\u0117 Plok\u0161tel\u0117 | Vinilozona.lt","robots":{"index":"index","follow":"follow","max-snippet":"max-snippet:-1","max-image-preview":"max-image-preview:large","max-video-preview":"max-video-preview:-1"},"canonical":"https:\/\/vinilozona.lt\/en\/parduotuve\/rock-pop\/various-\u200e-fingers-off-stranglers-japan-roxy-music-duran-duran-omd-and-more\/","og_locale":"en_GB","og_type":"article","og_title":"Roxy Music \u2013 The Atlantic Years 1973 - 1980 Vinilin\u0117 Plok\u0161tel\u0117 | Vinilozona.lt","og_description":"EGLP 54 Format:  Vinyl, LP, Compilation Country: UK Released: 1983","og_url":"https:\/\/vinilozona.lt\/en\/parduotuve\/rock-pop\/various-\u200e-fingers-off-stranglers-japan-roxy-music-duran-duran-omd-and-more\/","og_site_name":"Vinilo Zona","article_modified_time":"2025-05-29T14:08:18+00:00","og_image":[{"width":400,"height":400,"url":"https:\/\/vinilozona.lt\/wp-content\/uploads\/2020\/07\/R-1280660-1315844558.jpg","type":"image\/jpeg"}],"twitter_card":"summary_large_image","twitter_misc":{"Estimated reading time":"1 minute"},"schema":{"@context":"https:\/\/schema.org","@graph":[{"@type":"WebPage","@id":"https:\/\/vinilozona.lt\/parduotuve\/rock-pop\/various-%e2%80%8e-fingers-off-stranglers-japan-roxy-music-duran-duran-omd-and-more\/","url":"https:\/\/vinilozona.lt\/parduotuve\/rock-pop\/various-%e2%80%8e-fingers-off-stranglers-japan-roxy-music-duran-duran-omd-and-more\/","name":"Roxy Music \u2013 The Atlantic Years 1973 - 1980 Vinilin\u0117 Plok\u0161tel\u0117 | Vinilozona.lt","isPartOf":{"@id":"https:\/\/vinilozona.lt\/#website"},"primaryImageOfPage":{"@id":"https:\/\/vinilozona.lt\/parduotuve\/rock-pop\/various-%e2%80%8e-fingers-off-stranglers-japan-roxy-music-duran-duran-omd-and-more\/#primaryimage"},"image":{"@id":"https:\/\/vinilozona.lt\/parduotuve\/rock-pop\/various-%e2%80%8e-fingers-off-stranglers-japan-roxy-music-duran-duran-omd-and-more\/#primaryimage"},"thumbnailUrl":"https:\/\/vinilozona.lt\/wp-content\/uploads\/2020\/07\/R-1280660-1315844558.jpg","datePublished":"2025-05-31T02:15:52+00:00","dateModified":"2025-05-29T14:08:18+00:00","breadcrumb":{"@id":"https:\/\/vinilozona.lt\/parduotuve\/rock-pop\/various-%e2%80%8e-fingers-off-stranglers-japan-roxy-music-duran-duran-omd-and-more\/#breadcrumb"},"inLanguage":"en-GB","potentialAction":[{"@type":"ReadAction","target":["https:\/\/vinilozona.lt\/parduotuve\/rock-pop\/various-%e2%80%8e-fingers-off-stranglers-japan-roxy-music-duran-duran-omd-and-more\/"]}]},{"@type":"ImageObject","inLanguage":"en-GB","@id":"https:\/\/vinilozona.lt\/parduotuve\/rock-pop\/various-%e2%80%8e-fingers-off-stranglers-japan-roxy-music-duran-duran-omd-and-more\/#primaryimage","url":"https:\/\/vinilozona.lt\/wp-content\/uploads\/2020\/07\/R-1280660-1315844558.jpg","contentUrl":"https:\/\/vinilozona.lt\/wp-content\/uploads\/2020\/07\/R-1280660-1315844558.jpg","width":400,"height":400},{"@type":"BreadcrumbList","@id":"https:\/\/vinilozona.lt\/parduotuve\/rock-pop\/various-%e2%80%8e-fingers-off-stranglers-japan-roxy-music-duran-duran-omd-and-more\/#breadcrumb","itemListElement":[{"@type":"ListItem","position":1,"name":"Home","item":"https:\/\/vinilozona.lt\/"},{"@type":"ListItem","position":2,"name":"Parduotuv\u0117","item":"https:\/\/vinilozona.lt\/parduotuve\/"},{"@type":"ListItem","position":3,"name":"Roxy Music \u2013 The Atlantic Years 1973 &#8211; 1980"}]},{"@type":"WebSite","@id":"https:\/\/vinilozona.lt\/#website","url":"https:\/\/vinilozona.lt\/","name":"Vinilo Zona","description":"Nup\u016bsk dulkes ir klausyk LP","potentialAction":[{"@type":"SearchAction","target":{"@type":"EntryPoint","urlTemplate":"https:\/\/vinilozona.lt\/?s={search_term_string}"},"query-input":{"@type":"PropertyValueSpecification","valueRequired":true,"valueName":"search_term_string"}}],"inLanguage":"en-GB"}]}},"_links":{"self":[{"href":"https:\/\/vinilozona.lt\/en\/wp-json\/wp\/v2\/product\/11086"}],"collection":[{"href":"https:\/\/vinilozona.lt\/en\/wp-json\/wp\/v2\/product"}],"about":[{"href":"https:\/\/vinilozona.lt\/en\/wp-json\/wp\/v2\/types\/product"}],"wp:featuredmedia":[{"embeddable":true,"href":"https:\/\/vinilozona.lt\/en\/wp-json\/wp\/v2\/media\/22760"}],"wp:attachment":[{"href":"https:\/\/vinilozona.lt\/en\/wp-json\/wp\/v2\/media?parent=11086"}],"wp:term":[{"taxonomy":"product_cat","embeddable":true,"href":"https:\/\/vinilozona.lt\/en\/wp-json\/wp\/v2\/product_cat?post=11086"},{"taxonomy":"product_tag","embeddable":true,"href":"https:\/\/vinilozona.lt\/en\/wp-json\/wp\/v2\/product_tag?post=11086"}],"curies":[{"name":"wp","href":"https:\/\/api.w.org\/{rel}","templated":true}]}}