{"id":10991,"date":"2022-05-15T07:01:41","date_gmt":"2022-05-15T04:01:41","guid":{"rendered":"https:\/\/vinilozona.lt\/?post_type=product&#038;p=10991"},"modified":"2022-05-15T12:27:14","modified_gmt":"2022-05-15T09:27:14","slug":"chris-rea-%e2%80%8e-tennis","status":"publish","type":"product","link":"https:\/\/vinilozona.lt\/en\/parduotuve\/rock-pop\/chris-rea-%e2%80%8e-tennis\/","title":{"rendered":"Chris Rea \u200e\u2013 Tennis"},"content":{"rendered":"<p>A1\t\tTennis\t5:18<br \/>\nA2\t\tSweet Kiss\t4:33<br \/>\nA3\t\tSince I Don&#8217;t See You Anymore\t3:41<br \/>\nA4\t\tDancing Girl\t4:02<br \/>\nA5\t\tNo Work Today\t2:33<br \/>\nA6\t\tEvery Time I See You Smile\t6:18<br \/>\nB1\t\tFor Ever And Ever\t4:09<br \/>\nB2\t\tGood News\t3:54<br \/>\nB3\t\tFriends Across The Water\t3:45<br \/>\nB4\t\tDistant Summers\t2:10<br \/>\nB5\t\tOnly With You\t3:42<br \/>\nB6\t\tStrick It\t5:19<\/p>","protected":false},"excerpt":{"rendered":"<p>Magnet \u2013 6.24299 AP<br \/>\nFormat:<br \/>\nVinyl, LP, Album, Stereo<br \/>\nCountry:\tGermany<br \/>\nReleased:\t1980<\/p>","protected":false},"featured_media":10992,"template":"","meta":[],"product_cat":[15],"product_tag":[44],"yoast_head":"<!-- This site is optimized with the Yoast SEO plugin v23.5 - https:\/\/yoast.com\/wordpress\/plugins\/seo\/ -->\n<title>Chris Rea \u200e\u2013 Tennis Vinilin\u0117 Plok\u0161tel\u0117 | Vinilozona.lt<\/title>\n<meta name=\"robots\" content=\"index, follow, max-snippet:-1, max-image-preview:large, max-video-preview:-1\" \/>\n<link rel=\"canonical\" href=\"https:\/\/vinilozona.lt\/en\/parduotuve\/rock-pop\/chris-rea-\u200e-tennis\/\" \/>\n<meta property=\"og:locale\" content=\"en_GB\" \/>\n<meta property=\"og:type\" content=\"article\" \/>\n<meta property=\"og:title\" content=\"Chris Rea \u200e\u2013 Tennis Vinilin\u0117 Plok\u0161tel\u0117 | Vinilozona.lt\" \/>\n<meta property=\"og:description\" content=\"Magnet \u2013 6.24299 AP Format:  Vinyl, LP, Album, Stereo Country: Germany Released: 1980\" \/>\n<meta property=\"og:url\" content=\"https:\/\/vinilozona.lt\/en\/parduotuve\/rock-pop\/chris-rea-\u200e-tennis\/\" \/>\n<meta property=\"og:site_name\" content=\"Vinilo Zona\" \/>\n<meta property=\"article:modified_time\" content=\"2022-05-15T09:27:14+00:00\" \/>\n<meta property=\"og:image\" content=\"https:\/\/vinilozona.lt\/wp-content\/uploads\/2020\/06\/R-1970966-1279179472.jpeg.jpg\" \/>\n\t<meta property=\"og:image:width\" content=\"600\" \/>\n\t<meta property=\"og:image:height\" content=\"601\" \/>\n\t<meta property=\"og:image:type\" content=\"image\/jpeg\" \/>\n<meta name=\"twitter:card\" content=\"summary_large_image\" \/>\n<script type=\"application\/ld+json\" class=\"yoast-schema-graph\">{\"@context\":\"https:\/\/schema.org\",\"@graph\":[{\"@type\":\"WebPage\",\"@id\":\"https:\/\/vinilozona.lt\/parduotuve\/rock-pop\/chris-rea-%e2%80%8e-tennis\/\",\"url\":\"https:\/\/vinilozona.lt\/parduotuve\/rock-pop\/chris-rea-%e2%80%8e-tennis\/\",\"name\":\"Chris Rea \u200e\u2013 Tennis Vinilin\u0117 Plok\u0161tel\u0117 | Vinilozona.lt\",\"isPartOf\":{\"@id\":\"https:\/\/vinilozona.lt\/#website\"},\"primaryImageOfPage\":{\"@id\":\"https:\/\/vinilozona.lt\/parduotuve\/rock-pop\/chris-rea-%e2%80%8e-tennis\/#primaryimage\"},\"image\":{\"@id\":\"https:\/\/vinilozona.lt\/parduotuve\/rock-pop\/chris-rea-%e2%80%8e-tennis\/#primaryimage\"},\"thumbnailUrl\":\"https:\/\/vinilozona.lt\/wp-content\/uploads\/2020\/06\/R-1970966-1279179472.jpeg.jpg\",\"datePublished\":\"2022-05-15T04:01:41+00:00\",\"dateModified\":\"2022-05-15T09:27:14+00:00\",\"breadcrumb\":{\"@id\":\"https:\/\/vinilozona.lt\/parduotuve\/rock-pop\/chris-rea-%e2%80%8e-tennis\/#breadcrumb\"},\"inLanguage\":\"en-GB\",\"potentialAction\":[{\"@type\":\"ReadAction\",\"target\":[\"https:\/\/vinilozona.lt\/parduotuve\/rock-pop\/chris-rea-%e2%80%8e-tennis\/\"]}]},{\"@type\":\"ImageObject\",\"inLanguage\":\"en-GB\",\"@id\":\"https:\/\/vinilozona.lt\/parduotuve\/rock-pop\/chris-rea-%e2%80%8e-tennis\/#primaryimage\",\"url\":\"https:\/\/vinilozona.lt\/wp-content\/uploads\/2020\/06\/R-1970966-1279179472.jpeg.jpg\",\"contentUrl\":\"https:\/\/vinilozona.lt\/wp-content\/uploads\/2020\/06\/R-1970966-1279179472.jpeg.jpg\",\"width\":600,\"height\":601},{\"@type\":\"BreadcrumbList\",\"@id\":\"https:\/\/vinilozona.lt\/parduotuve\/rock-pop\/chris-rea-%e2%80%8e-tennis\/#breadcrumb\",\"itemListElement\":[{\"@type\":\"ListItem\",\"position\":1,\"name\":\"Home\",\"item\":\"https:\/\/vinilozona.lt\/\"},{\"@type\":\"ListItem\",\"position\":2,\"name\":\"Parduotuv\u0117\",\"item\":\"https:\/\/vinilozona.lt\/parduotuve\/\"},{\"@type\":\"ListItem\",\"position\":3,\"name\":\"Chris Rea \u200e\u2013 Tennis\"}]},{\"@type\":\"WebSite\",\"@id\":\"https:\/\/vinilozona.lt\/#website\",\"url\":\"https:\/\/vinilozona.lt\/\",\"name\":\"Vinilo Zona\",\"description\":\"Nup\u016bsk dulkes ir klausyk LP\",\"potentialAction\":[{\"@type\":\"SearchAction\",\"target\":{\"@type\":\"EntryPoint\",\"urlTemplate\":\"https:\/\/vinilozona.lt\/?s={search_term_string}\"},\"query-input\":{\"@type\":\"PropertyValueSpecification\",\"valueRequired\":true,\"valueName\":\"search_term_string\"}}],\"inLanguage\":\"en-GB\"}]}<\/script>\n<!-- \/ Yoast SEO plugin. -->","yoast_head_json":{"title":"Chris Rea \u200e\u2013 Tennis Vinilin\u0117 Plok\u0161tel\u0117 | Vinilozona.lt","robots":{"index":"index","follow":"follow","max-snippet":"max-snippet:-1","max-image-preview":"max-image-preview:large","max-video-preview":"max-video-preview:-1"},"canonical":"https:\/\/vinilozona.lt\/en\/parduotuve\/rock-pop\/chris-rea-\u200e-tennis\/","og_locale":"en_GB","og_type":"article","og_title":"Chris Rea \u200e\u2013 Tennis Vinilin\u0117 Plok\u0161tel\u0117 | Vinilozona.lt","og_description":"Magnet \u2013 6.24299 AP Format:  Vinyl, LP, Album, Stereo Country: Germany Released: 1980","og_url":"https:\/\/vinilozona.lt\/en\/parduotuve\/rock-pop\/chris-rea-\u200e-tennis\/","og_site_name":"Vinilo Zona","article_modified_time":"2022-05-15T09:27:14+00:00","og_image":[{"width":600,"height":601,"url":"https:\/\/vinilozona.lt\/wp-content\/uploads\/2020\/06\/R-1970966-1279179472.jpeg.jpg","type":"image\/jpeg"}],"twitter_card":"summary_large_image","schema":{"@context":"https:\/\/schema.org","@graph":[{"@type":"WebPage","@id":"https:\/\/vinilozona.lt\/parduotuve\/rock-pop\/chris-rea-%e2%80%8e-tennis\/","url":"https:\/\/vinilozona.lt\/parduotuve\/rock-pop\/chris-rea-%e2%80%8e-tennis\/","name":"Chris Rea \u200e\u2013 Tennis Vinilin\u0117 Plok\u0161tel\u0117 | Vinilozona.lt","isPartOf":{"@id":"https:\/\/vinilozona.lt\/#website"},"primaryImageOfPage":{"@id":"https:\/\/vinilozona.lt\/parduotuve\/rock-pop\/chris-rea-%e2%80%8e-tennis\/#primaryimage"},"image":{"@id":"https:\/\/vinilozona.lt\/parduotuve\/rock-pop\/chris-rea-%e2%80%8e-tennis\/#primaryimage"},"thumbnailUrl":"https:\/\/vinilozona.lt\/wp-content\/uploads\/2020\/06\/R-1970966-1279179472.jpeg.jpg","datePublished":"2022-05-15T04:01:41+00:00","dateModified":"2022-05-15T09:27:14+00:00","breadcrumb":{"@id":"https:\/\/vinilozona.lt\/parduotuve\/rock-pop\/chris-rea-%e2%80%8e-tennis\/#breadcrumb"},"inLanguage":"en-GB","potentialAction":[{"@type":"ReadAction","target":["https:\/\/vinilozona.lt\/parduotuve\/rock-pop\/chris-rea-%e2%80%8e-tennis\/"]}]},{"@type":"ImageObject","inLanguage":"en-GB","@id":"https:\/\/vinilozona.lt\/parduotuve\/rock-pop\/chris-rea-%e2%80%8e-tennis\/#primaryimage","url":"https:\/\/vinilozona.lt\/wp-content\/uploads\/2020\/06\/R-1970966-1279179472.jpeg.jpg","contentUrl":"https:\/\/vinilozona.lt\/wp-content\/uploads\/2020\/06\/R-1970966-1279179472.jpeg.jpg","width":600,"height":601},{"@type":"BreadcrumbList","@id":"https:\/\/vinilozona.lt\/parduotuve\/rock-pop\/chris-rea-%e2%80%8e-tennis\/#breadcrumb","itemListElement":[{"@type":"ListItem","position":1,"name":"Home","item":"https:\/\/vinilozona.lt\/"},{"@type":"ListItem","position":2,"name":"Parduotuv\u0117","item":"https:\/\/vinilozona.lt\/parduotuve\/"},{"@type":"ListItem","position":3,"name":"Chris Rea \u200e\u2013 Tennis"}]},{"@type":"WebSite","@id":"https:\/\/vinilozona.lt\/#website","url":"https:\/\/vinilozona.lt\/","name":"Vinilo Zona","description":"Nup\u016bsk dulkes ir klausyk LP","potentialAction":[{"@type":"SearchAction","target":{"@type":"EntryPoint","urlTemplate":"https:\/\/vinilozona.lt\/?s={search_term_string}"},"query-input":{"@type":"PropertyValueSpecification","valueRequired":true,"valueName":"search_term_string"}}],"inLanguage":"en-GB"}]}},"_links":{"self":[{"href":"https:\/\/vinilozona.lt\/en\/wp-json\/wp\/v2\/product\/10991"}],"collection":[{"href":"https:\/\/vinilozona.lt\/en\/wp-json\/wp\/v2\/product"}],"about":[{"href":"https:\/\/vinilozona.lt\/en\/wp-json\/wp\/v2\/types\/product"}],"wp:featuredmedia":[{"embeddable":true,"href":"https:\/\/vinilozona.lt\/en\/wp-json\/wp\/v2\/media\/10992"}],"wp:attachment":[{"href":"https:\/\/vinilozona.lt\/en\/wp-json\/wp\/v2\/media?parent=10991"}],"wp:term":[{"taxonomy":"product_cat","embeddable":true,"href":"https:\/\/vinilozona.lt\/en\/wp-json\/wp\/v2\/product_cat?post=10991"},{"taxonomy":"product_tag","embeddable":true,"href":"https:\/\/vinilozona.lt\/en\/wp-json\/wp\/v2\/product_tag?post=10991"}],"curies":[{"name":"wp","href":"https:\/\/api.w.org\/{rel}","templated":true}]}}