{"id":10913,"date":"2025-05-22T05:10:06","date_gmt":"2025-05-22T02:10:06","guid":{"rendered":"https:\/\/vinilozona.lt\/?post_type=product&#038;p=10913"},"modified":"2025-05-22T06:25:43","modified_gmt":"2025-05-22T03:25:43","slug":"kraan-%e2%80%8e-live-2lp","status":"publish","type":"product","link":"https:\/\/vinilozona.lt\/en\/parduotuve\/rock-pop\/kraan-%e2%80%8e-live-2lp\/","title":{"rendered":"Crane - Live 2LP"},"content":{"rendered":"<p>A1\t\tJerk Of Life\t4:57<br \/>\nA2\t\tNam Nam\t15:10<br \/>\nB1\t\tHoliday Am Marterhorn Including Gipfelsturm\t13:00<br \/>\nB2\t\tSarah&#8217;s Ritt Durch Den Schwarzwald\t6:00<br \/>\nC1\t\tAndy Nogger\t3:45<br \/>\nC2\t\tAndy Nogger &#8211; Gutter King\t6:44<br \/>\nC3\t\tHallo Ja Ja, I Don&#8217;t Know\t10:20<br \/>\nD1\t\tLonesome Liftboy\t5:15<br \/>\nD2\t\tKraan Arabia\t12:30<\/p>","protected":false},"excerpt":{"rendered":"<p>Gull \u2013 GUD 2001\/2<br \/>\nFormat:<br \/>\n2 x Vinyl, LP, Album, Stereo<br \/>\nCountry: UK<br \/>\nReleased: 1975<br \/>\nGenre:<br \/>\nJazz, Rock<br \/>\nStyle:<br \/>\nJazz-Rock, Prog Rock<\/p>","protected":false},"featured_media":10914,"template":"","meta":[],"product_cat":[15],"product_tag":[55],"yoast_head":"<!-- This site is optimized with the Yoast SEO plugin v23.5 - https:\/\/yoast.com\/wordpress\/plugins\/seo\/ -->\n<title>Kraan \u200e\u2013 Live 2LP Vinilin\u0117 Plok\u0161tel\u0117 | Vinilozona.lt<\/title>\n<meta name=\"robots\" content=\"index, follow, max-snippet:-1, max-image-preview:large, max-video-preview:-1\" \/>\n<link rel=\"canonical\" href=\"https:\/\/vinilozona.lt\/en\/parduotuve\/rock-pop\/kraan-\u200e-live-2lp\/\" \/>\n<meta property=\"og:locale\" content=\"en_GB\" \/>\n<meta property=\"og:type\" content=\"article\" \/>\n<meta property=\"og:title\" content=\"Kraan \u200e\u2013 Live 2LP Vinilin\u0117 Plok\u0161tel\u0117 | Vinilozona.lt\" \/>\n<meta property=\"og:description\" content=\"Gull \u2013 GUD 2001\/2 Format: 2 x Vinyl, LP, Album, Stereo Country: UK Released: 1975 Genre: Jazz, Rock Style: Jazz-Rock, Prog Rock\" \/>\n<meta property=\"og:url\" content=\"https:\/\/vinilozona.lt\/en\/parduotuve\/rock-pop\/kraan-\u200e-live-2lp\/\" \/>\n<meta property=\"og:site_name\" content=\"Vinilo Zona\" \/>\n<meta property=\"article:modified_time\" content=\"2025-05-22T03:25:43+00:00\" \/>\n<meta property=\"og:image\" content=\"https:\/\/vinilozona.lt\/wp-content\/uploads\/2020\/06\/R-1480785-1222887838.jpeg.jpg\" \/>\n\t<meta property=\"og:image:width\" content=\"299\" \/>\n\t<meta property=\"og:image:height\" content=\"300\" \/>\n\t<meta property=\"og:image:type\" content=\"image\/jpeg\" \/>\n<meta name=\"twitter:card\" content=\"summary_large_image\" \/>\n<meta name=\"twitter:label1\" content=\"Estimated reading time\" \/>\n\t<meta name=\"twitter:data1\" content=\"1 minute\" \/>\n<script type=\"application\/ld+json\" class=\"yoast-schema-graph\">{\"@context\":\"https:\/\/schema.org\",\"@graph\":[{\"@type\":\"WebPage\",\"@id\":\"https:\/\/vinilozona.lt\/parduotuve\/rock-pop\/kraan-%e2%80%8e-live-2lp\/\",\"url\":\"https:\/\/vinilozona.lt\/parduotuve\/rock-pop\/kraan-%e2%80%8e-live-2lp\/\",\"name\":\"Kraan \u200e\u2013 Live 2LP Vinilin\u0117 Plok\u0161tel\u0117 | Vinilozona.lt\",\"isPartOf\":{\"@id\":\"https:\/\/vinilozona.lt\/#website\"},\"primaryImageOfPage\":{\"@id\":\"https:\/\/vinilozona.lt\/parduotuve\/rock-pop\/kraan-%e2%80%8e-live-2lp\/#primaryimage\"},\"image\":{\"@id\":\"https:\/\/vinilozona.lt\/parduotuve\/rock-pop\/kraan-%e2%80%8e-live-2lp\/#primaryimage\"},\"thumbnailUrl\":\"https:\/\/vinilozona.lt\/wp-content\/uploads\/2020\/06\/R-1480785-1222887838.jpeg.jpg\",\"datePublished\":\"2025-05-22T02:10:06+00:00\",\"dateModified\":\"2025-05-22T03:25:43+00:00\",\"breadcrumb\":{\"@id\":\"https:\/\/vinilozona.lt\/parduotuve\/rock-pop\/kraan-%e2%80%8e-live-2lp\/#breadcrumb\"},\"inLanguage\":\"en-GB\",\"potentialAction\":[{\"@type\":\"ReadAction\",\"target\":[\"https:\/\/vinilozona.lt\/parduotuve\/rock-pop\/kraan-%e2%80%8e-live-2lp\/\"]}]},{\"@type\":\"ImageObject\",\"inLanguage\":\"en-GB\",\"@id\":\"https:\/\/vinilozona.lt\/parduotuve\/rock-pop\/kraan-%e2%80%8e-live-2lp\/#primaryimage\",\"url\":\"https:\/\/vinilozona.lt\/wp-content\/uploads\/2020\/06\/R-1480785-1222887838.jpeg.jpg\",\"contentUrl\":\"https:\/\/vinilozona.lt\/wp-content\/uploads\/2020\/06\/R-1480785-1222887838.jpeg.jpg\",\"width\":299,\"height\":300},{\"@type\":\"BreadcrumbList\",\"@id\":\"https:\/\/vinilozona.lt\/parduotuve\/rock-pop\/kraan-%e2%80%8e-live-2lp\/#breadcrumb\",\"itemListElement\":[{\"@type\":\"ListItem\",\"position\":1,\"name\":\"Home\",\"item\":\"https:\/\/vinilozona.lt\/\"},{\"@type\":\"ListItem\",\"position\":2,\"name\":\"Parduotuv\u0117\",\"item\":\"https:\/\/vinilozona.lt\/parduotuve\/\"},{\"@type\":\"ListItem\",\"position\":3,\"name\":\"Kraan \u200e\u2013 Live 2LP\"}]},{\"@type\":\"WebSite\",\"@id\":\"https:\/\/vinilozona.lt\/#website\",\"url\":\"https:\/\/vinilozona.lt\/\",\"name\":\"Vinilo Zona\",\"description\":\"Nup\u016bsk dulkes ir klausyk LP\",\"potentialAction\":[{\"@type\":\"SearchAction\",\"target\":{\"@type\":\"EntryPoint\",\"urlTemplate\":\"https:\/\/vinilozona.lt\/?s={search_term_string}\"},\"query-input\":{\"@type\":\"PropertyValueSpecification\",\"valueRequired\":true,\"valueName\":\"search_term_string\"}}],\"inLanguage\":\"en-GB\"}]}<\/script>\n<!-- \/ Yoast SEO plugin. -->","yoast_head_json":{"title":"Kraan \u200e\u2013 Live 2LP Vinilin\u0117 Plok\u0161tel\u0117 | Vinilozona.lt","robots":{"index":"index","follow":"follow","max-snippet":"max-snippet:-1","max-image-preview":"max-image-preview:large","max-video-preview":"max-video-preview:-1"},"canonical":"https:\/\/vinilozona.lt\/en\/parduotuve\/rock-pop\/kraan-\u200e-live-2lp\/","og_locale":"en_GB","og_type":"article","og_title":"Kraan \u200e\u2013 Live 2LP Vinilin\u0117 Plok\u0161tel\u0117 | Vinilozona.lt","og_description":"Gull \u2013 GUD 2001\/2 Format: 2 x Vinyl, LP, Album, Stereo Country: UK Released: 1975 Genre: Jazz, Rock Style: Jazz-Rock, Prog Rock","og_url":"https:\/\/vinilozona.lt\/en\/parduotuve\/rock-pop\/kraan-\u200e-live-2lp\/","og_site_name":"Vinilo Zona","article_modified_time":"2025-05-22T03:25:43+00:00","og_image":[{"width":299,"height":300,"url":"https:\/\/vinilozona.lt\/wp-content\/uploads\/2020\/06\/R-1480785-1222887838.jpeg.jpg","type":"image\/jpeg"}],"twitter_card":"summary_large_image","twitter_misc":{"Estimated reading time":"1 minute"},"schema":{"@context":"https:\/\/schema.org","@graph":[{"@type":"WebPage","@id":"https:\/\/vinilozona.lt\/parduotuve\/rock-pop\/kraan-%e2%80%8e-live-2lp\/","url":"https:\/\/vinilozona.lt\/parduotuve\/rock-pop\/kraan-%e2%80%8e-live-2lp\/","name":"Kraan \u200e\u2013 Live 2LP Vinilin\u0117 Plok\u0161tel\u0117 | Vinilozona.lt","isPartOf":{"@id":"https:\/\/vinilozona.lt\/#website"},"primaryImageOfPage":{"@id":"https:\/\/vinilozona.lt\/parduotuve\/rock-pop\/kraan-%e2%80%8e-live-2lp\/#primaryimage"},"image":{"@id":"https:\/\/vinilozona.lt\/parduotuve\/rock-pop\/kraan-%e2%80%8e-live-2lp\/#primaryimage"},"thumbnailUrl":"https:\/\/vinilozona.lt\/wp-content\/uploads\/2020\/06\/R-1480785-1222887838.jpeg.jpg","datePublished":"2025-05-22T02:10:06+00:00","dateModified":"2025-05-22T03:25:43+00:00","breadcrumb":{"@id":"https:\/\/vinilozona.lt\/parduotuve\/rock-pop\/kraan-%e2%80%8e-live-2lp\/#breadcrumb"},"inLanguage":"en-GB","potentialAction":[{"@type":"ReadAction","target":["https:\/\/vinilozona.lt\/parduotuve\/rock-pop\/kraan-%e2%80%8e-live-2lp\/"]}]},{"@type":"ImageObject","inLanguage":"en-GB","@id":"https:\/\/vinilozona.lt\/parduotuve\/rock-pop\/kraan-%e2%80%8e-live-2lp\/#primaryimage","url":"https:\/\/vinilozona.lt\/wp-content\/uploads\/2020\/06\/R-1480785-1222887838.jpeg.jpg","contentUrl":"https:\/\/vinilozona.lt\/wp-content\/uploads\/2020\/06\/R-1480785-1222887838.jpeg.jpg","width":299,"height":300},{"@type":"BreadcrumbList","@id":"https:\/\/vinilozona.lt\/parduotuve\/rock-pop\/kraan-%e2%80%8e-live-2lp\/#breadcrumb","itemListElement":[{"@type":"ListItem","position":1,"name":"Home","item":"https:\/\/vinilozona.lt\/"},{"@type":"ListItem","position":2,"name":"Parduotuv\u0117","item":"https:\/\/vinilozona.lt\/parduotuve\/"},{"@type":"ListItem","position":3,"name":"Kraan \u200e\u2013 Live 2LP"}]},{"@type":"WebSite","@id":"https:\/\/vinilozona.lt\/#website","url":"https:\/\/vinilozona.lt\/","name":"Vinilo Zona","description":"Nup\u016bsk dulkes ir klausyk LP","potentialAction":[{"@type":"SearchAction","target":{"@type":"EntryPoint","urlTemplate":"https:\/\/vinilozona.lt\/?s={search_term_string}"},"query-input":{"@type":"PropertyValueSpecification","valueRequired":true,"valueName":"search_term_string"}}],"inLanguage":"en-GB"}]}},"_links":{"self":[{"href":"https:\/\/vinilozona.lt\/en\/wp-json\/wp\/v2\/product\/10913"}],"collection":[{"href":"https:\/\/vinilozona.lt\/en\/wp-json\/wp\/v2\/product"}],"about":[{"href":"https:\/\/vinilozona.lt\/en\/wp-json\/wp\/v2\/types\/product"}],"wp:featuredmedia":[{"embeddable":true,"href":"https:\/\/vinilozona.lt\/en\/wp-json\/wp\/v2\/media\/10914"}],"wp:attachment":[{"href":"https:\/\/vinilozona.lt\/en\/wp-json\/wp\/v2\/media?parent=10913"}],"wp:term":[{"taxonomy":"product_cat","embeddable":true,"href":"https:\/\/vinilozona.lt\/en\/wp-json\/wp\/v2\/product_cat?post=10913"},{"taxonomy":"product_tag","embeddable":true,"href":"https:\/\/vinilozona.lt\/en\/wp-json\/wp\/v2\/product_tag?post=10913"}],"curies":[{"name":"wp","href":"https:\/\/api.w.org\/{rel}","templated":true}]}}