{"id":10609,"date":"2025-12-07T08:10:08","date_gmt":"2025-12-07T06:10:08","guid":{"rendered":"https:\/\/vinilozona.lt\/?post_type=product&#038;p=10609"},"modified":"2025-12-07T09:12:10","modified_gmt":"2025-12-07T07:12:10","slug":"def-leppard-%e2%80%8e-pyromania","status":"publish","type":"product","link":"https:\/\/vinilozona.lt\/en\/parduotuve\/rock-pop\/def-leppard-%e2%80%8e-pyromania\/","title":{"rendered":"Def Leppard \u200e\u2013 Pyromania"},"content":{"rendered":"<p>Rock Rock (Till You Drop)\t3:52<br \/>\nPhotograph\t4:12<br \/>\nStagefright\t3:46<br \/>\nToo Late For Love\t4:30<br \/>\nDie Hard The Hunter\t6:17<br \/>\nFoolin&#8217;\t4:32<br \/>\nRock Of Ages\t4:09<br \/>\nComin&#8217; Under Fire\t4:20<br \/>\nAction! Not Words\t3:52<br \/>\nBilly&#8217;s Got A Gun\t5:27<\/p>","protected":false},"excerpt":{"rendered":"<p>Vertigo \u2013 6359 119<br \/>\nFormat:<br \/>\nVinyl, LP, Album<br \/>\nCountry:<br \/>\nNetherlands<br \/>\nReleased:<br \/>\n1983<\/p>","protected":false},"featured_media":10610,"template":"","meta":[],"product_cat":[15],"product_tag":[44],"yoast_head":"<!-- This site is optimized with the Yoast SEO plugin v23.5 - https:\/\/yoast.com\/wordpress\/plugins\/seo\/ -->\n<title>Def Leppard \u200e\u2013 Pyromania Vinilin\u0117 Plok\u0161tel\u0117 | Vinilozona.lt<\/title>\n<meta name=\"robots\" content=\"index, follow, max-snippet:-1, max-image-preview:large, max-video-preview:-1\" \/>\n<link rel=\"canonical\" href=\"https:\/\/vinilozona.lt\/en\/parduotuve\/rock-pop\/def-leppard-\u200e-pyromania\/\" \/>\n<meta property=\"og:locale\" content=\"en_GB\" \/>\n<meta property=\"og:type\" content=\"article\" \/>\n<meta property=\"og:title\" content=\"Def Leppard \u200e\u2013 Pyromania Vinilin\u0117 Plok\u0161tel\u0117 | Vinilozona.lt\" \/>\n<meta property=\"og:description\" content=\"Vertigo \u2013 6359 119 Format: Vinyl, LP, Album Country: Netherlands Released: 1983\" \/>\n<meta property=\"og:url\" content=\"https:\/\/vinilozona.lt\/en\/parduotuve\/rock-pop\/def-leppard-\u200e-pyromania\/\" \/>\n<meta property=\"og:site_name\" content=\"Vinilo Zona\" \/>\n<meta property=\"article:modified_time\" content=\"2025-12-07T07:12:10+00:00\" \/>\n<meta property=\"og:image\" content=\"https:\/\/vinilozona.lt\/wp-content\/uploads\/2020\/06\/R-831997-1256127431.jpeg.jpg\" \/>\n\t<meta property=\"og:image:width\" content=\"600\" \/>\n\t<meta property=\"og:image:height\" content=\"609\" \/>\n\t<meta property=\"og:image:type\" content=\"image\/jpeg\" \/>\n<meta name=\"twitter:card\" content=\"summary_large_image\" \/>\n<meta name=\"twitter:label1\" content=\"Estimated reading time\" \/>\n\t<meta name=\"twitter:data1\" content=\"1 minute\" \/>\n<script type=\"application\/ld+json\" class=\"yoast-schema-graph\">{\"@context\":\"https:\/\/schema.org\",\"@graph\":[{\"@type\":\"WebPage\",\"@id\":\"https:\/\/vinilozona.lt\/parduotuve\/rock-pop\/def-leppard-%e2%80%8e-pyromania\/\",\"url\":\"https:\/\/vinilozona.lt\/parduotuve\/rock-pop\/def-leppard-%e2%80%8e-pyromania\/\",\"name\":\"Def Leppard \u200e\u2013 Pyromania Vinilin\u0117 Plok\u0161tel\u0117 | Vinilozona.lt\",\"isPartOf\":{\"@id\":\"https:\/\/vinilozona.lt\/#website\"},\"primaryImageOfPage\":{\"@id\":\"https:\/\/vinilozona.lt\/parduotuve\/rock-pop\/def-leppard-%e2%80%8e-pyromania\/#primaryimage\"},\"image\":{\"@id\":\"https:\/\/vinilozona.lt\/parduotuve\/rock-pop\/def-leppard-%e2%80%8e-pyromania\/#primaryimage\"},\"thumbnailUrl\":\"https:\/\/vinilozona.lt\/wp-content\/uploads\/2020\/06\/R-831997-1256127431.jpeg.jpg\",\"datePublished\":\"2025-12-07T06:10:08+00:00\",\"dateModified\":\"2025-12-07T07:12:10+00:00\",\"breadcrumb\":{\"@id\":\"https:\/\/vinilozona.lt\/parduotuve\/rock-pop\/def-leppard-%e2%80%8e-pyromania\/#breadcrumb\"},\"inLanguage\":\"en-GB\",\"potentialAction\":[{\"@type\":\"ReadAction\",\"target\":[\"https:\/\/vinilozona.lt\/parduotuve\/rock-pop\/def-leppard-%e2%80%8e-pyromania\/\"]}]},{\"@type\":\"ImageObject\",\"inLanguage\":\"en-GB\",\"@id\":\"https:\/\/vinilozona.lt\/parduotuve\/rock-pop\/def-leppard-%e2%80%8e-pyromania\/#primaryimage\",\"url\":\"https:\/\/vinilozona.lt\/wp-content\/uploads\/2020\/06\/R-831997-1256127431.jpeg.jpg\",\"contentUrl\":\"https:\/\/vinilozona.lt\/wp-content\/uploads\/2020\/06\/R-831997-1256127431.jpeg.jpg\",\"width\":600,\"height\":609},{\"@type\":\"BreadcrumbList\",\"@id\":\"https:\/\/vinilozona.lt\/parduotuve\/rock-pop\/def-leppard-%e2%80%8e-pyromania\/#breadcrumb\",\"itemListElement\":[{\"@type\":\"ListItem\",\"position\":1,\"name\":\"Home\",\"item\":\"https:\/\/vinilozona.lt\/\"},{\"@type\":\"ListItem\",\"position\":2,\"name\":\"Parduotuv\u0117\",\"item\":\"https:\/\/vinilozona.lt\/parduotuve\/\"},{\"@type\":\"ListItem\",\"position\":3,\"name\":\"Def Leppard \u200e\u2013 Pyromania\"}]},{\"@type\":\"WebSite\",\"@id\":\"https:\/\/vinilozona.lt\/#website\",\"url\":\"https:\/\/vinilozona.lt\/\",\"name\":\"Vinilo Zona\",\"description\":\"Nup\u016bsk dulkes ir klausyk LP\",\"potentialAction\":[{\"@type\":\"SearchAction\",\"target\":{\"@type\":\"EntryPoint\",\"urlTemplate\":\"https:\/\/vinilozona.lt\/?s={search_term_string}\"},\"query-input\":{\"@type\":\"PropertyValueSpecification\",\"valueRequired\":true,\"valueName\":\"search_term_string\"}}],\"inLanguage\":\"en-GB\"}]}<\/script>\n<!-- \/ Yoast SEO plugin. -->","yoast_head_json":{"title":"Def Leppard \u200e\u2013 Pyromania Vinilin\u0117 Plok\u0161tel\u0117 | Vinilozona.lt","robots":{"index":"index","follow":"follow","max-snippet":"max-snippet:-1","max-image-preview":"max-image-preview:large","max-video-preview":"max-video-preview:-1"},"canonical":"https:\/\/vinilozona.lt\/en\/parduotuve\/rock-pop\/def-leppard-\u200e-pyromania\/","og_locale":"en_GB","og_type":"article","og_title":"Def Leppard \u200e\u2013 Pyromania Vinilin\u0117 Plok\u0161tel\u0117 | Vinilozona.lt","og_description":"Vertigo \u2013 6359 119 Format: Vinyl, LP, Album Country: Netherlands Released: 1983","og_url":"https:\/\/vinilozona.lt\/en\/parduotuve\/rock-pop\/def-leppard-\u200e-pyromania\/","og_site_name":"Vinilo Zona","article_modified_time":"2025-12-07T07:12:10+00:00","og_image":[{"width":600,"height":609,"url":"https:\/\/vinilozona.lt\/wp-content\/uploads\/2020\/06\/R-831997-1256127431.jpeg.jpg","type":"image\/jpeg"}],"twitter_card":"summary_large_image","twitter_misc":{"Estimated reading time":"1 minute"},"schema":{"@context":"https:\/\/schema.org","@graph":[{"@type":"WebPage","@id":"https:\/\/vinilozona.lt\/parduotuve\/rock-pop\/def-leppard-%e2%80%8e-pyromania\/","url":"https:\/\/vinilozona.lt\/parduotuve\/rock-pop\/def-leppard-%e2%80%8e-pyromania\/","name":"Def Leppard \u200e\u2013 Pyromania Vinilin\u0117 Plok\u0161tel\u0117 | Vinilozona.lt","isPartOf":{"@id":"https:\/\/vinilozona.lt\/#website"},"primaryImageOfPage":{"@id":"https:\/\/vinilozona.lt\/parduotuve\/rock-pop\/def-leppard-%e2%80%8e-pyromania\/#primaryimage"},"image":{"@id":"https:\/\/vinilozona.lt\/parduotuve\/rock-pop\/def-leppard-%e2%80%8e-pyromania\/#primaryimage"},"thumbnailUrl":"https:\/\/vinilozona.lt\/wp-content\/uploads\/2020\/06\/R-831997-1256127431.jpeg.jpg","datePublished":"2025-12-07T06:10:08+00:00","dateModified":"2025-12-07T07:12:10+00:00","breadcrumb":{"@id":"https:\/\/vinilozona.lt\/parduotuve\/rock-pop\/def-leppard-%e2%80%8e-pyromania\/#breadcrumb"},"inLanguage":"en-GB","potentialAction":[{"@type":"ReadAction","target":["https:\/\/vinilozona.lt\/parduotuve\/rock-pop\/def-leppard-%e2%80%8e-pyromania\/"]}]},{"@type":"ImageObject","inLanguage":"en-GB","@id":"https:\/\/vinilozona.lt\/parduotuve\/rock-pop\/def-leppard-%e2%80%8e-pyromania\/#primaryimage","url":"https:\/\/vinilozona.lt\/wp-content\/uploads\/2020\/06\/R-831997-1256127431.jpeg.jpg","contentUrl":"https:\/\/vinilozona.lt\/wp-content\/uploads\/2020\/06\/R-831997-1256127431.jpeg.jpg","width":600,"height":609},{"@type":"BreadcrumbList","@id":"https:\/\/vinilozona.lt\/parduotuve\/rock-pop\/def-leppard-%e2%80%8e-pyromania\/#breadcrumb","itemListElement":[{"@type":"ListItem","position":1,"name":"Home","item":"https:\/\/vinilozona.lt\/"},{"@type":"ListItem","position":2,"name":"Parduotuv\u0117","item":"https:\/\/vinilozona.lt\/parduotuve\/"},{"@type":"ListItem","position":3,"name":"Def Leppard \u200e\u2013 Pyromania"}]},{"@type":"WebSite","@id":"https:\/\/vinilozona.lt\/#website","url":"https:\/\/vinilozona.lt\/","name":"Vinilo Zona","description":"Nup\u016bsk dulkes ir klausyk LP","potentialAction":[{"@type":"SearchAction","target":{"@type":"EntryPoint","urlTemplate":"https:\/\/vinilozona.lt\/?s={search_term_string}"},"query-input":{"@type":"PropertyValueSpecification","valueRequired":true,"valueName":"search_term_string"}}],"inLanguage":"en-GB"}]}},"_links":{"self":[{"href":"https:\/\/vinilozona.lt\/en\/wp-json\/wp\/v2\/product\/10609"}],"collection":[{"href":"https:\/\/vinilozona.lt\/en\/wp-json\/wp\/v2\/product"}],"about":[{"href":"https:\/\/vinilozona.lt\/en\/wp-json\/wp\/v2\/types\/product"}],"wp:featuredmedia":[{"embeddable":true,"href":"https:\/\/vinilozona.lt\/en\/wp-json\/wp\/v2\/media\/10610"}],"wp:attachment":[{"href":"https:\/\/vinilozona.lt\/en\/wp-json\/wp\/v2\/media?parent=10609"}],"wp:term":[{"taxonomy":"product_cat","embeddable":true,"href":"https:\/\/vinilozona.lt\/en\/wp-json\/wp\/v2\/product_cat?post=10609"},{"taxonomy":"product_tag","embeddable":true,"href":"https:\/\/vinilozona.lt\/en\/wp-json\/wp\/v2\/product_tag?post=10609"}],"curies":[{"name":"wp","href":"https:\/\/api.w.org\/{rel}","templated":true}]}}