{"id":10544,"date":"2020-06-10T12:09:18","date_gmt":"2020-06-10T09:09:18","guid":{"rendered":"https:\/\/vinilozona.lt\/?post_type=product&#038;p=10544"},"modified":"2021-06-04T14:23:11","modified_gmt":"2021-06-04T11:23:11","slug":"%d0%b4%d0%b6%d0%be%d1%8d%d0%bb-%d1%88%d0%bf%d0%b8%d0%b3%d0%b5%d0%bb%d1%8c%d0%bc%d0%b0%d0%bd-%e2%80%8e-%d0%b1%d0%b0%d1%85-%d0%b2-%d1%81%d1%82%d0%b8%d0%bb%d0%b5-%d0%bd%d1%8c%d1%8e-%d1%8d","status":"publish","type":"product","link":"https:\/\/vinilozona.lt\/en\/parduotuve\/classic\/%d0%b4%d0%b6%d0%be%d1%8d%d0%bb-%d1%88%d0%bf%d0%b8%d0%b3%d0%b5%d0%bb%d1%8c%d0%bc%d0%b0%d0%bd-%e2%80%8e-%d0%b1%d0%b0%d1%85-%d0%b2-%d1%81%d1%82%d0%b8%d0%bb%d0%b5-%d0%bd%d1%8c%d1%8e-%d1%8d\/","title":{"rendered":"\u0414\u0436\u043e\u044d\u043b \u0428\u043f\u0438\u0433\u0435\u043b\u044c\u043c\u0430\u043d \u200e\u2013 \u0411\u0430\u0445 \u0412 \u0421\u0442\u0438\u043b\u0435 &#8222;\u041d\u044c\u044e \u042d\u0439\u0434\u0436&#8221;"},"content":{"rendered":"","protected":false},"excerpt":{"rendered":"<p>\u041c\u0435\u043b\u043e\u0434\u0438\u044f \u200e\u2013 C60 30189 004 <\/p>","protected":false},"featured_media":10545,"template":"","meta":[],"product_cat":[22],"product_tag":[44],"yoast_head":"<!-- This site is optimized with the Yoast SEO plugin v23.5 - https:\/\/yoast.com\/wordpress\/plugins\/seo\/ -->\n<title>\u0414\u0436\u043e\u044d\u043b \u0428\u043f\u0438\u0433\u0435\u043b\u044c\u043c\u0430\u043d \u200e\u2013 \u0411\u0430\u0445 \u0412 \u0421\u0442\u0438\u043b\u0435 &quot;\u041d\u044c\u044e \u042d\u0439\u0434\u0436&quot; Vinilin\u0117 Plok\u0161tel\u0117 | Vinilozona.lt<\/title>\n<meta name=\"robots\" content=\"index, follow, max-snippet:-1, max-image-preview:large, max-video-preview:-1\" \/>\n<link rel=\"canonical\" href=\"https:\/\/vinilozona.lt\/en\/parduotuve\/classic\/\u0434\u0436\u043e\u044d\u043b-\u0448\u043f\u0438\u0433\u0435\u043b\u044c\u043c\u0430\u043d-\u200e-\u0431\u0430\u0445-\u0432-\u0441\u0442\u0438\u043b\u0435-\u043d\u044c\u044e-\u044d\/\" \/>\n<meta property=\"og:locale\" content=\"en_GB\" \/>\n<meta property=\"og:type\" content=\"article\" \/>\n<meta property=\"og:title\" content=\"\u0414\u0436\u043e\u044d\u043b \u0428\u043f\u0438\u0433\u0435\u043b\u044c\u043c\u0430\u043d \u200e\u2013 \u0411\u0430\u0445 \u0412 \u0421\u0442\u0438\u043b\u0435 &quot;\u041d\u044c\u044e \u042d\u0439\u0434\u0436&quot; Vinilin\u0117 Plok\u0161tel\u0117 | Vinilozona.lt\" \/>\n<meta property=\"og:description\" content=\"\u041c\u0435\u043b\u043e\u0434\u0438\u044f \u200e\u2013 C60 30189 004\" \/>\n<meta property=\"og:url\" content=\"https:\/\/vinilozona.lt\/en\/parduotuve\/classic\/\u0434\u0436\u043e\u044d\u043b-\u0448\u043f\u0438\u0433\u0435\u043b\u044c\u043c\u0430\u043d-\u200e-\u0431\u0430\u0445-\u0432-\u0441\u0442\u0438\u043b\u0435-\u043d\u044c\u044e-\u044d\/\" \/>\n<meta property=\"og:site_name\" content=\"Vinilo Zona\" \/>\n<meta property=\"article:modified_time\" content=\"2021-06-04T11:23:11+00:00\" \/>\n<meta property=\"og:image\" content=\"https:\/\/vinilozona.lt\/wp-content\/uploads\/2020\/06\/R-1528533-1388580596-3387.jpeg.jpg\" \/>\n\t<meta property=\"og:image:width\" content=\"600\" \/>\n\t<meta property=\"og:image:height\" content=\"600\" \/>\n\t<meta property=\"og:image:type\" content=\"image\/jpeg\" \/>\n<meta name=\"twitter:card\" content=\"summary_large_image\" \/>\n<script type=\"application\/ld+json\" class=\"yoast-schema-graph\">{\"@context\":\"https:\/\/schema.org\",\"@graph\":[{\"@type\":\"WebPage\",\"@id\":\"https:\/\/vinilozona.lt\/parduotuve\/classic\/%d0%b4%d0%b6%d0%be%d1%8d%d0%bb-%d1%88%d0%bf%d0%b8%d0%b3%d0%b5%d0%bb%d1%8c%d0%bc%d0%b0%d0%bd-%e2%80%8e-%d0%b1%d0%b0%d1%85-%d0%b2-%d1%81%d1%82%d0%b8%d0%bb%d0%b5-%d0%bd%d1%8c%d1%8e-%d1%8d\/\",\"url\":\"https:\/\/vinilozona.lt\/parduotuve\/classic\/%d0%b4%d0%b6%d0%be%d1%8d%d0%bb-%d1%88%d0%bf%d0%b8%d0%b3%d0%b5%d0%bb%d1%8c%d0%bc%d0%b0%d0%bd-%e2%80%8e-%d0%b1%d0%b0%d1%85-%d0%b2-%d1%81%d1%82%d0%b8%d0%bb%d0%b5-%d0%bd%d1%8c%d1%8e-%d1%8d\/\",\"name\":\"\u0414\u0436\u043e\u044d\u043b \u0428\u043f\u0438\u0433\u0435\u043b\u044c\u043c\u0430\u043d \u200e\u2013 \u0411\u0430\u0445 \u0412 \u0421\u0442\u0438\u043b\u0435 \\\"\u041d\u044c\u044e \u042d\u0439\u0434\u0436\\\" Vinilin\u0117 Plok\u0161tel\u0117 | Vinilozona.lt\",\"isPartOf\":{\"@id\":\"https:\/\/vinilozona.lt\/#website\"},\"primaryImageOfPage\":{\"@id\":\"https:\/\/vinilozona.lt\/parduotuve\/classic\/%d0%b4%d0%b6%d0%be%d1%8d%d0%bb-%d1%88%d0%bf%d0%b8%d0%b3%d0%b5%d0%bb%d1%8c%d0%bc%d0%b0%d0%bd-%e2%80%8e-%d0%b1%d0%b0%d1%85-%d0%b2-%d1%81%d1%82%d0%b8%d0%bb%d0%b5-%d0%bd%d1%8c%d1%8e-%d1%8d\/#primaryimage\"},\"image\":{\"@id\":\"https:\/\/vinilozona.lt\/parduotuve\/classic\/%d0%b4%d0%b6%d0%be%d1%8d%d0%bb-%d1%88%d0%bf%d0%b8%d0%b3%d0%b5%d0%bb%d1%8c%d0%bc%d0%b0%d0%bd-%e2%80%8e-%d0%b1%d0%b0%d1%85-%d0%b2-%d1%81%d1%82%d0%b8%d0%bb%d0%b5-%d0%bd%d1%8c%d1%8e-%d1%8d\/#primaryimage\"},\"thumbnailUrl\":\"https:\/\/vinilozona.lt\/wp-content\/uploads\/2020\/06\/R-1528533-1388580596-3387.jpeg.jpg\",\"datePublished\":\"2020-06-10T09:09:18+00:00\",\"dateModified\":\"2021-06-04T11:23:11+00:00\",\"breadcrumb\":{\"@id\":\"https:\/\/vinilozona.lt\/parduotuve\/classic\/%d0%b4%d0%b6%d0%be%d1%8d%d0%bb-%d1%88%d0%bf%d0%b8%d0%b3%d0%b5%d0%bb%d1%8c%d0%bc%d0%b0%d0%bd-%e2%80%8e-%d0%b1%d0%b0%d1%85-%d0%b2-%d1%81%d1%82%d0%b8%d0%bb%d0%b5-%d0%bd%d1%8c%d1%8e-%d1%8d\/#breadcrumb\"},\"inLanguage\":\"en-GB\",\"potentialAction\":[{\"@type\":\"ReadAction\",\"target\":[\"https:\/\/vinilozona.lt\/parduotuve\/classic\/%d0%b4%d0%b6%d0%be%d1%8d%d0%bb-%d1%88%d0%bf%d0%b8%d0%b3%d0%b5%d0%bb%d1%8c%d0%bc%d0%b0%d0%bd-%e2%80%8e-%d0%b1%d0%b0%d1%85-%d0%b2-%d1%81%d1%82%d0%b8%d0%bb%d0%b5-%d0%bd%d1%8c%d1%8e-%d1%8d\/\"]}]},{\"@type\":\"ImageObject\",\"inLanguage\":\"en-GB\",\"@id\":\"https:\/\/vinilozona.lt\/parduotuve\/classic\/%d0%b4%d0%b6%d0%be%d1%8d%d0%bb-%d1%88%d0%bf%d0%b8%d0%b3%d0%b5%d0%bb%d1%8c%d0%bc%d0%b0%d0%bd-%e2%80%8e-%d0%b1%d0%b0%d1%85-%d0%b2-%d1%81%d1%82%d0%b8%d0%bb%d0%b5-%d0%bd%d1%8c%d1%8e-%d1%8d\/#primaryimage\",\"url\":\"https:\/\/vinilozona.lt\/wp-content\/uploads\/2020\/06\/R-1528533-1388580596-3387.jpeg.jpg\",\"contentUrl\":\"https:\/\/vinilozona.lt\/wp-content\/uploads\/2020\/06\/R-1528533-1388580596-3387.jpeg.jpg\",\"width\":600,\"height\":600},{\"@type\":\"BreadcrumbList\",\"@id\":\"https:\/\/vinilozona.lt\/parduotuve\/classic\/%d0%b4%d0%b6%d0%be%d1%8d%d0%bb-%d1%88%d0%bf%d0%b8%d0%b3%d0%b5%d0%bb%d1%8c%d0%bc%d0%b0%d0%bd-%e2%80%8e-%d0%b1%d0%b0%d1%85-%d0%b2-%d1%81%d1%82%d0%b8%d0%bb%d0%b5-%d0%bd%d1%8c%d1%8e-%d1%8d\/#breadcrumb\",\"itemListElement\":[{\"@type\":\"ListItem\",\"position\":1,\"name\":\"Home\",\"item\":\"https:\/\/vinilozona.lt\/\"},{\"@type\":\"ListItem\",\"position\":2,\"name\":\"Parduotuv\u0117\",\"item\":\"https:\/\/vinilozona.lt\/parduotuve\/\"},{\"@type\":\"ListItem\",\"position\":3,\"name\":\"\u0414\u0436\u043e\u044d\u043b \u0428\u043f\u0438\u0433\u0435\u043b\u044c\u043c\u0430\u043d \u200e\u2013 \u0411\u0430\u0445 \u0412 \u0421\u0442\u0438\u043b\u0435 &#8220;\u041d\u044c\u044e \u042d\u0439\u0434\u0436&#8221;\"}]},{\"@type\":\"WebSite\",\"@id\":\"https:\/\/vinilozona.lt\/#website\",\"url\":\"https:\/\/vinilozona.lt\/\",\"name\":\"Vinilo Zona\",\"description\":\"Nup\u016bsk dulkes ir klausyk LP\",\"potentialAction\":[{\"@type\":\"SearchAction\",\"target\":{\"@type\":\"EntryPoint\",\"urlTemplate\":\"https:\/\/vinilozona.lt\/?s={search_term_string}\"},\"query-input\":{\"@type\":\"PropertyValueSpecification\",\"valueRequired\":true,\"valueName\":\"search_term_string\"}}],\"inLanguage\":\"en-GB\"}]}<\/script>\n<!-- \/ Yoast SEO plugin. -->","yoast_head_json":{"title":"\u0414\u0436\u043e\u044d\u043b \u0428\u043f\u0438\u0433\u0435\u043b\u044c\u043c\u0430\u043d \u200e\u2013 \u0411\u0430\u0445 \u0412 \u0421\u0442\u0438\u043b\u0435 \"\u041d\u044c\u044e \u042d\u0439\u0434\u0436\" Vinilin\u0117 Plok\u0161tel\u0117 | Vinilozona.lt","robots":{"index":"index","follow":"follow","max-snippet":"max-snippet:-1","max-image-preview":"max-image-preview:large","max-video-preview":"max-video-preview:-1"},"canonical":"https:\/\/vinilozona.lt\/en\/parduotuve\/classic\/\u0434\u0436\u043e\u044d\u043b-\u0448\u043f\u0438\u0433\u0435\u043b\u044c\u043c\u0430\u043d-\u200e-\u0431\u0430\u0445-\u0432-\u0441\u0442\u0438\u043b\u0435-\u043d\u044c\u044e-\u044d\/","og_locale":"en_GB","og_type":"article","og_title":"\u0414\u0436\u043e\u044d\u043b \u0428\u043f\u0438\u0433\u0435\u043b\u044c\u043c\u0430\u043d \u200e\u2013 \u0411\u0430\u0445 \u0412 \u0421\u0442\u0438\u043b\u0435 \"\u041d\u044c\u044e \u042d\u0439\u0434\u0436\" Vinilin\u0117 Plok\u0161tel\u0117 | Vinilozona.lt","og_description":"\u041c\u0435\u043b\u043e\u0434\u0438\u044f \u200e\u2013 C60 30189 004","og_url":"https:\/\/vinilozona.lt\/en\/parduotuve\/classic\/\u0434\u0436\u043e\u044d\u043b-\u0448\u043f\u0438\u0433\u0435\u043b\u044c\u043c\u0430\u043d-\u200e-\u0431\u0430\u0445-\u0432-\u0441\u0442\u0438\u043b\u0435-\u043d\u044c\u044e-\u044d\/","og_site_name":"Vinilo Zona","article_modified_time":"2021-06-04T11:23:11+00:00","og_image":[{"width":600,"height":600,"url":"https:\/\/vinilozona.lt\/wp-content\/uploads\/2020\/06\/R-1528533-1388580596-3387.jpeg.jpg","type":"image\/jpeg"}],"twitter_card":"summary_large_image","schema":{"@context":"https:\/\/schema.org","@graph":[{"@type":"WebPage","@id":"https:\/\/vinilozona.lt\/parduotuve\/classic\/%d0%b4%d0%b6%d0%be%d1%8d%d0%bb-%d1%88%d0%bf%d0%b8%d0%b3%d0%b5%d0%bb%d1%8c%d0%bc%d0%b0%d0%bd-%e2%80%8e-%d0%b1%d0%b0%d1%85-%d0%b2-%d1%81%d1%82%d0%b8%d0%bb%d0%b5-%d0%bd%d1%8c%d1%8e-%d1%8d\/","url":"https:\/\/vinilozona.lt\/parduotuve\/classic\/%d0%b4%d0%b6%d0%be%d1%8d%d0%bb-%d1%88%d0%bf%d0%b8%d0%b3%d0%b5%d0%bb%d1%8c%d0%bc%d0%b0%d0%bd-%e2%80%8e-%d0%b1%d0%b0%d1%85-%d0%b2-%d1%81%d1%82%d0%b8%d0%bb%d0%b5-%d0%bd%d1%8c%d1%8e-%d1%8d\/","name":"\u0414\u0436\u043e\u044d\u043b \u0428\u043f\u0438\u0433\u0435\u043b\u044c\u043c\u0430\u043d \u200e\u2013 \u0411\u0430\u0445 \u0412 \u0421\u0442\u0438\u043b\u0435 \"\u041d\u044c\u044e \u042d\u0439\u0434\u0436\" Vinilin\u0117 Plok\u0161tel\u0117 | Vinilozona.lt","isPartOf":{"@id":"https:\/\/vinilozona.lt\/#website"},"primaryImageOfPage":{"@id":"https:\/\/vinilozona.lt\/parduotuve\/classic\/%d0%b4%d0%b6%d0%be%d1%8d%d0%bb-%d1%88%d0%bf%d0%b8%d0%b3%d0%b5%d0%bb%d1%8c%d0%bc%d0%b0%d0%bd-%e2%80%8e-%d0%b1%d0%b0%d1%85-%d0%b2-%d1%81%d1%82%d0%b8%d0%bb%d0%b5-%d0%bd%d1%8c%d1%8e-%d1%8d\/#primaryimage"},"image":{"@id":"https:\/\/vinilozona.lt\/parduotuve\/classic\/%d0%b4%d0%b6%d0%be%d1%8d%d0%bb-%d1%88%d0%bf%d0%b8%d0%b3%d0%b5%d0%bb%d1%8c%d0%bc%d0%b0%d0%bd-%e2%80%8e-%d0%b1%d0%b0%d1%85-%d0%b2-%d1%81%d1%82%d0%b8%d0%bb%d0%b5-%d0%bd%d1%8c%d1%8e-%d1%8d\/#primaryimage"},"thumbnailUrl":"https:\/\/vinilozona.lt\/wp-content\/uploads\/2020\/06\/R-1528533-1388580596-3387.jpeg.jpg","datePublished":"2020-06-10T09:09:18+00:00","dateModified":"2021-06-04T11:23:11+00:00","breadcrumb":{"@id":"https:\/\/vinilozona.lt\/parduotuve\/classic\/%d0%b4%d0%b6%d0%be%d1%8d%d0%bb-%d1%88%d0%bf%d0%b8%d0%b3%d0%b5%d0%bb%d1%8c%d0%bc%d0%b0%d0%bd-%e2%80%8e-%d0%b1%d0%b0%d1%85-%d0%b2-%d1%81%d1%82%d0%b8%d0%bb%d0%b5-%d0%bd%d1%8c%d1%8e-%d1%8d\/#breadcrumb"},"inLanguage":"en-GB","potentialAction":[{"@type":"ReadAction","target":["https:\/\/vinilozona.lt\/parduotuve\/classic\/%d0%b4%d0%b6%d0%be%d1%8d%d0%bb-%d1%88%d0%bf%d0%b8%d0%b3%d0%b5%d0%bb%d1%8c%d0%bc%d0%b0%d0%bd-%e2%80%8e-%d0%b1%d0%b0%d1%85-%d0%b2-%d1%81%d1%82%d0%b8%d0%bb%d0%b5-%d0%bd%d1%8c%d1%8e-%d1%8d\/"]}]},{"@type":"ImageObject","inLanguage":"en-GB","@id":"https:\/\/vinilozona.lt\/parduotuve\/classic\/%d0%b4%d0%b6%d0%be%d1%8d%d0%bb-%d1%88%d0%bf%d0%b8%d0%b3%d0%b5%d0%bb%d1%8c%d0%bc%d0%b0%d0%bd-%e2%80%8e-%d0%b1%d0%b0%d1%85-%d0%b2-%d1%81%d1%82%d0%b8%d0%bb%d0%b5-%d0%bd%d1%8c%d1%8e-%d1%8d\/#primaryimage","url":"https:\/\/vinilozona.lt\/wp-content\/uploads\/2020\/06\/R-1528533-1388580596-3387.jpeg.jpg","contentUrl":"https:\/\/vinilozona.lt\/wp-content\/uploads\/2020\/06\/R-1528533-1388580596-3387.jpeg.jpg","width":600,"height":600},{"@type":"BreadcrumbList","@id":"https:\/\/vinilozona.lt\/parduotuve\/classic\/%d0%b4%d0%b6%d0%be%d1%8d%d0%bb-%d1%88%d0%bf%d0%b8%d0%b3%d0%b5%d0%bb%d1%8c%d0%bc%d0%b0%d0%bd-%e2%80%8e-%d0%b1%d0%b0%d1%85-%d0%b2-%d1%81%d1%82%d0%b8%d0%bb%d0%b5-%d0%bd%d1%8c%d1%8e-%d1%8d\/#breadcrumb","itemListElement":[{"@type":"ListItem","position":1,"name":"Home","item":"https:\/\/vinilozona.lt\/"},{"@type":"ListItem","position":2,"name":"Parduotuv\u0117","item":"https:\/\/vinilozona.lt\/parduotuve\/"},{"@type":"ListItem","position":3,"name":"\u0414\u0436\u043e\u044d\u043b \u0428\u043f\u0438\u0433\u0435\u043b\u044c\u043c\u0430\u043d \u200e\u2013 \u0411\u0430\u0445 \u0412 \u0421\u0442\u0438\u043b\u0435 &#8220;\u041d\u044c\u044e \u042d\u0439\u0434\u0436&#8221;"}]},{"@type":"WebSite","@id":"https:\/\/vinilozona.lt\/#website","url":"https:\/\/vinilozona.lt\/","name":"Vinilo Zona","description":"Nup\u016bsk dulkes ir klausyk LP","potentialAction":[{"@type":"SearchAction","target":{"@type":"EntryPoint","urlTemplate":"https:\/\/vinilozona.lt\/?s={search_term_string}"},"query-input":{"@type":"PropertyValueSpecification","valueRequired":true,"valueName":"search_term_string"}}],"inLanguage":"en-GB"}]}},"_links":{"self":[{"href":"https:\/\/vinilozona.lt\/en\/wp-json\/wp\/v2\/product\/10544"}],"collection":[{"href":"https:\/\/vinilozona.lt\/en\/wp-json\/wp\/v2\/product"}],"about":[{"href":"https:\/\/vinilozona.lt\/en\/wp-json\/wp\/v2\/types\/product"}],"wp:featuredmedia":[{"embeddable":true,"href":"https:\/\/vinilozona.lt\/en\/wp-json\/wp\/v2\/media\/10545"}],"wp:attachment":[{"href":"https:\/\/vinilozona.lt\/en\/wp-json\/wp\/v2\/media?parent=10544"}],"wp:term":[{"taxonomy":"product_cat","embeddable":true,"href":"https:\/\/vinilozona.lt\/en\/wp-json\/wp\/v2\/product_cat?post=10544"},{"taxonomy":"product_tag","embeddable":true,"href":"https:\/\/vinilozona.lt\/en\/wp-json\/wp\/v2\/product_tag?post=10544"}],"curies":[{"name":"wp","href":"https:\/\/api.w.org\/{rel}","templated":true}]}}