{"id":10538,"date":"2020-06-10T08:06:24","date_gmt":"2020-06-10T05:06:24","guid":{"rendered":"https:\/\/vinilozona.lt\/?post_type=product&#038;p=10538"},"modified":"2021-04-02T14:10:28","modified_gmt":"2021-04-02T11:10:28","slug":"%d0%ba%d0%b0%d1%83%d0%bd%d1%82-%d0%b1%d0%b5%d0%b9%d1%81%d0%b8-%e2%80%8e-14-%d0%b7%d0%be%d0%bb%d0%be%d1%82%d1%8b%d1%85-%d0%bc%d0%b5%d0%bb%d0%be%d0%b4%d0%b8%d0%b9-2","status":"publish","type":"product","link":"https:\/\/vinilozona.lt\/en\/parduotuve\/jazz\/%d0%ba%d0%b0%d1%83%d0%bd%d1%82-%d0%b1%d0%b5%d0%b9%d1%81%d0%b8-%e2%80%8e-14-%d0%b7%d0%be%d0%bb%d0%be%d1%82%d1%8b%d1%85-%d0%bc%d0%b5%d0%bb%d0%be%d0%b4%d0%b8%d0%b9-2\/","title":{"rendered":"Count Basie \/ \u041a\u0430\u0443\u043d\u0442 \u0411\u0435\u0439\u0441\u0438 \u200e\u2013 14 \u0417\u043e\u043b\u043e\u0442\u044b\u0445 \u041c\u0435\u043b\u043e\u0434\u0438\u0439 &#8211; 2"},"content":{"rendered":"<p>Jumpin` At The Woodside\t3:00<br \/>\nHoneysuckle Rose\t2:52<br \/>\nOh, Lady Be Good\t3:05<br \/>\nShortly George\t2:42<br \/>\nOut The Window\t2:45<br \/>\nGood Morning Blues\t3:06<br \/>\nHey Lawdy Mama\t2:42<br \/>\nDoggin` Around\t2:56<br \/>\nTopsy\t3:05<br \/>\nEvery Tub\t3:15<br \/>\nBlues In The Dark\t3:00<br \/>\nRoseland Shuffle\t2:30<br \/>\nJive At Five\t2:42<br \/>\nBoogie Woogie\t2:47<\/p>","protected":false},"excerpt":{"rendered":"<p>\u041c\u0435\u043b\u043e\u0434\u0438\u044f - C60\u201418655-6 <\/p>","protected":false},"featured_media":10539,"template":"","meta":[],"product_cat":[20,21],"product_tag":[44],"yoast_head":"<!-- This site is optimized with the Yoast SEO plugin v23.5 - https:\/\/yoast.com\/wordpress\/plugins\/seo\/ -->\n<title>Count Basie \/ \u041a\u0430\u0443\u043d\u0442 \u0411\u0435\u0439\u0441\u0438 \u200e\u2013 14 \u0417\u043e\u043b\u043e\u0442\u044b\u0445 \u041c\u0435\u043b\u043e\u0434\u0438\u0439 - 2 Vinilin\u0117 Plok\u0161tel\u0117 | Vinilozona.lt<\/title>\n<meta name=\"robots\" content=\"index, follow, max-snippet:-1, max-image-preview:large, max-video-preview:-1\" \/>\n<link rel=\"canonical\" href=\"https:\/\/vinilozona.lt\/en\/parduotuve\/jazz\/\u043a\u0430\u0443\u043d\u0442-\u0431\u0435\u0439\u0441\u0438-\u200e-14-\u0437\u043e\u043b\u043e\u0442\u044b\u0445-\u043c\u0435\u043b\u043e\u0434\u0438\u0439-2\/\" \/>\n<meta property=\"og:locale\" content=\"en_GB\" \/>\n<meta property=\"og:type\" content=\"article\" \/>\n<meta property=\"og:title\" content=\"Count Basie \/ \u041a\u0430\u0443\u043d\u0442 \u0411\u0435\u0439\u0441\u0438 \u200e\u2013 14 \u0417\u043e\u043b\u043e\u0442\u044b\u0445 \u041c\u0435\u043b\u043e\u0434\u0438\u0439 - 2 Vinilin\u0117 Plok\u0161tel\u0117 | Vinilozona.lt\" \/>\n<meta property=\"og:description\" content=\"\u041c\u0435\u043b\u043e\u0434\u0438\u044f \u200e\u2013 C60\u201418655-6\" \/>\n<meta property=\"og:url\" content=\"https:\/\/vinilozona.lt\/en\/parduotuve\/jazz\/\u043a\u0430\u0443\u043d\u0442-\u0431\u0435\u0439\u0441\u0438-\u200e-14-\u0437\u043e\u043b\u043e\u0442\u044b\u0445-\u043c\u0435\u043b\u043e\u0434\u0438\u0439-2\/\" \/>\n<meta property=\"og:site_name\" content=\"Vinilo Zona\" \/>\n<meta property=\"article:modified_time\" content=\"2021-04-02T11:10:28+00:00\" \/>\n<meta property=\"og:image\" content=\"https:\/\/vinilozona.lt\/wp-content\/uploads\/2020\/06\/R-4644176-1492361675-8939.jpeg.jpg\" \/>\n\t<meta property=\"og:image:width\" content=\"600\" \/>\n\t<meta property=\"og:image:height\" content=\"597\" \/>\n\t<meta property=\"og:image:type\" content=\"image\/jpeg\" \/>\n<meta name=\"twitter:card\" content=\"summary_large_image\" \/>\n<script type=\"application\/ld+json\" class=\"yoast-schema-graph\">{\"@context\":\"https:\/\/schema.org\",\"@graph\":[{\"@type\":\"WebPage\",\"@id\":\"https:\/\/vinilozona.lt\/en\/parduotuve\/jazz\/%d0%ba%d0%b0%d1%83%d0%bd%d1%82-%d0%b1%d0%b5%d0%b9%d1%81%d0%b8-%e2%80%8e-14-%d0%b7%d0%be%d0%bb%d0%be%d1%82%d1%8b%d1%85-%d0%bc%d0%b5%d0%bb%d0%be%d0%b4%d0%b8%d0%b9-2\/\",\"url\":\"https:\/\/vinilozona.lt\/en\/parduotuve\/jazz\/%d0%ba%d0%b0%d1%83%d0%bd%d1%82-%d0%b1%d0%b5%d0%b9%d1%81%d0%b8-%e2%80%8e-14-%d0%b7%d0%be%d0%bb%d0%be%d1%82%d1%8b%d1%85-%d0%bc%d0%b5%d0%bb%d0%be%d0%b4%d0%b8%d0%b9-2\/\",\"name\":\"Count Basie \/ \u041a\u0430\u0443\u043d\u0442 \u0411\u0435\u0439\u0441\u0438 \u200e\u2013 14 \u0417\u043e\u043b\u043e\u0442\u044b\u0445 \u041c\u0435\u043b\u043e\u0434\u0438\u0439 - 2 Vinilin\u0117 Plok\u0161tel\u0117 | Vinilozona.lt\",\"isPartOf\":{\"@id\":\"https:\/\/vinilozona.lt\/#website\"},\"primaryImageOfPage\":{\"@id\":\"https:\/\/vinilozona.lt\/en\/parduotuve\/jazz\/%d0%ba%d0%b0%d1%83%d0%bd%d1%82-%d0%b1%d0%b5%d0%b9%d1%81%d0%b8-%e2%80%8e-14-%d0%b7%d0%be%d0%bb%d0%be%d1%82%d1%8b%d1%85-%d0%bc%d0%b5%d0%bb%d0%be%d0%b4%d0%b8%d0%b9-2\/#primaryimage\"},\"image\":{\"@id\":\"https:\/\/vinilozona.lt\/en\/parduotuve\/jazz\/%d0%ba%d0%b0%d1%83%d0%bd%d1%82-%d0%b1%d0%b5%d0%b9%d1%81%d0%b8-%e2%80%8e-14-%d0%b7%d0%be%d0%bb%d0%be%d1%82%d1%8b%d1%85-%d0%bc%d0%b5%d0%bb%d0%be%d0%b4%d0%b8%d0%b9-2\/#primaryimage\"},\"thumbnailUrl\":\"https:\/\/vinilozona.lt\/wp-content\/uploads\/2020\/06\/R-4644176-1492361675-8939.jpeg.jpg\",\"datePublished\":\"2020-06-10T05:06:24+00:00\",\"dateModified\":\"2021-04-02T11:10:28+00:00\",\"breadcrumb\":{\"@id\":\"https:\/\/vinilozona.lt\/en\/parduotuve\/jazz\/%d0%ba%d0%b0%d1%83%d0%bd%d1%82-%d0%b1%d0%b5%d0%b9%d1%81%d0%b8-%e2%80%8e-14-%d0%b7%d0%be%d0%bb%d0%be%d1%82%d1%8b%d1%85-%d0%bc%d0%b5%d0%bb%d0%be%d0%b4%d0%b8%d0%b9-2\/#breadcrumb\"},\"inLanguage\":\"en-GB\",\"potentialAction\":[{\"@type\":\"ReadAction\",\"target\":[\"https:\/\/vinilozona.lt\/en\/parduotuve\/jazz\/%d0%ba%d0%b0%d1%83%d0%bd%d1%82-%d0%b1%d0%b5%d0%b9%d1%81%d0%b8-%e2%80%8e-14-%d0%b7%d0%be%d0%bb%d0%be%d1%82%d1%8b%d1%85-%d0%bc%d0%b5%d0%bb%d0%be%d0%b4%d0%b8%d0%b9-2\/\"]}]},{\"@type\":\"ImageObject\",\"inLanguage\":\"en-GB\",\"@id\":\"https:\/\/vinilozona.lt\/en\/parduotuve\/jazz\/%d0%ba%d0%b0%d1%83%d0%bd%d1%82-%d0%b1%d0%b5%d0%b9%d1%81%d0%b8-%e2%80%8e-14-%d0%b7%d0%be%d0%bb%d0%be%d1%82%d1%8b%d1%85-%d0%bc%d0%b5%d0%bb%d0%be%d0%b4%d0%b8%d0%b9-2\/#primaryimage\",\"url\":\"https:\/\/vinilozona.lt\/wp-content\/uploads\/2020\/06\/R-4644176-1492361675-8939.jpeg.jpg\",\"contentUrl\":\"https:\/\/vinilozona.lt\/wp-content\/uploads\/2020\/06\/R-4644176-1492361675-8939.jpeg.jpg\",\"width\":600,\"height\":597},{\"@type\":\"BreadcrumbList\",\"@id\":\"https:\/\/vinilozona.lt\/en\/parduotuve\/jazz\/%d0%ba%d0%b0%d1%83%d0%bd%d1%82-%d0%b1%d0%b5%d0%b9%d1%81%d0%b8-%e2%80%8e-14-%d0%b7%d0%be%d0%bb%d0%be%d1%82%d1%8b%d1%85-%d0%bc%d0%b5%d0%bb%d0%be%d0%b4%d0%b8%d0%b9-2\/#breadcrumb\",\"itemListElement\":[{\"@type\":\"ListItem\",\"position\":1,\"name\":\"Home\",\"item\":\"https:\/\/vinilozona.lt\/\"},{\"@type\":\"ListItem\",\"position\":2,\"name\":\"Parduotuv\u0117\",\"item\":\"https:\/\/vinilozona.lt\/parduotuve\/\"},{\"@type\":\"ListItem\",\"position\":3,\"name\":\"Count Basie \/ \u041a\u0430\u0443\u043d\u0442 \u0411\u0435\u0439\u0441\u0438 \u200e\u2013 14 \u0417\u043e\u043b\u043e\u0442\u044b\u0445 \u041c\u0435\u043b\u043e\u0434\u0438\u0439 &#8211; 2\"}]},{\"@type\":\"WebSite\",\"@id\":\"https:\/\/vinilozona.lt\/#website\",\"url\":\"https:\/\/vinilozona.lt\/\",\"name\":\"Vinilo Zona\",\"description\":\"Nup\u016bsk dulkes ir klausyk LP\",\"potentialAction\":[{\"@type\":\"SearchAction\",\"target\":{\"@type\":\"EntryPoint\",\"urlTemplate\":\"https:\/\/vinilozona.lt\/?s={search_term_string}\"},\"query-input\":{\"@type\":\"PropertyValueSpecification\",\"valueRequired\":true,\"valueName\":\"search_term_string\"}}],\"inLanguage\":\"en-GB\"}]}<\/script>\n<!-- \/ Yoast SEO plugin. -->","yoast_head_json":{"title":"Count Basie \/ \u041a\u0430\u0443\u043d\u0442 \u0411\u0435\u0439\u0441\u0438 \u200e\u2013 14 \u0417\u043e\u043b\u043e\u0442\u044b\u0445 \u041c\u0435\u043b\u043e\u0434\u0438\u0439 - 2 Vinilin\u0117 Plok\u0161tel\u0117 | Vinilozona.lt","robots":{"index":"index","follow":"follow","max-snippet":"max-snippet:-1","max-image-preview":"max-image-preview:large","max-video-preview":"max-video-preview:-1"},"canonical":"https:\/\/vinilozona.lt\/en\/parduotuve\/jazz\/\u043a\u0430\u0443\u043d\u0442-\u0431\u0435\u0439\u0441\u0438-\u200e-14-\u0437\u043e\u043b\u043e\u0442\u044b\u0445-\u043c\u0435\u043b\u043e\u0434\u0438\u0439-2\/","og_locale":"en_GB","og_type":"article","og_title":"Count Basie \/ \u041a\u0430\u0443\u043d\u0442 \u0411\u0435\u0439\u0441\u0438 \u200e\u2013 14 \u0417\u043e\u043b\u043e\u0442\u044b\u0445 \u041c\u0435\u043b\u043e\u0434\u0438\u0439 - 2 Vinilin\u0117 Plok\u0161tel\u0117 | Vinilozona.lt","og_description":"\u041c\u0435\u043b\u043e\u0434\u0438\u044f \u200e\u2013 C60\u201418655-6","og_url":"https:\/\/vinilozona.lt\/en\/parduotuve\/jazz\/\u043a\u0430\u0443\u043d\u0442-\u0431\u0435\u0439\u0441\u0438-\u200e-14-\u0437\u043e\u043b\u043e\u0442\u044b\u0445-\u043c\u0435\u043b\u043e\u0434\u0438\u0439-2\/","og_site_name":"Vinilo Zona","article_modified_time":"2021-04-02T11:10:28+00:00","og_image":[{"width":600,"height":597,"url":"https:\/\/vinilozona.lt\/wp-content\/uploads\/2020\/06\/R-4644176-1492361675-8939.jpeg.jpg","type":"image\/jpeg"}],"twitter_card":"summary_large_image","schema":{"@context":"https:\/\/schema.org","@graph":[{"@type":"WebPage","@id":"https:\/\/vinilozona.lt\/en\/parduotuve\/jazz\/%d0%ba%d0%b0%d1%83%d0%bd%d1%82-%d0%b1%d0%b5%d0%b9%d1%81%d0%b8-%e2%80%8e-14-%d0%b7%d0%be%d0%bb%d0%be%d1%82%d1%8b%d1%85-%d0%bc%d0%b5%d0%bb%d0%be%d0%b4%d0%b8%d0%b9-2\/","url":"https:\/\/vinilozona.lt\/en\/parduotuve\/jazz\/%d0%ba%d0%b0%d1%83%d0%bd%d1%82-%d0%b1%d0%b5%d0%b9%d1%81%d0%b8-%e2%80%8e-14-%d0%b7%d0%be%d0%bb%d0%be%d1%82%d1%8b%d1%85-%d0%bc%d0%b5%d0%bb%d0%be%d0%b4%d0%b8%d0%b9-2\/","name":"Count Basie \/ \u041a\u0430\u0443\u043d\u0442 \u0411\u0435\u0439\u0441\u0438 \u200e\u2013 14 \u0417\u043e\u043b\u043e\u0442\u044b\u0445 \u041c\u0435\u043b\u043e\u0434\u0438\u0439 - 2 Vinilin\u0117 Plok\u0161tel\u0117 | Vinilozona.lt","isPartOf":{"@id":"https:\/\/vinilozona.lt\/#website"},"primaryImageOfPage":{"@id":"https:\/\/vinilozona.lt\/en\/parduotuve\/jazz\/%d0%ba%d0%b0%d1%83%d0%bd%d1%82-%d0%b1%d0%b5%d0%b9%d1%81%d0%b8-%e2%80%8e-14-%d0%b7%d0%be%d0%bb%d0%be%d1%82%d1%8b%d1%85-%d0%bc%d0%b5%d0%bb%d0%be%d0%b4%d0%b8%d0%b9-2\/#primaryimage"},"image":{"@id":"https:\/\/vinilozona.lt\/en\/parduotuve\/jazz\/%d0%ba%d0%b0%d1%83%d0%bd%d1%82-%d0%b1%d0%b5%d0%b9%d1%81%d0%b8-%e2%80%8e-14-%d0%b7%d0%be%d0%bb%d0%be%d1%82%d1%8b%d1%85-%d0%bc%d0%b5%d0%bb%d0%be%d0%b4%d0%b8%d0%b9-2\/#primaryimage"},"thumbnailUrl":"https:\/\/vinilozona.lt\/wp-content\/uploads\/2020\/06\/R-4644176-1492361675-8939.jpeg.jpg","datePublished":"2020-06-10T05:06:24+00:00","dateModified":"2021-04-02T11:10:28+00:00","breadcrumb":{"@id":"https:\/\/vinilozona.lt\/en\/parduotuve\/jazz\/%d0%ba%d0%b0%d1%83%d0%bd%d1%82-%d0%b1%d0%b5%d0%b9%d1%81%d0%b8-%e2%80%8e-14-%d0%b7%d0%be%d0%bb%d0%be%d1%82%d1%8b%d1%85-%d0%bc%d0%b5%d0%bb%d0%be%d0%b4%d0%b8%d0%b9-2\/#breadcrumb"},"inLanguage":"en-GB","potentialAction":[{"@type":"ReadAction","target":["https:\/\/vinilozona.lt\/en\/parduotuve\/jazz\/%d0%ba%d0%b0%d1%83%d0%bd%d1%82-%d0%b1%d0%b5%d0%b9%d1%81%d0%b8-%e2%80%8e-14-%d0%b7%d0%be%d0%bb%d0%be%d1%82%d1%8b%d1%85-%d0%bc%d0%b5%d0%bb%d0%be%d0%b4%d0%b8%d0%b9-2\/"]}]},{"@type":"ImageObject","inLanguage":"en-GB","@id":"https:\/\/vinilozona.lt\/en\/parduotuve\/jazz\/%d0%ba%d0%b0%d1%83%d0%bd%d1%82-%d0%b1%d0%b5%d0%b9%d1%81%d0%b8-%e2%80%8e-14-%d0%b7%d0%be%d0%bb%d0%be%d1%82%d1%8b%d1%85-%d0%bc%d0%b5%d0%bb%d0%be%d0%b4%d0%b8%d0%b9-2\/#primaryimage","url":"https:\/\/vinilozona.lt\/wp-content\/uploads\/2020\/06\/R-4644176-1492361675-8939.jpeg.jpg","contentUrl":"https:\/\/vinilozona.lt\/wp-content\/uploads\/2020\/06\/R-4644176-1492361675-8939.jpeg.jpg","width":600,"height":597},{"@type":"BreadcrumbList","@id":"https:\/\/vinilozona.lt\/en\/parduotuve\/jazz\/%d0%ba%d0%b0%d1%83%d0%bd%d1%82-%d0%b1%d0%b5%d0%b9%d1%81%d0%b8-%e2%80%8e-14-%d0%b7%d0%be%d0%bb%d0%be%d1%82%d1%8b%d1%85-%d0%bc%d0%b5%d0%bb%d0%be%d0%b4%d0%b8%d0%b9-2\/#breadcrumb","itemListElement":[{"@type":"ListItem","position":1,"name":"Home","item":"https:\/\/vinilozona.lt\/"},{"@type":"ListItem","position":2,"name":"Parduotuv\u0117","item":"https:\/\/vinilozona.lt\/parduotuve\/"},{"@type":"ListItem","position":3,"name":"Count Basie \/ \u041a\u0430\u0443\u043d\u0442 \u0411\u0435\u0439\u0441\u0438 \u200e\u2013 14 \u0417\u043e\u043b\u043e\u0442\u044b\u0445 \u041c\u0435\u043b\u043e\u0434\u0438\u0439 &#8211; 2"}]},{"@type":"WebSite","@id":"https:\/\/vinilozona.lt\/#website","url":"https:\/\/vinilozona.lt\/","name":"Vinilo Zona","description":"Nup\u016bsk dulkes ir klausyk LP","potentialAction":[{"@type":"SearchAction","target":{"@type":"EntryPoint","urlTemplate":"https:\/\/vinilozona.lt\/?s={search_term_string}"},"query-input":{"@type":"PropertyValueSpecification","valueRequired":true,"valueName":"search_term_string"}}],"inLanguage":"en-GB"}]}},"_links":{"self":[{"href":"https:\/\/vinilozona.lt\/en\/wp-json\/wp\/v2\/product\/10538"}],"collection":[{"href":"https:\/\/vinilozona.lt\/en\/wp-json\/wp\/v2\/product"}],"about":[{"href":"https:\/\/vinilozona.lt\/en\/wp-json\/wp\/v2\/types\/product"}],"wp:featuredmedia":[{"embeddable":true,"href":"https:\/\/vinilozona.lt\/en\/wp-json\/wp\/v2\/media\/10539"}],"wp:attachment":[{"href":"https:\/\/vinilozona.lt\/en\/wp-json\/wp\/v2\/media?parent=10538"}],"wp:term":[{"taxonomy":"product_cat","embeddable":true,"href":"https:\/\/vinilozona.lt\/en\/wp-json\/wp\/v2\/product_cat?post=10538"},{"taxonomy":"product_tag","embeddable":true,"href":"https:\/\/vinilozona.lt\/en\/wp-json\/wp\/v2\/product_tag?post=10538"}],"curies":[{"name":"wp","href":"https:\/\/api.w.org\/{rel}","templated":true}]}}