{"id":10483,"date":"2026-04-08T05:07:07","date_gmt":"2026-04-08T02:07:07","guid":{"rendered":"https:\/\/vinilozona.lt\/?post_type=product&#038;p=10483"},"modified":"2026-04-09T09:49:14","modified_gmt":"2026-04-09T06:49:14","slug":"louis-armstrong-%e2%80%8e-louis-armstrongs-great-hits-recorded-live","status":"publish","type":"product","link":"https:\/\/vinilozona.lt\/en\/parduotuve\/jazz\/louis-armstrong-%e2%80%8e-louis-armstrongs-great-hits-recorded-live\/","title":{"rendered":"Dave Brubeck \/ The Paul Desmond Quartet \/ Cal Tjader \u2013 The Greats!!!"},"content":{"rendered":"<p>A1\tDave Brubeck Quartet*\u2013\tLyons Busy<br \/>\nAlto Saxophone \u2013 Paul Desmond<br \/>\nBass [String Bass] \u2013 Fred Dutton<br \/>\nDrums \u2013 Herb Barman<br \/>\nPiano \u2013 Dave Brubeck<br \/>\nWritten-By \u2013 Taub*, Ling*<br \/>\nA2\tPaul Desmond Quartet*\u2013\tPurple Moon<br \/>\nAlto Saxophone \u2013 Paul Desmond<br \/>\nBass [String Bass] \u2013 Norman Bates (2)<br \/>\nDrums \u2013 Joe Dodge<br \/>\nMellophone \u2013 Don Elliott<br \/>\nWritten-By \u2013 Desmond*<br \/>\nB1\tDave Brubeck Quartet*\u2013\tAt A Perfume Counter<br \/>\nAlto Saxophone \u2013 Paul Desmond<br \/>\nBass [String Bass] \u2013 Robert Bates*<br \/>\nDrums \u2013 Joe Dodge<br \/>\nPiano \u2013 Dave Brubeck<br \/>\nWritten-By \u2013 E. Leslie*, J. Burke*<br \/>\nB2\tCal Tjader Quartet\u2013\tJazz Latino<br \/>\nBass [String Bass] \u2013 Gene Wright*<br \/>\nDrums \u2013 Al Torres*<br \/>\nPiano \u2013 Vince Guaraldi<br \/>\nVibraphone [Vibes] \u2013 Cal Tjader<br \/>\nWritten-By \u2013 Tjader*<\/p>","protected":false},"excerpt":{"rendered":"<p>Ember Records \u2013 CJS 814<br \/>\nFormat:<br \/>\nVinyl, LP, Compilation, Mono<br \/>\nCountry:<br \/>\nFrance<br \/>\nReleased:<br \/>\n1966<\/p>","protected":false},"featured_media":30758,"template":"","meta":[],"product_cat":[20],"product_tag":[44],"yoast_head":"<!-- This site is optimized with the Yoast SEO plugin v23.5 - https:\/\/yoast.com\/wordpress\/plugins\/seo\/ -->\n<title>Dave Brubeck \/ The Paul Desmond Quartet \/ Cal Tjader \u2013 The Greats!!! Vinilin\u0117 Plok\u0161tel\u0117 | Vinilozona.lt<\/title>\n<meta name=\"robots\" content=\"index, follow, max-snippet:-1, max-image-preview:large, max-video-preview:-1\" \/>\n<link rel=\"canonical\" href=\"https:\/\/vinilozona.lt\/en\/parduotuve\/jazz\/louis-armstrong-\u200e-louis-armstrongs-great-hits-recorded-live\/\" \/>\n<meta property=\"og:locale\" content=\"en_GB\" \/>\n<meta property=\"og:type\" content=\"article\" \/>\n<meta property=\"og:title\" content=\"Dave Brubeck \/ The Paul Desmond Quartet \/ Cal Tjader \u2013 The Greats!!! Vinilin\u0117 Plok\u0161tel\u0117 | Vinilozona.lt\" \/>\n<meta property=\"og:description\" content=\"Ember Records \u2013 CJS 814 Format: Vinyl, LP, Compilation, Mono Country: France Released: 1966\" \/>\n<meta property=\"og:url\" content=\"https:\/\/vinilozona.lt\/en\/parduotuve\/jazz\/louis-armstrong-\u200e-louis-armstrongs-great-hits-recorded-live\/\" \/>\n<meta property=\"og:site_name\" content=\"Vinilo Zona\" \/>\n<meta property=\"article:modified_time\" content=\"2026-04-09T06:49:14+00:00\" \/>\n<meta property=\"og:image\" content=\"https:\/\/vinilozona.lt\/wp-content\/uploads\/2023\/10\/R-36758764-1773398891-2157.jpg\" \/>\n\t<meta property=\"og:image:width\" content=\"599\" \/>\n\t<meta property=\"og:image:height\" content=\"594\" \/>\n\t<meta property=\"og:image:type\" content=\"image\/jpeg\" \/>\n<meta name=\"twitter:card\" content=\"summary_large_image\" \/>\n<meta name=\"twitter:label1\" content=\"Estimated reading time\" \/>\n\t<meta name=\"twitter:data1\" content=\"2 minutes\" \/>\n<script type=\"application\/ld+json\" class=\"yoast-schema-graph\">{\"@context\":\"https:\/\/schema.org\",\"@graph\":[{\"@type\":\"WebPage\",\"@id\":\"https:\/\/vinilozona.lt\/parduotuve\/jazz\/louis-armstrong-%e2%80%8e-louis-armstrongs-great-hits-recorded-live\/\",\"url\":\"https:\/\/vinilozona.lt\/parduotuve\/jazz\/louis-armstrong-%e2%80%8e-louis-armstrongs-great-hits-recorded-live\/\",\"name\":\"Dave Brubeck \/ The Paul Desmond Quartet \/ Cal Tjader \u2013 The Greats!!! Vinilin\u0117 Plok\u0161tel\u0117 | Vinilozona.lt\",\"isPartOf\":{\"@id\":\"https:\/\/vinilozona.lt\/#website\"},\"primaryImageOfPage\":{\"@id\":\"https:\/\/vinilozona.lt\/parduotuve\/jazz\/louis-armstrong-%e2%80%8e-louis-armstrongs-great-hits-recorded-live\/#primaryimage\"},\"image\":{\"@id\":\"https:\/\/vinilozona.lt\/parduotuve\/jazz\/louis-armstrong-%e2%80%8e-louis-armstrongs-great-hits-recorded-live\/#primaryimage\"},\"thumbnailUrl\":\"https:\/\/vinilozona.lt\/wp-content\/uploads\/2023\/10\/R-36758764-1773398891-2157.jpg\",\"datePublished\":\"2026-04-08T02:07:07+00:00\",\"dateModified\":\"2026-04-09T06:49:14+00:00\",\"breadcrumb\":{\"@id\":\"https:\/\/vinilozona.lt\/parduotuve\/jazz\/louis-armstrong-%e2%80%8e-louis-armstrongs-great-hits-recorded-live\/#breadcrumb\"},\"inLanguage\":\"en-GB\",\"potentialAction\":[{\"@type\":\"ReadAction\",\"target\":[\"https:\/\/vinilozona.lt\/parduotuve\/jazz\/louis-armstrong-%e2%80%8e-louis-armstrongs-great-hits-recorded-live\/\"]}]},{\"@type\":\"ImageObject\",\"inLanguage\":\"en-GB\",\"@id\":\"https:\/\/vinilozona.lt\/parduotuve\/jazz\/louis-armstrong-%e2%80%8e-louis-armstrongs-great-hits-recorded-live\/#primaryimage\",\"url\":\"https:\/\/vinilozona.lt\/wp-content\/uploads\/2023\/10\/R-36758764-1773398891-2157.jpg\",\"contentUrl\":\"https:\/\/vinilozona.lt\/wp-content\/uploads\/2023\/10\/R-36758764-1773398891-2157.jpg\",\"width\":599,\"height\":594},{\"@type\":\"BreadcrumbList\",\"@id\":\"https:\/\/vinilozona.lt\/parduotuve\/jazz\/louis-armstrong-%e2%80%8e-louis-armstrongs-great-hits-recorded-live\/#breadcrumb\",\"itemListElement\":[{\"@type\":\"ListItem\",\"position\":1,\"name\":\"Home\",\"item\":\"https:\/\/vinilozona.lt\/\"},{\"@type\":\"ListItem\",\"position\":2,\"name\":\"Parduotuv\u0117\",\"item\":\"https:\/\/vinilozona.lt\/parduotuve\/\"},{\"@type\":\"ListItem\",\"position\":3,\"name\":\"Dave Brubeck \/ The Paul Desmond Quartet \/ Cal Tjader \u2013 The Greats!!!\"}]},{\"@type\":\"WebSite\",\"@id\":\"https:\/\/vinilozona.lt\/#website\",\"url\":\"https:\/\/vinilozona.lt\/\",\"name\":\"Vinilo Zona\",\"description\":\"Nup\u016bsk dulkes ir klausyk LP\",\"potentialAction\":[{\"@type\":\"SearchAction\",\"target\":{\"@type\":\"EntryPoint\",\"urlTemplate\":\"https:\/\/vinilozona.lt\/?s={search_term_string}\"},\"query-input\":{\"@type\":\"PropertyValueSpecification\",\"valueRequired\":true,\"valueName\":\"search_term_string\"}}],\"inLanguage\":\"en-GB\"}]}<\/script>\n<!-- \/ Yoast SEO plugin. -->","yoast_head_json":{"title":"Dave Brubeck \/ The Paul Desmond Quartet \/ Cal Tjader \u2013 The Greats!!! Vinilin\u0117 Plok\u0161tel\u0117 | Vinilozona.lt","robots":{"index":"index","follow":"follow","max-snippet":"max-snippet:-1","max-image-preview":"max-image-preview:large","max-video-preview":"max-video-preview:-1"},"canonical":"https:\/\/vinilozona.lt\/en\/parduotuve\/jazz\/louis-armstrong-\u200e-louis-armstrongs-great-hits-recorded-live\/","og_locale":"en_GB","og_type":"article","og_title":"Dave Brubeck \/ The Paul Desmond Quartet \/ Cal Tjader \u2013 The Greats!!! Vinilin\u0117 Plok\u0161tel\u0117 | Vinilozona.lt","og_description":"Ember Records \u2013 CJS 814 Format: Vinyl, LP, Compilation, Mono Country: France Released: 1966","og_url":"https:\/\/vinilozona.lt\/en\/parduotuve\/jazz\/louis-armstrong-\u200e-louis-armstrongs-great-hits-recorded-live\/","og_site_name":"Vinilo Zona","article_modified_time":"2026-04-09T06:49:14+00:00","og_image":[{"width":599,"height":594,"url":"https:\/\/vinilozona.lt\/wp-content\/uploads\/2023\/10\/R-36758764-1773398891-2157.jpg","type":"image\/jpeg"}],"twitter_card":"summary_large_image","twitter_misc":{"Estimated reading time":"2 minutes"},"schema":{"@context":"https:\/\/schema.org","@graph":[{"@type":"WebPage","@id":"https:\/\/vinilozona.lt\/parduotuve\/jazz\/louis-armstrong-%e2%80%8e-louis-armstrongs-great-hits-recorded-live\/","url":"https:\/\/vinilozona.lt\/parduotuve\/jazz\/louis-armstrong-%e2%80%8e-louis-armstrongs-great-hits-recorded-live\/","name":"Dave Brubeck \/ The Paul Desmond Quartet \/ Cal Tjader \u2013 The Greats!!! Vinilin\u0117 Plok\u0161tel\u0117 | Vinilozona.lt","isPartOf":{"@id":"https:\/\/vinilozona.lt\/#website"},"primaryImageOfPage":{"@id":"https:\/\/vinilozona.lt\/parduotuve\/jazz\/louis-armstrong-%e2%80%8e-louis-armstrongs-great-hits-recorded-live\/#primaryimage"},"image":{"@id":"https:\/\/vinilozona.lt\/parduotuve\/jazz\/louis-armstrong-%e2%80%8e-louis-armstrongs-great-hits-recorded-live\/#primaryimage"},"thumbnailUrl":"https:\/\/vinilozona.lt\/wp-content\/uploads\/2023\/10\/R-36758764-1773398891-2157.jpg","datePublished":"2026-04-08T02:07:07+00:00","dateModified":"2026-04-09T06:49:14+00:00","breadcrumb":{"@id":"https:\/\/vinilozona.lt\/parduotuve\/jazz\/louis-armstrong-%e2%80%8e-louis-armstrongs-great-hits-recorded-live\/#breadcrumb"},"inLanguage":"en-GB","potentialAction":[{"@type":"ReadAction","target":["https:\/\/vinilozona.lt\/parduotuve\/jazz\/louis-armstrong-%e2%80%8e-louis-armstrongs-great-hits-recorded-live\/"]}]},{"@type":"ImageObject","inLanguage":"en-GB","@id":"https:\/\/vinilozona.lt\/parduotuve\/jazz\/louis-armstrong-%e2%80%8e-louis-armstrongs-great-hits-recorded-live\/#primaryimage","url":"https:\/\/vinilozona.lt\/wp-content\/uploads\/2023\/10\/R-36758764-1773398891-2157.jpg","contentUrl":"https:\/\/vinilozona.lt\/wp-content\/uploads\/2023\/10\/R-36758764-1773398891-2157.jpg","width":599,"height":594},{"@type":"BreadcrumbList","@id":"https:\/\/vinilozona.lt\/parduotuve\/jazz\/louis-armstrong-%e2%80%8e-louis-armstrongs-great-hits-recorded-live\/#breadcrumb","itemListElement":[{"@type":"ListItem","position":1,"name":"Home","item":"https:\/\/vinilozona.lt\/"},{"@type":"ListItem","position":2,"name":"Parduotuv\u0117","item":"https:\/\/vinilozona.lt\/parduotuve\/"},{"@type":"ListItem","position":3,"name":"Dave Brubeck \/ The Paul Desmond Quartet \/ Cal Tjader \u2013 The Greats!!!"}]},{"@type":"WebSite","@id":"https:\/\/vinilozona.lt\/#website","url":"https:\/\/vinilozona.lt\/","name":"Vinilo Zona","description":"Nup\u016bsk dulkes ir klausyk LP","potentialAction":[{"@type":"SearchAction","target":{"@type":"EntryPoint","urlTemplate":"https:\/\/vinilozona.lt\/?s={search_term_string}"},"query-input":{"@type":"PropertyValueSpecification","valueRequired":true,"valueName":"search_term_string"}}],"inLanguage":"en-GB"}]}},"_links":{"self":[{"href":"https:\/\/vinilozona.lt\/en\/wp-json\/wp\/v2\/product\/10483"}],"collection":[{"href":"https:\/\/vinilozona.lt\/en\/wp-json\/wp\/v2\/product"}],"about":[{"href":"https:\/\/vinilozona.lt\/en\/wp-json\/wp\/v2\/types\/product"}],"wp:featuredmedia":[{"embeddable":true,"href":"https:\/\/vinilozona.lt\/en\/wp-json\/wp\/v2\/media\/30758"}],"wp:attachment":[{"href":"https:\/\/vinilozona.lt\/en\/wp-json\/wp\/v2\/media?parent=10483"}],"wp:term":[{"taxonomy":"product_cat","embeddable":true,"href":"https:\/\/vinilozona.lt\/en\/wp-json\/wp\/v2\/product_cat?post=10483"},{"taxonomy":"product_tag","embeddable":true,"href":"https:\/\/vinilozona.lt\/en\/wp-json\/wp\/v2\/product_tag?post=10483"}],"curies":[{"name":"wp","href":"https:\/\/api.w.org\/{rel}","templated":true}]}}